

{"id":5539,"date":"2021-10-29T13:26:08","date_gmt":"2021-10-29T10:26:08","guid":{"rendered":"https:\/\/kinnunen.fi\/tuote\/vintage-partahoyla\/"},"modified":"2026-05-05T04:00:22","modified_gmt":"2026-05-05T01:00:22","slug":"vintage-partahoyla","status":"publish","type":"product","link":"https:\/\/kinnunen.fi\/en\/product\/vintage-partahoyla\/","title":{"rendered":"Vintage party bumps"},"content":{"rendered":"<p>A sturdy shaving mug with a retro design that even works as a decorative element. The blade is inserted into the flat head of the planer by screwing open the covers that cover it. Once in place, both sides of the blade can be used. Packaged in a stylish case.<\/p>","protected":false},"excerpt":{"rendered":"<p>Tukeva partah\u00f6yl\u00e4, jonka retro desing toimii jopa sisustuselementtin\u00e4. Ter\u00e4 asetetaan h\u00f6yl\u00e4n litte\u00e4n p\u00e4\u00e4n sis\u00e4\u00e4n ruuvaamalla sit\u00e4 peitt\u00e4v\u00e4t suojat auki. Kun&hellip;<\/p>","protected":false},"featured_media":15425,"comment_status":"closed","ping_status":"open","template":"","meta":{"_relevanssi_hide_post":"","_relevanssi_pin_for_all":"","_relevanssi_pin_keywords":"","_relevanssi_unpin_keywords":"","_relevanssi_related_keywords":"","_relevanssi_related_include_ids":"","_relevanssi_related_exclude_ids":"","_relevanssi_related_no_append":"","_relevanssi_related_not_related":"","_relevanssi_related_posts":"","_relevanssi_noindex_reason":""},"product_cat":[1783,1788],"product_tag":[],"class_list":["post-5539","product","type-product","status-publish","has-post-thumbnail","hentry","product_cat-sakset-ja-veitset","product_cat-veitset-ja-terat","tuotemerkki-kinnunen"],"tuotemerkit":[{"term_id":177,"name":"Kinnunen","slug":"kinnunen","term_group":0,"term_taxonomy_id":177,"taxonomy":"tuotemerkki","description":"","parent":0,"count":90,"filter":"raw"}],"acf":[],"yoast_head":"<!-- This site is optimized with the Yoast SEO plugin v23.3 - https:\/\/yoast.com\/wordpress\/plugins\/seo\/ -->\n<title>Vintage-partah\u00f6yl\u00e4 - Kinnunen<\/title>\n<meta name=\"robots\" content=\"index, follow, max-snippet:-1, max-image-preview:large, max-video-preview:-1\" \/>\n<link rel=\"canonical\" href=\"https:\/\/kinnunen.fi\/en\/product\/vintage-partahoyla\/\" \/>\n<meta property=\"og:locale\" content=\"en_GB\" \/>\n<meta property=\"og:type\" content=\"article\" \/>\n<meta property=\"og:title\" content=\"Vintage-partah\u00f6yl\u00e4 - Kinnunen\" \/>\n<meta property=\"og:description\" content=\"Tukeva partah\u00f6yl\u00e4, jonka retro desing toimii jopa sisustuselementtin\u00e4. Ter\u00e4 asetetaan h\u00f6yl\u00e4n litte\u00e4n p\u00e4\u00e4n sis\u00e4\u00e4n ruuvaamalla sit\u00e4 peitt\u00e4v\u00e4t suojat auki. Kun&hellip;\" \/>\n<meta property=\"og:url\" content=\"https:\/\/kinnunen.fi\/en\/product\/vintage-partahoyla\/\" \/>\n<meta property=\"og:site_name\" content=\"Kinnunen\" \/>\n<meta property=\"article:modified_time\" content=\"2026-05-05T01:00:22+00:00\" \/>\n<meta property=\"og:image\" content=\"https:\/\/kinnunen.fi\/wp-content\/uploads\/2021\/10\/Vintage_razor.jpg\" \/>\n\t<meta property=\"og:image:width\" content=\"1000\" \/>\n\t<meta property=\"og:image:height\" content=\"1000\" \/>\n\t<meta property=\"og:image:type\" content=\"image\/jpeg\" \/>\n<meta name=\"twitter:card\" content=\"summary_large_image\" \/>\n<script type=\"application\/ld+json\" class=\"yoast-schema-graph\">{\"@context\":\"https:\/\/schema.org\",\"@graph\":[{\"@type\":\"WebPage\",\"@id\":\"https:\/\/kinnunen.fi\/tuote\/vintage-partahoyla\/\",\"url\":\"https:\/\/kinnunen.fi\/tuote\/vintage-partahoyla\/\",\"name\":\"Vintage-partah\u00f6yl\u00e4 - Kinnunen\",\"isPartOf\":{\"@id\":\"https:\/\/kinnunen.fi\/#website\"},\"primaryImageOfPage\":{\"@id\":\"https:\/\/kinnunen.fi\/tuote\/vintage-partahoyla\/#primaryimage\"},\"image\":{\"@id\":\"https:\/\/kinnunen.fi\/tuote\/vintage-partahoyla\/#primaryimage\"},\"thumbnailUrl\":\"https:\/\/kinnunen.fi\/wp-content\/uploads\/2021\/10\/Vintage_razor.jpg\",\"datePublished\":\"2021-10-29T10:26:08+00:00\",\"dateModified\":\"2026-05-05T01:00:22+00:00\",\"breadcrumb\":{\"@id\":\"https:\/\/kinnunen.fi\/tuote\/vintage-partahoyla\/#breadcrumb\"},\"inLanguage\":\"en-GB\",\"potentialAction\":[{\"@type\":\"ReadAction\",\"target\":[\"https:\/\/kinnunen.fi\/tuote\/vintage-partahoyla\/\"]}]},{\"@type\":\"ImageObject\",\"inLanguage\":\"en-GB\",\"@id\":\"https:\/\/kinnunen.fi\/tuote\/vintage-partahoyla\/#primaryimage\",\"url\":\"https:\/\/kinnunen.fi\/wp-content\/uploads\/2021\/10\/Vintage_razor.jpg\",\"contentUrl\":\"https:\/\/kinnunen.fi\/wp-content\/uploads\/2021\/10\/Vintage_razor.jpg\",\"width\":1000,\"height\":1000},{\"@type\":\"BreadcrumbList\",\"@id\":\"https:\/\/kinnunen.fi\/tuote\/vintage-partahoyla\/#breadcrumb\",\"itemListElement\":[{\"@type\":\"ListItem\",\"position\":1,\"name\":\"Etusivu\",\"item\":\"https:\/\/kinnunen.fi\/\"},{\"@type\":\"ListItem\",\"position\":2,\"name\":\"Kaikki tuotteet\",\"item\":\"https:\/\/kinnunen.fi\/kauppa\/\"},{\"@type\":\"ListItem\",\"position\":3,\"name\":\"Sakset ja veitset\",\"item\":\"https:\/\/kinnunen.fi\/tuote-osasto\/sakset-ja-veitset\/\"},{\"@type\":\"ListItem\",\"position\":4,\"name\":\"Veitset ja ter\u00e4t\",\"item\":\"https:\/\/kinnunen.fi\/tuote-osasto\/sakset-ja-veitset\/veitset-ja-terat\/\"},{\"@type\":\"ListItem\",\"position\":5,\"name\":\"Vintage-partah\u00f6yl\u00e4\"}]},{\"@type\":\"WebSite\",\"@id\":\"https:\/\/kinnunen.fi\/#website\",\"url\":\"https:\/\/kinnunen.fi\/\",\"name\":\"Kinnunen\",\"description\":\"\",\"potentialAction\":[{\"@type\":\"SearchAction\",\"target\":{\"@type\":\"EntryPoint\",\"urlTemplate\":\"https:\/\/kinnunen.fi\/?s={search_term_string}\"},\"query-input\":\"required name=search_term_string\"}],\"inLanguage\":\"en-GB\"}]}<\/script>\n<!-- \/ Yoast SEO plugin. -->","yoast_head_json":{"title":"Vintage-partah\u00f6yl\u00e4 - Kinnunen","robots":{"index":"index","follow":"follow","max-snippet":"max-snippet:-1","max-image-preview":"max-image-preview:large","max-video-preview":"max-video-preview:-1"},"canonical":"https:\/\/kinnunen.fi\/en\/product\/vintage-partahoyla\/","og_locale":"en_GB","og_type":"article","og_title":"Vintage-partah\u00f6yl\u00e4 - Kinnunen","og_description":"Tukeva partah\u00f6yl\u00e4, jonka retro desing toimii jopa sisustuselementtin\u00e4. Ter\u00e4 asetetaan h\u00f6yl\u00e4n litte\u00e4n p\u00e4\u00e4n sis\u00e4\u00e4n ruuvaamalla sit\u00e4 peitt\u00e4v\u00e4t suojat auki. Kun&hellip;","og_url":"https:\/\/kinnunen.fi\/en\/product\/vintage-partahoyla\/","og_site_name":"Kinnunen","article_modified_time":"2026-05-05T01:00:22+00:00","og_image":[{"width":1000,"height":1000,"url":"https:\/\/kinnunen.fi\/wp-content\/uploads\/2021\/10\/Vintage_razor.jpg","type":"image\/jpeg"}],"twitter_card":"summary_large_image","schema":{"@context":"https:\/\/schema.org","@graph":[{"@type":"WebPage","@id":"https:\/\/kinnunen.fi\/tuote\/vintage-partahoyla\/","url":"https:\/\/kinnunen.fi\/tuote\/vintage-partahoyla\/","name":"Vintage-partah\u00f6yl\u00e4 - Kinnunen","isPartOf":{"@id":"https:\/\/kinnunen.fi\/#website"},"primaryImageOfPage":{"@id":"https:\/\/kinnunen.fi\/tuote\/vintage-partahoyla\/#primaryimage"},"image":{"@id":"https:\/\/kinnunen.fi\/tuote\/vintage-partahoyla\/#primaryimage"},"thumbnailUrl":"https:\/\/kinnunen.fi\/wp-content\/uploads\/2021\/10\/Vintage_razor.jpg","datePublished":"2021-10-29T10:26:08+00:00","dateModified":"2026-05-05T01:00:22+00:00","breadcrumb":{"@id":"https:\/\/kinnunen.fi\/tuote\/vintage-partahoyla\/#breadcrumb"},"inLanguage":"en-GB","potentialAction":[{"@type":"ReadAction","target":["https:\/\/kinnunen.fi\/tuote\/vintage-partahoyla\/"]}]},{"@type":"ImageObject","inLanguage":"en-GB","@id":"https:\/\/kinnunen.fi\/tuote\/vintage-partahoyla\/#primaryimage","url":"https:\/\/kinnunen.fi\/wp-content\/uploads\/2021\/10\/Vintage_razor.jpg","contentUrl":"https:\/\/kinnunen.fi\/wp-content\/uploads\/2021\/10\/Vintage_razor.jpg","width":1000,"height":1000},{"@type":"BreadcrumbList","@id":"https:\/\/kinnunen.fi\/tuote\/vintage-partahoyla\/#breadcrumb","itemListElement":[{"@type":"ListItem","position":1,"name":"Etusivu","item":"https:\/\/kinnunen.fi\/"},{"@type":"ListItem","position":2,"name":"Kaikki tuotteet","item":"https:\/\/kinnunen.fi\/kauppa\/"},{"@type":"ListItem","position":3,"name":"Sakset ja veitset","item":"https:\/\/kinnunen.fi\/tuote-osasto\/sakset-ja-veitset\/"},{"@type":"ListItem","position":4,"name":"Veitset ja ter\u00e4t","item":"https:\/\/kinnunen.fi\/tuote-osasto\/sakset-ja-veitset\/veitset-ja-terat\/"},{"@type":"ListItem","position":5,"name":"Vintage-partah\u00f6yl\u00e4"}]},{"@type":"WebSite","@id":"https:\/\/kinnunen.fi\/#website","url":"https:\/\/kinnunen.fi\/","name":"Kinnunen","description":"","potentialAction":[{"@type":"SearchAction","target":{"@type":"EntryPoint","urlTemplate":"https:\/\/kinnunen.fi\/?s={search_term_string}"},"query-input":"required name=search_term_string"}],"inLanguage":"en-GB"}]}},"_links":{"self":[{"href":"https:\/\/kinnunen.fi\/en\/wp-json\/wp\/v2\/product\/5539"}],"collection":[{"href":"https:\/\/kinnunen.fi\/en\/wp-json\/wp\/v2\/product"}],"about":[{"href":"https:\/\/kinnunen.fi\/en\/wp-json\/wp\/v2\/types\/product"}],"replies":[{"embeddable":true,"href":"https:\/\/kinnunen.fi\/en\/wp-json\/wp\/v2\/comments?post=5539"}],"wp:featuredmedia":[{"embeddable":true,"href":"https:\/\/kinnunen.fi\/en\/wp-json\/wp\/v2\/media\/15425"}],"wp:attachment":[{"href":"https:\/\/kinnunen.fi\/en\/wp-json\/wp\/v2\/media?parent=5539"}],"wp:term":[{"taxonomy":"product_cat","embeddable":true,"href":"https:\/\/kinnunen.fi\/en\/wp-json\/wp\/v2\/product_cat?post=5539"},{"taxonomy":"product_tag","embeddable":true,"href":"https:\/\/kinnunen.fi\/en\/wp-json\/wp\/v2\/product_tag?post=5539"}],"curies":[{"name":"wp","href":"https:\/\/api.w.org\/{rel}","templated":true}]}}