

{"id":5551,"date":"2021-10-29T13:26:22","date_gmt":"2021-10-29T10:26:22","guid":{"rendered":"https:\/\/kinnunen.fi\/tuote\/feather-vaihtoterat-10-kpl\/"},"modified":"2026-04-21T14:31:45","modified_gmt":"2026-04-21T11:31:45","slug":"feather-vaihtoterat-10-kpl","status":"publish","type":"product","link":"https:\/\/kinnunen.fi\/en\/product\/feather-vaihtoterat-10-kpl\/","title":{"rendered":"Feather replacement blades 10 pieces"},"content":{"rendered":"<p>Extreme sharpness. A stainless steel blade that cuts hair with extreme precision and neatness. The hair ends remain smooth and do not split during processing. The blade guard protects both the professional and the client, even if it comes into contact with the skin. Safe to change: no need to touch the blade when inserting or removing it.<\/p>","protected":false},"excerpt":{"rendered":"<p>\u00c4\u00e4rimm\u00e4ist\u00e4 ter\u00e4vyytt\u00e4. Ruostumattomasta ter\u00e4ksest\u00e4 valmistettu ter\u00e4, joka leikkaa hiukset \u00e4\u00e4rimm\u00e4isen tarkasti sek\u00e4 siististi. Hiuksien latvat s\u00e4ilyv\u00e4t silein\u00e4 eik\u00e4 ne haaroitu&hellip;<\/p>","protected":false},"featured_media":14396,"comment_status":"closed","ping_status":"closed","template":"","meta":{"_relevanssi_hide_post":"","_relevanssi_pin_for_all":"","_relevanssi_pin_keywords":"","_relevanssi_unpin_keywords":"","_relevanssi_related_keywords":"","_relevanssi_related_include_ids":"","_relevanssi_related_exclude_ids":"","_relevanssi_related_no_append":"","_relevanssi_related_not_related":"","_relevanssi_related_posts":"","_relevanssi_noindex_reason":""},"product_cat":[1783,1788],"product_tag":[],"class_list":["post-5551","product","type-product","status-publish","has-post-thumbnail","hentry","product_cat-sakset-ja-veitset","product_cat-veitset-ja-terat","tuotemerkki-feather"],"tuotemerkit":[{"term_id":186,"name":"Feather","slug":"feather","term_group":0,"term_taxonomy_id":186,"taxonomy":"tuotemerkki","description":"","parent":0,"count":5,"filter":"raw"}],"acf":[],"yoast_head":"<!-- This site is optimized with the Yoast SEO plugin v23.3 - https:\/\/yoast.com\/wordpress\/plugins\/seo\/ -->\n<title>Feather-vaihtoter\u00e4t 10 kpl - Kinnunen<\/title>\n<meta name=\"robots\" content=\"index, follow, max-snippet:-1, max-image-preview:large, max-video-preview:-1\" \/>\n<link rel=\"canonical\" href=\"https:\/\/kinnunen.fi\/en\/product\/feather-vaihtoterat-10-kpl\/\" \/>\n<meta property=\"og:locale\" content=\"en_GB\" \/>\n<meta property=\"og:type\" content=\"article\" \/>\n<meta property=\"og:title\" content=\"Feather-vaihtoter\u00e4t 10 kpl - Kinnunen\" \/>\n<meta property=\"og:description\" content=\"\u00c4\u00e4rimm\u00e4ist\u00e4 ter\u00e4vyytt\u00e4. Ruostumattomasta ter\u00e4ksest\u00e4 valmistettu ter\u00e4, joka leikkaa hiukset \u00e4\u00e4rimm\u00e4isen tarkasti sek\u00e4 siististi. Hiuksien latvat s\u00e4ilyv\u00e4t silein\u00e4 eik\u00e4 ne haaroitu&hellip;\" \/>\n<meta property=\"og:url\" content=\"https:\/\/kinnunen.fi\/en\/product\/feather-vaihtoterat-10-kpl\/\" \/>\n<meta property=\"og:site_name\" content=\"Kinnunen\" \/>\n<meta property=\"article:modified_time\" content=\"2026-04-21T11:31:45+00:00\" \/>\n<meta property=\"og:image\" content=\"https:\/\/kinnunen.fi\/wp-content\/uploads\/2021\/10\/Feather_styling_blade.jpg\" \/>\n\t<meta property=\"og:image:width\" content=\"1000\" \/>\n\t<meta property=\"og:image:height\" content=\"1000\" \/>\n\t<meta property=\"og:image:type\" content=\"image\/jpeg\" \/>\n<meta name=\"twitter:card\" content=\"summary_large_image\" \/>\n<script type=\"application\/ld+json\" class=\"yoast-schema-graph\">{\"@context\":\"https:\/\/schema.org\",\"@graph\":[{\"@type\":\"WebPage\",\"@id\":\"https:\/\/kinnunen.fi\/tuote\/feather-vaihtoterat-10-kpl\/\",\"url\":\"https:\/\/kinnunen.fi\/tuote\/feather-vaihtoterat-10-kpl\/\",\"name\":\"Feather-vaihtoter\u00e4t 10 kpl - Kinnunen\",\"isPartOf\":{\"@id\":\"https:\/\/kinnunen.fi\/#website\"},\"primaryImageOfPage\":{\"@id\":\"https:\/\/kinnunen.fi\/tuote\/feather-vaihtoterat-10-kpl\/#primaryimage\"},\"image\":{\"@id\":\"https:\/\/kinnunen.fi\/tuote\/feather-vaihtoterat-10-kpl\/#primaryimage\"},\"thumbnailUrl\":\"https:\/\/kinnunen.fi\/wp-content\/uploads\/2021\/10\/Feather_styling_blade.jpg\",\"datePublished\":\"2021-10-29T10:26:22+00:00\",\"dateModified\":\"2026-04-21T11:31:45+00:00\",\"breadcrumb\":{\"@id\":\"https:\/\/kinnunen.fi\/tuote\/feather-vaihtoterat-10-kpl\/#breadcrumb\"},\"inLanguage\":\"en-GB\",\"potentialAction\":[{\"@type\":\"ReadAction\",\"target\":[\"https:\/\/kinnunen.fi\/tuote\/feather-vaihtoterat-10-kpl\/\"]}]},{\"@type\":\"ImageObject\",\"inLanguage\":\"en-GB\",\"@id\":\"https:\/\/kinnunen.fi\/tuote\/feather-vaihtoterat-10-kpl\/#primaryimage\",\"url\":\"https:\/\/kinnunen.fi\/wp-content\/uploads\/2021\/10\/Feather_styling_blade.jpg\",\"contentUrl\":\"https:\/\/kinnunen.fi\/wp-content\/uploads\/2021\/10\/Feather_styling_blade.jpg\",\"width\":1000,\"height\":1000},{\"@type\":\"BreadcrumbList\",\"@id\":\"https:\/\/kinnunen.fi\/tuote\/feather-vaihtoterat-10-kpl\/#breadcrumb\",\"itemListElement\":[{\"@type\":\"ListItem\",\"position\":1,\"name\":\"Etusivu\",\"item\":\"https:\/\/kinnunen.fi\/\"},{\"@type\":\"ListItem\",\"position\":2,\"name\":\"Kaikki tuotteet\",\"item\":\"https:\/\/kinnunen.fi\/kauppa\/\"},{\"@type\":\"ListItem\",\"position\":3,\"name\":\"Sakset ja veitset\",\"item\":\"https:\/\/kinnunen.fi\/tuote-osasto\/sakset-ja-veitset\/\"},{\"@type\":\"ListItem\",\"position\":4,\"name\":\"Veitset ja ter\u00e4t\",\"item\":\"https:\/\/kinnunen.fi\/tuote-osasto\/sakset-ja-veitset\/veitset-ja-terat\/\"},{\"@type\":\"ListItem\",\"position\":5,\"name\":\"Feather-vaihtoter\u00e4t 10 kpl\"}]},{\"@type\":\"WebSite\",\"@id\":\"https:\/\/kinnunen.fi\/#website\",\"url\":\"https:\/\/kinnunen.fi\/\",\"name\":\"Kinnunen\",\"description\":\"\",\"potentialAction\":[{\"@type\":\"SearchAction\",\"target\":{\"@type\":\"EntryPoint\",\"urlTemplate\":\"https:\/\/kinnunen.fi\/?s={search_term_string}\"},\"query-input\":\"required name=search_term_string\"}],\"inLanguage\":\"en-GB\"}]}<\/script>\n<!-- \/ Yoast SEO plugin. -->","yoast_head_json":{"title":"Feather-vaihtoter\u00e4t 10 kpl - Kinnunen","robots":{"index":"index","follow":"follow","max-snippet":"max-snippet:-1","max-image-preview":"max-image-preview:large","max-video-preview":"max-video-preview:-1"},"canonical":"https:\/\/kinnunen.fi\/en\/product\/feather-vaihtoterat-10-kpl\/","og_locale":"en_GB","og_type":"article","og_title":"Feather-vaihtoter\u00e4t 10 kpl - Kinnunen","og_description":"\u00c4\u00e4rimm\u00e4ist\u00e4 ter\u00e4vyytt\u00e4. Ruostumattomasta ter\u00e4ksest\u00e4 valmistettu ter\u00e4, joka leikkaa hiukset \u00e4\u00e4rimm\u00e4isen tarkasti sek\u00e4 siististi. Hiuksien latvat s\u00e4ilyv\u00e4t silein\u00e4 eik\u00e4 ne haaroitu&hellip;","og_url":"https:\/\/kinnunen.fi\/en\/product\/feather-vaihtoterat-10-kpl\/","og_site_name":"Kinnunen","article_modified_time":"2026-04-21T11:31:45+00:00","og_image":[{"width":1000,"height":1000,"url":"https:\/\/kinnunen.fi\/wp-content\/uploads\/2021\/10\/Feather_styling_blade.jpg","type":"image\/jpeg"}],"twitter_card":"summary_large_image","schema":{"@context":"https:\/\/schema.org","@graph":[{"@type":"WebPage","@id":"https:\/\/kinnunen.fi\/tuote\/feather-vaihtoterat-10-kpl\/","url":"https:\/\/kinnunen.fi\/tuote\/feather-vaihtoterat-10-kpl\/","name":"Feather-vaihtoter\u00e4t 10 kpl - Kinnunen","isPartOf":{"@id":"https:\/\/kinnunen.fi\/#website"},"primaryImageOfPage":{"@id":"https:\/\/kinnunen.fi\/tuote\/feather-vaihtoterat-10-kpl\/#primaryimage"},"image":{"@id":"https:\/\/kinnunen.fi\/tuote\/feather-vaihtoterat-10-kpl\/#primaryimage"},"thumbnailUrl":"https:\/\/kinnunen.fi\/wp-content\/uploads\/2021\/10\/Feather_styling_blade.jpg","datePublished":"2021-10-29T10:26:22+00:00","dateModified":"2026-04-21T11:31:45+00:00","breadcrumb":{"@id":"https:\/\/kinnunen.fi\/tuote\/feather-vaihtoterat-10-kpl\/#breadcrumb"},"inLanguage":"en-GB","potentialAction":[{"@type":"ReadAction","target":["https:\/\/kinnunen.fi\/tuote\/feather-vaihtoterat-10-kpl\/"]}]},{"@type":"ImageObject","inLanguage":"en-GB","@id":"https:\/\/kinnunen.fi\/tuote\/feather-vaihtoterat-10-kpl\/#primaryimage","url":"https:\/\/kinnunen.fi\/wp-content\/uploads\/2021\/10\/Feather_styling_blade.jpg","contentUrl":"https:\/\/kinnunen.fi\/wp-content\/uploads\/2021\/10\/Feather_styling_blade.jpg","width":1000,"height":1000},{"@type":"BreadcrumbList","@id":"https:\/\/kinnunen.fi\/tuote\/feather-vaihtoterat-10-kpl\/#breadcrumb","itemListElement":[{"@type":"ListItem","position":1,"name":"Etusivu","item":"https:\/\/kinnunen.fi\/"},{"@type":"ListItem","position":2,"name":"Kaikki tuotteet","item":"https:\/\/kinnunen.fi\/kauppa\/"},{"@type":"ListItem","position":3,"name":"Sakset ja veitset","item":"https:\/\/kinnunen.fi\/tuote-osasto\/sakset-ja-veitset\/"},{"@type":"ListItem","position":4,"name":"Veitset ja ter\u00e4t","item":"https:\/\/kinnunen.fi\/tuote-osasto\/sakset-ja-veitset\/veitset-ja-terat\/"},{"@type":"ListItem","position":5,"name":"Feather-vaihtoter\u00e4t 10 kpl"}]},{"@type":"WebSite","@id":"https:\/\/kinnunen.fi\/#website","url":"https:\/\/kinnunen.fi\/","name":"Kinnunen","description":"","potentialAction":[{"@type":"SearchAction","target":{"@type":"EntryPoint","urlTemplate":"https:\/\/kinnunen.fi\/?s={search_term_string}"},"query-input":"required name=search_term_string"}],"inLanguage":"en-GB"}]}},"_links":{"self":[{"href":"https:\/\/kinnunen.fi\/en\/wp-json\/wp\/v2\/product\/5551"}],"collection":[{"href":"https:\/\/kinnunen.fi\/en\/wp-json\/wp\/v2\/product"}],"about":[{"href":"https:\/\/kinnunen.fi\/en\/wp-json\/wp\/v2\/types\/product"}],"replies":[{"embeddable":true,"href":"https:\/\/kinnunen.fi\/en\/wp-json\/wp\/v2\/comments?post=5551"}],"wp:featuredmedia":[{"embeddable":true,"href":"https:\/\/kinnunen.fi\/en\/wp-json\/wp\/v2\/media\/14396"}],"wp:attachment":[{"href":"https:\/\/kinnunen.fi\/en\/wp-json\/wp\/v2\/media?parent=5551"}],"wp:term":[{"taxonomy":"product_cat","embeddable":true,"href":"https:\/\/kinnunen.fi\/en\/wp-json\/wp\/v2\/product_cat?post=5551"},{"taxonomy":"product_tag","embeddable":true,"href":"https:\/\/kinnunen.fi\/en\/wp-json\/wp\/v2\/product_tag?post=5551"}],"curies":[{"name":"wp","href":"https:\/\/api.w.org\/{rel}","templated":true}]}}