

{"id":5565,"date":"2021-10-29T13:26:22","date_gmt":"2021-10-29T10:26:22","guid":{"rendered":"https:\/\/kinnunen.fi\/tuote\/y-s-park-carbon-tiger-brush-54-mm\/"},"modified":"2026-05-01T04:00:37","modified_gmt":"2026-05-01T01:00:37","slug":"y-s-park-carbon-tiger-brush-54-mm","status":"publish","type":"product","link":"https:\/\/kinnunen.fi\/en\/product\/y-s-park-carbon-tiger-brush-54-mm\/","title":{"rendered":"Y.S. Park Carbon Tiger Brush 54 mm"},"content":{"rendered":"<p>Carbon Tiger Styler brushes are made of carbon coated beech. This makes styling your hair effortless! Carbon fibre makes the brush anti-static. Thanks to the combination of wool pig bristles and nanosilver spikes, the partition stays on the brush effortlessly and simultaneously polishes the hair surface. The ergonomic design of the brush handle makes it easier and faster to twirl the brush. The openings in the handle keep your hands cool and dry. Length 233mm.<\/p>","protected":false},"excerpt":{"rendered":"<p>Carbon Tiger Styler-harjat on valmistettu hiilip\u00e4\u00e4llysteisest\u00e4 py\u00f6kist\u00e4. T\u00e4m\u00e4n ansioista hiusten muotoilusta tulee vaivatonta! Hiilikuitu tekee harjasta antistaattisen. Villisianharjas ja nanosilver-piikkien&hellip;<\/p>","protected":false},"featured_media":15374,"comment_status":"closed","ping_status":"closed","template":"","meta":{"_relevanssi_hide_post":"","_relevanssi_pin_for_all":"","_relevanssi_pin_keywords":"","_relevanssi_unpin_keywords":"","_relevanssi_related_keywords":"","_relevanssi_related_include_ids":"","_relevanssi_related_exclude_ids":"","_relevanssi_related_no_append":"","_relevanssi_related_not_related":"","_relevanssi_related_posts":"","_relevanssi_noindex_reason":""},"product_cat":[1790,1791],"product_tag":[],"class_list":["post-5565","product","type-product","status-publish","has-post-thumbnail","hentry","product_cat-harjat-ja-kammat","product_cat-pyoroharjat","pa_koko-50-mm","tuotemerkki-y-s-park"],"tuotemerkit":[{"term_id":193,"name":"Y.S.Park","slug":"y-s-park","term_group":0,"term_taxonomy_id":193,"taxonomy":"tuotemerkki","description":"","parent":0,"count":61,"filter":"raw"}],"acf":[],"yoast_head":"<!-- This site is optimized with the Yoast SEO plugin v23.3 - https:\/\/yoast.com\/wordpress\/plugins\/seo\/ -->\n<title>Y.S. Park Carbon Tiger Brush 54 mm - Kinnunen<\/title>\n<meta name=\"robots\" content=\"index, follow, max-snippet:-1, max-image-preview:large, max-video-preview:-1\" \/>\n<link rel=\"canonical\" href=\"https:\/\/kinnunen.fi\/en\/product\/y-s-park-carbon-tiger-brush-54-mm\/\" \/>\n<meta property=\"og:locale\" content=\"en_GB\" \/>\n<meta property=\"og:type\" content=\"article\" \/>\n<meta property=\"og:title\" content=\"Y.S. Park Carbon Tiger Brush 54 mm - Kinnunen\" \/>\n<meta property=\"og:description\" content=\"Carbon Tiger Styler-harjat on valmistettu hiilip\u00e4\u00e4llysteisest\u00e4 py\u00f6kist\u00e4. T\u00e4m\u00e4n ansioista hiusten muotoilusta tulee vaivatonta! Hiilikuitu tekee harjasta antistaattisen. Villisianharjas ja nanosilver-piikkien&hellip;\" \/>\n<meta property=\"og:url\" content=\"https:\/\/kinnunen.fi\/en\/product\/y-s-park-carbon-tiger-brush-54-mm\/\" \/>\n<meta property=\"og:site_name\" content=\"Kinnunen\" \/>\n<meta property=\"article:modified_time\" content=\"2026-05-01T01:00:37+00:00\" \/>\n<meta property=\"og:image\" content=\"https:\/\/kinnunen.fi\/wp-content\/uploads\/2021\/10\/Tiger_brush_560.jpg\" \/>\n\t<meta property=\"og:image:width\" content=\"1000\" \/>\n\t<meta property=\"og:image:height\" content=\"1000\" \/>\n\t<meta property=\"og:image:type\" content=\"image\/jpeg\" \/>\n<meta name=\"twitter:card\" content=\"summary_large_image\" \/>\n<script type=\"application\/ld+json\" class=\"yoast-schema-graph\">{\"@context\":\"https:\/\/schema.org\",\"@graph\":[{\"@type\":\"WebPage\",\"@id\":\"https:\/\/kinnunen.fi\/tuote\/y-s-park-carbon-tiger-brush-54-mm\/\",\"url\":\"https:\/\/kinnunen.fi\/tuote\/y-s-park-carbon-tiger-brush-54-mm\/\",\"name\":\"Y.S. Park Carbon Tiger Brush 54 mm - Kinnunen\",\"isPartOf\":{\"@id\":\"https:\/\/kinnunen.fi\/#website\"},\"primaryImageOfPage\":{\"@id\":\"https:\/\/kinnunen.fi\/tuote\/y-s-park-carbon-tiger-brush-54-mm\/#primaryimage\"},\"image\":{\"@id\":\"https:\/\/kinnunen.fi\/tuote\/y-s-park-carbon-tiger-brush-54-mm\/#primaryimage\"},\"thumbnailUrl\":\"https:\/\/kinnunen.fi\/wp-content\/uploads\/2021\/10\/Tiger_brush_560.jpg\",\"datePublished\":\"2021-10-29T10:26:22+00:00\",\"dateModified\":\"2026-05-01T01:00:37+00:00\",\"breadcrumb\":{\"@id\":\"https:\/\/kinnunen.fi\/tuote\/y-s-park-carbon-tiger-brush-54-mm\/#breadcrumb\"},\"inLanguage\":\"en-GB\",\"potentialAction\":[{\"@type\":\"ReadAction\",\"target\":[\"https:\/\/kinnunen.fi\/tuote\/y-s-park-carbon-tiger-brush-54-mm\/\"]}]},{\"@type\":\"ImageObject\",\"inLanguage\":\"en-GB\",\"@id\":\"https:\/\/kinnunen.fi\/tuote\/y-s-park-carbon-tiger-brush-54-mm\/#primaryimage\",\"url\":\"https:\/\/kinnunen.fi\/wp-content\/uploads\/2021\/10\/Tiger_brush_560.jpg\",\"contentUrl\":\"https:\/\/kinnunen.fi\/wp-content\/uploads\/2021\/10\/Tiger_brush_560.jpg\",\"width\":1000,\"height\":1000},{\"@type\":\"BreadcrumbList\",\"@id\":\"https:\/\/kinnunen.fi\/tuote\/y-s-park-carbon-tiger-brush-54-mm\/#breadcrumb\",\"itemListElement\":[{\"@type\":\"ListItem\",\"position\":1,\"name\":\"Etusivu\",\"item\":\"https:\/\/kinnunen.fi\/\"},{\"@type\":\"ListItem\",\"position\":2,\"name\":\"Kaikki tuotteet\",\"item\":\"https:\/\/kinnunen.fi\/kauppa\/\"},{\"@type\":\"ListItem\",\"position\":3,\"name\":\"Tarvikkeet\",\"item\":\"https:\/\/kinnunen.fi\/tuote-osasto\/tarvikkeet\/\"},{\"@type\":\"ListItem\",\"position\":4,\"name\":\"Harjat ja kammat\",\"item\":\"https:\/\/kinnunen.fi\/tuote-osasto\/tarvikkeet\/harjat-ja-kammat\/\"},{\"@type\":\"ListItem\",\"position\":5,\"name\":\"Y.S. Park Carbon Tiger Brush 54 mm\"}]},{\"@type\":\"WebSite\",\"@id\":\"https:\/\/kinnunen.fi\/#website\",\"url\":\"https:\/\/kinnunen.fi\/\",\"name\":\"Kinnunen\",\"description\":\"\",\"potentialAction\":[{\"@type\":\"SearchAction\",\"target\":{\"@type\":\"EntryPoint\",\"urlTemplate\":\"https:\/\/kinnunen.fi\/?s={search_term_string}\"},\"query-input\":\"required name=search_term_string\"}],\"inLanguage\":\"en-GB\"}]}<\/script>\n<!-- \/ Yoast SEO plugin. -->","yoast_head_json":{"title":"Y.S. Park Carbon Tiger Brush 54 mm - Kinnunen","robots":{"index":"index","follow":"follow","max-snippet":"max-snippet:-1","max-image-preview":"max-image-preview:large","max-video-preview":"max-video-preview:-1"},"canonical":"https:\/\/kinnunen.fi\/en\/product\/y-s-park-carbon-tiger-brush-54-mm\/","og_locale":"en_GB","og_type":"article","og_title":"Y.S. Park Carbon Tiger Brush 54 mm - Kinnunen","og_description":"Carbon Tiger Styler-harjat on valmistettu hiilip\u00e4\u00e4llysteisest\u00e4 py\u00f6kist\u00e4. T\u00e4m\u00e4n ansioista hiusten muotoilusta tulee vaivatonta! Hiilikuitu tekee harjasta antistaattisen. Villisianharjas ja nanosilver-piikkien&hellip;","og_url":"https:\/\/kinnunen.fi\/en\/product\/y-s-park-carbon-tiger-brush-54-mm\/","og_site_name":"Kinnunen","article_modified_time":"2026-05-01T01:00:37+00:00","og_image":[{"width":1000,"height":1000,"url":"https:\/\/kinnunen.fi\/wp-content\/uploads\/2021\/10\/Tiger_brush_560.jpg","type":"image\/jpeg"}],"twitter_card":"summary_large_image","schema":{"@context":"https:\/\/schema.org","@graph":[{"@type":"WebPage","@id":"https:\/\/kinnunen.fi\/tuote\/y-s-park-carbon-tiger-brush-54-mm\/","url":"https:\/\/kinnunen.fi\/tuote\/y-s-park-carbon-tiger-brush-54-mm\/","name":"Y.S. Park Carbon Tiger Brush 54 mm - Kinnunen","isPartOf":{"@id":"https:\/\/kinnunen.fi\/#website"},"primaryImageOfPage":{"@id":"https:\/\/kinnunen.fi\/tuote\/y-s-park-carbon-tiger-brush-54-mm\/#primaryimage"},"image":{"@id":"https:\/\/kinnunen.fi\/tuote\/y-s-park-carbon-tiger-brush-54-mm\/#primaryimage"},"thumbnailUrl":"https:\/\/kinnunen.fi\/wp-content\/uploads\/2021\/10\/Tiger_brush_560.jpg","datePublished":"2021-10-29T10:26:22+00:00","dateModified":"2026-05-01T01:00:37+00:00","breadcrumb":{"@id":"https:\/\/kinnunen.fi\/tuote\/y-s-park-carbon-tiger-brush-54-mm\/#breadcrumb"},"inLanguage":"en-GB","potentialAction":[{"@type":"ReadAction","target":["https:\/\/kinnunen.fi\/tuote\/y-s-park-carbon-tiger-brush-54-mm\/"]}]},{"@type":"ImageObject","inLanguage":"en-GB","@id":"https:\/\/kinnunen.fi\/tuote\/y-s-park-carbon-tiger-brush-54-mm\/#primaryimage","url":"https:\/\/kinnunen.fi\/wp-content\/uploads\/2021\/10\/Tiger_brush_560.jpg","contentUrl":"https:\/\/kinnunen.fi\/wp-content\/uploads\/2021\/10\/Tiger_brush_560.jpg","width":1000,"height":1000},{"@type":"BreadcrumbList","@id":"https:\/\/kinnunen.fi\/tuote\/y-s-park-carbon-tiger-brush-54-mm\/#breadcrumb","itemListElement":[{"@type":"ListItem","position":1,"name":"Etusivu","item":"https:\/\/kinnunen.fi\/"},{"@type":"ListItem","position":2,"name":"Kaikki tuotteet","item":"https:\/\/kinnunen.fi\/kauppa\/"},{"@type":"ListItem","position":3,"name":"Tarvikkeet","item":"https:\/\/kinnunen.fi\/tuote-osasto\/tarvikkeet\/"},{"@type":"ListItem","position":4,"name":"Harjat ja kammat","item":"https:\/\/kinnunen.fi\/tuote-osasto\/tarvikkeet\/harjat-ja-kammat\/"},{"@type":"ListItem","position":5,"name":"Y.S. Park Carbon Tiger Brush 54 mm"}]},{"@type":"WebSite","@id":"https:\/\/kinnunen.fi\/#website","url":"https:\/\/kinnunen.fi\/","name":"Kinnunen","description":"","potentialAction":[{"@type":"SearchAction","target":{"@type":"EntryPoint","urlTemplate":"https:\/\/kinnunen.fi\/?s={search_term_string}"},"query-input":"required name=search_term_string"}],"inLanguage":"en-GB"}]}},"_links":{"self":[{"href":"https:\/\/kinnunen.fi\/en\/wp-json\/wp\/v2\/product\/5565"}],"collection":[{"href":"https:\/\/kinnunen.fi\/en\/wp-json\/wp\/v2\/product"}],"about":[{"href":"https:\/\/kinnunen.fi\/en\/wp-json\/wp\/v2\/types\/product"}],"replies":[{"embeddable":true,"href":"https:\/\/kinnunen.fi\/en\/wp-json\/wp\/v2\/comments?post=5565"}],"wp:featuredmedia":[{"embeddable":true,"href":"https:\/\/kinnunen.fi\/en\/wp-json\/wp\/v2\/media\/15374"}],"wp:attachment":[{"href":"https:\/\/kinnunen.fi\/en\/wp-json\/wp\/v2\/media?parent=5565"}],"wp:term":[{"taxonomy":"product_cat","embeddable":true,"href":"https:\/\/kinnunen.fi\/en\/wp-json\/wp\/v2\/product_cat?post=5565"},{"taxonomy":"product_tag","embeddable":true,"href":"https:\/\/kinnunen.fi\/en\/wp-json\/wp\/v2\/product_tag?post=5565"}],"curies":[{"name":"wp","href":"https:\/\/api.w.org\/{rel}","templated":true}]}}