

{"id":5591,"date":"2021-10-29T13:26:36","date_gmt":"2021-10-29T10:26:36","guid":{"rendered":"https:\/\/kinnunen.fi\/tuote\/denman-luonnonkuminen-lapioharja\/"},"modified":"2026-04-30T15:17:29","modified_gmt":"2026-04-30T12:17:29","slug":"denman-luonnonkuminen-lapioharja","status":"publish","type":"product","link":"https:\/\/kinnunen.fi\/en\/product\/denman-luonnonkuminen-lapioharja\/","title":{"rendered":"Denman natural rubber shovel brush"},"content":{"rendered":"<p>The natural rubber-based paddle brush is suitable for brushing, blow-drying, styling and straightening hair. The rounded nylon spikes are implanted in an airy padding. The handle design is comfortable to hold and the matte finish increases comfort and grip. Suitable for all hair sizes and types.<\/p>","protected":false},"excerpt":{"rendered":"<p>Luonnonkumipohjainen lapioharja soveltuu hiusten harjaamiseen, f\u00f6\u00f6naukseen, muotoiluun sek\u00e4 suoristamiseen. Py\u00f6ristetyt nylonpiikit on istutettu ilmavaan pehmusteeseen. K\u00e4densija muotoilu on mukava k\u00e4teen&hellip;<\/p>","protected":false},"featured_media":14324,"comment_status":"closed","ping_status":"closed","template":"","meta":{"_relevanssi_hide_post":"","_relevanssi_pin_for_all":"","_relevanssi_pin_keywords":"","_relevanssi_unpin_keywords":"","_relevanssi_related_keywords":"","_relevanssi_related_include_ids":"","_relevanssi_related_exclude_ids":"","_relevanssi_related_no_append":"","_relevanssi_related_not_related":"","_relevanssi_related_posts":"","_relevanssi_noindex_reason":""},"product_cat":[1762,1790,1792],"product_tag":[],"class_list":["post-5591","product","type-product","status-publish","has-post-thumbnail","hentry","product_cat-tarvikkeet","product_cat-harjat-ja-kammat","product_cat-selvitys-ja-aukikampausharjat","pa_ominaisuudet-valmistettu-euroopassa","tuotemerkki-denman"],"tuotemerkit":[{"term_id":197,"name":"Denman","slug":"denman","term_group":0,"term_taxonomy_id":197,"taxonomy":"tuotemerkki","description":"","parent":0,"count":34,"filter":"raw"}],"acf":[],"yoast_head":"<!-- This site is optimized with the Yoast SEO plugin v23.3 - https:\/\/yoast.com\/wordpress\/plugins\/seo\/ -->\n<title>Denman luonnonkuminen lapioharja - Kinnunen<\/title>\n<meta name=\"robots\" content=\"index, follow, max-snippet:-1, max-image-preview:large, max-video-preview:-1\" \/>\n<link rel=\"canonical\" href=\"https:\/\/kinnunen.fi\/en\/product\/denman-luonnonkuminen-lapioharja\/\" \/>\n<meta property=\"og:locale\" content=\"en_GB\" \/>\n<meta property=\"og:type\" content=\"article\" \/>\n<meta property=\"og:title\" content=\"Denman luonnonkuminen lapioharja - Kinnunen\" \/>\n<meta property=\"og:description\" content=\"Luonnonkumipohjainen lapioharja soveltuu hiusten harjaamiseen, f\u00f6\u00f6naukseen, muotoiluun sek\u00e4 suoristamiseen. Py\u00f6ristetyt nylonpiikit on istutettu ilmavaan pehmusteeseen. K\u00e4densija muotoilu on mukava k\u00e4teen&hellip;\" \/>\n<meta property=\"og:url\" content=\"https:\/\/kinnunen.fi\/en\/product\/denman-luonnonkuminen-lapioharja\/\" \/>\n<meta property=\"og:site_name\" content=\"Kinnunen\" \/>\n<meta property=\"article:modified_time\" content=\"2026-04-30T12:17:29+00:00\" \/>\n<meta property=\"og:image\" content=\"https:\/\/kinnunen.fi\/wp-content\/uploads\/2021\/10\/d83.jpg\" \/>\n\t<meta property=\"og:image:width\" content=\"600\" \/>\n\t<meta property=\"og:image:height\" content=\"600\" \/>\n\t<meta property=\"og:image:type\" content=\"image\/jpeg\" \/>\n<meta name=\"twitter:card\" content=\"summary_large_image\" \/>\n<script type=\"application\/ld+json\" class=\"yoast-schema-graph\">{\"@context\":\"https:\/\/schema.org\",\"@graph\":[{\"@type\":\"WebPage\",\"@id\":\"https:\/\/kinnunen.fi\/tuote\/denman-luonnonkuminen-lapioharja\/\",\"url\":\"https:\/\/kinnunen.fi\/tuote\/denman-luonnonkuminen-lapioharja\/\",\"name\":\"Denman luonnonkuminen lapioharja - Kinnunen\",\"isPartOf\":{\"@id\":\"https:\/\/kinnunen.fi\/#website\"},\"primaryImageOfPage\":{\"@id\":\"https:\/\/kinnunen.fi\/tuote\/denman-luonnonkuminen-lapioharja\/#primaryimage\"},\"image\":{\"@id\":\"https:\/\/kinnunen.fi\/tuote\/denman-luonnonkuminen-lapioharja\/#primaryimage\"},\"thumbnailUrl\":\"https:\/\/kinnunen.fi\/wp-content\/uploads\/2021\/10\/d83.jpg\",\"datePublished\":\"2021-10-29T10:26:36+00:00\",\"dateModified\":\"2026-04-30T12:17:29+00:00\",\"breadcrumb\":{\"@id\":\"https:\/\/kinnunen.fi\/tuote\/denman-luonnonkuminen-lapioharja\/#breadcrumb\"},\"inLanguage\":\"en-GB\",\"potentialAction\":[{\"@type\":\"ReadAction\",\"target\":[\"https:\/\/kinnunen.fi\/tuote\/denman-luonnonkuminen-lapioharja\/\"]}]},{\"@type\":\"ImageObject\",\"inLanguage\":\"en-GB\",\"@id\":\"https:\/\/kinnunen.fi\/tuote\/denman-luonnonkuminen-lapioharja\/#primaryimage\",\"url\":\"https:\/\/kinnunen.fi\/wp-content\/uploads\/2021\/10\/d83.jpg\",\"contentUrl\":\"https:\/\/kinnunen.fi\/wp-content\/uploads\/2021\/10\/d83.jpg\",\"width\":600,\"height\":600},{\"@type\":\"BreadcrumbList\",\"@id\":\"https:\/\/kinnunen.fi\/tuote\/denman-luonnonkuminen-lapioharja\/#breadcrumb\",\"itemListElement\":[{\"@type\":\"ListItem\",\"position\":1,\"name\":\"Etusivu\",\"item\":\"https:\/\/kinnunen.fi\/\"},{\"@type\":\"ListItem\",\"position\":2,\"name\":\"Kaikki tuotteet\",\"item\":\"https:\/\/kinnunen.fi\/kauppa\/\"},{\"@type\":\"ListItem\",\"position\":3,\"name\":\"Tarvikkeet\",\"item\":\"https:\/\/kinnunen.fi\/tuote-osasto\/tarvikkeet\/\"},{\"@type\":\"ListItem\",\"position\":4,\"name\":\"Harjat ja kammat\",\"item\":\"https:\/\/kinnunen.fi\/tuote-osasto\/tarvikkeet\/harjat-ja-kammat\/\"},{\"@type\":\"ListItem\",\"position\":5,\"name\":\"Selvitys- ja aukikampausharjat\",\"item\":\"https:\/\/kinnunen.fi\/tuote-osasto\/tarvikkeet\/harjat-ja-kammat\/selvitys-ja-aukikampausharjat\/\"},{\"@type\":\"ListItem\",\"position\":6,\"name\":\"Denman luonnonkuminen lapioharja\"}]},{\"@type\":\"WebSite\",\"@id\":\"https:\/\/kinnunen.fi\/#website\",\"url\":\"https:\/\/kinnunen.fi\/\",\"name\":\"Kinnunen\",\"description\":\"\",\"potentialAction\":[{\"@type\":\"SearchAction\",\"target\":{\"@type\":\"EntryPoint\",\"urlTemplate\":\"https:\/\/kinnunen.fi\/?s={search_term_string}\"},\"query-input\":\"required name=search_term_string\"}],\"inLanguage\":\"en-GB\"}]}<\/script>\n<!-- \/ Yoast SEO plugin. -->","yoast_head_json":{"title":"Denman luonnonkuminen lapioharja - Kinnunen","robots":{"index":"index","follow":"follow","max-snippet":"max-snippet:-1","max-image-preview":"max-image-preview:large","max-video-preview":"max-video-preview:-1"},"canonical":"https:\/\/kinnunen.fi\/en\/product\/denman-luonnonkuminen-lapioharja\/","og_locale":"en_GB","og_type":"article","og_title":"Denman luonnonkuminen lapioharja - Kinnunen","og_description":"Luonnonkumipohjainen lapioharja soveltuu hiusten harjaamiseen, f\u00f6\u00f6naukseen, muotoiluun sek\u00e4 suoristamiseen. Py\u00f6ristetyt nylonpiikit on istutettu ilmavaan pehmusteeseen. K\u00e4densija muotoilu on mukava k\u00e4teen&hellip;","og_url":"https:\/\/kinnunen.fi\/en\/product\/denman-luonnonkuminen-lapioharja\/","og_site_name":"Kinnunen","article_modified_time":"2026-04-30T12:17:29+00:00","og_image":[{"width":600,"height":600,"url":"https:\/\/kinnunen.fi\/wp-content\/uploads\/2021\/10\/d83.jpg","type":"image\/jpeg"}],"twitter_card":"summary_large_image","schema":{"@context":"https:\/\/schema.org","@graph":[{"@type":"WebPage","@id":"https:\/\/kinnunen.fi\/tuote\/denman-luonnonkuminen-lapioharja\/","url":"https:\/\/kinnunen.fi\/tuote\/denman-luonnonkuminen-lapioharja\/","name":"Denman luonnonkuminen lapioharja - Kinnunen","isPartOf":{"@id":"https:\/\/kinnunen.fi\/#website"},"primaryImageOfPage":{"@id":"https:\/\/kinnunen.fi\/tuote\/denman-luonnonkuminen-lapioharja\/#primaryimage"},"image":{"@id":"https:\/\/kinnunen.fi\/tuote\/denman-luonnonkuminen-lapioharja\/#primaryimage"},"thumbnailUrl":"https:\/\/kinnunen.fi\/wp-content\/uploads\/2021\/10\/d83.jpg","datePublished":"2021-10-29T10:26:36+00:00","dateModified":"2026-04-30T12:17:29+00:00","breadcrumb":{"@id":"https:\/\/kinnunen.fi\/tuote\/denman-luonnonkuminen-lapioharja\/#breadcrumb"},"inLanguage":"en-GB","potentialAction":[{"@type":"ReadAction","target":["https:\/\/kinnunen.fi\/tuote\/denman-luonnonkuminen-lapioharja\/"]}]},{"@type":"ImageObject","inLanguage":"en-GB","@id":"https:\/\/kinnunen.fi\/tuote\/denman-luonnonkuminen-lapioharja\/#primaryimage","url":"https:\/\/kinnunen.fi\/wp-content\/uploads\/2021\/10\/d83.jpg","contentUrl":"https:\/\/kinnunen.fi\/wp-content\/uploads\/2021\/10\/d83.jpg","width":600,"height":600},{"@type":"BreadcrumbList","@id":"https:\/\/kinnunen.fi\/tuote\/denman-luonnonkuminen-lapioharja\/#breadcrumb","itemListElement":[{"@type":"ListItem","position":1,"name":"Etusivu","item":"https:\/\/kinnunen.fi\/"},{"@type":"ListItem","position":2,"name":"Kaikki tuotteet","item":"https:\/\/kinnunen.fi\/kauppa\/"},{"@type":"ListItem","position":3,"name":"Tarvikkeet","item":"https:\/\/kinnunen.fi\/tuote-osasto\/tarvikkeet\/"},{"@type":"ListItem","position":4,"name":"Harjat ja kammat","item":"https:\/\/kinnunen.fi\/tuote-osasto\/tarvikkeet\/harjat-ja-kammat\/"},{"@type":"ListItem","position":5,"name":"Selvitys- ja aukikampausharjat","item":"https:\/\/kinnunen.fi\/tuote-osasto\/tarvikkeet\/harjat-ja-kammat\/selvitys-ja-aukikampausharjat\/"},{"@type":"ListItem","position":6,"name":"Denman luonnonkuminen lapioharja"}]},{"@type":"WebSite","@id":"https:\/\/kinnunen.fi\/#website","url":"https:\/\/kinnunen.fi\/","name":"Kinnunen","description":"","potentialAction":[{"@type":"SearchAction","target":{"@type":"EntryPoint","urlTemplate":"https:\/\/kinnunen.fi\/?s={search_term_string}"},"query-input":"required name=search_term_string"}],"inLanguage":"en-GB"}]}},"_links":{"self":[{"href":"https:\/\/kinnunen.fi\/en\/wp-json\/wp\/v2\/product\/5591"}],"collection":[{"href":"https:\/\/kinnunen.fi\/en\/wp-json\/wp\/v2\/product"}],"about":[{"href":"https:\/\/kinnunen.fi\/en\/wp-json\/wp\/v2\/types\/product"}],"replies":[{"embeddable":true,"href":"https:\/\/kinnunen.fi\/en\/wp-json\/wp\/v2\/comments?post=5591"}],"wp:featuredmedia":[{"embeddable":true,"href":"https:\/\/kinnunen.fi\/en\/wp-json\/wp\/v2\/media\/14324"}],"wp:attachment":[{"href":"https:\/\/kinnunen.fi\/en\/wp-json\/wp\/v2\/media?parent=5591"}],"wp:term":[{"taxonomy":"product_cat","embeddable":true,"href":"https:\/\/kinnunen.fi\/en\/wp-json\/wp\/v2\/product_cat?post=5591"},{"taxonomy":"product_tag","embeddable":true,"href":"https:\/\/kinnunen.fi\/en\/wp-json\/wp\/v2\/product_tag?post=5591"}],"curies":[{"name":"wp","href":"https:\/\/api.w.org\/{rel}","templated":true}]}}