

{"id":5604,"date":"2021-10-29T13:26:53","date_gmt":"2021-10-29T10:26:53","guid":{"rendered":"https:\/\/kinnunen.fi\/tuote\/aitoharjasharja-kaareva\/"},"modified":"2026-05-01T04:00:16","modified_gmt":"2026-05-01T01:00:16","slug":"aitoharjasharja-kaareva","status":"publish","type":"product","link":"https:\/\/kinnunen.fi\/en\/product\/aitoharjasharja-kaareva\/","title":{"rendered":"Aitohbrush curved"},"content":{"rendered":"<p>A curved hairbrush made of boar bristles. Genuine boar bristles add shine and volume to hair. Does not tear hair. The end result is clear, voluminous and beautifully shiny hair. Eight rows of bristles, oilwood body.<\/p>","protected":false},"excerpt":{"rendered":"<p>Kaarevanmuotoinen villisianharjaksista valmistettu hiusharja. Aito villisianharjas lis\u00e4\u00e4 kiiltoa ja tuuheutta hiuksille. Ei revi hiuksia. Lopputuloksena selv\u00e4t, tuuheat ja kauniisti kiilt\u00e4v\u00e4t&hellip;<\/p>","protected":false},"featured_media":13808,"comment_status":"closed","ping_status":"open","template":"","meta":{"_relevanssi_hide_post":"","_relevanssi_pin_for_all":"","_relevanssi_pin_keywords":"","_relevanssi_unpin_keywords":"","_relevanssi_related_keywords":"","_relevanssi_related_include_ids":"","_relevanssi_related_exclude_ids":"","_relevanssi_related_no_append":"","_relevanssi_related_not_related":"","_relevanssi_related_posts":"","_relevanssi_noindex_reason":""},"product_cat":[1762,1790,1792],"product_tag":[],"class_list":["post-5604","product","type-product","status-publish","has-post-thumbnail","hentry","product_cat-tarvikkeet","product_cat-harjat-ja-kammat","product_cat-selvitys-ja-aukikampausharjat","tuotemerkki-kinnunen"],"tuotemerkit":[{"term_id":177,"name":"Kinnunen","slug":"kinnunen","term_group":0,"term_taxonomy_id":177,"taxonomy":"tuotemerkki","description":"","parent":0,"count":90,"filter":"raw"}],"acf":[],"yoast_head":"<!-- This site is optimized with the Yoast SEO plugin v23.3 - https:\/\/yoast.com\/wordpress\/plugins\/seo\/ -->\n<title>Aitoharjasharja kaareva - Kinnunen<\/title>\n<meta name=\"robots\" content=\"index, follow, max-snippet:-1, max-image-preview:large, max-video-preview:-1\" \/>\n<link rel=\"canonical\" href=\"https:\/\/kinnunen.fi\/en\/product\/aitoharjasharja-kaareva\/\" \/>\n<meta property=\"og:locale\" content=\"en_GB\" \/>\n<meta property=\"og:type\" content=\"article\" \/>\n<meta property=\"og:title\" content=\"Aitoharjasharja kaareva - Kinnunen\" \/>\n<meta property=\"og:description\" content=\"Kaarevanmuotoinen villisianharjaksista valmistettu hiusharja. Aito villisianharjas lis\u00e4\u00e4 kiiltoa ja tuuheutta hiuksille. Ei revi hiuksia. Lopputuloksena selv\u00e4t, tuuheat ja kauniisti kiilt\u00e4v\u00e4t&hellip;\" \/>\n<meta property=\"og:url\" content=\"https:\/\/kinnunen.fi\/en\/product\/aitoharjasharja-kaareva\/\" \/>\n<meta property=\"og:site_name\" content=\"Kinnunen\" \/>\n<meta property=\"article:modified_time\" content=\"2026-05-01T01:00:16+00:00\" \/>\n<meta property=\"og:image\" content=\"https:\/\/kinnunen.fi\/wp-content\/uploads\/2021\/10\/41662.jpg\" \/>\n\t<meta property=\"og:image:width\" content=\"1000\" \/>\n\t<meta property=\"og:image:height\" content=\"1000\" \/>\n\t<meta property=\"og:image:type\" content=\"image\/jpeg\" \/>\n<meta name=\"twitter:card\" content=\"summary_large_image\" \/>\n<script type=\"application\/ld+json\" class=\"yoast-schema-graph\">{\"@context\":\"https:\/\/schema.org\",\"@graph\":[{\"@type\":\"WebPage\",\"@id\":\"https:\/\/kinnunen.fi\/tuote\/aitoharjasharja-kaareva\/\",\"url\":\"https:\/\/kinnunen.fi\/tuote\/aitoharjasharja-kaareva\/\",\"name\":\"Aitoharjasharja kaareva - Kinnunen\",\"isPartOf\":{\"@id\":\"https:\/\/kinnunen.fi\/#website\"},\"primaryImageOfPage\":{\"@id\":\"https:\/\/kinnunen.fi\/tuote\/aitoharjasharja-kaareva\/#primaryimage\"},\"image\":{\"@id\":\"https:\/\/kinnunen.fi\/tuote\/aitoharjasharja-kaareva\/#primaryimage\"},\"thumbnailUrl\":\"https:\/\/kinnunen.fi\/wp-content\/uploads\/2021\/10\/41662.jpg\",\"datePublished\":\"2021-10-29T10:26:53+00:00\",\"dateModified\":\"2026-05-01T01:00:16+00:00\",\"breadcrumb\":{\"@id\":\"https:\/\/kinnunen.fi\/tuote\/aitoharjasharja-kaareva\/#breadcrumb\"},\"inLanguage\":\"en-GB\",\"potentialAction\":[{\"@type\":\"ReadAction\",\"target\":[\"https:\/\/kinnunen.fi\/tuote\/aitoharjasharja-kaareva\/\"]}]},{\"@type\":\"ImageObject\",\"inLanguage\":\"en-GB\",\"@id\":\"https:\/\/kinnunen.fi\/tuote\/aitoharjasharja-kaareva\/#primaryimage\",\"url\":\"https:\/\/kinnunen.fi\/wp-content\/uploads\/2021\/10\/41662.jpg\",\"contentUrl\":\"https:\/\/kinnunen.fi\/wp-content\/uploads\/2021\/10\/41662.jpg\",\"width\":1000,\"height\":1000},{\"@type\":\"BreadcrumbList\",\"@id\":\"https:\/\/kinnunen.fi\/tuote\/aitoharjasharja-kaareva\/#breadcrumb\",\"itemListElement\":[{\"@type\":\"ListItem\",\"position\":1,\"name\":\"Etusivu\",\"item\":\"https:\/\/kinnunen.fi\/\"},{\"@type\":\"ListItem\",\"position\":2,\"name\":\"Kaikki tuotteet\",\"item\":\"https:\/\/kinnunen.fi\/kauppa\/\"},{\"@type\":\"ListItem\",\"position\":3,\"name\":\"Tarvikkeet\",\"item\":\"https:\/\/kinnunen.fi\/tuote-osasto\/tarvikkeet\/\"},{\"@type\":\"ListItem\",\"position\":4,\"name\":\"Harjat ja kammat\",\"item\":\"https:\/\/kinnunen.fi\/tuote-osasto\/tarvikkeet\/harjat-ja-kammat\/\"},{\"@type\":\"ListItem\",\"position\":5,\"name\":\"Selvitys- ja aukikampausharjat\",\"item\":\"https:\/\/kinnunen.fi\/tuote-osasto\/tarvikkeet\/harjat-ja-kammat\/selvitys-ja-aukikampausharjat\/\"},{\"@type\":\"ListItem\",\"position\":6,\"name\":\"Aitoharjasharja kaareva\"}]},{\"@type\":\"WebSite\",\"@id\":\"https:\/\/kinnunen.fi\/#website\",\"url\":\"https:\/\/kinnunen.fi\/\",\"name\":\"Kinnunen\",\"description\":\"\",\"potentialAction\":[{\"@type\":\"SearchAction\",\"target\":{\"@type\":\"EntryPoint\",\"urlTemplate\":\"https:\/\/kinnunen.fi\/?s={search_term_string}\"},\"query-input\":\"required name=search_term_string\"}],\"inLanguage\":\"en-GB\"}]}<\/script>\n<!-- \/ Yoast SEO plugin. -->","yoast_head_json":{"title":"Aitoharjasharja kaareva - Kinnunen","robots":{"index":"index","follow":"follow","max-snippet":"max-snippet:-1","max-image-preview":"max-image-preview:large","max-video-preview":"max-video-preview:-1"},"canonical":"https:\/\/kinnunen.fi\/en\/product\/aitoharjasharja-kaareva\/","og_locale":"en_GB","og_type":"article","og_title":"Aitoharjasharja kaareva - Kinnunen","og_description":"Kaarevanmuotoinen villisianharjaksista valmistettu hiusharja. Aito villisianharjas lis\u00e4\u00e4 kiiltoa ja tuuheutta hiuksille. Ei revi hiuksia. Lopputuloksena selv\u00e4t, tuuheat ja kauniisti kiilt\u00e4v\u00e4t&hellip;","og_url":"https:\/\/kinnunen.fi\/en\/product\/aitoharjasharja-kaareva\/","og_site_name":"Kinnunen","article_modified_time":"2026-05-01T01:00:16+00:00","og_image":[{"width":1000,"height":1000,"url":"https:\/\/kinnunen.fi\/wp-content\/uploads\/2021\/10\/41662.jpg","type":"image\/jpeg"}],"twitter_card":"summary_large_image","schema":{"@context":"https:\/\/schema.org","@graph":[{"@type":"WebPage","@id":"https:\/\/kinnunen.fi\/tuote\/aitoharjasharja-kaareva\/","url":"https:\/\/kinnunen.fi\/tuote\/aitoharjasharja-kaareva\/","name":"Aitoharjasharja kaareva - Kinnunen","isPartOf":{"@id":"https:\/\/kinnunen.fi\/#website"},"primaryImageOfPage":{"@id":"https:\/\/kinnunen.fi\/tuote\/aitoharjasharja-kaareva\/#primaryimage"},"image":{"@id":"https:\/\/kinnunen.fi\/tuote\/aitoharjasharja-kaareva\/#primaryimage"},"thumbnailUrl":"https:\/\/kinnunen.fi\/wp-content\/uploads\/2021\/10\/41662.jpg","datePublished":"2021-10-29T10:26:53+00:00","dateModified":"2026-05-01T01:00:16+00:00","breadcrumb":{"@id":"https:\/\/kinnunen.fi\/tuote\/aitoharjasharja-kaareva\/#breadcrumb"},"inLanguage":"en-GB","potentialAction":[{"@type":"ReadAction","target":["https:\/\/kinnunen.fi\/tuote\/aitoharjasharja-kaareva\/"]}]},{"@type":"ImageObject","inLanguage":"en-GB","@id":"https:\/\/kinnunen.fi\/tuote\/aitoharjasharja-kaareva\/#primaryimage","url":"https:\/\/kinnunen.fi\/wp-content\/uploads\/2021\/10\/41662.jpg","contentUrl":"https:\/\/kinnunen.fi\/wp-content\/uploads\/2021\/10\/41662.jpg","width":1000,"height":1000},{"@type":"BreadcrumbList","@id":"https:\/\/kinnunen.fi\/tuote\/aitoharjasharja-kaareva\/#breadcrumb","itemListElement":[{"@type":"ListItem","position":1,"name":"Etusivu","item":"https:\/\/kinnunen.fi\/"},{"@type":"ListItem","position":2,"name":"Kaikki tuotteet","item":"https:\/\/kinnunen.fi\/kauppa\/"},{"@type":"ListItem","position":3,"name":"Tarvikkeet","item":"https:\/\/kinnunen.fi\/tuote-osasto\/tarvikkeet\/"},{"@type":"ListItem","position":4,"name":"Harjat ja kammat","item":"https:\/\/kinnunen.fi\/tuote-osasto\/tarvikkeet\/harjat-ja-kammat\/"},{"@type":"ListItem","position":5,"name":"Selvitys- ja aukikampausharjat","item":"https:\/\/kinnunen.fi\/tuote-osasto\/tarvikkeet\/harjat-ja-kammat\/selvitys-ja-aukikampausharjat\/"},{"@type":"ListItem","position":6,"name":"Aitoharjasharja kaareva"}]},{"@type":"WebSite","@id":"https:\/\/kinnunen.fi\/#website","url":"https:\/\/kinnunen.fi\/","name":"Kinnunen","description":"","potentialAction":[{"@type":"SearchAction","target":{"@type":"EntryPoint","urlTemplate":"https:\/\/kinnunen.fi\/?s={search_term_string}"},"query-input":"required name=search_term_string"}],"inLanguage":"en-GB"}]}},"_links":{"self":[{"href":"https:\/\/kinnunen.fi\/en\/wp-json\/wp\/v2\/product\/5604"}],"collection":[{"href":"https:\/\/kinnunen.fi\/en\/wp-json\/wp\/v2\/product"}],"about":[{"href":"https:\/\/kinnunen.fi\/en\/wp-json\/wp\/v2\/types\/product"}],"replies":[{"embeddable":true,"href":"https:\/\/kinnunen.fi\/en\/wp-json\/wp\/v2\/comments?post=5604"}],"wp:featuredmedia":[{"embeddable":true,"href":"https:\/\/kinnunen.fi\/en\/wp-json\/wp\/v2\/media\/13808"}],"wp:attachment":[{"href":"https:\/\/kinnunen.fi\/en\/wp-json\/wp\/v2\/media?parent=5604"}],"wp:term":[{"taxonomy":"product_cat","embeddable":true,"href":"https:\/\/kinnunen.fi\/en\/wp-json\/wp\/v2\/product_cat?post=5604"},{"taxonomy":"product_tag","embeddable":true,"href":"https:\/\/kinnunen.fi\/en\/wp-json\/wp\/v2\/product_tag?post=5604"}],"curies":[{"name":"wp","href":"https:\/\/api.w.org\/{rel}","templated":true}]}}