

{"id":5646,"date":"2021-10-29T13:27:25","date_gmt":"2021-10-29T10:27:25","guid":{"rendered":"https:\/\/kinnunen.fi\/tuote\/y-s-park-452-leikkauskampa\/"},"modified":"2026-05-17T04:00:41","modified_gmt":"2026-05-17T01:00:41","slug":"y-s-park-452-leikkauskampa","status":"publish","type":"product","link":"https:\/\/kinnunen.fi\/en\/product\/y-s-park-452-leikkauskampa\/","title":{"rendered":"Y.S.Park 452 Cutting comb"},"content":{"rendered":"","protected":false},"excerpt":{"rendered":"<p>The YS452 clipper is specifically designed for cutting long hair. The longer, thicker and rounded tines of the comb mimic the shape of the fingers, which means that the tension of the section does not change even when the hair is combed at an angle. The comb is very gentle on the hair and scalp thanks to its rounded tines. The comb has a partitioning spike, holes every 1 cm to facilitate the delineation of proportions and a sparse spike spacing. Y.S. Park combs are made of very durable plastic, which is nevertheless a flexible but hard material. The combs can withstand temperatures up to 220 degrees and are resistant to dirt and chemicals. Length 200mm.<\/p>","protected":false},"featured_media":31918,"comment_status":"closed","ping_status":"closed","template":"","meta":{"_relevanssi_hide_post":"","_relevanssi_pin_for_all":"","_relevanssi_pin_keywords":"","_relevanssi_unpin_keywords":"","_relevanssi_related_keywords":"","_relevanssi_related_include_ids":"","_relevanssi_related_exclude_ids":"","_relevanssi_related_no_append":"","_relevanssi_related_not_related":"","_relevanssi_related_posts":"","_relevanssi_noindex_reason":""},"product_cat":[1762,1790,1795],"product_tag":[],"class_list":["post-5646","product","type-product","status-publish","has-post-thumbnail","hentry","product_cat-tarvikkeet","product_cat-harjat-ja-kammat","product_cat-leikkauskamat","pa_vari-musta","pa_vari-pinkki","pa_vari-valkoinen","tuotemerkki-y-s-park"],"tuotemerkit":[{"term_id":193,"name":"Y.S.Park","slug":"y-s-park","term_group":0,"term_taxonomy_id":193,"taxonomy":"tuotemerkki","description":"","parent":0,"count":61,"filter":"raw"}],"acf":[],"yoast_head":"<!-- This site is optimized with the Yoast SEO plugin v23.3 - https:\/\/yoast.com\/wordpress\/plugins\/seo\/ -->\n<title>Y.S.Park 452 Leikkauskampa - Kinnunen<\/title>\n<meta name=\"robots\" content=\"index, follow, max-snippet:-1, max-image-preview:large, max-video-preview:-1\" \/>\n<link rel=\"canonical\" href=\"https:\/\/kinnunen.fi\/en\/product\/y-s-park-452-leikkauskampa\/\" \/>\n<meta property=\"og:locale\" content=\"en_GB\" \/>\n<meta property=\"og:type\" content=\"article\" \/>\n<meta property=\"og:title\" content=\"Y.S.Park 452 Leikkauskampa - Kinnunen\" \/>\n<meta property=\"og:description\" content=\"YS452 leikkauskampa on suunniteltu erityisesti pitkien hiuksien leikkaamiseen. Kamman pitemm\u00e4t, paksummat sek\u00e4 py\u00f6ristetyt piikit imitoivat sormien muotoa, jonka vuoksi osion j\u00e4nnitys ei muutu, vaikka hiuksia kammattaisiin viistottain. Kampa on eritt\u00e4in hell\u00e4varainen hiuksille sek\u00e4 hiuspohjalle sen py\u00f6reiden piikkien ansiosta. Kammassa on osiointipiikki, rei\u00e4t 1 cm v\u00e4lein helpottamaan mittasuhteiden hahmotusta sek\u00e4 harva piikkien v\u00e4litys. Y.S. Park kammat ovat valmistettu eritt\u00e4in kest\u00e4v\u00e4st\u00e4 muovista, joka on kuitenkin taipuisaa, mutta kovaa materiaalia. Kammat kest\u00e4v\u00e4t jopa 220 astetta sek\u00e4 ne hylkiv\u00e4t likaa ja kemikaaleja. Pituus 200mm.\" \/>\n<meta property=\"og:url\" content=\"https:\/\/kinnunen.fi\/en\/product\/y-s-park-452-leikkauskampa\/\" \/>\n<meta property=\"og:site_name\" content=\"Kinnunen\" \/>\n<meta property=\"article:modified_time\" content=\"2026-05-17T01:00:41+00:00\" \/>\n<meta property=\"og:image\" content=\"https:\/\/kinnunen.fi\/wp-content\/uploads\/2023\/06\/Y.S.Park_452_All_YS452.jpg\" \/>\n\t<meta property=\"og:image:width\" content=\"1000\" \/>\n\t<meta property=\"og:image:height\" content=\"1000\" \/>\n\t<meta property=\"og:image:type\" content=\"image\/jpeg\" \/>\n<meta name=\"twitter:card\" content=\"summary_large_image\" \/>\n<script type=\"application\/ld+json\" class=\"yoast-schema-graph\">{\"@context\":\"https:\/\/schema.org\",\"@graph\":[{\"@type\":\"WebPage\",\"@id\":\"https:\/\/kinnunen.fi\/tuote\/y-s-park-452-leikkauskampa\/\",\"url\":\"https:\/\/kinnunen.fi\/tuote\/y-s-park-452-leikkauskampa\/\",\"name\":\"Y.S.Park 452 Leikkauskampa - Kinnunen\",\"isPartOf\":{\"@id\":\"https:\/\/kinnunen.fi\/#website\"},\"primaryImageOfPage\":{\"@id\":\"https:\/\/kinnunen.fi\/tuote\/y-s-park-452-leikkauskampa\/#primaryimage\"},\"image\":{\"@id\":\"https:\/\/kinnunen.fi\/tuote\/y-s-park-452-leikkauskampa\/#primaryimage\"},\"thumbnailUrl\":\"https:\/\/kinnunen.fi\/wp-content\/uploads\/2023\/06\/Y.S.Park_452_All_YS452.jpg\",\"datePublished\":\"2021-10-29T10:27:25+00:00\",\"dateModified\":\"2026-05-17T01:00:41+00:00\",\"breadcrumb\":{\"@id\":\"https:\/\/kinnunen.fi\/tuote\/y-s-park-452-leikkauskampa\/#breadcrumb\"},\"inLanguage\":\"en-GB\",\"potentialAction\":[{\"@type\":\"ReadAction\",\"target\":[\"https:\/\/kinnunen.fi\/tuote\/y-s-park-452-leikkauskampa\/\"]}]},{\"@type\":\"ImageObject\",\"inLanguage\":\"en-GB\",\"@id\":\"https:\/\/kinnunen.fi\/tuote\/y-s-park-452-leikkauskampa\/#primaryimage\",\"url\":\"https:\/\/kinnunen.fi\/wp-content\/uploads\/2023\/06\/Y.S.Park_452_All_YS452.jpg\",\"contentUrl\":\"https:\/\/kinnunen.fi\/wp-content\/uploads\/2023\/06\/Y.S.Park_452_All_YS452.jpg\",\"width\":1000,\"height\":1000},{\"@type\":\"BreadcrumbList\",\"@id\":\"https:\/\/kinnunen.fi\/tuote\/y-s-park-452-leikkauskampa\/#breadcrumb\",\"itemListElement\":[{\"@type\":\"ListItem\",\"position\":1,\"name\":\"Etusivu\",\"item\":\"https:\/\/kinnunen.fi\/\"},{\"@type\":\"ListItem\",\"position\":2,\"name\":\"Kaikki tuotteet\",\"item\":\"https:\/\/kinnunen.fi\/kauppa\/\"},{\"@type\":\"ListItem\",\"position\":3,\"name\":\"Tarvikkeet\",\"item\":\"https:\/\/kinnunen.fi\/tuote-osasto\/tarvikkeet\/\"},{\"@type\":\"ListItem\",\"position\":4,\"name\":\"Harjat ja kammat\",\"item\":\"https:\/\/kinnunen.fi\/tuote-osasto\/tarvikkeet\/harjat-ja-kammat\/\"},{\"@type\":\"ListItem\",\"position\":5,\"name\":\"Leikkauskammat\",\"item\":\"https:\/\/kinnunen.fi\/tuote-osasto\/tarvikkeet\/harjat-ja-kammat\/leikkauskamat\/\"},{\"@type\":\"ListItem\",\"position\":6,\"name\":\"Y.S.Park 452 Leikkauskampa\"}]},{\"@type\":\"WebSite\",\"@id\":\"https:\/\/kinnunen.fi\/#website\",\"url\":\"https:\/\/kinnunen.fi\/\",\"name\":\"Kinnunen\",\"description\":\"\",\"potentialAction\":[{\"@type\":\"SearchAction\",\"target\":{\"@type\":\"EntryPoint\",\"urlTemplate\":\"https:\/\/kinnunen.fi\/?s={search_term_string}\"},\"query-input\":\"required name=search_term_string\"}],\"inLanguage\":\"en-GB\"}]}<\/script>\n<!-- \/ Yoast SEO plugin. -->","yoast_head_json":{"title":"Y.S.Park 452 Leikkauskampa - Kinnunen","robots":{"index":"index","follow":"follow","max-snippet":"max-snippet:-1","max-image-preview":"max-image-preview:large","max-video-preview":"max-video-preview:-1"},"canonical":"https:\/\/kinnunen.fi\/en\/product\/y-s-park-452-leikkauskampa\/","og_locale":"en_GB","og_type":"article","og_title":"Y.S.Park 452 Leikkauskampa - Kinnunen","og_description":"YS452 leikkauskampa on suunniteltu erityisesti pitkien hiuksien leikkaamiseen. Kamman pitemm\u00e4t, paksummat sek\u00e4 py\u00f6ristetyt piikit imitoivat sormien muotoa, jonka vuoksi osion j\u00e4nnitys ei muutu, vaikka hiuksia kammattaisiin viistottain. Kampa on eritt\u00e4in hell\u00e4varainen hiuksille sek\u00e4 hiuspohjalle sen py\u00f6reiden piikkien ansiosta. Kammassa on osiointipiikki, rei\u00e4t 1 cm v\u00e4lein helpottamaan mittasuhteiden hahmotusta sek\u00e4 harva piikkien v\u00e4litys. Y.S. Park kammat ovat valmistettu eritt\u00e4in kest\u00e4v\u00e4st\u00e4 muovista, joka on kuitenkin taipuisaa, mutta kovaa materiaalia. Kammat kest\u00e4v\u00e4t jopa 220 astetta sek\u00e4 ne hylkiv\u00e4t likaa ja kemikaaleja. Pituus 200mm.","og_url":"https:\/\/kinnunen.fi\/en\/product\/y-s-park-452-leikkauskampa\/","og_site_name":"Kinnunen","article_modified_time":"2026-05-17T01:00:41+00:00","og_image":[{"width":1000,"height":1000,"url":"https:\/\/kinnunen.fi\/wp-content\/uploads\/2023\/06\/Y.S.Park_452_All_YS452.jpg","type":"image\/jpeg"}],"twitter_card":"summary_large_image","schema":{"@context":"https:\/\/schema.org","@graph":[{"@type":"WebPage","@id":"https:\/\/kinnunen.fi\/tuote\/y-s-park-452-leikkauskampa\/","url":"https:\/\/kinnunen.fi\/tuote\/y-s-park-452-leikkauskampa\/","name":"Y.S.Park 452 Leikkauskampa - Kinnunen","isPartOf":{"@id":"https:\/\/kinnunen.fi\/#website"},"primaryImageOfPage":{"@id":"https:\/\/kinnunen.fi\/tuote\/y-s-park-452-leikkauskampa\/#primaryimage"},"image":{"@id":"https:\/\/kinnunen.fi\/tuote\/y-s-park-452-leikkauskampa\/#primaryimage"},"thumbnailUrl":"https:\/\/kinnunen.fi\/wp-content\/uploads\/2023\/06\/Y.S.Park_452_All_YS452.jpg","datePublished":"2021-10-29T10:27:25+00:00","dateModified":"2026-05-17T01:00:41+00:00","breadcrumb":{"@id":"https:\/\/kinnunen.fi\/tuote\/y-s-park-452-leikkauskampa\/#breadcrumb"},"inLanguage":"en-GB","potentialAction":[{"@type":"ReadAction","target":["https:\/\/kinnunen.fi\/tuote\/y-s-park-452-leikkauskampa\/"]}]},{"@type":"ImageObject","inLanguage":"en-GB","@id":"https:\/\/kinnunen.fi\/tuote\/y-s-park-452-leikkauskampa\/#primaryimage","url":"https:\/\/kinnunen.fi\/wp-content\/uploads\/2023\/06\/Y.S.Park_452_All_YS452.jpg","contentUrl":"https:\/\/kinnunen.fi\/wp-content\/uploads\/2023\/06\/Y.S.Park_452_All_YS452.jpg","width":1000,"height":1000},{"@type":"BreadcrumbList","@id":"https:\/\/kinnunen.fi\/tuote\/y-s-park-452-leikkauskampa\/#breadcrumb","itemListElement":[{"@type":"ListItem","position":1,"name":"Etusivu","item":"https:\/\/kinnunen.fi\/"},{"@type":"ListItem","position":2,"name":"Kaikki tuotteet","item":"https:\/\/kinnunen.fi\/kauppa\/"},{"@type":"ListItem","position":3,"name":"Tarvikkeet","item":"https:\/\/kinnunen.fi\/tuote-osasto\/tarvikkeet\/"},{"@type":"ListItem","position":4,"name":"Harjat ja kammat","item":"https:\/\/kinnunen.fi\/tuote-osasto\/tarvikkeet\/harjat-ja-kammat\/"},{"@type":"ListItem","position":5,"name":"Leikkauskammat","item":"https:\/\/kinnunen.fi\/tuote-osasto\/tarvikkeet\/harjat-ja-kammat\/leikkauskamat\/"},{"@type":"ListItem","position":6,"name":"Y.S.Park 452 Leikkauskampa"}]},{"@type":"WebSite","@id":"https:\/\/kinnunen.fi\/#website","url":"https:\/\/kinnunen.fi\/","name":"Kinnunen","description":"","potentialAction":[{"@type":"SearchAction","target":{"@type":"EntryPoint","urlTemplate":"https:\/\/kinnunen.fi\/?s={search_term_string}"},"query-input":"required name=search_term_string"}],"inLanguage":"en-GB"}]}},"_links":{"self":[{"href":"https:\/\/kinnunen.fi\/en\/wp-json\/wp\/v2\/product\/5646"}],"collection":[{"href":"https:\/\/kinnunen.fi\/en\/wp-json\/wp\/v2\/product"}],"about":[{"href":"https:\/\/kinnunen.fi\/en\/wp-json\/wp\/v2\/types\/product"}],"replies":[{"embeddable":true,"href":"https:\/\/kinnunen.fi\/en\/wp-json\/wp\/v2\/comments?post=5646"}],"wp:featuredmedia":[{"embeddable":true,"href":"https:\/\/kinnunen.fi\/en\/wp-json\/wp\/v2\/media\/31918"}],"wp:attachment":[{"href":"https:\/\/kinnunen.fi\/en\/wp-json\/wp\/v2\/media?parent=5646"}],"wp:term":[{"taxonomy":"product_cat","embeddable":true,"href":"https:\/\/kinnunen.fi\/en\/wp-json\/wp\/v2\/product_cat?post=5646"},{"taxonomy":"product_tag","embeddable":true,"href":"https:\/\/kinnunen.fi\/en\/wp-json\/wp\/v2\/product_tag?post=5646"}],"curies":[{"name":"wp","href":"https:\/\/api.w.org\/{rel}","templated":true}]}}