

{"id":5666,"date":"2021-10-29T13:27:41","date_gmt":"2021-10-29T10:27:41","guid":{"rendered":"https:\/\/kinnunen.fi\/tuote\/y-s-park-102-permanenttikampa-pinkki\/"},"modified":"2026-05-01T04:00:36","modified_gmt":"2026-05-01T01:00:36","slug":"y-s-park-102-permanenttikampa-pinkki","status":"publish","type":"product","link":"https:\/\/kinnunen.fi\/en\/product\/y-s-park-102-permanenttikampa-pinkki\/","title":{"rendered":"Y.S.Park 102 Permanent comb, Pink"},"content":{"rendered":"<p>The YS102 permanent comb is the perfect tool for the colour specialist. This spiked comb glides effortlessly through the hair, allowing you to create even the smallest details. The first spike is shorter, which allows you to part your hair quickly and precisely. Each individual spike is spaced 1\/100 mm apart from the previous spike; this creates the perfect tension in the section to be treated with a single stroke of the comb. The comb is also suitable for tweezing and rolling permanent rollers. Y.S. Park combs are made of very durable plastic, which is nevertheless a flexible but hard material. The combs can withstand temperatures up to 220 degrees and are dirt and chemical resistant. The comb length is 220 mm.<\/p>","protected":false},"excerpt":{"rendered":"<p>YS102 permanentikampa on v\u00e4rispesialistin t\u00e4ydellinen ty\u00f6v\u00e4line. T\u00e4m\u00e4 piikkikampa liukuu vaivattomasti hiusten l\u00e4pi ja mahdollistaa pienienkin yksityiskohtien luomisen. Ensimm\u00e4inen piikki on&hellip;<\/p>","protected":false},"featured_media":15443,"comment_status":"closed","ping_status":"closed","template":"","meta":{"_relevanssi_hide_post":"","_relevanssi_pin_for_all":"","_relevanssi_pin_keywords":"","_relevanssi_unpin_keywords":"","_relevanssi_related_keywords":"","_relevanssi_related_include_ids":"","_relevanssi_related_exclude_ids":"","_relevanssi_related_no_append":"","_relevanssi_related_not_related":"","_relevanssi_related_posts":"","_relevanssi_noindex_reason":""},"product_cat":[1762,1790,1796],"product_tag":[],"class_list":["post-5666","product","type-product","status-publish","has-post-thumbnail","hentry","product_cat-tarvikkeet","product_cat-harjat-ja-kammat","product_cat-permanentti-ja-rullauskammat","tuotemerkki-y-s-park"],"tuotemerkit":[{"term_id":193,"name":"Y.S.Park","slug":"y-s-park","term_group":0,"term_taxonomy_id":193,"taxonomy":"tuotemerkki","description":"","parent":0,"count":61,"filter":"raw"}],"acf":[],"yoast_head":"<!-- This site is optimized with the Yoast SEO plugin v23.3 - https:\/\/yoast.com\/wordpress\/plugins\/seo\/ -->\n<title>Y.S.Park 102 Permanenttikampa, Pinkki - Kinnunen<\/title>\n<meta name=\"robots\" content=\"index, follow, max-snippet:-1, max-image-preview:large, max-video-preview:-1\" \/>\n<link rel=\"canonical\" href=\"https:\/\/kinnunen.fi\/en\/product\/y-s-park-102-permanenttikampa-pinkki\/\" \/>\n<meta property=\"og:locale\" content=\"en_GB\" \/>\n<meta property=\"og:type\" content=\"article\" \/>\n<meta property=\"og:title\" content=\"Y.S.Park 102 Permanenttikampa, Pinkki - Kinnunen\" \/>\n<meta property=\"og:description\" content=\"YS102 permanentikampa on v\u00e4rispesialistin t\u00e4ydellinen ty\u00f6v\u00e4line. T\u00e4m\u00e4 piikkikampa liukuu vaivattomasti hiusten l\u00e4pi ja mahdollistaa pienienkin yksityiskohtien luomisen. Ensimm\u00e4inen piikki on&hellip;\" \/>\n<meta property=\"og:url\" content=\"https:\/\/kinnunen.fi\/en\/product\/y-s-park-102-permanenttikampa-pinkki\/\" \/>\n<meta property=\"og:site_name\" content=\"Kinnunen\" \/>\n<meta property=\"article:modified_time\" content=\"2026-05-01T01:00:36+00:00\" \/>\n<meta property=\"og:image\" content=\"https:\/\/kinnunen.fi\/wp-content\/uploads\/2021\/10\/ys102pink.jpg\" \/>\n\t<meta property=\"og:image:width\" content=\"1000\" \/>\n\t<meta property=\"og:image:height\" content=\"1000\" \/>\n\t<meta property=\"og:image:type\" content=\"image\/jpeg\" \/>\n<meta name=\"twitter:card\" content=\"summary_large_image\" \/>\n<meta name=\"twitter:label1\" content=\"Estimated reading time\" \/>\n\t<meta name=\"twitter:data1\" content=\"1 minute\" \/>\n<script type=\"application\/ld+json\" class=\"yoast-schema-graph\">{\"@context\":\"https:\/\/schema.org\",\"@graph\":[{\"@type\":\"WebPage\",\"@id\":\"https:\/\/kinnunen.fi\/tuote\/y-s-park-102-permanenttikampa-pinkki\/\",\"url\":\"https:\/\/kinnunen.fi\/tuote\/y-s-park-102-permanenttikampa-pinkki\/\",\"name\":\"Y.S.Park 102 Permanenttikampa, Pinkki - Kinnunen\",\"isPartOf\":{\"@id\":\"https:\/\/kinnunen.fi\/#website\"},\"primaryImageOfPage\":{\"@id\":\"https:\/\/kinnunen.fi\/tuote\/y-s-park-102-permanenttikampa-pinkki\/#primaryimage\"},\"image\":{\"@id\":\"https:\/\/kinnunen.fi\/tuote\/y-s-park-102-permanenttikampa-pinkki\/#primaryimage\"},\"thumbnailUrl\":\"https:\/\/kinnunen.fi\/wp-content\/uploads\/2021\/10\/ys102pink.jpg\",\"datePublished\":\"2021-10-29T10:27:41+00:00\",\"dateModified\":\"2026-05-01T01:00:36+00:00\",\"breadcrumb\":{\"@id\":\"https:\/\/kinnunen.fi\/tuote\/y-s-park-102-permanenttikampa-pinkki\/#breadcrumb\"},\"inLanguage\":\"en-GB\",\"potentialAction\":[{\"@type\":\"ReadAction\",\"target\":[\"https:\/\/kinnunen.fi\/tuote\/y-s-park-102-permanenttikampa-pinkki\/\"]}]},{\"@type\":\"ImageObject\",\"inLanguage\":\"en-GB\",\"@id\":\"https:\/\/kinnunen.fi\/tuote\/y-s-park-102-permanenttikampa-pinkki\/#primaryimage\",\"url\":\"https:\/\/kinnunen.fi\/wp-content\/uploads\/2021\/10\/ys102pink.jpg\",\"contentUrl\":\"https:\/\/kinnunen.fi\/wp-content\/uploads\/2021\/10\/ys102pink.jpg\",\"width\":1000,\"height\":1000},{\"@type\":\"BreadcrumbList\",\"@id\":\"https:\/\/kinnunen.fi\/tuote\/y-s-park-102-permanenttikampa-pinkki\/#breadcrumb\",\"itemListElement\":[{\"@type\":\"ListItem\",\"position\":1,\"name\":\"Etusivu\",\"item\":\"https:\/\/kinnunen.fi\/\"},{\"@type\":\"ListItem\",\"position\":2,\"name\":\"Kaikki tuotteet\",\"item\":\"https:\/\/kinnunen.fi\/kauppa\/\"},{\"@type\":\"ListItem\",\"position\":3,\"name\":\"Tarvikkeet\",\"item\":\"https:\/\/kinnunen.fi\/tuote-osasto\/tarvikkeet\/\"},{\"@type\":\"ListItem\",\"position\":4,\"name\":\"Harjat ja kammat\",\"item\":\"https:\/\/kinnunen.fi\/tuote-osasto\/tarvikkeet\/harjat-ja-kammat\/\"},{\"@type\":\"ListItem\",\"position\":5,\"name\":\"Permanentti- ja rullauskammat\",\"item\":\"https:\/\/kinnunen.fi\/tuote-osasto\/tarvikkeet\/harjat-ja-kammat\/permanentti-ja-rullauskammat\/\"},{\"@type\":\"ListItem\",\"position\":6,\"name\":\"Y.S.Park 102 Permanenttikampa, Pinkki\"}]},{\"@type\":\"WebSite\",\"@id\":\"https:\/\/kinnunen.fi\/#website\",\"url\":\"https:\/\/kinnunen.fi\/\",\"name\":\"Kinnunen\",\"description\":\"\",\"potentialAction\":[{\"@type\":\"SearchAction\",\"target\":{\"@type\":\"EntryPoint\",\"urlTemplate\":\"https:\/\/kinnunen.fi\/?s={search_term_string}\"},\"query-input\":\"required name=search_term_string\"}],\"inLanguage\":\"en-GB\"}]}<\/script>\n<!-- \/ Yoast SEO plugin. -->","yoast_head_json":{"title":"Y.S.Park 102 Permanenttikampa, Pinkki - Kinnunen","robots":{"index":"index","follow":"follow","max-snippet":"max-snippet:-1","max-image-preview":"max-image-preview:large","max-video-preview":"max-video-preview:-1"},"canonical":"https:\/\/kinnunen.fi\/en\/product\/y-s-park-102-permanenttikampa-pinkki\/","og_locale":"en_GB","og_type":"article","og_title":"Y.S.Park 102 Permanenttikampa, Pinkki - Kinnunen","og_description":"YS102 permanentikampa on v\u00e4rispesialistin t\u00e4ydellinen ty\u00f6v\u00e4line. T\u00e4m\u00e4 piikkikampa liukuu vaivattomasti hiusten l\u00e4pi ja mahdollistaa pienienkin yksityiskohtien luomisen. Ensimm\u00e4inen piikki on&hellip;","og_url":"https:\/\/kinnunen.fi\/en\/product\/y-s-park-102-permanenttikampa-pinkki\/","og_site_name":"Kinnunen","article_modified_time":"2026-05-01T01:00:36+00:00","og_image":[{"width":1000,"height":1000,"url":"https:\/\/kinnunen.fi\/wp-content\/uploads\/2021\/10\/ys102pink.jpg","type":"image\/jpeg"}],"twitter_card":"summary_large_image","twitter_misc":{"Estimated reading time":"1 minute"},"schema":{"@context":"https:\/\/schema.org","@graph":[{"@type":"WebPage","@id":"https:\/\/kinnunen.fi\/tuote\/y-s-park-102-permanenttikampa-pinkki\/","url":"https:\/\/kinnunen.fi\/tuote\/y-s-park-102-permanenttikampa-pinkki\/","name":"Y.S.Park 102 Permanenttikampa, Pinkki - Kinnunen","isPartOf":{"@id":"https:\/\/kinnunen.fi\/#website"},"primaryImageOfPage":{"@id":"https:\/\/kinnunen.fi\/tuote\/y-s-park-102-permanenttikampa-pinkki\/#primaryimage"},"image":{"@id":"https:\/\/kinnunen.fi\/tuote\/y-s-park-102-permanenttikampa-pinkki\/#primaryimage"},"thumbnailUrl":"https:\/\/kinnunen.fi\/wp-content\/uploads\/2021\/10\/ys102pink.jpg","datePublished":"2021-10-29T10:27:41+00:00","dateModified":"2026-05-01T01:00:36+00:00","breadcrumb":{"@id":"https:\/\/kinnunen.fi\/tuote\/y-s-park-102-permanenttikampa-pinkki\/#breadcrumb"},"inLanguage":"en-GB","potentialAction":[{"@type":"ReadAction","target":["https:\/\/kinnunen.fi\/tuote\/y-s-park-102-permanenttikampa-pinkki\/"]}]},{"@type":"ImageObject","inLanguage":"en-GB","@id":"https:\/\/kinnunen.fi\/tuote\/y-s-park-102-permanenttikampa-pinkki\/#primaryimage","url":"https:\/\/kinnunen.fi\/wp-content\/uploads\/2021\/10\/ys102pink.jpg","contentUrl":"https:\/\/kinnunen.fi\/wp-content\/uploads\/2021\/10\/ys102pink.jpg","width":1000,"height":1000},{"@type":"BreadcrumbList","@id":"https:\/\/kinnunen.fi\/tuote\/y-s-park-102-permanenttikampa-pinkki\/#breadcrumb","itemListElement":[{"@type":"ListItem","position":1,"name":"Etusivu","item":"https:\/\/kinnunen.fi\/"},{"@type":"ListItem","position":2,"name":"Kaikki tuotteet","item":"https:\/\/kinnunen.fi\/kauppa\/"},{"@type":"ListItem","position":3,"name":"Tarvikkeet","item":"https:\/\/kinnunen.fi\/tuote-osasto\/tarvikkeet\/"},{"@type":"ListItem","position":4,"name":"Harjat ja kammat","item":"https:\/\/kinnunen.fi\/tuote-osasto\/tarvikkeet\/harjat-ja-kammat\/"},{"@type":"ListItem","position":5,"name":"Permanentti- ja rullauskammat","item":"https:\/\/kinnunen.fi\/tuote-osasto\/tarvikkeet\/harjat-ja-kammat\/permanentti-ja-rullauskammat\/"},{"@type":"ListItem","position":6,"name":"Y.S.Park 102 Permanenttikampa, Pinkki"}]},{"@type":"WebSite","@id":"https:\/\/kinnunen.fi\/#website","url":"https:\/\/kinnunen.fi\/","name":"Kinnunen","description":"","potentialAction":[{"@type":"SearchAction","target":{"@type":"EntryPoint","urlTemplate":"https:\/\/kinnunen.fi\/?s={search_term_string}"},"query-input":"required name=search_term_string"}],"inLanguage":"en-GB"}]}},"_links":{"self":[{"href":"https:\/\/kinnunen.fi\/en\/wp-json\/wp\/v2\/product\/5666"}],"collection":[{"href":"https:\/\/kinnunen.fi\/en\/wp-json\/wp\/v2\/product"}],"about":[{"href":"https:\/\/kinnunen.fi\/en\/wp-json\/wp\/v2\/types\/product"}],"replies":[{"embeddable":true,"href":"https:\/\/kinnunen.fi\/en\/wp-json\/wp\/v2\/comments?post=5666"}],"wp:featuredmedia":[{"embeddable":true,"href":"https:\/\/kinnunen.fi\/en\/wp-json\/wp\/v2\/media\/15443"}],"wp:attachment":[{"href":"https:\/\/kinnunen.fi\/en\/wp-json\/wp\/v2\/media?parent=5666"}],"wp:term":[{"taxonomy":"product_cat","embeddable":true,"href":"https:\/\/kinnunen.fi\/en\/wp-json\/wp\/v2\/product_cat?post=5666"},{"taxonomy":"product_tag","embeddable":true,"href":"https:\/\/kinnunen.fi\/en\/wp-json\/wp\/v2\/product_tag?post=5666"}],"curies":[{"name":"wp","href":"https:\/\/api.w.org\/{rel}","templated":true}]}}