

{"id":5673,"date":"2021-10-29T13:27:58","date_gmt":"2021-10-29T10:27:58","guid":{"rendered":"https:\/\/kinnunen.fi\/tuote\/comair-500-rullauskampa-harva\/"},"modified":"2026-04-21T04:00:16","modified_gmt":"2026-04-21T01:00:16","slug":"comair-500-rullauskampa-harva","status":"publish","type":"product","link":"https:\/\/kinnunen.fi\/en\/product\/comair-500-rullauskampa-harva\/","title":{"rendered":"Comair 500 Roller comb sparse"},"content":{"rendered":"<p>Comair combs are made of Celcon material. Celcon material is strong, flexible and unbreakable. Thanks to its material of construction, the comb is highly resistant to hair products, chemicals and heat, making it a natural \"tool\". Does not scratch the skin. Resistant to hairdressing chemicals. Resistant to high temperatures. Specially developed for professional use. Plastic-tipped comb, with denser spacing between teeth. Plastic-tipped comb, with fewer teeth. Length: 21 cm<\/p>","protected":false},"excerpt":{"rendered":"<p>Comair kammat ovat valmistettu Celcon-materiaalista. Celcon-materiaali on vahvaa, joustavaa ja s\u00e4rkym\u00e4t\u00f6nt\u00e4. Valmistusmateriaalinsa ansiosta kampa kest\u00e4\u00e4 erinomaisesti hiustuotteet, kemikaalit sek\u00e4 kuumuuden,&hellip;<\/p>","protected":false},"featured_media":13796,"comment_status":"closed","ping_status":"open","template":"","meta":{"_relevanssi_hide_post":"","_relevanssi_pin_for_all":"","_relevanssi_pin_keywords":"","_relevanssi_unpin_keywords":"","_relevanssi_related_keywords":"","_relevanssi_related_include_ids":"","_relevanssi_related_exclude_ids":"","_relevanssi_related_no_append":"","_relevanssi_related_not_related":"","_relevanssi_related_posts":"","_relevanssi_noindex_reason":""},"product_cat":[1762,1790,1796],"product_tag":[],"class_list":["post-5673","product","type-product","status-publish","has-post-thumbnail","hentry","product_cat-tarvikkeet","product_cat-harjat-ja-kammat","product_cat-permanentti-ja-rullauskammat","tuotemerkki-comair"],"tuotemerkit":[{"term_id":212,"name":"Comair","slug":"comair","term_group":0,"term_taxonomy_id":212,"taxonomy":"tuotemerkki","description":"","parent":0,"count":8,"filter":"raw"}],"acf":[],"yoast_head":"<!-- This site is optimized with the Yoast SEO plugin v23.3 - https:\/\/yoast.com\/wordpress\/plugins\/seo\/ -->\n<title>Comair 500 Rullauskampa harva - Kinnunen<\/title>\n<meta name=\"robots\" content=\"index, follow, max-snippet:-1, max-image-preview:large, max-video-preview:-1\" \/>\n<link rel=\"canonical\" href=\"https:\/\/kinnunen.fi\/en\/product\/comair-500-rullauskampa-harva\/\" \/>\n<meta property=\"og:locale\" content=\"en_GB\" \/>\n<meta property=\"og:type\" content=\"article\" \/>\n<meta property=\"og:title\" content=\"Comair 500 Rullauskampa harva - Kinnunen\" \/>\n<meta property=\"og:description\" content=\"Comair kammat ovat valmistettu Celcon-materiaalista. Celcon-materiaali on vahvaa, joustavaa ja s\u00e4rkym\u00e4t\u00f6nt\u00e4. Valmistusmateriaalinsa ansiosta kampa kest\u00e4\u00e4 erinomaisesti hiustuotteet, kemikaalit sek\u00e4 kuumuuden,&hellip;\" \/>\n<meta property=\"og:url\" content=\"https:\/\/kinnunen.fi\/en\/product\/comair-500-rullauskampa-harva\/\" \/>\n<meta property=\"og:site_name\" content=\"Kinnunen\" \/>\n<meta property=\"article:modified_time\" content=\"2026-04-21T01:00:16+00:00\" \/>\n<meta property=\"og:image\" content=\"https:\/\/kinnunen.fi\/wp-content\/uploads\/2021\/10\/41430_50.jpg\" \/>\n\t<meta property=\"og:image:width\" content=\"1000\" \/>\n\t<meta property=\"og:image:height\" content=\"1000\" \/>\n\t<meta property=\"og:image:type\" content=\"image\/jpeg\" \/>\n<meta name=\"twitter:card\" content=\"summary_large_image\" \/>\n<script type=\"application\/ld+json\" class=\"yoast-schema-graph\">{\"@context\":\"https:\/\/schema.org\",\"@graph\":[{\"@type\":\"WebPage\",\"@id\":\"https:\/\/kinnunen.fi\/tuote\/comair-500-rullauskampa-harva\/\",\"url\":\"https:\/\/kinnunen.fi\/tuote\/comair-500-rullauskampa-harva\/\",\"name\":\"Comair 500 Rullauskampa harva - Kinnunen\",\"isPartOf\":{\"@id\":\"https:\/\/kinnunen.fi\/#website\"},\"primaryImageOfPage\":{\"@id\":\"https:\/\/kinnunen.fi\/tuote\/comair-500-rullauskampa-harva\/#primaryimage\"},\"image\":{\"@id\":\"https:\/\/kinnunen.fi\/tuote\/comair-500-rullauskampa-harva\/#primaryimage\"},\"thumbnailUrl\":\"https:\/\/kinnunen.fi\/wp-content\/uploads\/2021\/10\/41430_50.jpg\",\"datePublished\":\"2021-10-29T10:27:58+00:00\",\"dateModified\":\"2026-04-21T01:00:16+00:00\",\"breadcrumb\":{\"@id\":\"https:\/\/kinnunen.fi\/tuote\/comair-500-rullauskampa-harva\/#breadcrumb\"},\"inLanguage\":\"en-GB\",\"potentialAction\":[{\"@type\":\"ReadAction\",\"target\":[\"https:\/\/kinnunen.fi\/tuote\/comair-500-rullauskampa-harva\/\"]}]},{\"@type\":\"ImageObject\",\"inLanguage\":\"en-GB\",\"@id\":\"https:\/\/kinnunen.fi\/tuote\/comair-500-rullauskampa-harva\/#primaryimage\",\"url\":\"https:\/\/kinnunen.fi\/wp-content\/uploads\/2021\/10\/41430_50.jpg\",\"contentUrl\":\"https:\/\/kinnunen.fi\/wp-content\/uploads\/2021\/10\/41430_50.jpg\",\"width\":1000,\"height\":1000},{\"@type\":\"BreadcrumbList\",\"@id\":\"https:\/\/kinnunen.fi\/tuote\/comair-500-rullauskampa-harva\/#breadcrumb\",\"itemListElement\":[{\"@type\":\"ListItem\",\"position\":1,\"name\":\"Etusivu\",\"item\":\"https:\/\/kinnunen.fi\/\"},{\"@type\":\"ListItem\",\"position\":2,\"name\":\"Kaikki tuotteet\",\"item\":\"https:\/\/kinnunen.fi\/kauppa\/\"},{\"@type\":\"ListItem\",\"position\":3,\"name\":\"Tarvikkeet\",\"item\":\"https:\/\/kinnunen.fi\/tuote-osasto\/tarvikkeet\/\"},{\"@type\":\"ListItem\",\"position\":4,\"name\":\"Harjat ja kammat\",\"item\":\"https:\/\/kinnunen.fi\/tuote-osasto\/tarvikkeet\/harjat-ja-kammat\/\"},{\"@type\":\"ListItem\",\"position\":5,\"name\":\"Permanentti- ja rullauskammat\",\"item\":\"https:\/\/kinnunen.fi\/tuote-osasto\/tarvikkeet\/harjat-ja-kammat\/permanentti-ja-rullauskammat\/\"},{\"@type\":\"ListItem\",\"position\":6,\"name\":\"Comair 500 Rullauskampa harva\"}]},{\"@type\":\"WebSite\",\"@id\":\"https:\/\/kinnunen.fi\/#website\",\"url\":\"https:\/\/kinnunen.fi\/\",\"name\":\"Kinnunen\",\"description\":\"\",\"potentialAction\":[{\"@type\":\"SearchAction\",\"target\":{\"@type\":\"EntryPoint\",\"urlTemplate\":\"https:\/\/kinnunen.fi\/?s={search_term_string}\"},\"query-input\":\"required name=search_term_string\"}],\"inLanguage\":\"en-GB\"}]}<\/script>\n<!-- \/ Yoast SEO plugin. -->","yoast_head_json":{"title":"Comair 500 Rullauskampa harva - Kinnunen","robots":{"index":"index","follow":"follow","max-snippet":"max-snippet:-1","max-image-preview":"max-image-preview:large","max-video-preview":"max-video-preview:-1"},"canonical":"https:\/\/kinnunen.fi\/en\/product\/comair-500-rullauskampa-harva\/","og_locale":"en_GB","og_type":"article","og_title":"Comair 500 Rullauskampa harva - Kinnunen","og_description":"Comair kammat ovat valmistettu Celcon-materiaalista. Celcon-materiaali on vahvaa, joustavaa ja s\u00e4rkym\u00e4t\u00f6nt\u00e4. Valmistusmateriaalinsa ansiosta kampa kest\u00e4\u00e4 erinomaisesti hiustuotteet, kemikaalit sek\u00e4 kuumuuden,&hellip;","og_url":"https:\/\/kinnunen.fi\/en\/product\/comair-500-rullauskampa-harva\/","og_site_name":"Kinnunen","article_modified_time":"2026-04-21T01:00:16+00:00","og_image":[{"width":1000,"height":1000,"url":"https:\/\/kinnunen.fi\/wp-content\/uploads\/2021\/10\/41430_50.jpg","type":"image\/jpeg"}],"twitter_card":"summary_large_image","schema":{"@context":"https:\/\/schema.org","@graph":[{"@type":"WebPage","@id":"https:\/\/kinnunen.fi\/tuote\/comair-500-rullauskampa-harva\/","url":"https:\/\/kinnunen.fi\/tuote\/comair-500-rullauskampa-harva\/","name":"Comair 500 Rullauskampa harva - Kinnunen","isPartOf":{"@id":"https:\/\/kinnunen.fi\/#website"},"primaryImageOfPage":{"@id":"https:\/\/kinnunen.fi\/tuote\/comair-500-rullauskampa-harva\/#primaryimage"},"image":{"@id":"https:\/\/kinnunen.fi\/tuote\/comair-500-rullauskampa-harva\/#primaryimage"},"thumbnailUrl":"https:\/\/kinnunen.fi\/wp-content\/uploads\/2021\/10\/41430_50.jpg","datePublished":"2021-10-29T10:27:58+00:00","dateModified":"2026-04-21T01:00:16+00:00","breadcrumb":{"@id":"https:\/\/kinnunen.fi\/tuote\/comair-500-rullauskampa-harva\/#breadcrumb"},"inLanguage":"en-GB","potentialAction":[{"@type":"ReadAction","target":["https:\/\/kinnunen.fi\/tuote\/comair-500-rullauskampa-harva\/"]}]},{"@type":"ImageObject","inLanguage":"en-GB","@id":"https:\/\/kinnunen.fi\/tuote\/comair-500-rullauskampa-harva\/#primaryimage","url":"https:\/\/kinnunen.fi\/wp-content\/uploads\/2021\/10\/41430_50.jpg","contentUrl":"https:\/\/kinnunen.fi\/wp-content\/uploads\/2021\/10\/41430_50.jpg","width":1000,"height":1000},{"@type":"BreadcrumbList","@id":"https:\/\/kinnunen.fi\/tuote\/comair-500-rullauskampa-harva\/#breadcrumb","itemListElement":[{"@type":"ListItem","position":1,"name":"Etusivu","item":"https:\/\/kinnunen.fi\/"},{"@type":"ListItem","position":2,"name":"Kaikki tuotteet","item":"https:\/\/kinnunen.fi\/kauppa\/"},{"@type":"ListItem","position":3,"name":"Tarvikkeet","item":"https:\/\/kinnunen.fi\/tuote-osasto\/tarvikkeet\/"},{"@type":"ListItem","position":4,"name":"Harjat ja kammat","item":"https:\/\/kinnunen.fi\/tuote-osasto\/tarvikkeet\/harjat-ja-kammat\/"},{"@type":"ListItem","position":5,"name":"Permanentti- ja rullauskammat","item":"https:\/\/kinnunen.fi\/tuote-osasto\/tarvikkeet\/harjat-ja-kammat\/permanentti-ja-rullauskammat\/"},{"@type":"ListItem","position":6,"name":"Comair 500 Rullauskampa harva"}]},{"@type":"WebSite","@id":"https:\/\/kinnunen.fi\/#website","url":"https:\/\/kinnunen.fi\/","name":"Kinnunen","description":"","potentialAction":[{"@type":"SearchAction","target":{"@type":"EntryPoint","urlTemplate":"https:\/\/kinnunen.fi\/?s={search_term_string}"},"query-input":"required name=search_term_string"}],"inLanguage":"en-GB"}]}},"_links":{"self":[{"href":"https:\/\/kinnunen.fi\/en\/wp-json\/wp\/v2\/product\/5673"}],"collection":[{"href":"https:\/\/kinnunen.fi\/en\/wp-json\/wp\/v2\/product"}],"about":[{"href":"https:\/\/kinnunen.fi\/en\/wp-json\/wp\/v2\/types\/product"}],"replies":[{"embeddable":true,"href":"https:\/\/kinnunen.fi\/en\/wp-json\/wp\/v2\/comments?post=5673"}],"wp:featuredmedia":[{"embeddable":true,"href":"https:\/\/kinnunen.fi\/en\/wp-json\/wp\/v2\/media\/13796"}],"wp:attachment":[{"href":"https:\/\/kinnunen.fi\/en\/wp-json\/wp\/v2\/media?parent=5673"}],"wp:term":[{"taxonomy":"product_cat","embeddable":true,"href":"https:\/\/kinnunen.fi\/en\/wp-json\/wp\/v2\/product_cat?post=5673"},{"taxonomy":"product_tag","embeddable":true,"href":"https:\/\/kinnunen.fi\/en\/wp-json\/wp\/v2\/product_tag?post=5673"}],"curies":[{"name":"wp","href":"https:\/\/api.w.org\/{rel}","templated":true}]}}