

{"id":5688,"date":"2021-10-29T13:27:58","date_gmt":"2021-10-29T10:27:58","guid":{"rendered":"https:\/\/kinnunen.fi\/tuote\/trend-design-nano-2-in-1-kappa\/"},"modified":"2026-04-18T04:00:22","modified_gmt":"2026-04-18T01:00:22","slug":"trend-design-nano-2-in-1-kappa","status":"publish","type":"product","link":"https:\/\/kinnunen.fi\/en\/product\/trend-design-nano-2-in-1-kappa\/","title":{"rendered":"Trend Design Nano 2-in-1 kappa"},"content":{"rendered":"<p>The Nano 2 in 1 is a multifunctional pelmet, suitable for both cutting and dyeing.The upper part is made of polyester (97%) and polyurethane (3%), a water and dye stain resistant material blend. The rest of the cap is made of polyester (100%), a water-resistant and highly breathable material. Hook fastening and hand holes. Size 135 x 150 cm, neck opening length 60 cm. Washing instructions: machine wash with mild detergent at 30\u00b0C. Can also be tumble dried at low temperature. Iron on the lowest heat setting. Colour black.<\/p>","protected":false},"excerpt":{"rendered":"<p>Nano 2 in 1 kappa on monitoimikappa, joka soveltuu niin leikkaus- kuin v\u00e4rj\u00e4yst\u00f6ihin.Yl\u00e4osa on valmistettu polyesterist\u00e4 (97%) sek\u00e4 polyuretaanista (3%),&hellip;<\/p>","protected":false},"featured_media":14836,"comment_status":"closed","ping_status":"closed","template":"","meta":{"_relevanssi_hide_post":"","_relevanssi_pin_for_all":"","_relevanssi_pin_keywords":"","_relevanssi_unpin_keywords":"","_relevanssi_related_keywords":"","_relevanssi_related_include_ids":"","_relevanssi_related_exclude_ids":"","_relevanssi_related_no_append":"","_relevanssi_related_not_related":"","_relevanssi_related_posts":"","_relevanssi_noindex_reason":""},"product_cat":[1762,1797,1801,1800],"product_tag":[],"class_list":["post-5688","product","type-product","status-publish","has-post-thumbnail","hentry","product_cat-tarvikkeet","product_cat-kapat-ja-essut","product_cat-varjayskapat","product_cat-leikkauskapat-kapat-essut-ja-tyoasut","pa_kasiaukot-x","tuotemerkki-trend-design"],"tuotemerkit":[{"term_id":221,"name":"Trend Design","slug":"trend-design","term_group":0,"term_taxonomy_id":221,"taxonomy":"tuotemerkki","description":"","parent":0,"count":8,"filter":"raw"}],"acf":[],"yoast_head":"<!-- This site is optimized with the Yoast SEO plugin v23.3 - https:\/\/yoast.com\/wordpress\/plugins\/seo\/ -->\n<title>Trend-Design Nano 2 in 1- kappa - Kinnunen<\/title>\n<meta name=\"robots\" content=\"index, follow, max-snippet:-1, max-image-preview:large, max-video-preview:-1\" \/>\n<link rel=\"canonical\" href=\"https:\/\/kinnunen.fi\/en\/product\/trend-design-nano-2-in-1-kappa\/\" \/>\n<meta property=\"og:locale\" content=\"en_GB\" \/>\n<meta property=\"og:type\" content=\"article\" \/>\n<meta property=\"og:title\" content=\"Trend-Design Nano 2 in 1- kappa - Kinnunen\" \/>\n<meta property=\"og:description\" content=\"Nano 2 in 1 kappa on monitoimikappa, joka soveltuu niin leikkaus- kuin v\u00e4rj\u00e4yst\u00f6ihin.Yl\u00e4osa on valmistettu polyesterist\u00e4 (97%) sek\u00e4 polyuretaanista (3%),&hellip;\" \/>\n<meta property=\"og:url\" content=\"https:\/\/kinnunen.fi\/en\/product\/trend-design-nano-2-in-1-kappa\/\" \/>\n<meta property=\"og:site_name\" content=\"Kinnunen\" \/>\n<meta property=\"article:modified_time\" content=\"2026-04-18T01:00:22+00:00\" \/>\n<meta property=\"og:image\" content=\"https:\/\/kinnunen.fi\/wp-content\/uploads\/2021\/10\/Nano_2_in_1_kappa.jpg\" \/>\n\t<meta property=\"og:image:width\" content=\"1000\" \/>\n\t<meta property=\"og:image:height\" content=\"1000\" \/>\n\t<meta property=\"og:image:type\" content=\"image\/jpeg\" \/>\n<meta name=\"twitter:card\" content=\"summary_large_image\" \/>\n<script type=\"application\/ld+json\" class=\"yoast-schema-graph\">{\"@context\":\"https:\/\/schema.org\",\"@graph\":[{\"@type\":\"WebPage\",\"@id\":\"https:\/\/kinnunen.fi\/tuote\/trend-design-nano-2-in-1-kappa\/\",\"url\":\"https:\/\/kinnunen.fi\/tuote\/trend-design-nano-2-in-1-kappa\/\",\"name\":\"Trend-Design Nano 2 in 1- kappa - Kinnunen\",\"isPartOf\":{\"@id\":\"https:\/\/kinnunen.fi\/#website\"},\"primaryImageOfPage\":{\"@id\":\"https:\/\/kinnunen.fi\/tuote\/trend-design-nano-2-in-1-kappa\/#primaryimage\"},\"image\":{\"@id\":\"https:\/\/kinnunen.fi\/tuote\/trend-design-nano-2-in-1-kappa\/#primaryimage\"},\"thumbnailUrl\":\"https:\/\/kinnunen.fi\/wp-content\/uploads\/2021\/10\/Nano_2_in_1_kappa.jpg\",\"datePublished\":\"2021-10-29T10:27:58+00:00\",\"dateModified\":\"2026-04-18T01:00:22+00:00\",\"breadcrumb\":{\"@id\":\"https:\/\/kinnunen.fi\/tuote\/trend-design-nano-2-in-1-kappa\/#breadcrumb\"},\"inLanguage\":\"en-GB\",\"potentialAction\":[{\"@type\":\"ReadAction\",\"target\":[\"https:\/\/kinnunen.fi\/tuote\/trend-design-nano-2-in-1-kappa\/\"]}]},{\"@type\":\"ImageObject\",\"inLanguage\":\"en-GB\",\"@id\":\"https:\/\/kinnunen.fi\/tuote\/trend-design-nano-2-in-1-kappa\/#primaryimage\",\"url\":\"https:\/\/kinnunen.fi\/wp-content\/uploads\/2021\/10\/Nano_2_in_1_kappa.jpg\",\"contentUrl\":\"https:\/\/kinnunen.fi\/wp-content\/uploads\/2021\/10\/Nano_2_in_1_kappa.jpg\",\"width\":1000,\"height\":1000},{\"@type\":\"BreadcrumbList\",\"@id\":\"https:\/\/kinnunen.fi\/tuote\/trend-design-nano-2-in-1-kappa\/#breadcrumb\",\"itemListElement\":[{\"@type\":\"ListItem\",\"position\":1,\"name\":\"Etusivu\",\"item\":\"https:\/\/kinnunen.fi\/\"},{\"@type\":\"ListItem\",\"position\":2,\"name\":\"Kaikki tuotteet\",\"item\":\"https:\/\/kinnunen.fi\/kauppa\/\"},{\"@type\":\"ListItem\",\"position\":3,\"name\":\"Tarvikkeet\",\"item\":\"https:\/\/kinnunen.fi\/tuote-osasto\/tarvikkeet\/\"},{\"@type\":\"ListItem\",\"position\":4,\"name\":\"Kapat ja essut\",\"item\":\"https:\/\/kinnunen.fi\/tuote-osasto\/tarvikkeet\/kapat-ja-essut\/\"},{\"@type\":\"ListItem\",\"position\":5,\"name\":\"V\u00e4rj\u00e4yskapat\",\"item\":\"https:\/\/kinnunen.fi\/tuote-osasto\/tarvikkeet\/kapat-ja-essut\/varjayskapat\/\"},{\"@type\":\"ListItem\",\"position\":6,\"name\":\"Trend-Design Nano 2 in 1- kappa\"}]},{\"@type\":\"WebSite\",\"@id\":\"https:\/\/kinnunen.fi\/#website\",\"url\":\"https:\/\/kinnunen.fi\/\",\"name\":\"Kinnunen\",\"description\":\"\",\"potentialAction\":[{\"@type\":\"SearchAction\",\"target\":{\"@type\":\"EntryPoint\",\"urlTemplate\":\"https:\/\/kinnunen.fi\/?s={search_term_string}\"},\"query-input\":\"required name=search_term_string\"}],\"inLanguage\":\"en-GB\"}]}<\/script>\n<!-- \/ Yoast SEO plugin. -->","yoast_head_json":{"title":"Trend-Design Nano 2 in 1- kappa - Kinnunen","robots":{"index":"index","follow":"follow","max-snippet":"max-snippet:-1","max-image-preview":"max-image-preview:large","max-video-preview":"max-video-preview:-1"},"canonical":"https:\/\/kinnunen.fi\/en\/product\/trend-design-nano-2-in-1-kappa\/","og_locale":"en_GB","og_type":"article","og_title":"Trend-Design Nano 2 in 1- kappa - Kinnunen","og_description":"Nano 2 in 1 kappa on monitoimikappa, joka soveltuu niin leikkaus- kuin v\u00e4rj\u00e4yst\u00f6ihin.Yl\u00e4osa on valmistettu polyesterist\u00e4 (97%) sek\u00e4 polyuretaanista (3%),&hellip;","og_url":"https:\/\/kinnunen.fi\/en\/product\/trend-design-nano-2-in-1-kappa\/","og_site_name":"Kinnunen","article_modified_time":"2026-04-18T01:00:22+00:00","og_image":[{"width":1000,"height":1000,"url":"https:\/\/kinnunen.fi\/wp-content\/uploads\/2021\/10\/Nano_2_in_1_kappa.jpg","type":"image\/jpeg"}],"twitter_card":"summary_large_image","schema":{"@context":"https:\/\/schema.org","@graph":[{"@type":"WebPage","@id":"https:\/\/kinnunen.fi\/tuote\/trend-design-nano-2-in-1-kappa\/","url":"https:\/\/kinnunen.fi\/tuote\/trend-design-nano-2-in-1-kappa\/","name":"Trend-Design Nano 2 in 1- kappa - Kinnunen","isPartOf":{"@id":"https:\/\/kinnunen.fi\/#website"},"primaryImageOfPage":{"@id":"https:\/\/kinnunen.fi\/tuote\/trend-design-nano-2-in-1-kappa\/#primaryimage"},"image":{"@id":"https:\/\/kinnunen.fi\/tuote\/trend-design-nano-2-in-1-kappa\/#primaryimage"},"thumbnailUrl":"https:\/\/kinnunen.fi\/wp-content\/uploads\/2021\/10\/Nano_2_in_1_kappa.jpg","datePublished":"2021-10-29T10:27:58+00:00","dateModified":"2026-04-18T01:00:22+00:00","breadcrumb":{"@id":"https:\/\/kinnunen.fi\/tuote\/trend-design-nano-2-in-1-kappa\/#breadcrumb"},"inLanguage":"en-GB","potentialAction":[{"@type":"ReadAction","target":["https:\/\/kinnunen.fi\/tuote\/trend-design-nano-2-in-1-kappa\/"]}]},{"@type":"ImageObject","inLanguage":"en-GB","@id":"https:\/\/kinnunen.fi\/tuote\/trend-design-nano-2-in-1-kappa\/#primaryimage","url":"https:\/\/kinnunen.fi\/wp-content\/uploads\/2021\/10\/Nano_2_in_1_kappa.jpg","contentUrl":"https:\/\/kinnunen.fi\/wp-content\/uploads\/2021\/10\/Nano_2_in_1_kappa.jpg","width":1000,"height":1000},{"@type":"BreadcrumbList","@id":"https:\/\/kinnunen.fi\/tuote\/trend-design-nano-2-in-1-kappa\/#breadcrumb","itemListElement":[{"@type":"ListItem","position":1,"name":"Etusivu","item":"https:\/\/kinnunen.fi\/"},{"@type":"ListItem","position":2,"name":"Kaikki tuotteet","item":"https:\/\/kinnunen.fi\/kauppa\/"},{"@type":"ListItem","position":3,"name":"Tarvikkeet","item":"https:\/\/kinnunen.fi\/tuote-osasto\/tarvikkeet\/"},{"@type":"ListItem","position":4,"name":"Kapat ja essut","item":"https:\/\/kinnunen.fi\/tuote-osasto\/tarvikkeet\/kapat-ja-essut\/"},{"@type":"ListItem","position":5,"name":"V\u00e4rj\u00e4yskapat","item":"https:\/\/kinnunen.fi\/tuote-osasto\/tarvikkeet\/kapat-ja-essut\/varjayskapat\/"},{"@type":"ListItem","position":6,"name":"Trend-Design Nano 2 in 1- kappa"}]},{"@type":"WebSite","@id":"https:\/\/kinnunen.fi\/#website","url":"https:\/\/kinnunen.fi\/","name":"Kinnunen","description":"","potentialAction":[{"@type":"SearchAction","target":{"@type":"EntryPoint","urlTemplate":"https:\/\/kinnunen.fi\/?s={search_term_string}"},"query-input":"required name=search_term_string"}],"inLanguage":"en-GB"}]}},"_links":{"self":[{"href":"https:\/\/kinnunen.fi\/en\/wp-json\/wp\/v2\/product\/5688"}],"collection":[{"href":"https:\/\/kinnunen.fi\/en\/wp-json\/wp\/v2\/product"}],"about":[{"href":"https:\/\/kinnunen.fi\/en\/wp-json\/wp\/v2\/types\/product"}],"replies":[{"embeddable":true,"href":"https:\/\/kinnunen.fi\/en\/wp-json\/wp\/v2\/comments?post=5688"}],"wp:featuredmedia":[{"embeddable":true,"href":"https:\/\/kinnunen.fi\/en\/wp-json\/wp\/v2\/media\/14836"}],"wp:attachment":[{"href":"https:\/\/kinnunen.fi\/en\/wp-json\/wp\/v2\/media?parent=5688"}],"wp:term":[{"taxonomy":"product_cat","embeddable":true,"href":"https:\/\/kinnunen.fi\/en\/wp-json\/wp\/v2\/product_cat?post=5688"},{"taxonomy":"product_tag","embeddable":true,"href":"https:\/\/kinnunen.fi\/en\/wp-json\/wp\/v2\/product_tag?post=5688"}],"curies":[{"name":"wp","href":"https:\/\/api.w.org\/{rel}","templated":true}]}}