

{"id":5710,"date":"2021-10-29T13:28:16","date_gmt":"2021-10-29T10:28:16","guid":{"rendered":"https:\/\/kinnunen.fi\/tuote\/milcoupe-leikkaussuoja-m\/"},"modified":"2026-04-18T04:00:14","modified_gmt":"2026-04-18T01:00:14","slug":"milcoupe-leikkaussuoja-m","status":"publish","type":"product","link":"https:\/\/kinnunen.fi\/en\/product\/milcoupe-leikkaussuoja-m\/","title":{"rendered":"Milcoupe cut protection, M"},"content":{"rendered":"<p>Bob Tuo cutting guard for medium length hair.The lead weights on both sides hold the guard firmly in place, protecting the cap and making it easier to work with. Height of the back part approx. 19,5cm. Colour black.<\/p>","protected":false},"excerpt":{"rendered":"<p>Bob Tuo- leikkaussuoja puolipitkille hiuksille.Molemminpuoliset lyijypainot pit\u00e4\u00e4 suojan tukevasti paikoillaan, suojaten kappaa ja helpottamaan ty\u00f6skentely\u00e4. Takaosan korkeus n. 19,5cm. V\u00e4ri&hellip;<\/p>","protected":false},"featured_media":14779,"comment_status":"closed","ping_status":"open","template":"","meta":{"_relevanssi_hide_post":"","_relevanssi_pin_for_all":"","_relevanssi_pin_keywords":"","_relevanssi_unpin_keywords":"","_relevanssi_related_keywords":"","_relevanssi_related_include_ids":"","_relevanssi_related_exclude_ids":"","_relevanssi_related_no_append":"","_relevanssi_related_not_related":"","_relevanssi_related_posts":"","_relevanssi_noindex_reason":""},"product_cat":[1762,1797,1805],"product_tag":[],"class_list":["post-5710","product","type-product","status-publish","has-post-thumbnail","hentry","product_cat-tarvikkeet","product_cat-kapat-ja-essut","product_cat-leikkaussuojat-ja-painot","tuotemerkki-bob-tuo"],"tuotemerkit":[{"term_id":239,"name":"Bob Tuo","slug":"bob-tuo","term_group":0,"term_taxonomy_id":239,"taxonomy":"tuotemerkki","description":"","parent":0,"count":2,"filter":"raw"}],"acf":[],"yoast_head":"<!-- This site is optimized with the Yoast SEO plugin v23.3 - https:\/\/yoast.com\/wordpress\/plugins\/seo\/ -->\n<title>Milcoupe-leikkaussuoja, M - Kinnunen<\/title>\n<meta name=\"robots\" content=\"index, follow, max-snippet:-1, max-image-preview:large, max-video-preview:-1\" \/>\n<link rel=\"canonical\" href=\"https:\/\/kinnunen.fi\/en\/product\/milcoupe-leikkaussuoja-m\/\" \/>\n<meta property=\"og:locale\" content=\"en_GB\" \/>\n<meta property=\"og:type\" content=\"article\" \/>\n<meta property=\"og:title\" content=\"Milcoupe-leikkaussuoja, M - Kinnunen\" \/>\n<meta property=\"og:description\" content=\"Bob Tuo- leikkaussuoja puolipitkille hiuksille.Molemminpuoliset lyijypainot pit\u00e4\u00e4 suojan tukevasti paikoillaan, suojaten kappaa ja helpottamaan ty\u00f6skentely\u00e4. Takaosan korkeus n. 19,5cm. V\u00e4ri&hellip;\" \/>\n<meta property=\"og:url\" content=\"https:\/\/kinnunen.fi\/en\/product\/milcoupe-leikkaussuoja-m\/\" \/>\n<meta property=\"og:site_name\" content=\"Kinnunen\" \/>\n<meta property=\"article:modified_time\" content=\"2026-04-18T01:00:14+00:00\" \/>\n<meta property=\"og:image\" content=\"https:\/\/kinnunen.fi\/wp-content\/uploads\/2021\/10\/Milcoupe_medium.jpg\" \/>\n\t<meta property=\"og:image:width\" content=\"1000\" \/>\n\t<meta property=\"og:image:height\" content=\"1000\" \/>\n\t<meta property=\"og:image:type\" content=\"image\/jpeg\" \/>\n<meta name=\"twitter:card\" content=\"summary_large_image\" \/>\n<script type=\"application\/ld+json\" class=\"yoast-schema-graph\">{\"@context\":\"https:\/\/schema.org\",\"@graph\":[{\"@type\":\"WebPage\",\"@id\":\"https:\/\/kinnunen.fi\/tuote\/milcoupe-leikkaussuoja-m\/\",\"url\":\"https:\/\/kinnunen.fi\/tuote\/milcoupe-leikkaussuoja-m\/\",\"name\":\"Milcoupe-leikkaussuoja, M - Kinnunen\",\"isPartOf\":{\"@id\":\"https:\/\/kinnunen.fi\/#website\"},\"primaryImageOfPage\":{\"@id\":\"https:\/\/kinnunen.fi\/tuote\/milcoupe-leikkaussuoja-m\/#primaryimage\"},\"image\":{\"@id\":\"https:\/\/kinnunen.fi\/tuote\/milcoupe-leikkaussuoja-m\/#primaryimage\"},\"thumbnailUrl\":\"https:\/\/kinnunen.fi\/wp-content\/uploads\/2021\/10\/Milcoupe_medium.jpg\",\"datePublished\":\"2021-10-29T10:28:16+00:00\",\"dateModified\":\"2026-04-18T01:00:14+00:00\",\"breadcrumb\":{\"@id\":\"https:\/\/kinnunen.fi\/tuote\/milcoupe-leikkaussuoja-m\/#breadcrumb\"},\"inLanguage\":\"en-GB\",\"potentialAction\":[{\"@type\":\"ReadAction\",\"target\":[\"https:\/\/kinnunen.fi\/tuote\/milcoupe-leikkaussuoja-m\/\"]}]},{\"@type\":\"ImageObject\",\"inLanguage\":\"en-GB\",\"@id\":\"https:\/\/kinnunen.fi\/tuote\/milcoupe-leikkaussuoja-m\/#primaryimage\",\"url\":\"https:\/\/kinnunen.fi\/wp-content\/uploads\/2021\/10\/Milcoupe_medium.jpg\",\"contentUrl\":\"https:\/\/kinnunen.fi\/wp-content\/uploads\/2021\/10\/Milcoupe_medium.jpg\",\"width\":1000,\"height\":1000},{\"@type\":\"BreadcrumbList\",\"@id\":\"https:\/\/kinnunen.fi\/tuote\/milcoupe-leikkaussuoja-m\/#breadcrumb\",\"itemListElement\":[{\"@type\":\"ListItem\",\"position\":1,\"name\":\"Etusivu\",\"item\":\"https:\/\/kinnunen.fi\/\"},{\"@type\":\"ListItem\",\"position\":2,\"name\":\"Kaikki tuotteet\",\"item\":\"https:\/\/kinnunen.fi\/kauppa\/\"},{\"@type\":\"ListItem\",\"position\":3,\"name\":\"Tarvikkeet\",\"item\":\"https:\/\/kinnunen.fi\/tuote-osasto\/tarvikkeet\/\"},{\"@type\":\"ListItem\",\"position\":4,\"name\":\"Kapat ja essut\",\"item\":\"https:\/\/kinnunen.fi\/tuote-osasto\/tarvikkeet\/kapat-ja-essut\/\"},{\"@type\":\"ListItem\",\"position\":5,\"name\":\"Leikkaussuojat -ja painot\",\"item\":\"https:\/\/kinnunen.fi\/tuote-osasto\/tarvikkeet\/kapat-ja-essut\/leikkaussuojat-ja-painot\/\"},{\"@type\":\"ListItem\",\"position\":6,\"name\":\"Milcoupe-leikkaussuoja, M\"}]},{\"@type\":\"WebSite\",\"@id\":\"https:\/\/kinnunen.fi\/#website\",\"url\":\"https:\/\/kinnunen.fi\/\",\"name\":\"Kinnunen\",\"description\":\"\",\"potentialAction\":[{\"@type\":\"SearchAction\",\"target\":{\"@type\":\"EntryPoint\",\"urlTemplate\":\"https:\/\/kinnunen.fi\/?s={search_term_string}\"},\"query-input\":\"required name=search_term_string\"}],\"inLanguage\":\"en-GB\"}]}<\/script>\n<!-- \/ Yoast SEO plugin. -->","yoast_head_json":{"title":"Milcoupe-leikkaussuoja, M - Kinnunen","robots":{"index":"index","follow":"follow","max-snippet":"max-snippet:-1","max-image-preview":"max-image-preview:large","max-video-preview":"max-video-preview:-1"},"canonical":"https:\/\/kinnunen.fi\/en\/product\/milcoupe-leikkaussuoja-m\/","og_locale":"en_GB","og_type":"article","og_title":"Milcoupe-leikkaussuoja, M - Kinnunen","og_description":"Bob Tuo- leikkaussuoja puolipitkille hiuksille.Molemminpuoliset lyijypainot pit\u00e4\u00e4 suojan tukevasti paikoillaan, suojaten kappaa ja helpottamaan ty\u00f6skentely\u00e4. Takaosan korkeus n. 19,5cm. V\u00e4ri&hellip;","og_url":"https:\/\/kinnunen.fi\/en\/product\/milcoupe-leikkaussuoja-m\/","og_site_name":"Kinnunen","article_modified_time":"2026-04-18T01:00:14+00:00","og_image":[{"width":1000,"height":1000,"url":"https:\/\/kinnunen.fi\/wp-content\/uploads\/2021\/10\/Milcoupe_medium.jpg","type":"image\/jpeg"}],"twitter_card":"summary_large_image","schema":{"@context":"https:\/\/schema.org","@graph":[{"@type":"WebPage","@id":"https:\/\/kinnunen.fi\/tuote\/milcoupe-leikkaussuoja-m\/","url":"https:\/\/kinnunen.fi\/tuote\/milcoupe-leikkaussuoja-m\/","name":"Milcoupe-leikkaussuoja, M - Kinnunen","isPartOf":{"@id":"https:\/\/kinnunen.fi\/#website"},"primaryImageOfPage":{"@id":"https:\/\/kinnunen.fi\/tuote\/milcoupe-leikkaussuoja-m\/#primaryimage"},"image":{"@id":"https:\/\/kinnunen.fi\/tuote\/milcoupe-leikkaussuoja-m\/#primaryimage"},"thumbnailUrl":"https:\/\/kinnunen.fi\/wp-content\/uploads\/2021\/10\/Milcoupe_medium.jpg","datePublished":"2021-10-29T10:28:16+00:00","dateModified":"2026-04-18T01:00:14+00:00","breadcrumb":{"@id":"https:\/\/kinnunen.fi\/tuote\/milcoupe-leikkaussuoja-m\/#breadcrumb"},"inLanguage":"en-GB","potentialAction":[{"@type":"ReadAction","target":["https:\/\/kinnunen.fi\/tuote\/milcoupe-leikkaussuoja-m\/"]}]},{"@type":"ImageObject","inLanguage":"en-GB","@id":"https:\/\/kinnunen.fi\/tuote\/milcoupe-leikkaussuoja-m\/#primaryimage","url":"https:\/\/kinnunen.fi\/wp-content\/uploads\/2021\/10\/Milcoupe_medium.jpg","contentUrl":"https:\/\/kinnunen.fi\/wp-content\/uploads\/2021\/10\/Milcoupe_medium.jpg","width":1000,"height":1000},{"@type":"BreadcrumbList","@id":"https:\/\/kinnunen.fi\/tuote\/milcoupe-leikkaussuoja-m\/#breadcrumb","itemListElement":[{"@type":"ListItem","position":1,"name":"Etusivu","item":"https:\/\/kinnunen.fi\/"},{"@type":"ListItem","position":2,"name":"Kaikki tuotteet","item":"https:\/\/kinnunen.fi\/kauppa\/"},{"@type":"ListItem","position":3,"name":"Tarvikkeet","item":"https:\/\/kinnunen.fi\/tuote-osasto\/tarvikkeet\/"},{"@type":"ListItem","position":4,"name":"Kapat ja essut","item":"https:\/\/kinnunen.fi\/tuote-osasto\/tarvikkeet\/kapat-ja-essut\/"},{"@type":"ListItem","position":5,"name":"Leikkaussuojat -ja painot","item":"https:\/\/kinnunen.fi\/tuote-osasto\/tarvikkeet\/kapat-ja-essut\/leikkaussuojat-ja-painot\/"},{"@type":"ListItem","position":6,"name":"Milcoupe-leikkaussuoja, M"}]},{"@type":"WebSite","@id":"https:\/\/kinnunen.fi\/#website","url":"https:\/\/kinnunen.fi\/","name":"Kinnunen","description":"","potentialAction":[{"@type":"SearchAction","target":{"@type":"EntryPoint","urlTemplate":"https:\/\/kinnunen.fi\/?s={search_term_string}"},"query-input":"required name=search_term_string"}],"inLanguage":"en-GB"}]}},"_links":{"self":[{"href":"https:\/\/kinnunen.fi\/en\/wp-json\/wp\/v2\/product\/5710"}],"collection":[{"href":"https:\/\/kinnunen.fi\/en\/wp-json\/wp\/v2\/product"}],"about":[{"href":"https:\/\/kinnunen.fi\/en\/wp-json\/wp\/v2\/types\/product"}],"replies":[{"embeddable":true,"href":"https:\/\/kinnunen.fi\/en\/wp-json\/wp\/v2\/comments?post=5710"}],"wp:featuredmedia":[{"embeddable":true,"href":"https:\/\/kinnunen.fi\/en\/wp-json\/wp\/v2\/media\/14779"}],"wp:attachment":[{"href":"https:\/\/kinnunen.fi\/en\/wp-json\/wp\/v2\/media?parent=5710"}],"wp:term":[{"taxonomy":"product_cat","embeddable":true,"href":"https:\/\/kinnunen.fi\/en\/wp-json\/wp\/v2\/product_cat?post=5710"},{"taxonomy":"product_tag","embeddable":true,"href":"https:\/\/kinnunen.fi\/en\/wp-json\/wp\/v2\/product_tag?post=5710"}],"curies":[{"name":"wp","href":"https:\/\/api.w.org\/{rel}","templated":true}]}}