

{"id":5725,"date":"2021-10-29T13:28:32","date_gmt":"2021-10-29T10:28:32","guid":{"rendered":"https:\/\/kinnunen.fi\/tuote\/foliorulla-12-cm-x-100-m-paksuus-15-kinnunen\/"},"modified":"2026-04-17T13:32:19","modified_gmt":"2026-04-17T10:32:19","slug":"foliorulla-12-cm-x-100-m-paksuus-15-kinnunen","status":"publish","type":"product","link":"https:\/\/kinnunen.fi\/en\/product\/foliorulla-12-cm-x-100-m-paksuus-15-kinnunen\/","title":{"rendered":"Foil roll 12 cm x 100 m, thickness 15, Kinnunen"},"content":{"rendered":"<p>Durable foil for stripe and colour treatments. Size 12 cm x 100 m. Foil thickness 15 m (\u00b5).<\/p>","protected":false},"excerpt":{"rendered":"<p>Durable foil for stripe and colour treatments. Size 12 cm x 100 m. Foil thickness 15 m (\u00b5).<\/p>","protected":false},"featured_media":45065,"comment_status":"closed","ping_status":"closed","template":"","meta":{"_relevanssi_hide_post":"","_relevanssi_pin_for_all":"","_relevanssi_pin_keywords":"","_relevanssi_unpin_keywords":"","_relevanssi_related_keywords":"","_relevanssi_related_include_ids":"","_relevanssi_related_exclude_ids":"","_relevanssi_related_no_append":"","_relevanssi_related_not_related":"","_relevanssi_related_posts":"","_relevanssi_noindex_reason":""},"product_cat":[1762,1806,1807],"product_tag":[],"class_list":["post-5725","product","type-product","status-publish","has-post-thumbnail","hentry","product_cat-tarvikkeet","product_cat-varjaystarvikkeet","product_cat-foliot-ja-raitalaput"],"tuotemerkit":[],"acf":[],"yoast_head":"<!-- This site is optimized with the Yoast SEO plugin v23.3 - https:\/\/yoast.com\/wordpress\/plugins\/seo\/ -->\n<title>Foliorulla 12 cm x 100 m, paksuus 15, Kinnunen - Kinnunen<\/title>\n<meta name=\"robots\" content=\"index, follow, max-snippet:-1, max-image-preview:large, max-video-preview:-1\" \/>\n<link rel=\"canonical\" href=\"https:\/\/kinnunen.fi\/en\/product\/foliorulla-12-cm-x-100-m-paksuus-15-kinnunen\/\" \/>\n<meta property=\"og:locale\" content=\"en_GB\" \/>\n<meta property=\"og:type\" content=\"article\" \/>\n<meta property=\"og:title\" content=\"Foliorulla 12 cm x 100 m, paksuus 15, Kinnunen - Kinnunen\" \/>\n<meta property=\"og:description\" content=\"Kest\u00e4v\u00e4 folio raita- ja v\u00e4rik\u00e4sittelyihin. Koko 12 cm x 100 m. Folion paksuus 15 m (\u00b5).\" \/>\n<meta property=\"og:url\" content=\"https:\/\/kinnunen.fi\/en\/product\/foliorulla-12-cm-x-100-m-paksuus-15-kinnunen\/\" \/>\n<meta property=\"og:site_name\" content=\"Kinnunen\" \/>\n<meta property=\"article:modified_time\" content=\"2026-04-17T10:32:19+00:00\" \/>\n<meta property=\"og:image\" content=\"https:\/\/kinnunen.fi\/wp-content\/uploads\/2021\/10\/foliorulla-kinnunen-96201.jpg\" \/>\n\t<meta property=\"og:image:width\" content=\"1000\" \/>\n\t<meta property=\"og:image:height\" content=\"1000\" \/>\n\t<meta property=\"og:image:type\" content=\"image\/jpeg\" \/>\n<meta name=\"twitter:card\" content=\"summary_large_image\" \/>\n<script type=\"application\/ld+json\" class=\"yoast-schema-graph\">{\"@context\":\"https:\/\/schema.org\",\"@graph\":[{\"@type\":\"WebPage\",\"@id\":\"https:\/\/kinnunen.fi\/tuote\/foliorulla-12-cm-x-100-m-paksuus-15-kinnunen\/\",\"url\":\"https:\/\/kinnunen.fi\/tuote\/foliorulla-12-cm-x-100-m-paksuus-15-kinnunen\/\",\"name\":\"Foliorulla 12 cm x 100 m, paksuus 15, Kinnunen - Kinnunen\",\"isPartOf\":{\"@id\":\"https:\/\/kinnunen.fi\/#website\"},\"primaryImageOfPage\":{\"@id\":\"https:\/\/kinnunen.fi\/tuote\/foliorulla-12-cm-x-100-m-paksuus-15-kinnunen\/#primaryimage\"},\"image\":{\"@id\":\"https:\/\/kinnunen.fi\/tuote\/foliorulla-12-cm-x-100-m-paksuus-15-kinnunen\/#primaryimage\"},\"thumbnailUrl\":\"https:\/\/kinnunen.fi\/wp-content\/uploads\/2021\/10\/foliorulla-kinnunen-96201.jpg\",\"datePublished\":\"2021-10-29T10:28:32+00:00\",\"dateModified\":\"2026-04-17T10:32:19+00:00\",\"breadcrumb\":{\"@id\":\"https:\/\/kinnunen.fi\/tuote\/foliorulla-12-cm-x-100-m-paksuus-15-kinnunen\/#breadcrumb\"},\"inLanguage\":\"en-GB\",\"potentialAction\":[{\"@type\":\"ReadAction\",\"target\":[\"https:\/\/kinnunen.fi\/tuote\/foliorulla-12-cm-x-100-m-paksuus-15-kinnunen\/\"]}]},{\"@type\":\"ImageObject\",\"inLanguage\":\"en-GB\",\"@id\":\"https:\/\/kinnunen.fi\/tuote\/foliorulla-12-cm-x-100-m-paksuus-15-kinnunen\/#primaryimage\",\"url\":\"https:\/\/kinnunen.fi\/wp-content\/uploads\/2021\/10\/foliorulla-kinnunen-96201.jpg\",\"contentUrl\":\"https:\/\/kinnunen.fi\/wp-content\/uploads\/2021\/10\/foliorulla-kinnunen-96201.jpg\",\"width\":1000,\"height\":1000},{\"@type\":\"BreadcrumbList\",\"@id\":\"https:\/\/kinnunen.fi\/tuote\/foliorulla-12-cm-x-100-m-paksuus-15-kinnunen\/#breadcrumb\",\"itemListElement\":[{\"@type\":\"ListItem\",\"position\":1,\"name\":\"Etusivu\",\"item\":\"https:\/\/kinnunen.fi\/\"},{\"@type\":\"ListItem\",\"position\":2,\"name\":\"Kaikki tuotteet\",\"item\":\"https:\/\/kinnunen.fi\/kauppa\/\"},{\"@type\":\"ListItem\",\"position\":3,\"name\":\"Tarvikkeet\",\"item\":\"https:\/\/kinnunen.fi\/tuote-osasto\/tarvikkeet\/\"},{\"@type\":\"ListItem\",\"position\":4,\"name\":\"V\u00e4rj\u00e4ystarvikkeet\",\"item\":\"https:\/\/kinnunen.fi\/tuote-osasto\/tarvikkeet\/varjaystarvikkeet\/\"},{\"@type\":\"ListItem\",\"position\":5,\"name\":\"Foliot ja raitalaput\",\"item\":\"https:\/\/kinnunen.fi\/tuote-osasto\/tarvikkeet\/varjaystarvikkeet\/foliot-ja-raitalaput\/\"},{\"@type\":\"ListItem\",\"position\":6,\"name\":\"Foliorulla 12 cm x 100 m, paksuus 15, Kinnunen\"}]},{\"@type\":\"WebSite\",\"@id\":\"https:\/\/kinnunen.fi\/#website\",\"url\":\"https:\/\/kinnunen.fi\/\",\"name\":\"Kinnunen\",\"description\":\"\",\"potentialAction\":[{\"@type\":\"SearchAction\",\"target\":{\"@type\":\"EntryPoint\",\"urlTemplate\":\"https:\/\/kinnunen.fi\/?s={search_term_string}\"},\"query-input\":\"required name=search_term_string\"}],\"inLanguage\":\"en-GB\"}]}<\/script>\n<!-- \/ Yoast SEO plugin. -->","yoast_head_json":{"title":"Foliorulla 12 cm x 100 m, paksuus 15, Kinnunen - Kinnunen","robots":{"index":"index","follow":"follow","max-snippet":"max-snippet:-1","max-image-preview":"max-image-preview:large","max-video-preview":"max-video-preview:-1"},"canonical":"https:\/\/kinnunen.fi\/en\/product\/foliorulla-12-cm-x-100-m-paksuus-15-kinnunen\/","og_locale":"en_GB","og_type":"article","og_title":"Foliorulla 12 cm x 100 m, paksuus 15, Kinnunen - Kinnunen","og_description":"Kest\u00e4v\u00e4 folio raita- ja v\u00e4rik\u00e4sittelyihin. Koko 12 cm x 100 m. Folion paksuus 15 m (\u00b5).","og_url":"https:\/\/kinnunen.fi\/en\/product\/foliorulla-12-cm-x-100-m-paksuus-15-kinnunen\/","og_site_name":"Kinnunen","article_modified_time":"2026-04-17T10:32:19+00:00","og_image":[{"width":1000,"height":1000,"url":"https:\/\/kinnunen.fi\/wp-content\/uploads\/2021\/10\/foliorulla-kinnunen-96201.jpg","type":"image\/jpeg"}],"twitter_card":"summary_large_image","schema":{"@context":"https:\/\/schema.org","@graph":[{"@type":"WebPage","@id":"https:\/\/kinnunen.fi\/tuote\/foliorulla-12-cm-x-100-m-paksuus-15-kinnunen\/","url":"https:\/\/kinnunen.fi\/tuote\/foliorulla-12-cm-x-100-m-paksuus-15-kinnunen\/","name":"Foliorulla 12 cm x 100 m, paksuus 15, Kinnunen - Kinnunen","isPartOf":{"@id":"https:\/\/kinnunen.fi\/#website"},"primaryImageOfPage":{"@id":"https:\/\/kinnunen.fi\/tuote\/foliorulla-12-cm-x-100-m-paksuus-15-kinnunen\/#primaryimage"},"image":{"@id":"https:\/\/kinnunen.fi\/tuote\/foliorulla-12-cm-x-100-m-paksuus-15-kinnunen\/#primaryimage"},"thumbnailUrl":"https:\/\/kinnunen.fi\/wp-content\/uploads\/2021\/10\/foliorulla-kinnunen-96201.jpg","datePublished":"2021-10-29T10:28:32+00:00","dateModified":"2026-04-17T10:32:19+00:00","breadcrumb":{"@id":"https:\/\/kinnunen.fi\/tuote\/foliorulla-12-cm-x-100-m-paksuus-15-kinnunen\/#breadcrumb"},"inLanguage":"en-GB","potentialAction":[{"@type":"ReadAction","target":["https:\/\/kinnunen.fi\/tuote\/foliorulla-12-cm-x-100-m-paksuus-15-kinnunen\/"]}]},{"@type":"ImageObject","inLanguage":"en-GB","@id":"https:\/\/kinnunen.fi\/tuote\/foliorulla-12-cm-x-100-m-paksuus-15-kinnunen\/#primaryimage","url":"https:\/\/kinnunen.fi\/wp-content\/uploads\/2021\/10\/foliorulla-kinnunen-96201.jpg","contentUrl":"https:\/\/kinnunen.fi\/wp-content\/uploads\/2021\/10\/foliorulla-kinnunen-96201.jpg","width":1000,"height":1000},{"@type":"BreadcrumbList","@id":"https:\/\/kinnunen.fi\/tuote\/foliorulla-12-cm-x-100-m-paksuus-15-kinnunen\/#breadcrumb","itemListElement":[{"@type":"ListItem","position":1,"name":"Etusivu","item":"https:\/\/kinnunen.fi\/"},{"@type":"ListItem","position":2,"name":"Kaikki tuotteet","item":"https:\/\/kinnunen.fi\/kauppa\/"},{"@type":"ListItem","position":3,"name":"Tarvikkeet","item":"https:\/\/kinnunen.fi\/tuote-osasto\/tarvikkeet\/"},{"@type":"ListItem","position":4,"name":"V\u00e4rj\u00e4ystarvikkeet","item":"https:\/\/kinnunen.fi\/tuote-osasto\/tarvikkeet\/varjaystarvikkeet\/"},{"@type":"ListItem","position":5,"name":"Foliot ja raitalaput","item":"https:\/\/kinnunen.fi\/tuote-osasto\/tarvikkeet\/varjaystarvikkeet\/foliot-ja-raitalaput\/"},{"@type":"ListItem","position":6,"name":"Foliorulla 12 cm x 100 m, paksuus 15, Kinnunen"}]},{"@type":"WebSite","@id":"https:\/\/kinnunen.fi\/#website","url":"https:\/\/kinnunen.fi\/","name":"Kinnunen","description":"","potentialAction":[{"@type":"SearchAction","target":{"@type":"EntryPoint","urlTemplate":"https:\/\/kinnunen.fi\/?s={search_term_string}"},"query-input":"required name=search_term_string"}],"inLanguage":"en-GB"}]}},"_links":{"self":[{"href":"https:\/\/kinnunen.fi\/en\/wp-json\/wp\/v2\/product\/5725"}],"collection":[{"href":"https:\/\/kinnunen.fi\/en\/wp-json\/wp\/v2\/product"}],"about":[{"href":"https:\/\/kinnunen.fi\/en\/wp-json\/wp\/v2\/types\/product"}],"replies":[{"embeddable":true,"href":"https:\/\/kinnunen.fi\/en\/wp-json\/wp\/v2\/comments?post=5725"}],"wp:featuredmedia":[{"embeddable":true,"href":"https:\/\/kinnunen.fi\/en\/wp-json\/wp\/v2\/media\/45065"}],"wp:attachment":[{"href":"https:\/\/kinnunen.fi\/en\/wp-json\/wp\/v2\/media?parent=5725"}],"wp:term":[{"taxonomy":"product_cat","embeddable":true,"href":"https:\/\/kinnunen.fi\/en\/wp-json\/wp\/v2\/product_cat?post=5725"},{"taxonomy":"product_tag","embeddable":true,"href":"https:\/\/kinnunen.fi\/en\/wp-json\/wp\/v2\/product_tag?post=5725"}],"curies":[{"name":"wp","href":"https:\/\/api.w.org\/{rel}","templated":true}]}}