

{"id":5750,"date":"2021-10-29T13:28:49","date_gmt":"2021-10-29T10:28:49","guid":{"rendered":"https:\/\/kinnunen.fi\/tuote\/pehmea-varisuti-40-mm\/"},"modified":"2026-05-02T04:00:24","modified_gmt":"2026-05-02T01:00:24","slug":"pehmea-varisuti-40-mm","status":"publish","type":"product","link":"https:\/\/kinnunen.fi\/en\/product\/pehmea-varisuti-40-mm\/","title":{"rendered":"Soft vibrator 40 mm"},"content":{"rendered":"<p>A very gentle and accurate colour picker. The bristles of the irrigator are implanted more densely than normal, which means you apply the colour to the roots of your hair with great precision. The bristles hold their shape for a long time and do not scratch the scalp or tear the hair.<\/p>","protected":false},"excerpt":{"rendered":"<p>Eritt\u00e4in hell\u00e4varainen ja tarkka v\u00e4risuti. V\u00e4risudin harjakset ovat istutettu normaalia tihe\u00e4mp\u00e4\u00e4n, jonka vuoksi levit\u00e4t v\u00e4rin hiusten tyveen eritt\u00e4in tarkasti. Harjakset&hellip;<\/p>","protected":false},"featured_media":14903,"comment_status":"closed","ping_status":"open","template":"","meta":{"_relevanssi_hide_post":"","_relevanssi_pin_for_all":"","_relevanssi_pin_keywords":"","_relevanssi_unpin_keywords":"","_relevanssi_related_keywords":"","_relevanssi_related_include_ids":"","_relevanssi_related_exclude_ids":"","_relevanssi_related_no_append":"","_relevanssi_related_not_related":"","_relevanssi_related_posts":"","_relevanssi_noindex_reason":""},"product_cat":[1762,1806,1811],"product_tag":[],"class_list":["post-5750","product","type-product","status-publish","has-post-thumbnail","hentry","product_cat-tarvikkeet","product_cat-varjaystarvikkeet","product_cat-varisudit"],"tuotemerkit":[],"acf":[],"yoast_head":"<!-- This site is optimized with the Yoast SEO plugin v23.3 - https:\/\/yoast.com\/wordpress\/plugins\/seo\/ -->\n<title>Pehme\u00e4 v\u00e4risuti 40 mm - Kinnunen<\/title>\n<meta name=\"robots\" content=\"index, follow, max-snippet:-1, max-image-preview:large, max-video-preview:-1\" \/>\n<link rel=\"canonical\" href=\"https:\/\/kinnunen.fi\/en\/product\/pehmea-varisuti-40-mm\/\" \/>\n<meta property=\"og:locale\" content=\"en_GB\" \/>\n<meta property=\"og:type\" content=\"article\" \/>\n<meta property=\"og:title\" content=\"Pehme\u00e4 v\u00e4risuti 40 mm - Kinnunen\" \/>\n<meta property=\"og:description\" content=\"Eritt\u00e4in hell\u00e4varainen ja tarkka v\u00e4risuti. V\u00e4risudin harjakset ovat istutettu normaalia tihe\u00e4mp\u00e4\u00e4n, jonka vuoksi levit\u00e4t v\u00e4rin hiusten tyveen eritt\u00e4in tarkasti. Harjakset&hellip;\" \/>\n<meta property=\"og:url\" content=\"https:\/\/kinnunen.fi\/en\/product\/pehmea-varisuti-40-mm\/\" \/>\n<meta property=\"og:site_name\" content=\"Kinnunen\" \/>\n<meta property=\"article:modified_time\" content=\"2026-05-02T01:00:24+00:00\" \/>\n<meta property=\"og:image\" content=\"https:\/\/kinnunen.fi\/wp-content\/uploads\/2021\/10\/Pehmea_varisuti_pieni.jpg\" \/>\n\t<meta property=\"og:image:width\" content=\"1000\" \/>\n\t<meta property=\"og:image:height\" content=\"1000\" \/>\n\t<meta property=\"og:image:type\" content=\"image\/jpeg\" \/>\n<meta name=\"twitter:card\" content=\"summary_large_image\" \/>\n<script type=\"application\/ld+json\" class=\"yoast-schema-graph\">{\"@context\":\"https:\/\/schema.org\",\"@graph\":[{\"@type\":\"WebPage\",\"@id\":\"https:\/\/kinnunen.fi\/tuote\/pehmea-varisuti-40-mm\/\",\"url\":\"https:\/\/kinnunen.fi\/tuote\/pehmea-varisuti-40-mm\/\",\"name\":\"Pehme\u00e4 v\u00e4risuti 40 mm - Kinnunen\",\"isPartOf\":{\"@id\":\"https:\/\/kinnunen.fi\/#website\"},\"primaryImageOfPage\":{\"@id\":\"https:\/\/kinnunen.fi\/tuote\/pehmea-varisuti-40-mm\/#primaryimage\"},\"image\":{\"@id\":\"https:\/\/kinnunen.fi\/tuote\/pehmea-varisuti-40-mm\/#primaryimage\"},\"thumbnailUrl\":\"https:\/\/kinnunen.fi\/wp-content\/uploads\/2021\/10\/Pehmea_varisuti_pieni.jpg\",\"datePublished\":\"2021-10-29T10:28:49+00:00\",\"dateModified\":\"2026-05-02T01:00:24+00:00\",\"breadcrumb\":{\"@id\":\"https:\/\/kinnunen.fi\/tuote\/pehmea-varisuti-40-mm\/#breadcrumb\"},\"inLanguage\":\"en-GB\",\"potentialAction\":[{\"@type\":\"ReadAction\",\"target\":[\"https:\/\/kinnunen.fi\/tuote\/pehmea-varisuti-40-mm\/\"]}]},{\"@type\":\"ImageObject\",\"inLanguage\":\"en-GB\",\"@id\":\"https:\/\/kinnunen.fi\/tuote\/pehmea-varisuti-40-mm\/#primaryimage\",\"url\":\"https:\/\/kinnunen.fi\/wp-content\/uploads\/2021\/10\/Pehmea_varisuti_pieni.jpg\",\"contentUrl\":\"https:\/\/kinnunen.fi\/wp-content\/uploads\/2021\/10\/Pehmea_varisuti_pieni.jpg\",\"width\":1000,\"height\":1000},{\"@type\":\"BreadcrumbList\",\"@id\":\"https:\/\/kinnunen.fi\/tuote\/pehmea-varisuti-40-mm\/#breadcrumb\",\"itemListElement\":[{\"@type\":\"ListItem\",\"position\":1,\"name\":\"Etusivu\",\"item\":\"https:\/\/kinnunen.fi\/\"},{\"@type\":\"ListItem\",\"position\":2,\"name\":\"Kaikki tuotteet\",\"item\":\"https:\/\/kinnunen.fi\/kauppa\/\"},{\"@type\":\"ListItem\",\"position\":3,\"name\":\"Tarvikkeet\",\"item\":\"https:\/\/kinnunen.fi\/tuote-osasto\/tarvikkeet\/\"},{\"@type\":\"ListItem\",\"position\":4,\"name\":\"V\u00e4rj\u00e4ystarvikkeet\",\"item\":\"https:\/\/kinnunen.fi\/tuote-osasto\/tarvikkeet\/varjaystarvikkeet\/\"},{\"@type\":\"ListItem\",\"position\":5,\"name\":\"V\u00e4risudit\",\"item\":\"https:\/\/kinnunen.fi\/tuote-osasto\/tarvikkeet\/varjaystarvikkeet\/varisudit\/\"},{\"@type\":\"ListItem\",\"position\":6,\"name\":\"Pehme\u00e4 v\u00e4risuti 40 mm\"}]},{\"@type\":\"WebSite\",\"@id\":\"https:\/\/kinnunen.fi\/#website\",\"url\":\"https:\/\/kinnunen.fi\/\",\"name\":\"Kinnunen\",\"description\":\"\",\"potentialAction\":[{\"@type\":\"SearchAction\",\"target\":{\"@type\":\"EntryPoint\",\"urlTemplate\":\"https:\/\/kinnunen.fi\/?s={search_term_string}\"},\"query-input\":\"required name=search_term_string\"}],\"inLanguage\":\"en-GB\"}]}<\/script>\n<!-- \/ Yoast SEO plugin. -->","yoast_head_json":{"title":"Pehme\u00e4 v\u00e4risuti 40 mm - Kinnunen","robots":{"index":"index","follow":"follow","max-snippet":"max-snippet:-1","max-image-preview":"max-image-preview:large","max-video-preview":"max-video-preview:-1"},"canonical":"https:\/\/kinnunen.fi\/en\/product\/pehmea-varisuti-40-mm\/","og_locale":"en_GB","og_type":"article","og_title":"Pehme\u00e4 v\u00e4risuti 40 mm - Kinnunen","og_description":"Eritt\u00e4in hell\u00e4varainen ja tarkka v\u00e4risuti. V\u00e4risudin harjakset ovat istutettu normaalia tihe\u00e4mp\u00e4\u00e4n, jonka vuoksi levit\u00e4t v\u00e4rin hiusten tyveen eritt\u00e4in tarkasti. Harjakset&hellip;","og_url":"https:\/\/kinnunen.fi\/en\/product\/pehmea-varisuti-40-mm\/","og_site_name":"Kinnunen","article_modified_time":"2026-05-02T01:00:24+00:00","og_image":[{"width":1000,"height":1000,"url":"https:\/\/kinnunen.fi\/wp-content\/uploads\/2021\/10\/Pehmea_varisuti_pieni.jpg","type":"image\/jpeg"}],"twitter_card":"summary_large_image","schema":{"@context":"https:\/\/schema.org","@graph":[{"@type":"WebPage","@id":"https:\/\/kinnunen.fi\/tuote\/pehmea-varisuti-40-mm\/","url":"https:\/\/kinnunen.fi\/tuote\/pehmea-varisuti-40-mm\/","name":"Pehme\u00e4 v\u00e4risuti 40 mm - Kinnunen","isPartOf":{"@id":"https:\/\/kinnunen.fi\/#website"},"primaryImageOfPage":{"@id":"https:\/\/kinnunen.fi\/tuote\/pehmea-varisuti-40-mm\/#primaryimage"},"image":{"@id":"https:\/\/kinnunen.fi\/tuote\/pehmea-varisuti-40-mm\/#primaryimage"},"thumbnailUrl":"https:\/\/kinnunen.fi\/wp-content\/uploads\/2021\/10\/Pehmea_varisuti_pieni.jpg","datePublished":"2021-10-29T10:28:49+00:00","dateModified":"2026-05-02T01:00:24+00:00","breadcrumb":{"@id":"https:\/\/kinnunen.fi\/tuote\/pehmea-varisuti-40-mm\/#breadcrumb"},"inLanguage":"en-GB","potentialAction":[{"@type":"ReadAction","target":["https:\/\/kinnunen.fi\/tuote\/pehmea-varisuti-40-mm\/"]}]},{"@type":"ImageObject","inLanguage":"en-GB","@id":"https:\/\/kinnunen.fi\/tuote\/pehmea-varisuti-40-mm\/#primaryimage","url":"https:\/\/kinnunen.fi\/wp-content\/uploads\/2021\/10\/Pehmea_varisuti_pieni.jpg","contentUrl":"https:\/\/kinnunen.fi\/wp-content\/uploads\/2021\/10\/Pehmea_varisuti_pieni.jpg","width":1000,"height":1000},{"@type":"BreadcrumbList","@id":"https:\/\/kinnunen.fi\/tuote\/pehmea-varisuti-40-mm\/#breadcrumb","itemListElement":[{"@type":"ListItem","position":1,"name":"Etusivu","item":"https:\/\/kinnunen.fi\/"},{"@type":"ListItem","position":2,"name":"Kaikki tuotteet","item":"https:\/\/kinnunen.fi\/kauppa\/"},{"@type":"ListItem","position":3,"name":"Tarvikkeet","item":"https:\/\/kinnunen.fi\/tuote-osasto\/tarvikkeet\/"},{"@type":"ListItem","position":4,"name":"V\u00e4rj\u00e4ystarvikkeet","item":"https:\/\/kinnunen.fi\/tuote-osasto\/tarvikkeet\/varjaystarvikkeet\/"},{"@type":"ListItem","position":5,"name":"V\u00e4risudit","item":"https:\/\/kinnunen.fi\/tuote-osasto\/tarvikkeet\/varjaystarvikkeet\/varisudit\/"},{"@type":"ListItem","position":6,"name":"Pehme\u00e4 v\u00e4risuti 40 mm"}]},{"@type":"WebSite","@id":"https:\/\/kinnunen.fi\/#website","url":"https:\/\/kinnunen.fi\/","name":"Kinnunen","description":"","potentialAction":[{"@type":"SearchAction","target":{"@type":"EntryPoint","urlTemplate":"https:\/\/kinnunen.fi\/?s={search_term_string}"},"query-input":"required name=search_term_string"}],"inLanguage":"en-GB"}]}},"_links":{"self":[{"href":"https:\/\/kinnunen.fi\/en\/wp-json\/wp\/v2\/product\/5750"}],"collection":[{"href":"https:\/\/kinnunen.fi\/en\/wp-json\/wp\/v2\/product"}],"about":[{"href":"https:\/\/kinnunen.fi\/en\/wp-json\/wp\/v2\/types\/product"}],"replies":[{"embeddable":true,"href":"https:\/\/kinnunen.fi\/en\/wp-json\/wp\/v2\/comments?post=5750"}],"wp:featuredmedia":[{"embeddable":true,"href":"https:\/\/kinnunen.fi\/en\/wp-json\/wp\/v2\/media\/14903"}],"wp:attachment":[{"href":"https:\/\/kinnunen.fi\/en\/wp-json\/wp\/v2\/media?parent=5750"}],"wp:term":[{"taxonomy":"product_cat","embeddable":true,"href":"https:\/\/kinnunen.fi\/en\/wp-json\/wp\/v2\/product_cat?post=5750"},{"taxonomy":"product_tag","embeddable":true,"href":"https:\/\/kinnunen.fi\/en\/wp-json\/wp\/v2\/product_tag?post=5750"}],"curies":[{"name":"wp","href":"https:\/\/api.w.org\/{rel}","templated":true}]}}