

{"id":5799,"date":"2021-10-29T13:29:39","date_gmt":"2021-10-29T10:29:39","guid":{"rendered":"https:\/\/kinnunen.fi\/tuote\/denman-hiuslenkki-paksu-varikas\/"},"modified":"2026-04-19T04:00:21","modified_gmt":"2026-04-19T01:00:21","slug":"denman-hiuslenkki-paksu-varikas","status":"publish","type":"product","link":"https:\/\/kinnunen.fi\/en\/product\/denman-hiuslenkki-paksu-varikas\/","title":{"rendered":"Denman hair bow thick, Colourful"},"content":{"rendered":"<p>No damageTM - no metal fasteners. A great hair loop for attaching a ponytail or braid. Very gentle on hair. 18 pieces per list and thickness 4 mm.<\/p>","protected":false},"excerpt":{"rendered":"<p>No damageTM &#8211; ei metallikiinnikkeit\u00e4. Loistava ponih\u00e4nn\u00e4n tai letin kiinnitykseen tarkoitettu hiuslenkki. Eritt\u00e4in hell\u00e4varainen hiuksille. Listassa 18kpl ja paksuus 4&hellip;<\/p>","protected":false},"featured_media":37615,"comment_status":"closed","ping_status":"closed","template":"","meta":{"_relevanssi_hide_post":"","_relevanssi_pin_for_all":"","_relevanssi_pin_keywords":"","_relevanssi_unpin_keywords":"","_relevanssi_related_keywords":"","_relevanssi_related_include_ids":"","_relevanssi_related_exclude_ids":"","_relevanssi_related_no_append":"","_relevanssi_related_not_related":"","_relevanssi_related_posts":"","_relevanssi_noindex_reason":""},"product_cat":[1762,1822,1824],"product_tag":[],"class_list":["post-5799","product","type-product","status-publish","has-post-thumbnail","hentry","product_cat-tarvikkeet","product_cat-kampaustarvikkeet","product_cat-hiuslenkit","tuotemerkki-denman"],"tuotemerkit":[{"term_id":197,"name":"Denman","slug":"denman","term_group":0,"term_taxonomy_id":197,"taxonomy":"tuotemerkki","description":"","parent":0,"count":34,"filter":"raw"}],"acf":[],"yoast_head":"<!-- This site is optimized with the Yoast SEO plugin v23.3 - https:\/\/yoast.com\/wordpress\/plugins\/seo\/ -->\n<title>Denman hiuslenkki paksu, V\u00e4rik\u00e4s - Kinnunen<\/title>\n<meta name=\"robots\" content=\"index, follow, max-snippet:-1, max-image-preview:large, max-video-preview:-1\" \/>\n<link rel=\"canonical\" href=\"https:\/\/kinnunen.fi\/en\/product\/denman-hiuslenkki-paksu-varikas\/\" \/>\n<meta property=\"og:locale\" content=\"en_GB\" \/>\n<meta property=\"og:type\" content=\"article\" \/>\n<meta property=\"og:title\" content=\"Denman hiuslenkki paksu, V\u00e4rik\u00e4s - Kinnunen\" \/>\n<meta property=\"og:description\" content=\"No damageTM &#8211; ei metallikiinnikkeit\u00e4. Loistava ponih\u00e4nn\u00e4n tai letin kiinnitykseen tarkoitettu hiuslenkki. Eritt\u00e4in hell\u00e4varainen hiuksille. Listassa 18kpl ja paksuus 4&hellip;\" \/>\n<meta property=\"og:url\" content=\"https:\/\/kinnunen.fi\/en\/product\/denman-hiuslenkki-paksu-varikas\/\" \/>\n<meta property=\"og:site_name\" content=\"Kinnunen\" \/>\n<meta property=\"article:modified_time\" content=\"2026-04-19T01:00:21+00:00\" \/>\n<meta property=\"og:image\" content=\"https:\/\/kinnunen.fi\/wp-content\/uploads\/2021\/10\/71015.jpg\" \/>\n\t<meta property=\"og:image:width\" content=\"480\" \/>\n\t<meta property=\"og:image:height\" content=\"580\" \/>\n\t<meta property=\"og:image:type\" content=\"image\/jpeg\" \/>\n<meta name=\"twitter:card\" content=\"summary_large_image\" \/>\n<script type=\"application\/ld+json\" class=\"yoast-schema-graph\">{\"@context\":\"https:\/\/schema.org\",\"@graph\":[{\"@type\":\"WebPage\",\"@id\":\"https:\/\/kinnunen.fi\/tuote\/denman-hiuslenkki-paksu-varikas\/\",\"url\":\"https:\/\/kinnunen.fi\/tuote\/denman-hiuslenkki-paksu-varikas\/\",\"name\":\"Denman hiuslenkki paksu, V\u00e4rik\u00e4s - Kinnunen\",\"isPartOf\":{\"@id\":\"https:\/\/kinnunen.fi\/#website\"},\"primaryImageOfPage\":{\"@id\":\"https:\/\/kinnunen.fi\/tuote\/denman-hiuslenkki-paksu-varikas\/#primaryimage\"},\"image\":{\"@id\":\"https:\/\/kinnunen.fi\/tuote\/denman-hiuslenkki-paksu-varikas\/#primaryimage\"},\"thumbnailUrl\":\"https:\/\/kinnunen.fi\/wp-content\/uploads\/2021\/10\/71015.jpg\",\"datePublished\":\"2021-10-29T10:29:39+00:00\",\"dateModified\":\"2026-04-19T01:00:21+00:00\",\"breadcrumb\":{\"@id\":\"https:\/\/kinnunen.fi\/tuote\/denman-hiuslenkki-paksu-varikas\/#breadcrumb\"},\"inLanguage\":\"en-GB\",\"potentialAction\":[{\"@type\":\"ReadAction\",\"target\":[\"https:\/\/kinnunen.fi\/tuote\/denman-hiuslenkki-paksu-varikas\/\"]}]},{\"@type\":\"ImageObject\",\"inLanguage\":\"en-GB\",\"@id\":\"https:\/\/kinnunen.fi\/tuote\/denman-hiuslenkki-paksu-varikas\/#primaryimage\",\"url\":\"https:\/\/kinnunen.fi\/wp-content\/uploads\/2021\/10\/71015.jpg\",\"contentUrl\":\"https:\/\/kinnunen.fi\/wp-content\/uploads\/2021\/10\/71015.jpg\",\"width\":480,\"height\":580},{\"@type\":\"BreadcrumbList\",\"@id\":\"https:\/\/kinnunen.fi\/tuote\/denman-hiuslenkki-paksu-varikas\/#breadcrumb\",\"itemListElement\":[{\"@type\":\"ListItem\",\"position\":1,\"name\":\"Etusivu\",\"item\":\"https:\/\/kinnunen.fi\/\"},{\"@type\":\"ListItem\",\"position\":2,\"name\":\"Kaikki tuotteet\",\"item\":\"https:\/\/kinnunen.fi\/kauppa\/\"},{\"@type\":\"ListItem\",\"position\":3,\"name\":\"Tarvikkeet\",\"item\":\"https:\/\/kinnunen.fi\/tuote-osasto\/tarvikkeet\/\"},{\"@type\":\"ListItem\",\"position\":4,\"name\":\"Kampaustarvikkeet\",\"item\":\"https:\/\/kinnunen.fi\/tuote-osasto\/tarvikkeet\/kampaustarvikkeet\/\"},{\"@type\":\"ListItem\",\"position\":5,\"name\":\"Hiuslenkit\",\"item\":\"https:\/\/kinnunen.fi\/tuote-osasto\/tarvikkeet\/kampaustarvikkeet\/hiuslenkit\/\"},{\"@type\":\"ListItem\",\"position\":6,\"name\":\"Denman hiuslenkki paksu, V\u00e4rik\u00e4s\"}]},{\"@type\":\"WebSite\",\"@id\":\"https:\/\/kinnunen.fi\/#website\",\"url\":\"https:\/\/kinnunen.fi\/\",\"name\":\"Kinnunen\",\"description\":\"\",\"potentialAction\":[{\"@type\":\"SearchAction\",\"target\":{\"@type\":\"EntryPoint\",\"urlTemplate\":\"https:\/\/kinnunen.fi\/?s={search_term_string}\"},\"query-input\":\"required name=search_term_string\"}],\"inLanguage\":\"en-GB\"}]}<\/script>\n<!-- \/ Yoast SEO plugin. -->","yoast_head_json":{"title":"Denman hiuslenkki paksu, V\u00e4rik\u00e4s - Kinnunen","robots":{"index":"index","follow":"follow","max-snippet":"max-snippet:-1","max-image-preview":"max-image-preview:large","max-video-preview":"max-video-preview:-1"},"canonical":"https:\/\/kinnunen.fi\/en\/product\/denman-hiuslenkki-paksu-varikas\/","og_locale":"en_GB","og_type":"article","og_title":"Denman hiuslenkki paksu, V\u00e4rik\u00e4s - Kinnunen","og_description":"No damageTM &#8211; ei metallikiinnikkeit\u00e4. Loistava ponih\u00e4nn\u00e4n tai letin kiinnitykseen tarkoitettu hiuslenkki. Eritt\u00e4in hell\u00e4varainen hiuksille. Listassa 18kpl ja paksuus 4&hellip;","og_url":"https:\/\/kinnunen.fi\/en\/product\/denman-hiuslenkki-paksu-varikas\/","og_site_name":"Kinnunen","article_modified_time":"2026-04-19T01:00:21+00:00","og_image":[{"width":480,"height":580,"url":"https:\/\/kinnunen.fi\/wp-content\/uploads\/2021\/10\/71015.jpg","type":"image\/jpeg"}],"twitter_card":"summary_large_image","schema":{"@context":"https:\/\/schema.org","@graph":[{"@type":"WebPage","@id":"https:\/\/kinnunen.fi\/tuote\/denman-hiuslenkki-paksu-varikas\/","url":"https:\/\/kinnunen.fi\/tuote\/denman-hiuslenkki-paksu-varikas\/","name":"Denman hiuslenkki paksu, V\u00e4rik\u00e4s - Kinnunen","isPartOf":{"@id":"https:\/\/kinnunen.fi\/#website"},"primaryImageOfPage":{"@id":"https:\/\/kinnunen.fi\/tuote\/denman-hiuslenkki-paksu-varikas\/#primaryimage"},"image":{"@id":"https:\/\/kinnunen.fi\/tuote\/denman-hiuslenkki-paksu-varikas\/#primaryimage"},"thumbnailUrl":"https:\/\/kinnunen.fi\/wp-content\/uploads\/2021\/10\/71015.jpg","datePublished":"2021-10-29T10:29:39+00:00","dateModified":"2026-04-19T01:00:21+00:00","breadcrumb":{"@id":"https:\/\/kinnunen.fi\/tuote\/denman-hiuslenkki-paksu-varikas\/#breadcrumb"},"inLanguage":"en-GB","potentialAction":[{"@type":"ReadAction","target":["https:\/\/kinnunen.fi\/tuote\/denman-hiuslenkki-paksu-varikas\/"]}]},{"@type":"ImageObject","inLanguage":"en-GB","@id":"https:\/\/kinnunen.fi\/tuote\/denman-hiuslenkki-paksu-varikas\/#primaryimage","url":"https:\/\/kinnunen.fi\/wp-content\/uploads\/2021\/10\/71015.jpg","contentUrl":"https:\/\/kinnunen.fi\/wp-content\/uploads\/2021\/10\/71015.jpg","width":480,"height":580},{"@type":"BreadcrumbList","@id":"https:\/\/kinnunen.fi\/tuote\/denman-hiuslenkki-paksu-varikas\/#breadcrumb","itemListElement":[{"@type":"ListItem","position":1,"name":"Etusivu","item":"https:\/\/kinnunen.fi\/"},{"@type":"ListItem","position":2,"name":"Kaikki tuotteet","item":"https:\/\/kinnunen.fi\/kauppa\/"},{"@type":"ListItem","position":3,"name":"Tarvikkeet","item":"https:\/\/kinnunen.fi\/tuote-osasto\/tarvikkeet\/"},{"@type":"ListItem","position":4,"name":"Kampaustarvikkeet","item":"https:\/\/kinnunen.fi\/tuote-osasto\/tarvikkeet\/kampaustarvikkeet\/"},{"@type":"ListItem","position":5,"name":"Hiuslenkit","item":"https:\/\/kinnunen.fi\/tuote-osasto\/tarvikkeet\/kampaustarvikkeet\/hiuslenkit\/"},{"@type":"ListItem","position":6,"name":"Denman hiuslenkki paksu, V\u00e4rik\u00e4s"}]},{"@type":"WebSite","@id":"https:\/\/kinnunen.fi\/#website","url":"https:\/\/kinnunen.fi\/","name":"Kinnunen","description":"","potentialAction":[{"@type":"SearchAction","target":{"@type":"EntryPoint","urlTemplate":"https:\/\/kinnunen.fi\/?s={search_term_string}"},"query-input":"required name=search_term_string"}],"inLanguage":"en-GB"}]}},"_links":{"self":[{"href":"https:\/\/kinnunen.fi\/en\/wp-json\/wp\/v2\/product\/5799"}],"collection":[{"href":"https:\/\/kinnunen.fi\/en\/wp-json\/wp\/v2\/product"}],"about":[{"href":"https:\/\/kinnunen.fi\/en\/wp-json\/wp\/v2\/types\/product"}],"replies":[{"embeddable":true,"href":"https:\/\/kinnunen.fi\/en\/wp-json\/wp\/v2\/comments?post=5799"}],"wp:featuredmedia":[{"embeddable":true,"href":"https:\/\/kinnunen.fi\/en\/wp-json\/wp\/v2\/media\/37615"}],"wp:attachment":[{"href":"https:\/\/kinnunen.fi\/en\/wp-json\/wp\/v2\/media?parent=5799"}],"wp:term":[{"taxonomy":"product_cat","embeddable":true,"href":"https:\/\/kinnunen.fi\/en\/wp-json\/wp\/v2\/product_cat?post=5799"},{"taxonomy":"product_tag","embeddable":true,"href":"https:\/\/kinnunen.fi\/en\/wp-json\/wp\/v2\/product_tag?post=5799"}],"curies":[{"name":"wp","href":"https:\/\/api.w.org\/{rel}","templated":true}]}}