

{"id":5801,"date":"2021-10-29T13:29:39","date_gmt":"2021-10-29T10:29:39","guid":{"rendered":"https:\/\/kinnunen.fi\/tuote\/rullapiikki-valkoinen-65mm-100kpl\/"},"modified":"2026-05-01T04:00:34","modified_gmt":"2026-05-01T01:00:34","slug":"rullapiikki-valkoinen-65mm-100kpl","status":"publish","type":"product","link":"https:\/\/kinnunen.fi\/en\/product\/rullapiikki-valkoinen-65mm-100kpl\/","title":{"rendered":"Roller spike, white, 65mm, 100pcs"},"content":{"rendered":"<p>Classic plastic pins for attaching rollers. Handy and flexible plastic pins are easy to slip through the rollers, keeping the bean curls tightly in place. Gentle on hair. length 65 mm. The package contains 100 pieces of curling pins.<\/p>","protected":false},"excerpt":{"rendered":"<p>Klassiset muoviset kampauspiikit rullien kiinnitykseen. Napakat ja joustavat muovipiikit on helppo sujauttaa rullista l\u00e4pi, pit\u00e4\u00e4 papiljotit tiiviisti paikoillaan. Hell\u00e4varainen hiuksille.&hellip;<\/p>","protected":false},"featured_media":14996,"comment_status":"closed","ping_status":"closed","template":"","meta":{"_relevanssi_hide_post":"","_relevanssi_pin_for_all":"","_relevanssi_pin_keywords":"","_relevanssi_unpin_keywords":"","_relevanssi_related_keywords":"","_relevanssi_related_include_ids":"","_relevanssi_related_exclude_ids":"","_relevanssi_related_no_append":"","_relevanssi_related_not_related":"","_relevanssi_related_posts":"","_relevanssi_noindex_reason":""},"product_cat":[1762,1822,1947],"product_tag":[],"class_list":["post-5801","product","type-product","status-publish","has-post-thumbnail","hentry","product_cat-tarvikkeet","product_cat-kampaustarvikkeet","product_cat-kampausrullat","tuotemerkki-kinnunen"],"tuotemerkit":[{"term_id":177,"name":"Kinnunen","slug":"kinnunen","term_group":0,"term_taxonomy_id":177,"taxonomy":"tuotemerkki","description":"","parent":0,"count":90,"filter":"raw"}],"acf":[],"yoast_head":"<!-- This site is optimized with the Yoast SEO plugin v23.3 - https:\/\/yoast.com\/wordpress\/plugins\/seo\/ -->\n<title>Rullapiikki, valkoinen, 65mm, 100kpl - Kinnunen<\/title>\n<meta name=\"robots\" content=\"index, follow, max-snippet:-1, max-image-preview:large, max-video-preview:-1\" \/>\n<link rel=\"canonical\" href=\"https:\/\/kinnunen.fi\/en\/product\/rullapiikki-valkoinen-65mm-100kpl\/\" \/>\n<meta property=\"og:locale\" content=\"en_GB\" \/>\n<meta property=\"og:type\" content=\"article\" \/>\n<meta property=\"og:title\" content=\"Rullapiikki, valkoinen, 65mm, 100kpl - Kinnunen\" \/>\n<meta property=\"og:description\" content=\"Klassiset muoviset kampauspiikit rullien kiinnitykseen. Napakat ja joustavat muovipiikit on helppo sujauttaa rullista l\u00e4pi, pit\u00e4\u00e4 papiljotit tiiviisti paikoillaan. Hell\u00e4varainen hiuksille.&hellip;\" \/>\n<meta property=\"og:url\" content=\"https:\/\/kinnunen.fi\/en\/product\/rullapiikki-valkoinen-65mm-100kpl\/\" \/>\n<meta property=\"og:site_name\" content=\"Kinnunen\" \/>\n<meta property=\"article:modified_time\" content=\"2026-05-01T01:00:34+00:00\" \/>\n<meta property=\"og:image\" content=\"https:\/\/kinnunen.fi\/wp-content\/uploads\/2021\/10\/rb08c.jpg\" \/>\n\t<meta property=\"og:image:width\" content=\"1000\" \/>\n\t<meta property=\"og:image:height\" content=\"1000\" \/>\n\t<meta property=\"og:image:type\" content=\"image\/jpeg\" \/>\n<meta name=\"twitter:card\" content=\"summary_large_image\" \/>\n<script type=\"application\/ld+json\" class=\"yoast-schema-graph\">{\"@context\":\"https:\/\/schema.org\",\"@graph\":[{\"@type\":\"WebPage\",\"@id\":\"https:\/\/kinnunen.fi\/tuote\/rullapiikki-valkoinen-65mm-100kpl\/\",\"url\":\"https:\/\/kinnunen.fi\/tuote\/rullapiikki-valkoinen-65mm-100kpl\/\",\"name\":\"Rullapiikki, valkoinen, 65mm, 100kpl - Kinnunen\",\"isPartOf\":{\"@id\":\"https:\/\/kinnunen.fi\/#website\"},\"primaryImageOfPage\":{\"@id\":\"https:\/\/kinnunen.fi\/tuote\/rullapiikki-valkoinen-65mm-100kpl\/#primaryimage\"},\"image\":{\"@id\":\"https:\/\/kinnunen.fi\/tuote\/rullapiikki-valkoinen-65mm-100kpl\/#primaryimage\"},\"thumbnailUrl\":\"https:\/\/kinnunen.fi\/wp-content\/uploads\/2021\/10\/rb08c.jpg\",\"datePublished\":\"2021-10-29T10:29:39+00:00\",\"dateModified\":\"2026-05-01T01:00:34+00:00\",\"breadcrumb\":{\"@id\":\"https:\/\/kinnunen.fi\/tuote\/rullapiikki-valkoinen-65mm-100kpl\/#breadcrumb\"},\"inLanguage\":\"en-GB\",\"potentialAction\":[{\"@type\":\"ReadAction\",\"target\":[\"https:\/\/kinnunen.fi\/tuote\/rullapiikki-valkoinen-65mm-100kpl\/\"]}]},{\"@type\":\"ImageObject\",\"inLanguage\":\"en-GB\",\"@id\":\"https:\/\/kinnunen.fi\/tuote\/rullapiikki-valkoinen-65mm-100kpl\/#primaryimage\",\"url\":\"https:\/\/kinnunen.fi\/wp-content\/uploads\/2021\/10\/rb08c.jpg\",\"contentUrl\":\"https:\/\/kinnunen.fi\/wp-content\/uploads\/2021\/10\/rb08c.jpg\",\"width\":1000,\"height\":1000},{\"@type\":\"BreadcrumbList\",\"@id\":\"https:\/\/kinnunen.fi\/tuote\/rullapiikki-valkoinen-65mm-100kpl\/#breadcrumb\",\"itemListElement\":[{\"@type\":\"ListItem\",\"position\":1,\"name\":\"Etusivu\",\"item\":\"https:\/\/kinnunen.fi\/\"},{\"@type\":\"ListItem\",\"position\":2,\"name\":\"Kaikki tuotteet\",\"item\":\"https:\/\/kinnunen.fi\/kauppa\/\"},{\"@type\":\"ListItem\",\"position\":3,\"name\":\"Tarvikkeet\",\"item\":\"https:\/\/kinnunen.fi\/tuote-osasto\/tarvikkeet\/\"},{\"@type\":\"ListItem\",\"position\":4,\"name\":\"Rullapiikki, valkoinen, 65mm, 100kpl\"}]},{\"@type\":\"WebSite\",\"@id\":\"https:\/\/kinnunen.fi\/#website\",\"url\":\"https:\/\/kinnunen.fi\/\",\"name\":\"Kinnunen\",\"description\":\"\",\"potentialAction\":[{\"@type\":\"SearchAction\",\"target\":{\"@type\":\"EntryPoint\",\"urlTemplate\":\"https:\/\/kinnunen.fi\/?s={search_term_string}\"},\"query-input\":\"required name=search_term_string\"}],\"inLanguage\":\"en-GB\"}]}<\/script>\n<!-- \/ Yoast SEO plugin. -->","yoast_head_json":{"title":"Rullapiikki, valkoinen, 65mm, 100kpl - Kinnunen","robots":{"index":"index","follow":"follow","max-snippet":"max-snippet:-1","max-image-preview":"max-image-preview:large","max-video-preview":"max-video-preview:-1"},"canonical":"https:\/\/kinnunen.fi\/en\/product\/rullapiikki-valkoinen-65mm-100kpl\/","og_locale":"en_GB","og_type":"article","og_title":"Rullapiikki, valkoinen, 65mm, 100kpl - Kinnunen","og_description":"Klassiset muoviset kampauspiikit rullien kiinnitykseen. Napakat ja joustavat muovipiikit on helppo sujauttaa rullista l\u00e4pi, pit\u00e4\u00e4 papiljotit tiiviisti paikoillaan. Hell\u00e4varainen hiuksille.&hellip;","og_url":"https:\/\/kinnunen.fi\/en\/product\/rullapiikki-valkoinen-65mm-100kpl\/","og_site_name":"Kinnunen","article_modified_time":"2026-05-01T01:00:34+00:00","og_image":[{"width":1000,"height":1000,"url":"https:\/\/kinnunen.fi\/wp-content\/uploads\/2021\/10\/rb08c.jpg","type":"image\/jpeg"}],"twitter_card":"summary_large_image","schema":{"@context":"https:\/\/schema.org","@graph":[{"@type":"WebPage","@id":"https:\/\/kinnunen.fi\/tuote\/rullapiikki-valkoinen-65mm-100kpl\/","url":"https:\/\/kinnunen.fi\/tuote\/rullapiikki-valkoinen-65mm-100kpl\/","name":"Rullapiikki, valkoinen, 65mm, 100kpl - Kinnunen","isPartOf":{"@id":"https:\/\/kinnunen.fi\/#website"},"primaryImageOfPage":{"@id":"https:\/\/kinnunen.fi\/tuote\/rullapiikki-valkoinen-65mm-100kpl\/#primaryimage"},"image":{"@id":"https:\/\/kinnunen.fi\/tuote\/rullapiikki-valkoinen-65mm-100kpl\/#primaryimage"},"thumbnailUrl":"https:\/\/kinnunen.fi\/wp-content\/uploads\/2021\/10\/rb08c.jpg","datePublished":"2021-10-29T10:29:39+00:00","dateModified":"2026-05-01T01:00:34+00:00","breadcrumb":{"@id":"https:\/\/kinnunen.fi\/tuote\/rullapiikki-valkoinen-65mm-100kpl\/#breadcrumb"},"inLanguage":"en-GB","potentialAction":[{"@type":"ReadAction","target":["https:\/\/kinnunen.fi\/tuote\/rullapiikki-valkoinen-65mm-100kpl\/"]}]},{"@type":"ImageObject","inLanguage":"en-GB","@id":"https:\/\/kinnunen.fi\/tuote\/rullapiikki-valkoinen-65mm-100kpl\/#primaryimage","url":"https:\/\/kinnunen.fi\/wp-content\/uploads\/2021\/10\/rb08c.jpg","contentUrl":"https:\/\/kinnunen.fi\/wp-content\/uploads\/2021\/10\/rb08c.jpg","width":1000,"height":1000},{"@type":"BreadcrumbList","@id":"https:\/\/kinnunen.fi\/tuote\/rullapiikki-valkoinen-65mm-100kpl\/#breadcrumb","itemListElement":[{"@type":"ListItem","position":1,"name":"Etusivu","item":"https:\/\/kinnunen.fi\/"},{"@type":"ListItem","position":2,"name":"Kaikki tuotteet","item":"https:\/\/kinnunen.fi\/kauppa\/"},{"@type":"ListItem","position":3,"name":"Tarvikkeet","item":"https:\/\/kinnunen.fi\/tuote-osasto\/tarvikkeet\/"},{"@type":"ListItem","position":4,"name":"Rullapiikki, valkoinen, 65mm, 100kpl"}]},{"@type":"WebSite","@id":"https:\/\/kinnunen.fi\/#website","url":"https:\/\/kinnunen.fi\/","name":"Kinnunen","description":"","potentialAction":[{"@type":"SearchAction","target":{"@type":"EntryPoint","urlTemplate":"https:\/\/kinnunen.fi\/?s={search_term_string}"},"query-input":"required name=search_term_string"}],"inLanguage":"en-GB"}]}},"_links":{"self":[{"href":"https:\/\/kinnunen.fi\/en\/wp-json\/wp\/v2\/product\/5801"}],"collection":[{"href":"https:\/\/kinnunen.fi\/en\/wp-json\/wp\/v2\/product"}],"about":[{"href":"https:\/\/kinnunen.fi\/en\/wp-json\/wp\/v2\/types\/product"}],"replies":[{"embeddable":true,"href":"https:\/\/kinnunen.fi\/en\/wp-json\/wp\/v2\/comments?post=5801"}],"wp:featuredmedia":[{"embeddable":true,"href":"https:\/\/kinnunen.fi\/en\/wp-json\/wp\/v2\/media\/14996"}],"wp:attachment":[{"href":"https:\/\/kinnunen.fi\/en\/wp-json\/wp\/v2\/media?parent=5801"}],"wp:term":[{"taxonomy":"product_cat","embeddable":true,"href":"https:\/\/kinnunen.fi\/en\/wp-json\/wp\/v2\/product_cat?post=5801"},{"taxonomy":"product_tag","embeddable":true,"href":"https:\/\/kinnunen.fi\/en\/wp-json\/wp\/v2\/product_tag?post=5801"}],"curies":[{"name":"wp","href":"https:\/\/api.w.org\/{rel}","templated":true}]}}