

{"id":5806,"date":"2021-10-29T13:29:39","date_gmt":"2021-10-29T10:29:39","guid":{"rendered":"https:\/\/kinnunen.fi\/tuote\/nepparivalkki-vaalea-18cm\/"},"modified":"2026-05-01T04:00:15","modified_gmt":"2026-05-01T01:00:15","slug":"nepparivalkki-vaalea-18cm","status":"publish","type":"product","link":"https:\/\/kinnunen.fi\/en\/product\/nepparivalkki-vaalea-18cm\/","title":{"rendered":"White napkin light, 18cm"},"content":{"rendered":"<p>The pinwheel is a gentle and easy tool for making a chunky bun. With a bobble whisk, you can easily change your hair style by placing your hair on a bobble at the nape of your neck or on top of your head. Rotate the ponytail towards the head so that the entire ponytail is tightly wrapped around the ponytail. Attach the pin, lay the hair evenly around the ponytail, and finish with pins.You can also wear it straight or as a doughnut. Length straight approx 18cm, diameter 4,5cm.<\/p>","protected":false},"excerpt":{"rendered":"<p>Nepparivalkki on hell\u00e4varainen ja helppo apuv\u00e4line muhkean nutturan tekemiseen. Nepparivalkin avulla voit helposti vaihdella hiustyyli\u00e4si asettamalla hiuksesi nutturalle niskaan tai&hellip;<\/p>","protected":false},"featured_media":34508,"comment_status":"closed","ping_status":"closed","template":"","meta":{"_relevanssi_hide_post":"","_relevanssi_pin_for_all":"","_relevanssi_pin_keywords":"","_relevanssi_unpin_keywords":"","_relevanssi_related_keywords":"","_relevanssi_related_include_ids":"","_relevanssi_related_exclude_ids":"","_relevanssi_related_no_append":"","_relevanssi_related_not_related":"","_relevanssi_related_posts":"","_relevanssi_noindex_reason":""},"product_cat":[1762,1822,1826],"product_tag":[],"class_list":["post-5806","product","type-product","status-publish","has-post-thumbnail","hentry","product_cat-tarvikkeet","product_cat-kampaustarvikkeet","product_cat-valkit","tuotemerkki-efalock","tuotemerkki-labor-pro"],"tuotemerkit":[{"term_id":266,"name":"Efalock","slug":"efalock","term_group":0,"term_taxonomy_id":266,"taxonomy":"tuotemerkki","description":"","parent":0,"count":14,"filter":"raw"},{"term_id":2197,"name":"Labor Pro","slug":"labor-pro","term_group":0,"term_taxonomy_id":2197,"taxonomy":"tuotemerkki","description":"","parent":0,"count":9,"filter":"raw"}],"acf":[],"yoast_head":"<!-- This site is optimized with the Yoast SEO plugin v23.3 - https:\/\/yoast.com\/wordpress\/plugins\/seo\/ -->\n<title>Nepparivalkki vaalea, 18cm - Kinnunen<\/title>\n<meta name=\"robots\" content=\"index, follow, max-snippet:-1, max-image-preview:large, max-video-preview:-1\" \/>\n<link rel=\"canonical\" href=\"https:\/\/kinnunen.fi\/en\/product\/nepparivalkki-vaalea-18cm\/\" \/>\n<meta property=\"og:locale\" content=\"en_GB\" \/>\n<meta property=\"og:type\" content=\"article\" \/>\n<meta property=\"og:title\" content=\"Nepparivalkki vaalea, 18cm - Kinnunen\" \/>\n<meta property=\"og:description\" content=\"Nepparivalkki on hell\u00e4varainen ja helppo apuv\u00e4line muhkean nutturan tekemiseen. Nepparivalkin avulla voit helposti vaihdella hiustyyli\u00e4si asettamalla hiuksesi nutturalle niskaan tai&hellip;\" \/>\n<meta property=\"og:url\" content=\"https:\/\/kinnunen.fi\/en\/product\/nepparivalkki-vaalea-18cm\/\" \/>\n<meta property=\"og:site_name\" content=\"Kinnunen\" \/>\n<meta property=\"article:modified_time\" content=\"2026-05-01T01:00:15+00:00\" \/>\n<meta property=\"og:image\" content=\"https:\/\/kinnunen.fi\/wp-content\/uploads\/2021\/10\/nepparivalkki_18cm_27838.jpg\" \/>\n\t<meta property=\"og:image:width\" content=\"1500\" \/>\n\t<meta property=\"og:image:height\" content=\"1500\" \/>\n\t<meta property=\"og:image:type\" content=\"image\/jpeg\" \/>\n<meta name=\"twitter:card\" content=\"summary_large_image\" \/>\n<script type=\"application\/ld+json\" class=\"yoast-schema-graph\">{\"@context\":\"https:\/\/schema.org\",\"@graph\":[{\"@type\":\"WebPage\",\"@id\":\"https:\/\/kinnunen.fi\/tuote\/nepparivalkki-vaalea-18cm\/\",\"url\":\"https:\/\/kinnunen.fi\/tuote\/nepparivalkki-vaalea-18cm\/\",\"name\":\"Nepparivalkki vaalea, 18cm - Kinnunen\",\"isPartOf\":{\"@id\":\"https:\/\/kinnunen.fi\/#website\"},\"primaryImageOfPage\":{\"@id\":\"https:\/\/kinnunen.fi\/tuote\/nepparivalkki-vaalea-18cm\/#primaryimage\"},\"image\":{\"@id\":\"https:\/\/kinnunen.fi\/tuote\/nepparivalkki-vaalea-18cm\/#primaryimage\"},\"thumbnailUrl\":\"https:\/\/kinnunen.fi\/wp-content\/uploads\/2021\/10\/nepparivalkki_18cm_27838.jpg\",\"datePublished\":\"2021-10-29T10:29:39+00:00\",\"dateModified\":\"2026-05-01T01:00:15+00:00\",\"breadcrumb\":{\"@id\":\"https:\/\/kinnunen.fi\/tuote\/nepparivalkki-vaalea-18cm\/#breadcrumb\"},\"inLanguage\":\"en-GB\",\"potentialAction\":[{\"@type\":\"ReadAction\",\"target\":[\"https:\/\/kinnunen.fi\/tuote\/nepparivalkki-vaalea-18cm\/\"]}]},{\"@type\":\"ImageObject\",\"inLanguage\":\"en-GB\",\"@id\":\"https:\/\/kinnunen.fi\/tuote\/nepparivalkki-vaalea-18cm\/#primaryimage\",\"url\":\"https:\/\/kinnunen.fi\/wp-content\/uploads\/2021\/10\/nepparivalkki_18cm_27838.jpg\",\"contentUrl\":\"https:\/\/kinnunen.fi\/wp-content\/uploads\/2021\/10\/nepparivalkki_18cm_27838.jpg\",\"width\":1500,\"height\":1500},{\"@type\":\"BreadcrumbList\",\"@id\":\"https:\/\/kinnunen.fi\/tuote\/nepparivalkki-vaalea-18cm\/#breadcrumb\",\"itemListElement\":[{\"@type\":\"ListItem\",\"position\":1,\"name\":\"Etusivu\",\"item\":\"https:\/\/kinnunen.fi\/\"},{\"@type\":\"ListItem\",\"position\":2,\"name\":\"Kaikki tuotteet\",\"item\":\"https:\/\/kinnunen.fi\/kauppa\/\"},{\"@type\":\"ListItem\",\"position\":3,\"name\":\"Tarvikkeet\",\"item\":\"https:\/\/kinnunen.fi\/tuote-osasto\/tarvikkeet\/\"},{\"@type\":\"ListItem\",\"position\":4,\"name\":\"Kampaustarvikkeet\",\"item\":\"https:\/\/kinnunen.fi\/tuote-osasto\/tarvikkeet\/kampaustarvikkeet\/\"},{\"@type\":\"ListItem\",\"position\":5,\"name\":\"Valkit\",\"item\":\"https:\/\/kinnunen.fi\/tuote-osasto\/tarvikkeet\/kampaustarvikkeet\/valkit\/\"},{\"@type\":\"ListItem\",\"position\":6,\"name\":\"Nepparivalkki vaalea, 18cm\"}]},{\"@type\":\"WebSite\",\"@id\":\"https:\/\/kinnunen.fi\/#website\",\"url\":\"https:\/\/kinnunen.fi\/\",\"name\":\"Kinnunen\",\"description\":\"\",\"potentialAction\":[{\"@type\":\"SearchAction\",\"target\":{\"@type\":\"EntryPoint\",\"urlTemplate\":\"https:\/\/kinnunen.fi\/?s={search_term_string}\"},\"query-input\":\"required name=search_term_string\"}],\"inLanguage\":\"en-GB\"}]}<\/script>\n<!-- \/ Yoast SEO plugin. -->","yoast_head_json":{"title":"Nepparivalkki vaalea, 18cm - Kinnunen","robots":{"index":"index","follow":"follow","max-snippet":"max-snippet:-1","max-image-preview":"max-image-preview:large","max-video-preview":"max-video-preview:-1"},"canonical":"https:\/\/kinnunen.fi\/en\/product\/nepparivalkki-vaalea-18cm\/","og_locale":"en_GB","og_type":"article","og_title":"Nepparivalkki vaalea, 18cm - Kinnunen","og_description":"Nepparivalkki on hell\u00e4varainen ja helppo apuv\u00e4line muhkean nutturan tekemiseen. Nepparivalkin avulla voit helposti vaihdella hiustyyli\u00e4si asettamalla hiuksesi nutturalle niskaan tai&hellip;","og_url":"https:\/\/kinnunen.fi\/en\/product\/nepparivalkki-vaalea-18cm\/","og_site_name":"Kinnunen","article_modified_time":"2026-05-01T01:00:15+00:00","og_image":[{"width":1500,"height":1500,"url":"https:\/\/kinnunen.fi\/wp-content\/uploads\/2021\/10\/nepparivalkki_18cm_27838.jpg","type":"image\/jpeg"}],"twitter_card":"summary_large_image","schema":{"@context":"https:\/\/schema.org","@graph":[{"@type":"WebPage","@id":"https:\/\/kinnunen.fi\/tuote\/nepparivalkki-vaalea-18cm\/","url":"https:\/\/kinnunen.fi\/tuote\/nepparivalkki-vaalea-18cm\/","name":"Nepparivalkki vaalea, 18cm - Kinnunen","isPartOf":{"@id":"https:\/\/kinnunen.fi\/#website"},"primaryImageOfPage":{"@id":"https:\/\/kinnunen.fi\/tuote\/nepparivalkki-vaalea-18cm\/#primaryimage"},"image":{"@id":"https:\/\/kinnunen.fi\/tuote\/nepparivalkki-vaalea-18cm\/#primaryimage"},"thumbnailUrl":"https:\/\/kinnunen.fi\/wp-content\/uploads\/2021\/10\/nepparivalkki_18cm_27838.jpg","datePublished":"2021-10-29T10:29:39+00:00","dateModified":"2026-05-01T01:00:15+00:00","breadcrumb":{"@id":"https:\/\/kinnunen.fi\/tuote\/nepparivalkki-vaalea-18cm\/#breadcrumb"},"inLanguage":"en-GB","potentialAction":[{"@type":"ReadAction","target":["https:\/\/kinnunen.fi\/tuote\/nepparivalkki-vaalea-18cm\/"]}]},{"@type":"ImageObject","inLanguage":"en-GB","@id":"https:\/\/kinnunen.fi\/tuote\/nepparivalkki-vaalea-18cm\/#primaryimage","url":"https:\/\/kinnunen.fi\/wp-content\/uploads\/2021\/10\/nepparivalkki_18cm_27838.jpg","contentUrl":"https:\/\/kinnunen.fi\/wp-content\/uploads\/2021\/10\/nepparivalkki_18cm_27838.jpg","width":1500,"height":1500},{"@type":"BreadcrumbList","@id":"https:\/\/kinnunen.fi\/tuote\/nepparivalkki-vaalea-18cm\/#breadcrumb","itemListElement":[{"@type":"ListItem","position":1,"name":"Etusivu","item":"https:\/\/kinnunen.fi\/"},{"@type":"ListItem","position":2,"name":"Kaikki tuotteet","item":"https:\/\/kinnunen.fi\/kauppa\/"},{"@type":"ListItem","position":3,"name":"Tarvikkeet","item":"https:\/\/kinnunen.fi\/tuote-osasto\/tarvikkeet\/"},{"@type":"ListItem","position":4,"name":"Kampaustarvikkeet","item":"https:\/\/kinnunen.fi\/tuote-osasto\/tarvikkeet\/kampaustarvikkeet\/"},{"@type":"ListItem","position":5,"name":"Valkit","item":"https:\/\/kinnunen.fi\/tuote-osasto\/tarvikkeet\/kampaustarvikkeet\/valkit\/"},{"@type":"ListItem","position":6,"name":"Nepparivalkki vaalea, 18cm"}]},{"@type":"WebSite","@id":"https:\/\/kinnunen.fi\/#website","url":"https:\/\/kinnunen.fi\/","name":"Kinnunen","description":"","potentialAction":[{"@type":"SearchAction","target":{"@type":"EntryPoint","urlTemplate":"https:\/\/kinnunen.fi\/?s={search_term_string}"},"query-input":"required name=search_term_string"}],"inLanguage":"en-GB"}]}},"_links":{"self":[{"href":"https:\/\/kinnunen.fi\/en\/wp-json\/wp\/v2\/product\/5806"}],"collection":[{"href":"https:\/\/kinnunen.fi\/en\/wp-json\/wp\/v2\/product"}],"about":[{"href":"https:\/\/kinnunen.fi\/en\/wp-json\/wp\/v2\/types\/product"}],"replies":[{"embeddable":true,"href":"https:\/\/kinnunen.fi\/en\/wp-json\/wp\/v2\/comments?post=5806"}],"wp:featuredmedia":[{"embeddable":true,"href":"https:\/\/kinnunen.fi\/en\/wp-json\/wp\/v2\/media\/34508"}],"wp:attachment":[{"href":"https:\/\/kinnunen.fi\/en\/wp-json\/wp\/v2\/media?parent=5806"}],"wp:term":[{"taxonomy":"product_cat","embeddable":true,"href":"https:\/\/kinnunen.fi\/en\/wp-json\/wp\/v2\/product_cat?post=5806"},{"taxonomy":"product_tag","embeddable":true,"href":"https:\/\/kinnunen.fi\/en\/wp-json\/wp\/v2\/product_tag?post=5806"}],"curies":[{"name":"wp","href":"https:\/\/api.w.org\/{rel}","templated":true}]}}