

{"id":5823,"date":"2021-10-29T13:29:55","date_gmt":"2021-10-29T10:29:55","guid":{"rendered":"https:\/\/kinnunen.fi\/tuote\/nivelklipsi-ruusukulta\/"},"modified":"2026-04-30T04:00:17","modified_gmt":"2026-04-30T01:00:17","slug":"nivelklipsi-ruusukulta","status":"publish","type":"product","link":"https:\/\/kinnunen.fi\/en\/product\/nivelklipsi-ruusukulta\/","title":{"rendered":"Joint clip, rose gold"},"content":{"rendered":"<p>Rose petal coloured joint clips for hairdressing. The tight grip of the clip holds hair securely in place during styling. Their serration and flexible joint ensure that thin and slippery hair or thick and coarse hair does not slip out of the clip. Made of highly durable plastic. Pack size 4 pcs. Length 11,5 cm.<\/p>","protected":false},"excerpt":{"rendered":"<p>Ruusunkullan v\u00e4riset nivelklipsit kampaamoty\u00f6skentelyyn. Nivelklipsin napakka puristus pit\u00e4\u00e4 hiukset varmasti paikallaan muotoilun aikana. Niiden hammastus ja joustonivel takaavat etteiv\u00e4t ohuet&hellip;<\/p>","protected":false},"featured_media":13884,"comment_status":"closed","ping_status":"closed","template":"","meta":{"_relevanssi_hide_post":"","_relevanssi_pin_for_all":"","_relevanssi_pin_keywords":"","_relevanssi_unpin_keywords":"","_relevanssi_related_keywords":"","_relevanssi_related_include_ids":"","_relevanssi_related_exclude_ids":"","_relevanssi_related_no_append":"","_relevanssi_related_not_related":"","_relevanssi_related_posts":"","_relevanssi_noindex_reason":""},"product_cat":[1762,1828],"product_tag":[],"class_list":["post-5823","product","type-product","status-publish","has-post-thumbnail","hentry","product_cat-tarvikkeet","product_cat-klipsit"],"tuotemerkit":[],"acf":[],"yoast_head":"<!-- This site is optimized with the Yoast SEO plugin v23.3 - https:\/\/yoast.com\/wordpress\/plugins\/seo\/ -->\n<title>Nivelklipsi, ruusukulta - Kinnunen<\/title>\n<meta name=\"robots\" content=\"index, follow, max-snippet:-1, max-image-preview:large, max-video-preview:-1\" \/>\n<link rel=\"canonical\" href=\"https:\/\/kinnunen.fi\/en\/product\/nivelklipsi-ruusukulta\/\" \/>\n<meta property=\"og:locale\" content=\"en_GB\" \/>\n<meta property=\"og:type\" content=\"article\" \/>\n<meta property=\"og:title\" content=\"Nivelklipsi, ruusukulta - Kinnunen\" \/>\n<meta property=\"og:description\" content=\"Ruusunkullan v\u00e4riset nivelklipsit kampaamoty\u00f6skentelyyn. Nivelklipsin napakka puristus pit\u00e4\u00e4 hiukset varmasti paikallaan muotoilun aikana. Niiden hammastus ja joustonivel takaavat etteiv\u00e4t ohuet&hellip;\" \/>\n<meta property=\"og:url\" content=\"https:\/\/kinnunen.fi\/en\/product\/nivelklipsi-ruusukulta\/\" \/>\n<meta property=\"og:site_name\" content=\"Kinnunen\" \/>\n<meta property=\"article:modified_time\" content=\"2026-04-30T01:00:17+00:00\" \/>\n<meta property=\"og:image\" content=\"https:\/\/kinnunen.fi\/wp-content\/uploads\/2021\/10\/500023.jpg\" \/>\n\t<meta property=\"og:image:width\" content=\"1000\" \/>\n\t<meta property=\"og:image:height\" content=\"1000\" \/>\n\t<meta property=\"og:image:type\" content=\"image\/jpeg\" \/>\n<meta name=\"twitter:card\" content=\"summary_large_image\" \/>\n<script type=\"application\/ld+json\" class=\"yoast-schema-graph\">{\"@context\":\"https:\/\/schema.org\",\"@graph\":[{\"@type\":\"WebPage\",\"@id\":\"https:\/\/kinnunen.fi\/tuote\/nivelklipsi-ruusukulta\/\",\"url\":\"https:\/\/kinnunen.fi\/tuote\/nivelklipsi-ruusukulta\/\",\"name\":\"Nivelklipsi, ruusukulta - Kinnunen\",\"isPartOf\":{\"@id\":\"https:\/\/kinnunen.fi\/#website\"},\"primaryImageOfPage\":{\"@id\":\"https:\/\/kinnunen.fi\/tuote\/nivelklipsi-ruusukulta\/#primaryimage\"},\"image\":{\"@id\":\"https:\/\/kinnunen.fi\/tuote\/nivelklipsi-ruusukulta\/#primaryimage\"},\"thumbnailUrl\":\"https:\/\/kinnunen.fi\/wp-content\/uploads\/2021\/10\/500023.jpg\",\"datePublished\":\"2021-10-29T10:29:55+00:00\",\"dateModified\":\"2026-04-30T01:00:17+00:00\",\"breadcrumb\":{\"@id\":\"https:\/\/kinnunen.fi\/tuote\/nivelklipsi-ruusukulta\/#breadcrumb\"},\"inLanguage\":\"en-GB\",\"potentialAction\":[{\"@type\":\"ReadAction\",\"target\":[\"https:\/\/kinnunen.fi\/tuote\/nivelklipsi-ruusukulta\/\"]}]},{\"@type\":\"ImageObject\",\"inLanguage\":\"en-GB\",\"@id\":\"https:\/\/kinnunen.fi\/tuote\/nivelklipsi-ruusukulta\/#primaryimage\",\"url\":\"https:\/\/kinnunen.fi\/wp-content\/uploads\/2021\/10\/500023.jpg\",\"contentUrl\":\"https:\/\/kinnunen.fi\/wp-content\/uploads\/2021\/10\/500023.jpg\",\"width\":1000,\"height\":1000},{\"@type\":\"BreadcrumbList\",\"@id\":\"https:\/\/kinnunen.fi\/tuote\/nivelklipsi-ruusukulta\/#breadcrumb\",\"itemListElement\":[{\"@type\":\"ListItem\",\"position\":1,\"name\":\"Etusivu\",\"item\":\"https:\/\/kinnunen.fi\/\"},{\"@type\":\"ListItem\",\"position\":2,\"name\":\"Kaikki tuotteet\",\"item\":\"https:\/\/kinnunen.fi\/kauppa\/\"},{\"@type\":\"ListItem\",\"position\":3,\"name\":\"Tarvikkeet\",\"item\":\"https:\/\/kinnunen.fi\/tuote-osasto\/tarvikkeet\/\"},{\"@type\":\"ListItem\",\"position\":4,\"name\":\"Klipsit\",\"item\":\"https:\/\/kinnunen.fi\/tuote-osasto\/tarvikkeet\/klipsit\/\"},{\"@type\":\"ListItem\",\"position\":5,\"name\":\"Nivelklipsi, ruusukulta\"}]},{\"@type\":\"WebSite\",\"@id\":\"https:\/\/kinnunen.fi\/#website\",\"url\":\"https:\/\/kinnunen.fi\/\",\"name\":\"Kinnunen\",\"description\":\"\",\"potentialAction\":[{\"@type\":\"SearchAction\",\"target\":{\"@type\":\"EntryPoint\",\"urlTemplate\":\"https:\/\/kinnunen.fi\/?s={search_term_string}\"},\"query-input\":\"required name=search_term_string\"}],\"inLanguage\":\"en-GB\"}]}<\/script>\n<!-- \/ Yoast SEO plugin. -->","yoast_head_json":{"title":"Nivelklipsi, ruusukulta - Kinnunen","robots":{"index":"index","follow":"follow","max-snippet":"max-snippet:-1","max-image-preview":"max-image-preview:large","max-video-preview":"max-video-preview:-1"},"canonical":"https:\/\/kinnunen.fi\/en\/product\/nivelklipsi-ruusukulta\/","og_locale":"en_GB","og_type":"article","og_title":"Nivelklipsi, ruusukulta - Kinnunen","og_description":"Ruusunkullan v\u00e4riset nivelklipsit kampaamoty\u00f6skentelyyn. Nivelklipsin napakka puristus pit\u00e4\u00e4 hiukset varmasti paikallaan muotoilun aikana. Niiden hammastus ja joustonivel takaavat etteiv\u00e4t ohuet&hellip;","og_url":"https:\/\/kinnunen.fi\/en\/product\/nivelklipsi-ruusukulta\/","og_site_name":"Kinnunen","article_modified_time":"2026-04-30T01:00:17+00:00","og_image":[{"width":1000,"height":1000,"url":"https:\/\/kinnunen.fi\/wp-content\/uploads\/2021\/10\/500023.jpg","type":"image\/jpeg"}],"twitter_card":"summary_large_image","schema":{"@context":"https:\/\/schema.org","@graph":[{"@type":"WebPage","@id":"https:\/\/kinnunen.fi\/tuote\/nivelklipsi-ruusukulta\/","url":"https:\/\/kinnunen.fi\/tuote\/nivelklipsi-ruusukulta\/","name":"Nivelklipsi, ruusukulta - Kinnunen","isPartOf":{"@id":"https:\/\/kinnunen.fi\/#website"},"primaryImageOfPage":{"@id":"https:\/\/kinnunen.fi\/tuote\/nivelklipsi-ruusukulta\/#primaryimage"},"image":{"@id":"https:\/\/kinnunen.fi\/tuote\/nivelklipsi-ruusukulta\/#primaryimage"},"thumbnailUrl":"https:\/\/kinnunen.fi\/wp-content\/uploads\/2021\/10\/500023.jpg","datePublished":"2021-10-29T10:29:55+00:00","dateModified":"2026-04-30T01:00:17+00:00","breadcrumb":{"@id":"https:\/\/kinnunen.fi\/tuote\/nivelklipsi-ruusukulta\/#breadcrumb"},"inLanguage":"en-GB","potentialAction":[{"@type":"ReadAction","target":["https:\/\/kinnunen.fi\/tuote\/nivelklipsi-ruusukulta\/"]}]},{"@type":"ImageObject","inLanguage":"en-GB","@id":"https:\/\/kinnunen.fi\/tuote\/nivelklipsi-ruusukulta\/#primaryimage","url":"https:\/\/kinnunen.fi\/wp-content\/uploads\/2021\/10\/500023.jpg","contentUrl":"https:\/\/kinnunen.fi\/wp-content\/uploads\/2021\/10\/500023.jpg","width":1000,"height":1000},{"@type":"BreadcrumbList","@id":"https:\/\/kinnunen.fi\/tuote\/nivelklipsi-ruusukulta\/#breadcrumb","itemListElement":[{"@type":"ListItem","position":1,"name":"Etusivu","item":"https:\/\/kinnunen.fi\/"},{"@type":"ListItem","position":2,"name":"Kaikki tuotteet","item":"https:\/\/kinnunen.fi\/kauppa\/"},{"@type":"ListItem","position":3,"name":"Tarvikkeet","item":"https:\/\/kinnunen.fi\/tuote-osasto\/tarvikkeet\/"},{"@type":"ListItem","position":4,"name":"Klipsit","item":"https:\/\/kinnunen.fi\/tuote-osasto\/tarvikkeet\/klipsit\/"},{"@type":"ListItem","position":5,"name":"Nivelklipsi, ruusukulta"}]},{"@type":"WebSite","@id":"https:\/\/kinnunen.fi\/#website","url":"https:\/\/kinnunen.fi\/","name":"Kinnunen","description":"","potentialAction":[{"@type":"SearchAction","target":{"@type":"EntryPoint","urlTemplate":"https:\/\/kinnunen.fi\/?s={search_term_string}"},"query-input":"required name=search_term_string"}],"inLanguage":"en-GB"}]}},"_links":{"self":[{"href":"https:\/\/kinnunen.fi\/en\/wp-json\/wp\/v2\/product\/5823"}],"collection":[{"href":"https:\/\/kinnunen.fi\/en\/wp-json\/wp\/v2\/product"}],"about":[{"href":"https:\/\/kinnunen.fi\/en\/wp-json\/wp\/v2\/types\/product"}],"replies":[{"embeddable":true,"href":"https:\/\/kinnunen.fi\/en\/wp-json\/wp\/v2\/comments?post=5823"}],"wp:featuredmedia":[{"embeddable":true,"href":"https:\/\/kinnunen.fi\/en\/wp-json\/wp\/v2\/media\/13884"}],"wp:attachment":[{"href":"https:\/\/kinnunen.fi\/en\/wp-json\/wp\/v2\/media?parent=5823"}],"wp:term":[{"taxonomy":"product_cat","embeddable":true,"href":"https:\/\/kinnunen.fi\/en\/wp-json\/wp\/v2\/product_cat?post=5823"},{"taxonomy":"product_tag","embeddable":true,"href":"https:\/\/kinnunen.fi\/en\/wp-json\/wp\/v2\/product_tag?post=5823"}],"curies":[{"name":"wp","href":"https:\/\/api.w.org\/{rel}","templated":true}]}}