

{"id":5855,"date":"2021-10-29T13:30:26","date_gmt":"2021-10-29T10:30:26","guid":{"rendered":"https:\/\/kinnunen.fi\/tuote\/froteepyyhe-musta-kinnunen\/"},"modified":"2026-05-03T04:00:17","modified_gmt":"2026-05-03T01:00:17","slug":"froteepyyhe-musta-kinnunen","status":"publish","type":"product","link":"https:\/\/kinnunen.fi\/en\/product\/froteepyyhe-musta-kinnunen\/","title":{"rendered":"Towel black, Kinnunen"},"content":{"rendered":"<p>Terry towel, cotton. Size 50 * 90 cm. Towel treated with a dyeing technique resistant to bleaching agents. Washing at 60 degrees, ironing and tumble drying at low temperature.<\/p>","protected":false},"excerpt":{"rendered":"<p>Froteepyyhe, puuvillaa. Koko 50 * 90 cm. Pyyhe k\u00e4sitelty v\u00e4rj\u00e4ystekniikalla, joka kest\u00e4\u00e4 vaalennusaineita. Pesu 60 asteessa, silitys ja rumpukuivaus matalassa&hellip;<\/p>","protected":false},"featured_media":13875,"comment_status":"closed","ping_status":"open","template":"","meta":{"_relevanssi_hide_post":"","_relevanssi_pin_for_all":"","_relevanssi_pin_keywords":"","_relevanssi_unpin_keywords":"","_relevanssi_related_keywords":"","_relevanssi_related_include_ids":"","_relevanssi_related_exclude_ids":"","_relevanssi_related_no_append":"","_relevanssi_related_not_related":"","_relevanssi_related_posts":"","_relevanssi_noindex_reason":""},"product_cat":[1762,1831],"product_tag":[],"class_list":["post-5855","product","type-product","status-publish","has-post-thumbnail","hentry","product_cat-tarvikkeet","product_cat-pyyhkeet"],"tuotemerkit":[],"acf":[],"yoast_head":"<!-- This site is optimized with the Yoast SEO plugin v23.3 - https:\/\/yoast.com\/wordpress\/plugins\/seo\/ -->\n<title>Froteepyyhe musta, Kinnunen - Kinnunen<\/title>\n<meta name=\"robots\" content=\"index, follow, max-snippet:-1, max-image-preview:large, max-video-preview:-1\" \/>\n<link rel=\"canonical\" href=\"https:\/\/kinnunen.fi\/en\/product\/froteepyyhe-musta-kinnunen\/\" \/>\n<meta property=\"og:locale\" content=\"en_GB\" \/>\n<meta property=\"og:type\" content=\"article\" \/>\n<meta property=\"og:title\" content=\"Froteepyyhe musta, Kinnunen - Kinnunen\" \/>\n<meta property=\"og:description\" content=\"Froteepyyhe, puuvillaa. Koko 50 * 90 cm. Pyyhe k\u00e4sitelty v\u00e4rj\u00e4ystekniikalla, joka kest\u00e4\u00e4 vaalennusaineita. Pesu 60 asteessa, silitys ja rumpukuivaus matalassa&hellip;\" \/>\n<meta property=\"og:url\" content=\"https:\/\/kinnunen.fi\/en\/product\/froteepyyhe-musta-kinnunen\/\" \/>\n<meta property=\"og:site_name\" content=\"Kinnunen\" \/>\n<meta property=\"article:modified_time\" content=\"2026-05-03T01:00:17+00:00\" \/>\n<meta property=\"og:image\" content=\"https:\/\/kinnunen.fi\/wp-content\/uploads\/2021\/10\/500000_IMG_0089.jpg\" \/>\n\t<meta property=\"og:image:width\" content=\"1000\" \/>\n\t<meta property=\"og:image:height\" content=\"1000\" \/>\n\t<meta property=\"og:image:type\" content=\"image\/jpeg\" \/>\n<meta name=\"twitter:card\" content=\"summary_large_image\" \/>\n<script type=\"application\/ld+json\" class=\"yoast-schema-graph\">{\"@context\":\"https:\/\/schema.org\",\"@graph\":[{\"@type\":\"WebPage\",\"@id\":\"https:\/\/kinnunen.fi\/tuote\/froteepyyhe-musta-kinnunen\/\",\"url\":\"https:\/\/kinnunen.fi\/tuote\/froteepyyhe-musta-kinnunen\/\",\"name\":\"Froteepyyhe musta, Kinnunen - Kinnunen\",\"isPartOf\":{\"@id\":\"https:\/\/kinnunen.fi\/#website\"},\"primaryImageOfPage\":{\"@id\":\"https:\/\/kinnunen.fi\/tuote\/froteepyyhe-musta-kinnunen\/#primaryimage\"},\"image\":{\"@id\":\"https:\/\/kinnunen.fi\/tuote\/froteepyyhe-musta-kinnunen\/#primaryimage\"},\"thumbnailUrl\":\"https:\/\/kinnunen.fi\/wp-content\/uploads\/2021\/10\/500000_IMG_0089.jpg\",\"datePublished\":\"2021-10-29T10:30:26+00:00\",\"dateModified\":\"2026-05-03T01:00:17+00:00\",\"breadcrumb\":{\"@id\":\"https:\/\/kinnunen.fi\/tuote\/froteepyyhe-musta-kinnunen\/#breadcrumb\"},\"inLanguage\":\"en-GB\",\"potentialAction\":[{\"@type\":\"ReadAction\",\"target\":[\"https:\/\/kinnunen.fi\/tuote\/froteepyyhe-musta-kinnunen\/\"]}]},{\"@type\":\"ImageObject\",\"inLanguage\":\"en-GB\",\"@id\":\"https:\/\/kinnunen.fi\/tuote\/froteepyyhe-musta-kinnunen\/#primaryimage\",\"url\":\"https:\/\/kinnunen.fi\/wp-content\/uploads\/2021\/10\/500000_IMG_0089.jpg\",\"contentUrl\":\"https:\/\/kinnunen.fi\/wp-content\/uploads\/2021\/10\/500000_IMG_0089.jpg\",\"width\":1000,\"height\":1000},{\"@type\":\"BreadcrumbList\",\"@id\":\"https:\/\/kinnunen.fi\/tuote\/froteepyyhe-musta-kinnunen\/#breadcrumb\",\"itemListElement\":[{\"@type\":\"ListItem\",\"position\":1,\"name\":\"Etusivu\",\"item\":\"https:\/\/kinnunen.fi\/\"},{\"@type\":\"ListItem\",\"position\":2,\"name\":\"Kaikki tuotteet\",\"item\":\"https:\/\/kinnunen.fi\/kauppa\/\"},{\"@type\":\"ListItem\",\"position\":3,\"name\":\"Tarvikkeet\",\"item\":\"https:\/\/kinnunen.fi\/tuote-osasto\/tarvikkeet\/\"},{\"@type\":\"ListItem\",\"position\":4,\"name\":\"Pyyhkeet\",\"item\":\"https:\/\/kinnunen.fi\/tuote-osasto\/tarvikkeet\/pyyhkeet\/\"},{\"@type\":\"ListItem\",\"position\":5,\"name\":\"Froteepyyhe musta, Kinnunen\"}]},{\"@type\":\"WebSite\",\"@id\":\"https:\/\/kinnunen.fi\/#website\",\"url\":\"https:\/\/kinnunen.fi\/\",\"name\":\"Kinnunen\",\"description\":\"\",\"potentialAction\":[{\"@type\":\"SearchAction\",\"target\":{\"@type\":\"EntryPoint\",\"urlTemplate\":\"https:\/\/kinnunen.fi\/?s={search_term_string}\"},\"query-input\":\"required name=search_term_string\"}],\"inLanguage\":\"en-GB\"}]}<\/script>\n<!-- \/ Yoast SEO plugin. -->","yoast_head_json":{"title":"Froteepyyhe musta, Kinnunen - Kinnunen","robots":{"index":"index","follow":"follow","max-snippet":"max-snippet:-1","max-image-preview":"max-image-preview:large","max-video-preview":"max-video-preview:-1"},"canonical":"https:\/\/kinnunen.fi\/en\/product\/froteepyyhe-musta-kinnunen\/","og_locale":"en_GB","og_type":"article","og_title":"Froteepyyhe musta, Kinnunen - Kinnunen","og_description":"Froteepyyhe, puuvillaa. Koko 50 * 90 cm. Pyyhe k\u00e4sitelty v\u00e4rj\u00e4ystekniikalla, joka kest\u00e4\u00e4 vaalennusaineita. Pesu 60 asteessa, silitys ja rumpukuivaus matalassa&hellip;","og_url":"https:\/\/kinnunen.fi\/en\/product\/froteepyyhe-musta-kinnunen\/","og_site_name":"Kinnunen","article_modified_time":"2026-05-03T01:00:17+00:00","og_image":[{"width":1000,"height":1000,"url":"https:\/\/kinnunen.fi\/wp-content\/uploads\/2021\/10\/500000_IMG_0089.jpg","type":"image\/jpeg"}],"twitter_card":"summary_large_image","schema":{"@context":"https:\/\/schema.org","@graph":[{"@type":"WebPage","@id":"https:\/\/kinnunen.fi\/tuote\/froteepyyhe-musta-kinnunen\/","url":"https:\/\/kinnunen.fi\/tuote\/froteepyyhe-musta-kinnunen\/","name":"Froteepyyhe musta, Kinnunen - Kinnunen","isPartOf":{"@id":"https:\/\/kinnunen.fi\/#website"},"primaryImageOfPage":{"@id":"https:\/\/kinnunen.fi\/tuote\/froteepyyhe-musta-kinnunen\/#primaryimage"},"image":{"@id":"https:\/\/kinnunen.fi\/tuote\/froteepyyhe-musta-kinnunen\/#primaryimage"},"thumbnailUrl":"https:\/\/kinnunen.fi\/wp-content\/uploads\/2021\/10\/500000_IMG_0089.jpg","datePublished":"2021-10-29T10:30:26+00:00","dateModified":"2026-05-03T01:00:17+00:00","breadcrumb":{"@id":"https:\/\/kinnunen.fi\/tuote\/froteepyyhe-musta-kinnunen\/#breadcrumb"},"inLanguage":"en-GB","potentialAction":[{"@type":"ReadAction","target":["https:\/\/kinnunen.fi\/tuote\/froteepyyhe-musta-kinnunen\/"]}]},{"@type":"ImageObject","inLanguage":"en-GB","@id":"https:\/\/kinnunen.fi\/tuote\/froteepyyhe-musta-kinnunen\/#primaryimage","url":"https:\/\/kinnunen.fi\/wp-content\/uploads\/2021\/10\/500000_IMG_0089.jpg","contentUrl":"https:\/\/kinnunen.fi\/wp-content\/uploads\/2021\/10\/500000_IMG_0089.jpg","width":1000,"height":1000},{"@type":"BreadcrumbList","@id":"https:\/\/kinnunen.fi\/tuote\/froteepyyhe-musta-kinnunen\/#breadcrumb","itemListElement":[{"@type":"ListItem","position":1,"name":"Etusivu","item":"https:\/\/kinnunen.fi\/"},{"@type":"ListItem","position":2,"name":"Kaikki tuotteet","item":"https:\/\/kinnunen.fi\/kauppa\/"},{"@type":"ListItem","position":3,"name":"Tarvikkeet","item":"https:\/\/kinnunen.fi\/tuote-osasto\/tarvikkeet\/"},{"@type":"ListItem","position":4,"name":"Pyyhkeet","item":"https:\/\/kinnunen.fi\/tuote-osasto\/tarvikkeet\/pyyhkeet\/"},{"@type":"ListItem","position":5,"name":"Froteepyyhe musta, Kinnunen"}]},{"@type":"WebSite","@id":"https:\/\/kinnunen.fi\/#website","url":"https:\/\/kinnunen.fi\/","name":"Kinnunen","description":"","potentialAction":[{"@type":"SearchAction","target":{"@type":"EntryPoint","urlTemplate":"https:\/\/kinnunen.fi\/?s={search_term_string}"},"query-input":"required name=search_term_string"}],"inLanguage":"en-GB"}]}},"_links":{"self":[{"href":"https:\/\/kinnunen.fi\/en\/wp-json\/wp\/v2\/product\/5855"}],"collection":[{"href":"https:\/\/kinnunen.fi\/en\/wp-json\/wp\/v2\/product"}],"about":[{"href":"https:\/\/kinnunen.fi\/en\/wp-json\/wp\/v2\/types\/product"}],"replies":[{"embeddable":true,"href":"https:\/\/kinnunen.fi\/en\/wp-json\/wp\/v2\/comments?post=5855"}],"wp:featuredmedia":[{"embeddable":true,"href":"https:\/\/kinnunen.fi\/en\/wp-json\/wp\/v2\/media\/13875"}],"wp:attachment":[{"href":"https:\/\/kinnunen.fi\/en\/wp-json\/wp\/v2\/media?parent=5855"}],"wp:term":[{"taxonomy":"product_cat","embeddable":true,"href":"https:\/\/kinnunen.fi\/en\/wp-json\/wp\/v2\/product_cat?post=5855"},{"taxonomy":"product_tag","embeddable":true,"href":"https:\/\/kinnunen.fi\/en\/wp-json\/wp\/v2\/product_tag?post=5855"}],"curies":[{"name":"wp","href":"https:\/\/api.w.org\/{rel}","templated":true}]}}