

{"id":5856,"date":"2021-10-29T13:30:26","date_gmt":"2021-10-29T10:30:26","guid":{"rendered":"https:\/\/kinnunen.fi\/tuote\/invincible-pyyhe-50-x-80-cm-valkoinen\/"},"modified":"2026-05-03T04:00:15","modified_gmt":"2026-05-03T01:00:15","slug":"invincible-pyyhe-50-x-80-cm-valkoinen","status":"publish","type":"product","link":"https:\/\/kinnunen.fi\/en\/product\/invincible-pyyhe-50-x-80-cm-valkoinen\/","title":{"rendered":"Invincible towel, 50 x 80 cm, white"},"content":{"rendered":"<p>High quality and durable towels for professional use. Special material that repels bleach, dirt and dye. Wipes stay spotless, clean and absorbent for longer. Wash at 90 degrees, iron on warm, tumble dry. Towel size 50 x 80 cm.<\/p>","protected":false},"excerpt":{"rendered":"<p>Korkealaatuiset ja kest\u00e4v\u00e4t pyyhkeet ammattik\u00e4ytt\u00f6\u00f6n. Erityismateriaalia, joka hylkii vaalennusaineita, likaa ja v\u00e4ri\u00e4. Pyyhkeet s\u00e4ilyv\u00e4t tahrattomina, siistein\u00e4 ja imukykyisempin\u00e4 pidemp\u00e4\u00e4n. Pesu&hellip;<\/p>","protected":false},"featured_media":14508,"comment_status":"closed","ping_status":"open","template":"","meta":{"_relevanssi_hide_post":"","_relevanssi_pin_for_all":"","_relevanssi_pin_keywords":"","_relevanssi_unpin_keywords":"","_relevanssi_related_keywords":"","_relevanssi_related_include_ids":"","_relevanssi_related_exclude_ids":"","_relevanssi_related_no_append":"","_relevanssi_related_not_related":"","_relevanssi_related_posts":"","_relevanssi_noindex_reason":""},"product_cat":[1762,1831],"product_tag":[],"class_list":["post-5856","product","type-product","status-publish","has-post-thumbnail","hentry","product_cat-tarvikkeet","product_cat-pyyhkeet"],"tuotemerkit":[],"acf":[],"yoast_head":"<!-- This site is optimized with the Yoast SEO plugin v23.3 - https:\/\/yoast.com\/wordpress\/plugins\/seo\/ -->\n<title>Invincible pyyhe, 50 x 80 cm, valkoinen - Kinnunen<\/title>\n<meta name=\"robots\" content=\"index, follow, max-snippet:-1, max-image-preview:large, max-video-preview:-1\" \/>\n<link rel=\"canonical\" href=\"https:\/\/kinnunen.fi\/en\/product\/invincible-pyyhe-50-x-80-cm-valkoinen\/\" \/>\n<meta property=\"og:locale\" content=\"en_GB\" \/>\n<meta property=\"og:type\" content=\"article\" \/>\n<meta property=\"og:title\" content=\"Invincible pyyhe, 50 x 80 cm, valkoinen - Kinnunen\" \/>\n<meta property=\"og:description\" content=\"Korkealaatuiset ja kest\u00e4v\u00e4t pyyhkeet ammattik\u00e4ytt\u00f6\u00f6n. Erityismateriaalia, joka hylkii vaalennusaineita, likaa ja v\u00e4ri\u00e4. Pyyhkeet s\u00e4ilyv\u00e4t tahrattomina, siistein\u00e4 ja imukykyisempin\u00e4 pidemp\u00e4\u00e4n. Pesu&hellip;\" \/>\n<meta property=\"og:url\" content=\"https:\/\/kinnunen.fi\/en\/product\/invincible-pyyhe-50-x-80-cm-valkoinen\/\" \/>\n<meta property=\"og:site_name\" content=\"Kinnunen\" \/>\n<meta property=\"article:modified_time\" content=\"2026-05-03T01:00:15+00:00\" \/>\n<meta property=\"og:image\" content=\"https:\/\/kinnunen.fi\/wp-content\/uploads\/2021\/10\/Invisible_pyyhe_musta_valkoinen.jpg\" \/>\n\t<meta property=\"og:image:width\" content=\"1000\" \/>\n\t<meta property=\"og:image:height\" content=\"1000\" \/>\n\t<meta property=\"og:image:type\" content=\"image\/jpeg\" \/>\n<meta name=\"twitter:card\" content=\"summary_large_image\" \/>\n<script type=\"application\/ld+json\" class=\"yoast-schema-graph\">{\"@context\":\"https:\/\/schema.org\",\"@graph\":[{\"@type\":\"WebPage\",\"@id\":\"https:\/\/kinnunen.fi\/tuote\/invincible-pyyhe-50-x-80-cm-valkoinen\/\",\"url\":\"https:\/\/kinnunen.fi\/tuote\/invincible-pyyhe-50-x-80-cm-valkoinen\/\",\"name\":\"Invincible pyyhe, 50 x 80 cm, valkoinen - Kinnunen\",\"isPartOf\":{\"@id\":\"https:\/\/kinnunen.fi\/#website\"},\"primaryImageOfPage\":{\"@id\":\"https:\/\/kinnunen.fi\/tuote\/invincible-pyyhe-50-x-80-cm-valkoinen\/#primaryimage\"},\"image\":{\"@id\":\"https:\/\/kinnunen.fi\/tuote\/invincible-pyyhe-50-x-80-cm-valkoinen\/#primaryimage\"},\"thumbnailUrl\":\"https:\/\/kinnunen.fi\/wp-content\/uploads\/2021\/10\/Invisible_pyyhe_musta_valkoinen.jpg\",\"datePublished\":\"2021-10-29T10:30:26+00:00\",\"dateModified\":\"2026-05-03T01:00:15+00:00\",\"breadcrumb\":{\"@id\":\"https:\/\/kinnunen.fi\/tuote\/invincible-pyyhe-50-x-80-cm-valkoinen\/#breadcrumb\"},\"inLanguage\":\"en-GB\",\"potentialAction\":[{\"@type\":\"ReadAction\",\"target\":[\"https:\/\/kinnunen.fi\/tuote\/invincible-pyyhe-50-x-80-cm-valkoinen\/\"]}]},{\"@type\":\"ImageObject\",\"inLanguage\":\"en-GB\",\"@id\":\"https:\/\/kinnunen.fi\/tuote\/invincible-pyyhe-50-x-80-cm-valkoinen\/#primaryimage\",\"url\":\"https:\/\/kinnunen.fi\/wp-content\/uploads\/2021\/10\/Invisible_pyyhe_musta_valkoinen.jpg\",\"contentUrl\":\"https:\/\/kinnunen.fi\/wp-content\/uploads\/2021\/10\/Invisible_pyyhe_musta_valkoinen.jpg\",\"width\":1000,\"height\":1000},{\"@type\":\"BreadcrumbList\",\"@id\":\"https:\/\/kinnunen.fi\/tuote\/invincible-pyyhe-50-x-80-cm-valkoinen\/#breadcrumb\",\"itemListElement\":[{\"@type\":\"ListItem\",\"position\":1,\"name\":\"Etusivu\",\"item\":\"https:\/\/kinnunen.fi\/\"},{\"@type\":\"ListItem\",\"position\":2,\"name\":\"Kaikki tuotteet\",\"item\":\"https:\/\/kinnunen.fi\/kauppa\/\"},{\"@type\":\"ListItem\",\"position\":3,\"name\":\"Tarvikkeet\",\"item\":\"https:\/\/kinnunen.fi\/tuote-osasto\/tarvikkeet\/\"},{\"@type\":\"ListItem\",\"position\":4,\"name\":\"Pyyhkeet\",\"item\":\"https:\/\/kinnunen.fi\/tuote-osasto\/tarvikkeet\/pyyhkeet\/\"},{\"@type\":\"ListItem\",\"position\":5,\"name\":\"Invincible pyyhe, 50 x 80 cm, valkoinen\"}]},{\"@type\":\"WebSite\",\"@id\":\"https:\/\/kinnunen.fi\/#website\",\"url\":\"https:\/\/kinnunen.fi\/\",\"name\":\"Kinnunen\",\"description\":\"\",\"potentialAction\":[{\"@type\":\"SearchAction\",\"target\":{\"@type\":\"EntryPoint\",\"urlTemplate\":\"https:\/\/kinnunen.fi\/?s={search_term_string}\"},\"query-input\":\"required name=search_term_string\"}],\"inLanguage\":\"en-GB\"}]}<\/script>\n<!-- \/ Yoast SEO plugin. -->","yoast_head_json":{"title":"Invincible pyyhe, 50 x 80 cm, valkoinen - Kinnunen","robots":{"index":"index","follow":"follow","max-snippet":"max-snippet:-1","max-image-preview":"max-image-preview:large","max-video-preview":"max-video-preview:-1"},"canonical":"https:\/\/kinnunen.fi\/en\/product\/invincible-pyyhe-50-x-80-cm-valkoinen\/","og_locale":"en_GB","og_type":"article","og_title":"Invincible pyyhe, 50 x 80 cm, valkoinen - Kinnunen","og_description":"Korkealaatuiset ja kest\u00e4v\u00e4t pyyhkeet ammattik\u00e4ytt\u00f6\u00f6n. Erityismateriaalia, joka hylkii vaalennusaineita, likaa ja v\u00e4ri\u00e4. Pyyhkeet s\u00e4ilyv\u00e4t tahrattomina, siistein\u00e4 ja imukykyisempin\u00e4 pidemp\u00e4\u00e4n. Pesu&hellip;","og_url":"https:\/\/kinnunen.fi\/en\/product\/invincible-pyyhe-50-x-80-cm-valkoinen\/","og_site_name":"Kinnunen","article_modified_time":"2026-05-03T01:00:15+00:00","og_image":[{"width":1000,"height":1000,"url":"https:\/\/kinnunen.fi\/wp-content\/uploads\/2021\/10\/Invisible_pyyhe_musta_valkoinen.jpg","type":"image\/jpeg"}],"twitter_card":"summary_large_image","schema":{"@context":"https:\/\/schema.org","@graph":[{"@type":"WebPage","@id":"https:\/\/kinnunen.fi\/tuote\/invincible-pyyhe-50-x-80-cm-valkoinen\/","url":"https:\/\/kinnunen.fi\/tuote\/invincible-pyyhe-50-x-80-cm-valkoinen\/","name":"Invincible pyyhe, 50 x 80 cm, valkoinen - Kinnunen","isPartOf":{"@id":"https:\/\/kinnunen.fi\/#website"},"primaryImageOfPage":{"@id":"https:\/\/kinnunen.fi\/tuote\/invincible-pyyhe-50-x-80-cm-valkoinen\/#primaryimage"},"image":{"@id":"https:\/\/kinnunen.fi\/tuote\/invincible-pyyhe-50-x-80-cm-valkoinen\/#primaryimage"},"thumbnailUrl":"https:\/\/kinnunen.fi\/wp-content\/uploads\/2021\/10\/Invisible_pyyhe_musta_valkoinen.jpg","datePublished":"2021-10-29T10:30:26+00:00","dateModified":"2026-05-03T01:00:15+00:00","breadcrumb":{"@id":"https:\/\/kinnunen.fi\/tuote\/invincible-pyyhe-50-x-80-cm-valkoinen\/#breadcrumb"},"inLanguage":"en-GB","potentialAction":[{"@type":"ReadAction","target":["https:\/\/kinnunen.fi\/tuote\/invincible-pyyhe-50-x-80-cm-valkoinen\/"]}]},{"@type":"ImageObject","inLanguage":"en-GB","@id":"https:\/\/kinnunen.fi\/tuote\/invincible-pyyhe-50-x-80-cm-valkoinen\/#primaryimage","url":"https:\/\/kinnunen.fi\/wp-content\/uploads\/2021\/10\/Invisible_pyyhe_musta_valkoinen.jpg","contentUrl":"https:\/\/kinnunen.fi\/wp-content\/uploads\/2021\/10\/Invisible_pyyhe_musta_valkoinen.jpg","width":1000,"height":1000},{"@type":"BreadcrumbList","@id":"https:\/\/kinnunen.fi\/tuote\/invincible-pyyhe-50-x-80-cm-valkoinen\/#breadcrumb","itemListElement":[{"@type":"ListItem","position":1,"name":"Etusivu","item":"https:\/\/kinnunen.fi\/"},{"@type":"ListItem","position":2,"name":"Kaikki tuotteet","item":"https:\/\/kinnunen.fi\/kauppa\/"},{"@type":"ListItem","position":3,"name":"Tarvikkeet","item":"https:\/\/kinnunen.fi\/tuote-osasto\/tarvikkeet\/"},{"@type":"ListItem","position":4,"name":"Pyyhkeet","item":"https:\/\/kinnunen.fi\/tuote-osasto\/tarvikkeet\/pyyhkeet\/"},{"@type":"ListItem","position":5,"name":"Invincible pyyhe, 50 x 80 cm, valkoinen"}]},{"@type":"WebSite","@id":"https:\/\/kinnunen.fi\/#website","url":"https:\/\/kinnunen.fi\/","name":"Kinnunen","description":"","potentialAction":[{"@type":"SearchAction","target":{"@type":"EntryPoint","urlTemplate":"https:\/\/kinnunen.fi\/?s={search_term_string}"},"query-input":"required name=search_term_string"}],"inLanguage":"en-GB"}]}},"_links":{"self":[{"href":"https:\/\/kinnunen.fi\/en\/wp-json\/wp\/v2\/product\/5856"}],"collection":[{"href":"https:\/\/kinnunen.fi\/en\/wp-json\/wp\/v2\/product"}],"about":[{"href":"https:\/\/kinnunen.fi\/en\/wp-json\/wp\/v2\/types\/product"}],"replies":[{"embeddable":true,"href":"https:\/\/kinnunen.fi\/en\/wp-json\/wp\/v2\/comments?post=5856"}],"wp:featuredmedia":[{"embeddable":true,"href":"https:\/\/kinnunen.fi\/en\/wp-json\/wp\/v2\/media\/14508"}],"wp:attachment":[{"href":"https:\/\/kinnunen.fi\/en\/wp-json\/wp\/v2\/media?parent=5856"}],"wp:term":[{"taxonomy":"product_cat","embeddable":true,"href":"https:\/\/kinnunen.fi\/en\/wp-json\/wp\/v2\/product_cat?post=5856"},{"taxonomy":"product_tag","embeddable":true,"href":"https:\/\/kinnunen.fi\/en\/wp-json\/wp\/v2\/product_tag?post=5856"}],"curies":[{"name":"wp","href":"https:\/\/api.w.org\/{rel}","templated":true}]}}