

{"id":5882,"date":"2021-10-29T13:30:43","date_gmt":"2021-10-29T10:30:43","guid":{"rendered":"https:\/\/kinnunen.fi\/tuote\/harjoituspaa-m-tummanruskea\/"},"modified":"2026-04-18T04:00:25","modified_gmt":"2026-04-18T01:00:25","slug":"harjoituspaa-m-tummanruskea","status":"publish","type":"product","link":"https:\/\/kinnunen.fi\/en\/product\/harjoituspaa-m-tummanruskea\/","title":{"rendered":"Training head M, Dark brown"},"content":{"rendered":"<p>High-quality training head with real natural hair, classic tying. Realistic feel, the hair on the training head is manually attached according to the natural growth structure and volume.The training head allows you to practice hairstyles, hair styling and cutting, also ideal for training the use of hairpieces. Hair length approx. 35 cm. Average density of 200 hairs per square centimetre. One \"implantation implant\" contains 5-7 individual hairs.<\/p>","protected":false},"excerpt":{"rendered":"<p>Laadukas harjoitusp\u00e4\u00e4 aidoilla luonnonhiuksilla, klassinen sidonta. Realistinen tuntuma, harjoitusp\u00e4\u00e4n hiukset on kiinnitetty manuaalisesti luonnollisen kasvurakenteen ja tuuheuden mukaan.Harjoitusp\u00e4\u00e4n avulla voit&hellip;<\/p>","protected":false},"featured_media":14764,"comment_status":"closed","ping_status":"closed","template":"","meta":{"_relevanssi_hide_post":"","_relevanssi_pin_for_all":"","_relevanssi_pin_keywords":"","_relevanssi_unpin_keywords":"","_relevanssi_related_keywords":"","_relevanssi_related_include_ids":"","_relevanssi_related_exclude_ids":"","_relevanssi_related_no_append":"","_relevanssi_related_not_related":"","_relevanssi_related_posts":"","_relevanssi_noindex_reason":""},"product_cat":[1834,1835],"product_tag":[],"class_list":["post-5882","product","type-product","status-publish","has-post-thumbnail","hentry","product_cat-harjoituspaat","product_cat-naisharjoituspaat"],"tuotemerkit":[],"acf":[],"yoast_head":"<!-- This site is optimized with the Yoast SEO plugin v23.3 - https:\/\/yoast.com\/wordpress\/plugins\/seo\/ -->\n<title>Harjoitusp\u00e4\u00e4 M, Tummanruskea - Kinnunen<\/title>\n<meta name=\"robots\" content=\"index, follow, max-snippet:-1, max-image-preview:large, max-video-preview:-1\" \/>\n<link rel=\"canonical\" href=\"https:\/\/kinnunen.fi\/en\/product\/harjoituspaa-m-tummanruskea\/\" \/>\n<meta property=\"og:locale\" content=\"en_GB\" \/>\n<meta property=\"og:type\" content=\"article\" \/>\n<meta property=\"og:title\" content=\"Harjoitusp\u00e4\u00e4 M, Tummanruskea - Kinnunen\" \/>\n<meta property=\"og:description\" content=\"Laadukas harjoitusp\u00e4\u00e4 aidoilla luonnonhiuksilla, klassinen sidonta. Realistinen tuntuma, harjoitusp\u00e4\u00e4n hiukset on kiinnitetty manuaalisesti luonnollisen kasvurakenteen ja tuuheuden mukaan.Harjoitusp\u00e4\u00e4n avulla voit&hellip;\" \/>\n<meta property=\"og:url\" content=\"https:\/\/kinnunen.fi\/en\/product\/harjoituspaa-m-tummanruskea\/\" \/>\n<meta property=\"og:site_name\" content=\"Kinnunen\" \/>\n<meta property=\"article:modified_time\" content=\"2026-04-18T01:00:25+00:00\" \/>\n<meta property=\"og:image\" content=\"https:\/\/kinnunen.fi\/wp-content\/uploads\/2021\/10\/M4151M.jpg\" \/>\n\t<meta property=\"og:image:width\" content=\"1000\" \/>\n\t<meta property=\"og:image:height\" content=\"1000\" \/>\n\t<meta property=\"og:image:type\" content=\"image\/jpeg\" \/>\n<meta name=\"twitter:card\" content=\"summary_large_image\" \/>\n<script type=\"application\/ld+json\" class=\"yoast-schema-graph\">{\"@context\":\"https:\/\/schema.org\",\"@graph\":[{\"@type\":\"WebPage\",\"@id\":\"https:\/\/kinnunen.fi\/tuote\/harjoituspaa-m-tummanruskea\/\",\"url\":\"https:\/\/kinnunen.fi\/tuote\/harjoituspaa-m-tummanruskea\/\",\"name\":\"Harjoitusp\u00e4\u00e4 M, Tummanruskea - Kinnunen\",\"isPartOf\":{\"@id\":\"https:\/\/kinnunen.fi\/#website\"},\"primaryImageOfPage\":{\"@id\":\"https:\/\/kinnunen.fi\/tuote\/harjoituspaa-m-tummanruskea\/#primaryimage\"},\"image\":{\"@id\":\"https:\/\/kinnunen.fi\/tuote\/harjoituspaa-m-tummanruskea\/#primaryimage\"},\"thumbnailUrl\":\"https:\/\/kinnunen.fi\/wp-content\/uploads\/2021\/10\/M4151M.jpg\",\"datePublished\":\"2021-10-29T10:30:43+00:00\",\"dateModified\":\"2026-04-18T01:00:25+00:00\",\"breadcrumb\":{\"@id\":\"https:\/\/kinnunen.fi\/tuote\/harjoituspaa-m-tummanruskea\/#breadcrumb\"},\"inLanguage\":\"en-GB\",\"potentialAction\":[{\"@type\":\"ReadAction\",\"target\":[\"https:\/\/kinnunen.fi\/tuote\/harjoituspaa-m-tummanruskea\/\"]}]},{\"@type\":\"ImageObject\",\"inLanguage\":\"en-GB\",\"@id\":\"https:\/\/kinnunen.fi\/tuote\/harjoituspaa-m-tummanruskea\/#primaryimage\",\"url\":\"https:\/\/kinnunen.fi\/wp-content\/uploads\/2021\/10\/M4151M.jpg\",\"contentUrl\":\"https:\/\/kinnunen.fi\/wp-content\/uploads\/2021\/10\/M4151M.jpg\",\"width\":1000,\"height\":1000},{\"@type\":\"BreadcrumbList\",\"@id\":\"https:\/\/kinnunen.fi\/tuote\/harjoituspaa-m-tummanruskea\/#breadcrumb\",\"itemListElement\":[{\"@type\":\"ListItem\",\"position\":1,\"name\":\"Etusivu\",\"item\":\"https:\/\/kinnunen.fi\/\"},{\"@type\":\"ListItem\",\"position\":2,\"name\":\"Kaikki tuotteet\",\"item\":\"https:\/\/kinnunen.fi\/kauppa\/\"},{\"@type\":\"ListItem\",\"position\":3,\"name\":\"Harjoitusp\u00e4\u00e4t\",\"item\":\"https:\/\/kinnunen.fi\/tuote-osasto\/harjoituspaat\/\"},{\"@type\":\"ListItem\",\"position\":4,\"name\":\"Naisharjoitusp\u00e4\u00e4t\",\"item\":\"https:\/\/kinnunen.fi\/tuote-osasto\/harjoituspaat\/naisharjoituspaat\/\"},{\"@type\":\"ListItem\",\"position\":5,\"name\":\"Harjoitusp\u00e4\u00e4 M, Tummanruskea\"}]},{\"@type\":\"WebSite\",\"@id\":\"https:\/\/kinnunen.fi\/#website\",\"url\":\"https:\/\/kinnunen.fi\/\",\"name\":\"Kinnunen\",\"description\":\"\",\"potentialAction\":[{\"@type\":\"SearchAction\",\"target\":{\"@type\":\"EntryPoint\",\"urlTemplate\":\"https:\/\/kinnunen.fi\/?s={search_term_string}\"},\"query-input\":\"required name=search_term_string\"}],\"inLanguage\":\"en-GB\"}]}<\/script>\n<!-- \/ Yoast SEO plugin. -->","yoast_head_json":{"title":"Harjoitusp\u00e4\u00e4 M, Tummanruskea - Kinnunen","robots":{"index":"index","follow":"follow","max-snippet":"max-snippet:-1","max-image-preview":"max-image-preview:large","max-video-preview":"max-video-preview:-1"},"canonical":"https:\/\/kinnunen.fi\/en\/product\/harjoituspaa-m-tummanruskea\/","og_locale":"en_GB","og_type":"article","og_title":"Harjoitusp\u00e4\u00e4 M, Tummanruskea - Kinnunen","og_description":"Laadukas harjoitusp\u00e4\u00e4 aidoilla luonnonhiuksilla, klassinen sidonta. Realistinen tuntuma, harjoitusp\u00e4\u00e4n hiukset on kiinnitetty manuaalisesti luonnollisen kasvurakenteen ja tuuheuden mukaan.Harjoitusp\u00e4\u00e4n avulla voit&hellip;","og_url":"https:\/\/kinnunen.fi\/en\/product\/harjoituspaa-m-tummanruskea\/","og_site_name":"Kinnunen","article_modified_time":"2026-04-18T01:00:25+00:00","og_image":[{"width":1000,"height":1000,"url":"https:\/\/kinnunen.fi\/wp-content\/uploads\/2021\/10\/M4151M.jpg","type":"image\/jpeg"}],"twitter_card":"summary_large_image","schema":{"@context":"https:\/\/schema.org","@graph":[{"@type":"WebPage","@id":"https:\/\/kinnunen.fi\/tuote\/harjoituspaa-m-tummanruskea\/","url":"https:\/\/kinnunen.fi\/tuote\/harjoituspaa-m-tummanruskea\/","name":"Harjoitusp\u00e4\u00e4 M, Tummanruskea - Kinnunen","isPartOf":{"@id":"https:\/\/kinnunen.fi\/#website"},"primaryImageOfPage":{"@id":"https:\/\/kinnunen.fi\/tuote\/harjoituspaa-m-tummanruskea\/#primaryimage"},"image":{"@id":"https:\/\/kinnunen.fi\/tuote\/harjoituspaa-m-tummanruskea\/#primaryimage"},"thumbnailUrl":"https:\/\/kinnunen.fi\/wp-content\/uploads\/2021\/10\/M4151M.jpg","datePublished":"2021-10-29T10:30:43+00:00","dateModified":"2026-04-18T01:00:25+00:00","breadcrumb":{"@id":"https:\/\/kinnunen.fi\/tuote\/harjoituspaa-m-tummanruskea\/#breadcrumb"},"inLanguage":"en-GB","potentialAction":[{"@type":"ReadAction","target":["https:\/\/kinnunen.fi\/tuote\/harjoituspaa-m-tummanruskea\/"]}]},{"@type":"ImageObject","inLanguage":"en-GB","@id":"https:\/\/kinnunen.fi\/tuote\/harjoituspaa-m-tummanruskea\/#primaryimage","url":"https:\/\/kinnunen.fi\/wp-content\/uploads\/2021\/10\/M4151M.jpg","contentUrl":"https:\/\/kinnunen.fi\/wp-content\/uploads\/2021\/10\/M4151M.jpg","width":1000,"height":1000},{"@type":"BreadcrumbList","@id":"https:\/\/kinnunen.fi\/tuote\/harjoituspaa-m-tummanruskea\/#breadcrumb","itemListElement":[{"@type":"ListItem","position":1,"name":"Etusivu","item":"https:\/\/kinnunen.fi\/"},{"@type":"ListItem","position":2,"name":"Kaikki tuotteet","item":"https:\/\/kinnunen.fi\/kauppa\/"},{"@type":"ListItem","position":3,"name":"Harjoitusp\u00e4\u00e4t","item":"https:\/\/kinnunen.fi\/tuote-osasto\/harjoituspaat\/"},{"@type":"ListItem","position":4,"name":"Naisharjoitusp\u00e4\u00e4t","item":"https:\/\/kinnunen.fi\/tuote-osasto\/harjoituspaat\/naisharjoituspaat\/"},{"@type":"ListItem","position":5,"name":"Harjoitusp\u00e4\u00e4 M, Tummanruskea"}]},{"@type":"WebSite","@id":"https:\/\/kinnunen.fi\/#website","url":"https:\/\/kinnunen.fi\/","name":"Kinnunen","description":"","potentialAction":[{"@type":"SearchAction","target":{"@type":"EntryPoint","urlTemplate":"https:\/\/kinnunen.fi\/?s={search_term_string}"},"query-input":"required name=search_term_string"}],"inLanguage":"en-GB"}]}},"_links":{"self":[{"href":"https:\/\/kinnunen.fi\/en\/wp-json\/wp\/v2\/product\/5882"}],"collection":[{"href":"https:\/\/kinnunen.fi\/en\/wp-json\/wp\/v2\/product"}],"about":[{"href":"https:\/\/kinnunen.fi\/en\/wp-json\/wp\/v2\/types\/product"}],"replies":[{"embeddable":true,"href":"https:\/\/kinnunen.fi\/en\/wp-json\/wp\/v2\/comments?post=5882"}],"wp:featuredmedia":[{"embeddable":true,"href":"https:\/\/kinnunen.fi\/en\/wp-json\/wp\/v2\/media\/14764"}],"wp:attachment":[{"href":"https:\/\/kinnunen.fi\/en\/wp-json\/wp\/v2\/media?parent=5882"}],"wp:term":[{"taxonomy":"product_cat","embeddable":true,"href":"https:\/\/kinnunen.fi\/en\/wp-json\/wp\/v2\/product_cat?post=5882"},{"taxonomy":"product_tag","embeddable":true,"href":"https:\/\/kinnunen.fi\/en\/wp-json\/wp\/v2\/product_tag?post=5882"}],"curies":[{"name":"wp","href":"https:\/\/api.w.org\/{rel}","templated":true}]}}