

{"id":5894,"date":"2021-10-29T13:31:00","date_gmt":"2021-10-29T10:31:00","guid":{"rendered":"https:\/\/kinnunen.fi\/tuote\/harjoituspaanjalka-rattikiristys-valkoinen\/"},"modified":"2026-04-30T04:00:28","modified_gmt":"2026-04-30T01:00:28","slug":"harjoituspaanjalka-rattikiristys-valkoinen","status":"publish","type":"product","link":"https:\/\/kinnunen.fi\/en\/product\/harjoituspaanjalka-rattikiristys-valkoinen\/","title":{"rendered":"Training headstall, ratchet clamp, White"},"content":{"rendered":"<p>Convenient plastic foot for training heads. The angle of the post on the head is freely adjustable thanks to the tensioning system. Stays firmly on the table thanks to the tensioning system.<\/p>","protected":false},"excerpt":{"rendered":"<p>Convenient plastic foot for training heads. The angle of the post on the head is freely adjustable thanks to the tensioning system. Stays firmly on the table thanks to the tensioning system.<\/p>","protected":false},"featured_media":14503,"comment_status":"closed","ping_status":"open","template":"","meta":{"_relevanssi_hide_post":"","_relevanssi_pin_for_all":"","_relevanssi_pin_keywords":"","_relevanssi_unpin_keywords":"","_relevanssi_related_keywords":"","_relevanssi_related_include_ids":"","_relevanssi_related_exclude_ids":"","_relevanssi_related_no_append":"","_relevanssi_related_not_related":"","_relevanssi_related_posts":"","_relevanssi_noindex_reason":""},"product_cat":[1834,1837],"product_tag":[],"class_list":["post-5894","product","type-product","status-publish","has-post-thumbnail","hentry","product_cat-harjoituspaat","product_cat-harjoitusosiot-ja-kiinnitysjalat"],"tuotemerkit":[],"acf":[],"yoast_head":"<!-- This site is optimized with the Yoast SEO plugin v23.3 - https:\/\/yoast.com\/wordpress\/plugins\/seo\/ -->\n<title>Harjoitusp\u00e4\u00e4njalka, rattikiristys, Valkoinen - Kinnunen<\/title>\n<meta name=\"robots\" content=\"index, follow, max-snippet:-1, max-image-preview:large, max-video-preview:-1\" \/>\n<link rel=\"canonical\" href=\"https:\/\/kinnunen.fi\/en\/product\/harjoituspaanjalka-rattikiristys-valkoinen\/\" \/>\n<meta property=\"og:locale\" content=\"en_GB\" \/>\n<meta property=\"og:type\" content=\"article\" \/>\n<meta property=\"og:title\" content=\"Harjoitusp\u00e4\u00e4njalka, rattikiristys, Valkoinen - Kinnunen\" \/>\n<meta property=\"og:description\" content=\"K\u00e4tev\u00e4 muovinen harjoitusp\u00e4ihin sopiva jalka. P\u00e4\u00e4h\u00e4n menev\u00e4n pylv\u00e4\u00e4n kulma on vapaasti s\u00e4\u00e4dett\u00e4viss\u00e4 kiristysj\u00e4rjestelm\u00e4n ansiosta. Pysyy tukevasti kiinni p\u00f6yd\u00e4ss\u00e4 kiristysj\u00e4rjestelm\u00e4n ansiosta.\" \/>\n<meta property=\"og:url\" content=\"https:\/\/kinnunen.fi\/en\/product\/harjoituspaanjalka-rattikiristys-valkoinen\/\" \/>\n<meta property=\"og:site_name\" content=\"Kinnunen\" \/>\n<meta property=\"article:modified_time\" content=\"2026-04-30T01:00:28+00:00\" \/>\n<meta property=\"og:image\" content=\"https:\/\/kinnunen.fi\/wp-content\/uploads\/2021\/10\/hp13.jpg\" \/>\n\t<meta property=\"og:image:width\" content=\"1000\" \/>\n\t<meta property=\"og:image:height\" content=\"1000\" \/>\n\t<meta property=\"og:image:type\" content=\"image\/jpeg\" \/>\n<meta name=\"twitter:card\" content=\"summary_large_image\" \/>\n<script type=\"application\/ld+json\" class=\"yoast-schema-graph\">{\"@context\":\"https:\/\/schema.org\",\"@graph\":[{\"@type\":\"WebPage\",\"@id\":\"https:\/\/kinnunen.fi\/tuote\/harjoituspaanjalka-rattikiristys-valkoinen\/\",\"url\":\"https:\/\/kinnunen.fi\/tuote\/harjoituspaanjalka-rattikiristys-valkoinen\/\",\"name\":\"Harjoitusp\u00e4\u00e4njalka, rattikiristys, Valkoinen - Kinnunen\",\"isPartOf\":{\"@id\":\"https:\/\/kinnunen.fi\/#website\"},\"primaryImageOfPage\":{\"@id\":\"https:\/\/kinnunen.fi\/tuote\/harjoituspaanjalka-rattikiristys-valkoinen\/#primaryimage\"},\"image\":{\"@id\":\"https:\/\/kinnunen.fi\/tuote\/harjoituspaanjalka-rattikiristys-valkoinen\/#primaryimage\"},\"thumbnailUrl\":\"https:\/\/kinnunen.fi\/wp-content\/uploads\/2021\/10\/hp13.jpg\",\"datePublished\":\"2021-10-29T10:31:00+00:00\",\"dateModified\":\"2026-04-30T01:00:28+00:00\",\"breadcrumb\":{\"@id\":\"https:\/\/kinnunen.fi\/tuote\/harjoituspaanjalka-rattikiristys-valkoinen\/#breadcrumb\"},\"inLanguage\":\"en-GB\",\"potentialAction\":[{\"@type\":\"ReadAction\",\"target\":[\"https:\/\/kinnunen.fi\/tuote\/harjoituspaanjalka-rattikiristys-valkoinen\/\"]}]},{\"@type\":\"ImageObject\",\"inLanguage\":\"en-GB\",\"@id\":\"https:\/\/kinnunen.fi\/tuote\/harjoituspaanjalka-rattikiristys-valkoinen\/#primaryimage\",\"url\":\"https:\/\/kinnunen.fi\/wp-content\/uploads\/2021\/10\/hp13.jpg\",\"contentUrl\":\"https:\/\/kinnunen.fi\/wp-content\/uploads\/2021\/10\/hp13.jpg\",\"width\":1000,\"height\":1000},{\"@type\":\"BreadcrumbList\",\"@id\":\"https:\/\/kinnunen.fi\/tuote\/harjoituspaanjalka-rattikiristys-valkoinen\/#breadcrumb\",\"itemListElement\":[{\"@type\":\"ListItem\",\"position\":1,\"name\":\"Etusivu\",\"item\":\"https:\/\/kinnunen.fi\/\"},{\"@type\":\"ListItem\",\"position\":2,\"name\":\"Kaikki tuotteet\",\"item\":\"https:\/\/kinnunen.fi\/kauppa\/\"},{\"@type\":\"ListItem\",\"position\":3,\"name\":\"Harjoitusp\u00e4\u00e4t\",\"item\":\"https:\/\/kinnunen.fi\/tuote-osasto\/harjoituspaat\/\"},{\"@type\":\"ListItem\",\"position\":4,\"name\":\"Harjoitusosiot ja kiinnitysjalat\",\"item\":\"https:\/\/kinnunen.fi\/tuote-osasto\/harjoituspaat\/harjoitusosiot-ja-kiinnitysjalat\/\"},{\"@type\":\"ListItem\",\"position\":5,\"name\":\"Harjoitusp\u00e4\u00e4njalka, rattikiristys, Valkoinen\"}]},{\"@type\":\"WebSite\",\"@id\":\"https:\/\/kinnunen.fi\/#website\",\"url\":\"https:\/\/kinnunen.fi\/\",\"name\":\"Kinnunen\",\"description\":\"\",\"potentialAction\":[{\"@type\":\"SearchAction\",\"target\":{\"@type\":\"EntryPoint\",\"urlTemplate\":\"https:\/\/kinnunen.fi\/?s={search_term_string}\"},\"query-input\":\"required name=search_term_string\"}],\"inLanguage\":\"en-GB\"}]}<\/script>\n<!-- \/ Yoast SEO plugin. -->","yoast_head_json":{"title":"Harjoitusp\u00e4\u00e4njalka, rattikiristys, Valkoinen - Kinnunen","robots":{"index":"index","follow":"follow","max-snippet":"max-snippet:-1","max-image-preview":"max-image-preview:large","max-video-preview":"max-video-preview:-1"},"canonical":"https:\/\/kinnunen.fi\/en\/product\/harjoituspaanjalka-rattikiristys-valkoinen\/","og_locale":"en_GB","og_type":"article","og_title":"Harjoitusp\u00e4\u00e4njalka, rattikiristys, Valkoinen - Kinnunen","og_description":"K\u00e4tev\u00e4 muovinen harjoitusp\u00e4ihin sopiva jalka. P\u00e4\u00e4h\u00e4n menev\u00e4n pylv\u00e4\u00e4n kulma on vapaasti s\u00e4\u00e4dett\u00e4viss\u00e4 kiristysj\u00e4rjestelm\u00e4n ansiosta. Pysyy tukevasti kiinni p\u00f6yd\u00e4ss\u00e4 kiristysj\u00e4rjestelm\u00e4n ansiosta.","og_url":"https:\/\/kinnunen.fi\/en\/product\/harjoituspaanjalka-rattikiristys-valkoinen\/","og_site_name":"Kinnunen","article_modified_time":"2026-04-30T01:00:28+00:00","og_image":[{"width":1000,"height":1000,"url":"https:\/\/kinnunen.fi\/wp-content\/uploads\/2021\/10\/hp13.jpg","type":"image\/jpeg"}],"twitter_card":"summary_large_image","schema":{"@context":"https:\/\/schema.org","@graph":[{"@type":"WebPage","@id":"https:\/\/kinnunen.fi\/tuote\/harjoituspaanjalka-rattikiristys-valkoinen\/","url":"https:\/\/kinnunen.fi\/tuote\/harjoituspaanjalka-rattikiristys-valkoinen\/","name":"Harjoitusp\u00e4\u00e4njalka, rattikiristys, Valkoinen - Kinnunen","isPartOf":{"@id":"https:\/\/kinnunen.fi\/#website"},"primaryImageOfPage":{"@id":"https:\/\/kinnunen.fi\/tuote\/harjoituspaanjalka-rattikiristys-valkoinen\/#primaryimage"},"image":{"@id":"https:\/\/kinnunen.fi\/tuote\/harjoituspaanjalka-rattikiristys-valkoinen\/#primaryimage"},"thumbnailUrl":"https:\/\/kinnunen.fi\/wp-content\/uploads\/2021\/10\/hp13.jpg","datePublished":"2021-10-29T10:31:00+00:00","dateModified":"2026-04-30T01:00:28+00:00","breadcrumb":{"@id":"https:\/\/kinnunen.fi\/tuote\/harjoituspaanjalka-rattikiristys-valkoinen\/#breadcrumb"},"inLanguage":"en-GB","potentialAction":[{"@type":"ReadAction","target":["https:\/\/kinnunen.fi\/tuote\/harjoituspaanjalka-rattikiristys-valkoinen\/"]}]},{"@type":"ImageObject","inLanguage":"en-GB","@id":"https:\/\/kinnunen.fi\/tuote\/harjoituspaanjalka-rattikiristys-valkoinen\/#primaryimage","url":"https:\/\/kinnunen.fi\/wp-content\/uploads\/2021\/10\/hp13.jpg","contentUrl":"https:\/\/kinnunen.fi\/wp-content\/uploads\/2021\/10\/hp13.jpg","width":1000,"height":1000},{"@type":"BreadcrumbList","@id":"https:\/\/kinnunen.fi\/tuote\/harjoituspaanjalka-rattikiristys-valkoinen\/#breadcrumb","itemListElement":[{"@type":"ListItem","position":1,"name":"Etusivu","item":"https:\/\/kinnunen.fi\/"},{"@type":"ListItem","position":2,"name":"Kaikki tuotteet","item":"https:\/\/kinnunen.fi\/kauppa\/"},{"@type":"ListItem","position":3,"name":"Harjoitusp\u00e4\u00e4t","item":"https:\/\/kinnunen.fi\/tuote-osasto\/harjoituspaat\/"},{"@type":"ListItem","position":4,"name":"Harjoitusosiot ja kiinnitysjalat","item":"https:\/\/kinnunen.fi\/tuote-osasto\/harjoituspaat\/harjoitusosiot-ja-kiinnitysjalat\/"},{"@type":"ListItem","position":5,"name":"Harjoitusp\u00e4\u00e4njalka, rattikiristys, Valkoinen"}]},{"@type":"WebSite","@id":"https:\/\/kinnunen.fi\/#website","url":"https:\/\/kinnunen.fi\/","name":"Kinnunen","description":"","potentialAction":[{"@type":"SearchAction","target":{"@type":"EntryPoint","urlTemplate":"https:\/\/kinnunen.fi\/?s={search_term_string}"},"query-input":"required name=search_term_string"}],"inLanguage":"en-GB"}]}},"_links":{"self":[{"href":"https:\/\/kinnunen.fi\/en\/wp-json\/wp\/v2\/product\/5894"}],"collection":[{"href":"https:\/\/kinnunen.fi\/en\/wp-json\/wp\/v2\/product"}],"about":[{"href":"https:\/\/kinnunen.fi\/en\/wp-json\/wp\/v2\/types\/product"}],"replies":[{"embeddable":true,"href":"https:\/\/kinnunen.fi\/en\/wp-json\/wp\/v2\/comments?post=5894"}],"wp:featuredmedia":[{"embeddable":true,"href":"https:\/\/kinnunen.fi\/en\/wp-json\/wp\/v2\/media\/14503"}],"wp:attachment":[{"href":"https:\/\/kinnunen.fi\/en\/wp-json\/wp\/v2\/media?parent=5894"}],"wp:term":[{"taxonomy":"product_cat","embeddable":true,"href":"https:\/\/kinnunen.fi\/en\/wp-json\/wp\/v2\/product_cat?post=5894"},{"taxonomy":"product_tag","embeddable":true,"href":"https:\/\/kinnunen.fi\/en\/wp-json\/wp\/v2\/product_tag?post=5894"}],"curies":[{"name":"wp","href":"https:\/\/api.w.org\/{rel}","templated":true}]}}