

{"id":5895,"date":"2021-10-29T13:31:00","date_gmt":"2021-10-29T10:31:00","guid":{"rendered":"https:\/\/kinnunen.fi\/tuote\/veil-peilipaikka\/"},"modified":"2026-04-30T04:00:24","modified_gmt":"2026-04-30T01:00:24","slug":"veil-peilipaikka","status":"publish","type":"product","link":"https:\/\/kinnunen.fi\/en\/product\/veil-peilipaikka\/","title":{"rendered":"The Veil - a campsite"},"content":{"rendered":"","protected":false},"excerpt":{"rendered":"<p>A timeless and simple wall-mounted mirror seat. The height of the wall-mounted mirror seat is 221 cm, width 65 cm, height of the plane 80 cm and depth 24,5 cm. The material of the mirror seat level is available in two options. LED backlighting is available as an option. The product is made to order in Italy and delivery time is approximately 5 to 8 weeks.<\/p>","protected":false},"featured_media":14945,"comment_status":"closed","ping_status":"closed","template":"","meta":{"_relevanssi_hide_post":"","_relevanssi_pin_for_all":"","_relevanssi_pin_keywords":"","_relevanssi_unpin_keywords":"","_relevanssi_related_keywords":"","_relevanssi_related_include_ids":"","_relevanssi_related_exclude_ids":"","_relevanssi_related_no_append":"","_relevanssi_related_not_related":"","_relevanssi_related_posts":"","_relevanssi_noindex_reason":""},"product_cat":[1838,1839],"product_tag":[],"class_list":["post-5895","product","type-product","status-publish","has-post-thumbnail","hentry","product_cat-kalusteet","product_cat-peilipaikat","pa_ominaisuudet-valmistettu-euroopassa","tuotemerkki-pietranera"],"tuotemerkit":[{"term_id":282,"name":"Pietranera","slug":"pietranera","term_group":0,"term_taxonomy_id":282,"taxonomy":"tuotemerkki","description":"","parent":0,"count":46,"filter":"raw"}],"acf":[],"yoast_head":"<!-- This site is optimized with the Yoast SEO plugin v23.3 - https:\/\/yoast.com\/wordpress\/plugins\/seo\/ -->\n<title>Veil -peilipaikka - Kinnunen<\/title>\n<meta name=\"robots\" content=\"index, follow, max-snippet:-1, max-image-preview:large, max-video-preview:-1\" \/>\n<link rel=\"canonical\" href=\"https:\/\/kinnunen.fi\/en\/product\/veil-peilipaikka\/\" \/>\n<meta property=\"og:locale\" content=\"en_GB\" \/>\n<meta property=\"og:type\" content=\"article\" \/>\n<meta property=\"og:title\" content=\"Veil -peilipaikka - Kinnunen\" \/>\n<meta property=\"og:description\" content=\"Ajattomasti ja pelkistetysti muotoiltu sein\u00e4\u00e4n kiinnitett\u00e4v\u00e4 peilipaikka. Peilipaikan korkeus sein\u00e4\u00e4n asennettuna on 221 cm, leveys 65 cm, tason korkeus 80 cm ja syvyys 24,5 cm. Peilipaikan tason materiaalin voit valita kahdesta vaihtoehdosta. LED-taustavalaistus on saatavilla lis\u00e4varusteena. Tuote valmistetaan tilausty\u00f6n\u00e4 Italiassa ja sen toimitusaika on noin 5 - 8 viikkoa.\" \/>\n<meta property=\"og:url\" content=\"https:\/\/kinnunen.fi\/en\/product\/veil-peilipaikka\/\" \/>\n<meta property=\"og:site_name\" content=\"Kinnunen\" \/>\n<meta property=\"article:modified_time\" content=\"2026-04-30T01:00:24+00:00\" \/>\n<meta property=\"og:image\" content=\"https:\/\/kinnunen.fi\/wp-content\/uploads\/2021\/10\/Pietranera_veil.jpg\" \/>\n\t<meta property=\"og:image:width\" content=\"1000\" \/>\n\t<meta property=\"og:image:height\" content=\"1000\" \/>\n\t<meta property=\"og:image:type\" content=\"image\/jpeg\" \/>\n<meta name=\"twitter:card\" content=\"summary_large_image\" \/>\n<script type=\"application\/ld+json\" class=\"yoast-schema-graph\">{\"@context\":\"https:\/\/schema.org\",\"@graph\":[{\"@type\":\"WebPage\",\"@id\":\"https:\/\/kinnunen.fi\/tuote\/veil-peilipaikka\/\",\"url\":\"https:\/\/kinnunen.fi\/tuote\/veil-peilipaikka\/\",\"name\":\"Veil -peilipaikka - Kinnunen\",\"isPartOf\":{\"@id\":\"https:\/\/kinnunen.fi\/#website\"},\"primaryImageOfPage\":{\"@id\":\"https:\/\/kinnunen.fi\/tuote\/veil-peilipaikka\/#primaryimage\"},\"image\":{\"@id\":\"https:\/\/kinnunen.fi\/tuote\/veil-peilipaikka\/#primaryimage\"},\"thumbnailUrl\":\"https:\/\/kinnunen.fi\/wp-content\/uploads\/2021\/10\/Pietranera_veil.jpg\",\"datePublished\":\"2021-10-29T10:31:00+00:00\",\"dateModified\":\"2026-04-30T01:00:24+00:00\",\"breadcrumb\":{\"@id\":\"https:\/\/kinnunen.fi\/tuote\/veil-peilipaikka\/#breadcrumb\"},\"inLanguage\":\"en-GB\",\"potentialAction\":[{\"@type\":\"ReadAction\",\"target\":[\"https:\/\/kinnunen.fi\/tuote\/veil-peilipaikka\/\"]}]},{\"@type\":\"ImageObject\",\"inLanguage\":\"en-GB\",\"@id\":\"https:\/\/kinnunen.fi\/tuote\/veil-peilipaikka\/#primaryimage\",\"url\":\"https:\/\/kinnunen.fi\/wp-content\/uploads\/2021\/10\/Pietranera_veil.jpg\",\"contentUrl\":\"https:\/\/kinnunen.fi\/wp-content\/uploads\/2021\/10\/Pietranera_veil.jpg\",\"width\":1000,\"height\":1000},{\"@type\":\"BreadcrumbList\",\"@id\":\"https:\/\/kinnunen.fi\/tuote\/veil-peilipaikka\/#breadcrumb\",\"itemListElement\":[{\"@type\":\"ListItem\",\"position\":1,\"name\":\"Etusivu\",\"item\":\"https:\/\/kinnunen.fi\/\"},{\"@type\":\"ListItem\",\"position\":2,\"name\":\"Kaikki tuotteet\",\"item\":\"https:\/\/kinnunen.fi\/kauppa\/\"},{\"@type\":\"ListItem\",\"position\":3,\"name\":\"Kalusteet\",\"item\":\"https:\/\/kinnunen.fi\/tuote-osasto\/kalusteet\/\"},{\"@type\":\"ListItem\",\"position\":4,\"name\":\"Peilipaikat\",\"item\":\"https:\/\/kinnunen.fi\/tuote-osasto\/kalusteet\/peilipaikat\/\"},{\"@type\":\"ListItem\",\"position\":5,\"name\":\"Veil -peilipaikka\"}]},{\"@type\":\"WebSite\",\"@id\":\"https:\/\/kinnunen.fi\/#website\",\"url\":\"https:\/\/kinnunen.fi\/\",\"name\":\"Kinnunen\",\"description\":\"\",\"potentialAction\":[{\"@type\":\"SearchAction\",\"target\":{\"@type\":\"EntryPoint\",\"urlTemplate\":\"https:\/\/kinnunen.fi\/?s={search_term_string}\"},\"query-input\":\"required name=search_term_string\"}],\"inLanguage\":\"en-GB\"}]}<\/script>\n<!-- \/ Yoast SEO plugin. -->","yoast_head_json":{"title":"Veil -peilipaikka - Kinnunen","robots":{"index":"index","follow":"follow","max-snippet":"max-snippet:-1","max-image-preview":"max-image-preview:large","max-video-preview":"max-video-preview:-1"},"canonical":"https:\/\/kinnunen.fi\/en\/product\/veil-peilipaikka\/","og_locale":"en_GB","og_type":"article","og_title":"Veil -peilipaikka - Kinnunen","og_description":"Ajattomasti ja pelkistetysti muotoiltu sein\u00e4\u00e4n kiinnitett\u00e4v\u00e4 peilipaikka. Peilipaikan korkeus sein\u00e4\u00e4n asennettuna on 221 cm, leveys 65 cm, tason korkeus 80 cm ja syvyys 24,5 cm. Peilipaikan tason materiaalin voit valita kahdesta vaihtoehdosta. LED-taustavalaistus on saatavilla lis\u00e4varusteena. Tuote valmistetaan tilausty\u00f6n\u00e4 Italiassa ja sen toimitusaika on noin 5 - 8 viikkoa.","og_url":"https:\/\/kinnunen.fi\/en\/product\/veil-peilipaikka\/","og_site_name":"Kinnunen","article_modified_time":"2026-04-30T01:00:24+00:00","og_image":[{"width":1000,"height":1000,"url":"https:\/\/kinnunen.fi\/wp-content\/uploads\/2021\/10\/Pietranera_veil.jpg","type":"image\/jpeg"}],"twitter_card":"summary_large_image","schema":{"@context":"https:\/\/schema.org","@graph":[{"@type":"WebPage","@id":"https:\/\/kinnunen.fi\/tuote\/veil-peilipaikka\/","url":"https:\/\/kinnunen.fi\/tuote\/veil-peilipaikka\/","name":"Veil -peilipaikka - Kinnunen","isPartOf":{"@id":"https:\/\/kinnunen.fi\/#website"},"primaryImageOfPage":{"@id":"https:\/\/kinnunen.fi\/tuote\/veil-peilipaikka\/#primaryimage"},"image":{"@id":"https:\/\/kinnunen.fi\/tuote\/veil-peilipaikka\/#primaryimage"},"thumbnailUrl":"https:\/\/kinnunen.fi\/wp-content\/uploads\/2021\/10\/Pietranera_veil.jpg","datePublished":"2021-10-29T10:31:00+00:00","dateModified":"2026-04-30T01:00:24+00:00","breadcrumb":{"@id":"https:\/\/kinnunen.fi\/tuote\/veil-peilipaikka\/#breadcrumb"},"inLanguage":"en-GB","potentialAction":[{"@type":"ReadAction","target":["https:\/\/kinnunen.fi\/tuote\/veil-peilipaikka\/"]}]},{"@type":"ImageObject","inLanguage":"en-GB","@id":"https:\/\/kinnunen.fi\/tuote\/veil-peilipaikka\/#primaryimage","url":"https:\/\/kinnunen.fi\/wp-content\/uploads\/2021\/10\/Pietranera_veil.jpg","contentUrl":"https:\/\/kinnunen.fi\/wp-content\/uploads\/2021\/10\/Pietranera_veil.jpg","width":1000,"height":1000},{"@type":"BreadcrumbList","@id":"https:\/\/kinnunen.fi\/tuote\/veil-peilipaikka\/#breadcrumb","itemListElement":[{"@type":"ListItem","position":1,"name":"Etusivu","item":"https:\/\/kinnunen.fi\/"},{"@type":"ListItem","position":2,"name":"Kaikki tuotteet","item":"https:\/\/kinnunen.fi\/kauppa\/"},{"@type":"ListItem","position":3,"name":"Kalusteet","item":"https:\/\/kinnunen.fi\/tuote-osasto\/kalusteet\/"},{"@type":"ListItem","position":4,"name":"Peilipaikat","item":"https:\/\/kinnunen.fi\/tuote-osasto\/kalusteet\/peilipaikat\/"},{"@type":"ListItem","position":5,"name":"Veil -peilipaikka"}]},{"@type":"WebSite","@id":"https:\/\/kinnunen.fi\/#website","url":"https:\/\/kinnunen.fi\/","name":"Kinnunen","description":"","potentialAction":[{"@type":"SearchAction","target":{"@type":"EntryPoint","urlTemplate":"https:\/\/kinnunen.fi\/?s={search_term_string}"},"query-input":"required name=search_term_string"}],"inLanguage":"en-GB"}]}},"_links":{"self":[{"href":"https:\/\/kinnunen.fi\/en\/wp-json\/wp\/v2\/product\/5895"}],"collection":[{"href":"https:\/\/kinnunen.fi\/en\/wp-json\/wp\/v2\/product"}],"about":[{"href":"https:\/\/kinnunen.fi\/en\/wp-json\/wp\/v2\/types\/product"}],"replies":[{"embeddable":true,"href":"https:\/\/kinnunen.fi\/en\/wp-json\/wp\/v2\/comments?post=5895"}],"wp:featuredmedia":[{"embeddable":true,"href":"https:\/\/kinnunen.fi\/en\/wp-json\/wp\/v2\/media\/14945"}],"wp:attachment":[{"href":"https:\/\/kinnunen.fi\/en\/wp-json\/wp\/v2\/media?parent=5895"}],"wp:term":[{"taxonomy":"product_cat","embeddable":true,"href":"https:\/\/kinnunen.fi\/en\/wp-json\/wp\/v2\/product_cat?post=5895"},{"taxonomy":"product_tag","embeddable":true,"href":"https:\/\/kinnunen.fi\/en\/wp-json\/wp\/v2\/product_tag?post=5895"}],"curies":[{"name":"wp","href":"https:\/\/api.w.org\/{rel}","templated":true}]}}