

{"id":5897,"date":"2021-10-29T13:31:00","date_gmt":"2021-10-29T10:31:00","guid":{"rendered":"https:\/\/kinnunen.fi\/tuote\/vision-hair-parete\/"},"modified":"2026-03-30T16:15:43","modified_gmt":"2026-03-30T13:15:43","slug":"vision-hair-parete","status":"publish","type":"product","link":"https:\/\/kinnunen.fi\/en\/product\/vision-hair-parete\/","title":{"rendered":"Vision Hair Parete"},"content":{"rendered":"<p>Wall-mounted elegant mirror seat with a wooden frame painted white. This model is available with optional accessories: a hairdryer holder and LED backlighting.<\/p>","protected":false},"excerpt":{"rendered":"<p>An impressive wall-mounted mirror seat with a white painted wooden frame. The details of the mirror seat are made of chrome-plated metal. The mirror seat is available with optional footrest, hairdryer holder, LED backlighting and matt black finish. The height of the mirror seat when installed is 196,7 cm, width 130 cm and depth 24,5 cm. This product is on display in the hairdressing salon at Kinnunen Oy's Simonkent\u00e4 store in Helsinki. The product is made to order in Italy and has a delivery time of 5 to 8 weeks.<\/p>","protected":false},"featured_media":14949,"comment_status":"closed","ping_status":"closed","template":"","meta":{"_relevanssi_hide_post":"","_relevanssi_pin_for_all":"","_relevanssi_pin_keywords":"","_relevanssi_unpin_keywords":"","_relevanssi_related_keywords":"","_relevanssi_related_include_ids":"","_relevanssi_related_exclude_ids":"","_relevanssi_related_no_append":"","_relevanssi_related_not_related":"","_relevanssi_related_posts":"","_relevanssi_noindex_reason":""},"product_cat":[1838,1839],"product_tag":[],"class_list":["post-5897","product","type-product","status-publish","has-post-thumbnail","hentry","product_cat-kalusteet","product_cat-peilipaikat","pa_ominaisuudet-valmistettu-euroopassa","tuotemerkki-pietranera"],"tuotemerkit":[{"term_id":282,"name":"Pietranera","slug":"pietranera","term_group":0,"term_taxonomy_id":282,"taxonomy":"tuotemerkki","description":"","parent":0,"count":46,"filter":"raw"}],"acf":[],"yoast_head":"<!-- This site is optimized with the Yoast SEO plugin v23.3 - https:\/\/yoast.com\/wordpress\/plugins\/seo\/ -->\n<title>Vision Hair Parete - Kinnunen<\/title>\n<meta name=\"robots\" content=\"index, follow, max-snippet:-1, max-image-preview:large, max-video-preview:-1\" \/>\n<link rel=\"canonical\" href=\"https:\/\/kinnunen.fi\/en\/product\/vision-hair-parete\/\" \/>\n<meta property=\"og:locale\" content=\"en_GB\" \/>\n<meta property=\"og:type\" content=\"article\" \/>\n<meta property=\"og:title\" content=\"Vision Hair Parete - Kinnunen\" \/>\n<meta property=\"og:description\" content=\"N\u00e4ytt\u00e4v\u00e4 sein\u00e4\u00e4n kiinnitett\u00e4v\u00e4 peilipaikka, jonka runko on valkoiseksi maalattua puuta. Peilipaikan yksityiskohdat ovat valmistettu kromattusta metallista. Lis\u00e4varusteena peilipaikkaan on saatavilla jalkatuki, f\u00f6\u00f6ninpidike, LED-taustavalaistus ja mattamusta viimeistely. Peilipaikan korkeus paikalleen asennettuna on 196,7 cm, leveys 130 cm ja syvyys 24,5 cm. T\u00e4m\u00e4 tuote on n\u00e4ht\u00e4vill\u00e4 Kinnunen Oy:n Helsingin Simonkent\u00e4n myym\u00e4l\u00e4n yhteydess\u00e4 olevassa kampaamossa. Tuote valmistetaan tilausty\u00f6n\u00e4 Italiassa ja sen toimitusaika on 5 - 8 viikkoa.\" \/>\n<meta property=\"og:url\" content=\"https:\/\/kinnunen.fi\/en\/product\/vision-hair-parete\/\" \/>\n<meta property=\"og:site_name\" content=\"Kinnunen\" \/>\n<meta property=\"article:modified_time\" content=\"2026-03-30T13:15:43+00:00\" \/>\n<meta property=\"og:image\" content=\"https:\/\/kinnunen.fi\/wp-content\/uploads\/2021\/10\/Pietranera_visionhair_parete.jpg\" \/>\n\t<meta property=\"og:image:width\" content=\"1000\" \/>\n\t<meta property=\"og:image:height\" content=\"1000\" \/>\n\t<meta property=\"og:image:type\" content=\"image\/jpeg\" \/>\n<meta name=\"twitter:card\" content=\"summary_large_image\" \/>\n<script type=\"application\/ld+json\" class=\"yoast-schema-graph\">{\"@context\":\"https:\/\/schema.org\",\"@graph\":[{\"@type\":\"WebPage\",\"@id\":\"https:\/\/kinnunen.fi\/tuote\/vision-hair-parete\/\",\"url\":\"https:\/\/kinnunen.fi\/tuote\/vision-hair-parete\/\",\"name\":\"Vision Hair Parete - Kinnunen\",\"isPartOf\":{\"@id\":\"https:\/\/kinnunen.fi\/#website\"},\"primaryImageOfPage\":{\"@id\":\"https:\/\/kinnunen.fi\/tuote\/vision-hair-parete\/#primaryimage\"},\"image\":{\"@id\":\"https:\/\/kinnunen.fi\/tuote\/vision-hair-parete\/#primaryimage\"},\"thumbnailUrl\":\"https:\/\/kinnunen.fi\/wp-content\/uploads\/2021\/10\/Pietranera_visionhair_parete.jpg\",\"datePublished\":\"2021-10-29T10:31:00+00:00\",\"dateModified\":\"2026-03-30T13:15:43+00:00\",\"breadcrumb\":{\"@id\":\"https:\/\/kinnunen.fi\/tuote\/vision-hair-parete\/#breadcrumb\"},\"inLanguage\":\"en-GB\",\"potentialAction\":[{\"@type\":\"ReadAction\",\"target\":[\"https:\/\/kinnunen.fi\/tuote\/vision-hair-parete\/\"]}]},{\"@type\":\"ImageObject\",\"inLanguage\":\"en-GB\",\"@id\":\"https:\/\/kinnunen.fi\/tuote\/vision-hair-parete\/#primaryimage\",\"url\":\"https:\/\/kinnunen.fi\/wp-content\/uploads\/2021\/10\/Pietranera_visionhair_parete.jpg\",\"contentUrl\":\"https:\/\/kinnunen.fi\/wp-content\/uploads\/2021\/10\/Pietranera_visionhair_parete.jpg\",\"width\":1000,\"height\":1000},{\"@type\":\"BreadcrumbList\",\"@id\":\"https:\/\/kinnunen.fi\/tuote\/vision-hair-parete\/#breadcrumb\",\"itemListElement\":[{\"@type\":\"ListItem\",\"position\":1,\"name\":\"Etusivu\",\"item\":\"https:\/\/kinnunen.fi\/\"},{\"@type\":\"ListItem\",\"position\":2,\"name\":\"Kaikki tuotteet\",\"item\":\"https:\/\/kinnunen.fi\/kauppa\/\"},{\"@type\":\"ListItem\",\"position\":3,\"name\":\"Kalusteet\",\"item\":\"https:\/\/kinnunen.fi\/tuote-osasto\/kalusteet\/\"},{\"@type\":\"ListItem\",\"position\":4,\"name\":\"Peilipaikat\",\"item\":\"https:\/\/kinnunen.fi\/tuote-osasto\/kalusteet\/peilipaikat\/\"},{\"@type\":\"ListItem\",\"position\":5,\"name\":\"Vision Hair Parete\"}]},{\"@type\":\"WebSite\",\"@id\":\"https:\/\/kinnunen.fi\/#website\",\"url\":\"https:\/\/kinnunen.fi\/\",\"name\":\"Kinnunen\",\"description\":\"\",\"potentialAction\":[{\"@type\":\"SearchAction\",\"target\":{\"@type\":\"EntryPoint\",\"urlTemplate\":\"https:\/\/kinnunen.fi\/?s={search_term_string}\"},\"query-input\":\"required name=search_term_string\"}],\"inLanguage\":\"en-GB\"}]}<\/script>\n<!-- \/ Yoast SEO plugin. -->","yoast_head_json":{"title":"Vision Hair Parete - Kinnunen","robots":{"index":"index","follow":"follow","max-snippet":"max-snippet:-1","max-image-preview":"max-image-preview:large","max-video-preview":"max-video-preview:-1"},"canonical":"https:\/\/kinnunen.fi\/en\/product\/vision-hair-parete\/","og_locale":"en_GB","og_type":"article","og_title":"Vision Hair Parete - Kinnunen","og_description":"N\u00e4ytt\u00e4v\u00e4 sein\u00e4\u00e4n kiinnitett\u00e4v\u00e4 peilipaikka, jonka runko on valkoiseksi maalattua puuta. Peilipaikan yksityiskohdat ovat valmistettu kromattusta metallista. Lis\u00e4varusteena peilipaikkaan on saatavilla jalkatuki, f\u00f6\u00f6ninpidike, LED-taustavalaistus ja mattamusta viimeistely. Peilipaikan korkeus paikalleen asennettuna on 196,7 cm, leveys 130 cm ja syvyys 24,5 cm. T\u00e4m\u00e4 tuote on n\u00e4ht\u00e4vill\u00e4 Kinnunen Oy:n Helsingin Simonkent\u00e4n myym\u00e4l\u00e4n yhteydess\u00e4 olevassa kampaamossa. Tuote valmistetaan tilausty\u00f6n\u00e4 Italiassa ja sen toimitusaika on 5 - 8 viikkoa.","og_url":"https:\/\/kinnunen.fi\/en\/product\/vision-hair-parete\/","og_site_name":"Kinnunen","article_modified_time":"2026-03-30T13:15:43+00:00","og_image":[{"width":1000,"height":1000,"url":"https:\/\/kinnunen.fi\/wp-content\/uploads\/2021\/10\/Pietranera_visionhair_parete.jpg","type":"image\/jpeg"}],"twitter_card":"summary_large_image","schema":{"@context":"https:\/\/schema.org","@graph":[{"@type":"WebPage","@id":"https:\/\/kinnunen.fi\/tuote\/vision-hair-parete\/","url":"https:\/\/kinnunen.fi\/tuote\/vision-hair-parete\/","name":"Vision Hair Parete - Kinnunen","isPartOf":{"@id":"https:\/\/kinnunen.fi\/#website"},"primaryImageOfPage":{"@id":"https:\/\/kinnunen.fi\/tuote\/vision-hair-parete\/#primaryimage"},"image":{"@id":"https:\/\/kinnunen.fi\/tuote\/vision-hair-parete\/#primaryimage"},"thumbnailUrl":"https:\/\/kinnunen.fi\/wp-content\/uploads\/2021\/10\/Pietranera_visionhair_parete.jpg","datePublished":"2021-10-29T10:31:00+00:00","dateModified":"2026-03-30T13:15:43+00:00","breadcrumb":{"@id":"https:\/\/kinnunen.fi\/tuote\/vision-hair-parete\/#breadcrumb"},"inLanguage":"en-GB","potentialAction":[{"@type":"ReadAction","target":["https:\/\/kinnunen.fi\/tuote\/vision-hair-parete\/"]}]},{"@type":"ImageObject","inLanguage":"en-GB","@id":"https:\/\/kinnunen.fi\/tuote\/vision-hair-parete\/#primaryimage","url":"https:\/\/kinnunen.fi\/wp-content\/uploads\/2021\/10\/Pietranera_visionhair_parete.jpg","contentUrl":"https:\/\/kinnunen.fi\/wp-content\/uploads\/2021\/10\/Pietranera_visionhair_parete.jpg","width":1000,"height":1000},{"@type":"BreadcrumbList","@id":"https:\/\/kinnunen.fi\/tuote\/vision-hair-parete\/#breadcrumb","itemListElement":[{"@type":"ListItem","position":1,"name":"Etusivu","item":"https:\/\/kinnunen.fi\/"},{"@type":"ListItem","position":2,"name":"Kaikki tuotteet","item":"https:\/\/kinnunen.fi\/kauppa\/"},{"@type":"ListItem","position":3,"name":"Kalusteet","item":"https:\/\/kinnunen.fi\/tuote-osasto\/kalusteet\/"},{"@type":"ListItem","position":4,"name":"Peilipaikat","item":"https:\/\/kinnunen.fi\/tuote-osasto\/kalusteet\/peilipaikat\/"},{"@type":"ListItem","position":5,"name":"Vision Hair Parete"}]},{"@type":"WebSite","@id":"https:\/\/kinnunen.fi\/#website","url":"https:\/\/kinnunen.fi\/","name":"Kinnunen","description":"","potentialAction":[{"@type":"SearchAction","target":{"@type":"EntryPoint","urlTemplate":"https:\/\/kinnunen.fi\/?s={search_term_string}"},"query-input":"required name=search_term_string"}],"inLanguage":"en-GB"}]}},"_links":{"self":[{"href":"https:\/\/kinnunen.fi\/en\/wp-json\/wp\/v2\/product\/5897"}],"collection":[{"href":"https:\/\/kinnunen.fi\/en\/wp-json\/wp\/v2\/product"}],"about":[{"href":"https:\/\/kinnunen.fi\/en\/wp-json\/wp\/v2\/types\/product"}],"replies":[{"embeddable":true,"href":"https:\/\/kinnunen.fi\/en\/wp-json\/wp\/v2\/comments?post=5897"}],"wp:featuredmedia":[{"embeddable":true,"href":"https:\/\/kinnunen.fi\/en\/wp-json\/wp\/v2\/media\/14949"}],"wp:attachment":[{"href":"https:\/\/kinnunen.fi\/en\/wp-json\/wp\/v2\/media?parent=5897"}],"wp:term":[{"taxonomy":"product_cat","embeddable":true,"href":"https:\/\/kinnunen.fi\/en\/wp-json\/wp\/v2\/product_cat?post=5897"},{"taxonomy":"product_tag","embeddable":true,"href":"https:\/\/kinnunen.fi\/en\/wp-json\/wp\/v2\/product_tag?post=5897"}],"curies":[{"name":"wp","href":"https:\/\/api.w.org\/{rel}","templated":true}]}}