

{"id":5908,"date":"2021-10-29T13:31:00","date_gmt":"2021-10-29T10:31:00","guid":{"rendered":"https:\/\/kinnunen.fi\/tuote\/mr-paul-kampaamotuoli\/"},"modified":"2026-04-30T04:00:21","modified_gmt":"2026-04-30T01:00:21","slug":"mr-paul-kampaamotuoli","status":"publish","type":"product","link":"https:\/\/kinnunen.fi\/en\/product\/mr-paul-kampaamotuoli\/","title":{"rendered":"Mr. Paul -combing chair"},"content":{"rendered":"<p>The simple design provides the ultimate in comfort. Equipped with a lockable hydraulic pump and a disc foot. Minimum seat height 44 cm, width 60 cm and depth 65 cm. The chair is also available with square and star feet. You can choose from a wide range of chair designs. This product is made to measure in Italy. Delivery time 5 - 8 weeks.<\/p>\n<p>Available accessories:<\/p>\n<ul>\n<li>Footrest<\/li>\n<li>Neck support<\/li>\n<li>Padded handles<\/li>\n<li>Matt black finish on the foot and pump<\/li>\n<li>Gold finish on the foot and pump<\/li>\n<\/ul>","protected":false},"excerpt":{"rendered":"<p>The simple design provides the ultimate in comfort. Equipped with a lockable hydraulic pump and a disc foot. Minimum seat height 44 cm, width 60 cm and depth 65 cm.<\/p>","protected":false},"featured_media":14932,"comment_status":"closed","ping_status":"closed","template":"","meta":{"_relevanssi_hide_post":"","_relevanssi_pin_for_all":"","_relevanssi_pin_keywords":"","_relevanssi_unpin_keywords":"","_relevanssi_related_keywords":"","_relevanssi_related_include_ids":"","_relevanssi_related_exclude_ids":"","_relevanssi_related_no_append":"","_relevanssi_related_not_related":"","_relevanssi_related_posts":"","_relevanssi_noindex_reason":""},"product_cat":[1838,1841],"product_tag":[],"class_list":["post-5908","product","type-product","status-publish","has-post-thumbnail","hentry","product_cat-kalusteet","product_cat-kampaamotuolit","pa_maksimi-istuinkorkeus-60-cm","pa_minimi-istuinkorkeus-44-cm","pa_ominaisuudet-valmistettu-euroopassa","tuotemerkki-pietranera"],"tuotemerkit":[{"term_id":282,"name":"Pietranera","slug":"pietranera","term_group":0,"term_taxonomy_id":282,"taxonomy":"tuotemerkki","description":"","parent":0,"count":46,"filter":"raw"}],"acf":[],"yoast_head":"<!-- This site is optimized with the Yoast SEO plugin v23.3 - https:\/\/yoast.com\/wordpress\/plugins\/seo\/ -->\n<title>Mr. Paul -kampaamotuoli - Kinnunen<\/title>\n<meta name=\"robots\" content=\"index, follow, max-snippet:-1, max-image-preview:large, max-video-preview:-1\" \/>\n<link rel=\"canonical\" href=\"https:\/\/kinnunen.fi\/en\/product\/mr-paul-kampaamotuoli\/\" \/>\n<meta property=\"og:locale\" content=\"en_GB\" \/>\n<meta property=\"og:type\" content=\"article\" \/>\n<meta property=\"og:title\" content=\"Mr. Paul -kampaamotuoli - Kinnunen\" \/>\n<meta property=\"og:description\" content=\"Rakenteeltaan yksinkertainen desing tarjoaa \u00e4\u00e4rimm\u00e4ist\u00e4 mukavuutta. Varustettu lukittavalla hydraulisella pumpulla sek\u00e4 kiekkojalalla. Minimi-istuinkorkeus 44 cm, leveys 60 cm ja syvyys 65 cm.\" \/>\n<meta property=\"og:url\" content=\"https:\/\/kinnunen.fi\/en\/product\/mr-paul-kampaamotuoli\/\" \/>\n<meta property=\"og:site_name\" content=\"Kinnunen\" \/>\n<meta property=\"article:modified_time\" content=\"2026-04-30T01:00:21+00:00\" \/>\n<meta property=\"og:image\" content=\"https:\/\/kinnunen.fi\/wp-content\/uploads\/2021\/10\/Pietranera_mr_paul.jpg\" \/>\n\t<meta property=\"og:image:width\" content=\"1000\" \/>\n\t<meta property=\"og:image:height\" content=\"1000\" \/>\n\t<meta property=\"og:image:type\" content=\"image\/jpeg\" \/>\n<meta name=\"twitter:card\" content=\"summary_large_image\" \/>\n<meta name=\"twitter:label1\" content=\"Estimated reading time\" \/>\n\t<meta name=\"twitter:data1\" content=\"1 minute\" \/>\n<script type=\"application\/ld+json\" class=\"yoast-schema-graph\">{\"@context\":\"https:\/\/schema.org\",\"@graph\":[{\"@type\":\"WebPage\",\"@id\":\"https:\/\/kinnunen.fi\/tuote\/mr-paul-kampaamotuoli\/\",\"url\":\"https:\/\/kinnunen.fi\/tuote\/mr-paul-kampaamotuoli\/\",\"name\":\"Mr. Paul -kampaamotuoli - Kinnunen\",\"isPartOf\":{\"@id\":\"https:\/\/kinnunen.fi\/#website\"},\"primaryImageOfPage\":{\"@id\":\"https:\/\/kinnunen.fi\/tuote\/mr-paul-kampaamotuoli\/#primaryimage\"},\"image\":{\"@id\":\"https:\/\/kinnunen.fi\/tuote\/mr-paul-kampaamotuoli\/#primaryimage\"},\"thumbnailUrl\":\"https:\/\/kinnunen.fi\/wp-content\/uploads\/2021\/10\/Pietranera_mr_paul.jpg\",\"datePublished\":\"2021-10-29T10:31:00+00:00\",\"dateModified\":\"2026-04-30T01:00:21+00:00\",\"breadcrumb\":{\"@id\":\"https:\/\/kinnunen.fi\/tuote\/mr-paul-kampaamotuoli\/#breadcrumb\"},\"inLanguage\":\"en-GB\",\"potentialAction\":[{\"@type\":\"ReadAction\",\"target\":[\"https:\/\/kinnunen.fi\/tuote\/mr-paul-kampaamotuoli\/\"]}]},{\"@type\":\"ImageObject\",\"inLanguage\":\"en-GB\",\"@id\":\"https:\/\/kinnunen.fi\/tuote\/mr-paul-kampaamotuoli\/#primaryimage\",\"url\":\"https:\/\/kinnunen.fi\/wp-content\/uploads\/2021\/10\/Pietranera_mr_paul.jpg\",\"contentUrl\":\"https:\/\/kinnunen.fi\/wp-content\/uploads\/2021\/10\/Pietranera_mr_paul.jpg\",\"width\":1000,\"height\":1000},{\"@type\":\"BreadcrumbList\",\"@id\":\"https:\/\/kinnunen.fi\/tuote\/mr-paul-kampaamotuoli\/#breadcrumb\",\"itemListElement\":[{\"@type\":\"ListItem\",\"position\":1,\"name\":\"Etusivu\",\"item\":\"https:\/\/kinnunen.fi\/\"},{\"@type\":\"ListItem\",\"position\":2,\"name\":\"Kaikki tuotteet\",\"item\":\"https:\/\/kinnunen.fi\/kauppa\/\"},{\"@type\":\"ListItem\",\"position\":3,\"name\":\"Kalusteet\",\"item\":\"https:\/\/kinnunen.fi\/tuote-osasto\/kalusteet\/\"},{\"@type\":\"ListItem\",\"position\":4,\"name\":\"Kampaamotuolit\",\"item\":\"https:\/\/kinnunen.fi\/tuote-osasto\/kalusteet\/kampaamotuolit\/\"},{\"@type\":\"ListItem\",\"position\":5,\"name\":\"Mr. Paul -kampaamotuoli\"}]},{\"@type\":\"WebSite\",\"@id\":\"https:\/\/kinnunen.fi\/#website\",\"url\":\"https:\/\/kinnunen.fi\/\",\"name\":\"Kinnunen\",\"description\":\"\",\"potentialAction\":[{\"@type\":\"SearchAction\",\"target\":{\"@type\":\"EntryPoint\",\"urlTemplate\":\"https:\/\/kinnunen.fi\/?s={search_term_string}\"},\"query-input\":\"required name=search_term_string\"}],\"inLanguage\":\"en-GB\"}]}<\/script>\n<!-- \/ Yoast SEO plugin. -->","yoast_head_json":{"title":"Mr. Paul -kampaamotuoli - Kinnunen","robots":{"index":"index","follow":"follow","max-snippet":"max-snippet:-1","max-image-preview":"max-image-preview:large","max-video-preview":"max-video-preview:-1"},"canonical":"https:\/\/kinnunen.fi\/en\/product\/mr-paul-kampaamotuoli\/","og_locale":"en_GB","og_type":"article","og_title":"Mr. Paul -kampaamotuoli - Kinnunen","og_description":"Rakenteeltaan yksinkertainen desing tarjoaa \u00e4\u00e4rimm\u00e4ist\u00e4 mukavuutta. Varustettu lukittavalla hydraulisella pumpulla sek\u00e4 kiekkojalalla. Minimi-istuinkorkeus 44 cm, leveys 60 cm ja syvyys 65 cm.","og_url":"https:\/\/kinnunen.fi\/en\/product\/mr-paul-kampaamotuoli\/","og_site_name":"Kinnunen","article_modified_time":"2026-04-30T01:00:21+00:00","og_image":[{"width":1000,"height":1000,"url":"https:\/\/kinnunen.fi\/wp-content\/uploads\/2021\/10\/Pietranera_mr_paul.jpg","type":"image\/jpeg"}],"twitter_card":"summary_large_image","twitter_misc":{"Estimated reading time":"1 minute"},"schema":{"@context":"https:\/\/schema.org","@graph":[{"@type":"WebPage","@id":"https:\/\/kinnunen.fi\/tuote\/mr-paul-kampaamotuoli\/","url":"https:\/\/kinnunen.fi\/tuote\/mr-paul-kampaamotuoli\/","name":"Mr. Paul -kampaamotuoli - Kinnunen","isPartOf":{"@id":"https:\/\/kinnunen.fi\/#website"},"primaryImageOfPage":{"@id":"https:\/\/kinnunen.fi\/tuote\/mr-paul-kampaamotuoli\/#primaryimage"},"image":{"@id":"https:\/\/kinnunen.fi\/tuote\/mr-paul-kampaamotuoli\/#primaryimage"},"thumbnailUrl":"https:\/\/kinnunen.fi\/wp-content\/uploads\/2021\/10\/Pietranera_mr_paul.jpg","datePublished":"2021-10-29T10:31:00+00:00","dateModified":"2026-04-30T01:00:21+00:00","breadcrumb":{"@id":"https:\/\/kinnunen.fi\/tuote\/mr-paul-kampaamotuoli\/#breadcrumb"},"inLanguage":"en-GB","potentialAction":[{"@type":"ReadAction","target":["https:\/\/kinnunen.fi\/tuote\/mr-paul-kampaamotuoli\/"]}]},{"@type":"ImageObject","inLanguage":"en-GB","@id":"https:\/\/kinnunen.fi\/tuote\/mr-paul-kampaamotuoli\/#primaryimage","url":"https:\/\/kinnunen.fi\/wp-content\/uploads\/2021\/10\/Pietranera_mr_paul.jpg","contentUrl":"https:\/\/kinnunen.fi\/wp-content\/uploads\/2021\/10\/Pietranera_mr_paul.jpg","width":1000,"height":1000},{"@type":"BreadcrumbList","@id":"https:\/\/kinnunen.fi\/tuote\/mr-paul-kampaamotuoli\/#breadcrumb","itemListElement":[{"@type":"ListItem","position":1,"name":"Etusivu","item":"https:\/\/kinnunen.fi\/"},{"@type":"ListItem","position":2,"name":"Kaikki tuotteet","item":"https:\/\/kinnunen.fi\/kauppa\/"},{"@type":"ListItem","position":3,"name":"Kalusteet","item":"https:\/\/kinnunen.fi\/tuote-osasto\/kalusteet\/"},{"@type":"ListItem","position":4,"name":"Kampaamotuolit","item":"https:\/\/kinnunen.fi\/tuote-osasto\/kalusteet\/kampaamotuolit\/"},{"@type":"ListItem","position":5,"name":"Mr. Paul -kampaamotuoli"}]},{"@type":"WebSite","@id":"https:\/\/kinnunen.fi\/#website","url":"https:\/\/kinnunen.fi\/","name":"Kinnunen","description":"","potentialAction":[{"@type":"SearchAction","target":{"@type":"EntryPoint","urlTemplate":"https:\/\/kinnunen.fi\/?s={search_term_string}"},"query-input":"required name=search_term_string"}],"inLanguage":"en-GB"}]}},"_links":{"self":[{"href":"https:\/\/kinnunen.fi\/en\/wp-json\/wp\/v2\/product\/5908"}],"collection":[{"href":"https:\/\/kinnunen.fi\/en\/wp-json\/wp\/v2\/product"}],"about":[{"href":"https:\/\/kinnunen.fi\/en\/wp-json\/wp\/v2\/types\/product"}],"replies":[{"embeddable":true,"href":"https:\/\/kinnunen.fi\/en\/wp-json\/wp\/v2\/comments?post=5908"}],"wp:featuredmedia":[{"embeddable":true,"href":"https:\/\/kinnunen.fi\/en\/wp-json\/wp\/v2\/media\/14932"}],"wp:attachment":[{"href":"https:\/\/kinnunen.fi\/en\/wp-json\/wp\/v2\/media?parent=5908"}],"wp:term":[{"taxonomy":"product_cat","embeddable":true,"href":"https:\/\/kinnunen.fi\/en\/wp-json\/wp\/v2\/product_cat?post=5908"},{"taxonomy":"product_tag","embeddable":true,"href":"https:\/\/kinnunen.fi\/en\/wp-json\/wp\/v2\/product_tag?post=5908"}],"curies":[{"name":"wp","href":"https:\/\/api.w.org\/{rel}","templated":true}]}}