

{"id":5920,"date":"2021-10-29T13:31:21","date_gmt":"2021-10-29T10:31:21","guid":{"rendered":"https:\/\/kinnunen.fi\/tuote\/route-66-salkku\/"},"modified":"2026-04-18T04:00:03","modified_gmt":"2026-04-18T01:00:03","slug":"route-66-salkku","status":"publish","type":"product","link":"https:\/\/kinnunen.fi\/en\/product\/route-66-salkku\/","title":{"rendered":"Route 66 portfolio"},"content":{"rendered":"<p>A stylish vintage-style briefcase for carrying and storing hairdressing and barbering tools. The scissors have their own pockets for sturdy transport, with snaps to keep them securely in place. The case has several pockets and a generous open space for other accessories.<\/p>","protected":false},"excerpt":{"rendered":"<p>A stylish vintage-style briefcase for carrying and storing hairdressing and barbering tools.<\/p>","protected":false},"featured_media":15006,"comment_status":"closed","ping_status":"closed","template":"","meta":{"_relevanssi_hide_post":"","_relevanssi_pin_for_all":"","_relevanssi_pin_keywords":"","_relevanssi_unpin_keywords":"","_relevanssi_related_keywords":"","_relevanssi_related_include_ids":"","_relevanssi_related_exclude_ids":"","_relevanssi_related_no_append":"","_relevanssi_related_not_related":"","_relevanssi_related_posts":"","_relevanssi_noindex_reason":""},"product_cat":[1838,1846],"product_tag":[],"class_list":["post-5920","product","type-product","status-publish","has-post-thumbnail","hentry","product_cat-kalusteet","product_cat-aputuolit-ja-salkut","tuotemerkki-sibel"],"tuotemerkit":[{"term_id":133,"name":"Sibel","slug":"sibel","term_group":0,"term_taxonomy_id":133,"taxonomy":"tuotemerkki","description":"","parent":0,"count":43,"filter":"raw"}],"acf":[],"yoast_head":"<!-- This site is optimized with the Yoast SEO plugin v23.3 - https:\/\/yoast.com\/wordpress\/plugins\/seo\/ -->\n<title>Route 66 -salkku - Kinnunen<\/title>\n<meta name=\"robots\" content=\"index, follow, max-snippet:-1, max-image-preview:large, max-video-preview:-1\" \/>\n<link rel=\"canonical\" href=\"https:\/\/kinnunen.fi\/en\/product\/route-66-salkku\/\" \/>\n<meta property=\"og:locale\" content=\"en_GB\" \/>\n<meta property=\"og:type\" content=\"article\" \/>\n<meta property=\"og:title\" content=\"Route 66 -salkku - Kinnunen\" \/>\n<meta property=\"og:description\" content=\"Tyylik\u00e4s vintage -tyylinen salkku kampaajan ja parturin ty\u00f6v\u00e4lineiden kuljetukseen sek\u00e4 s\u00e4ilytt\u00e4miseen.\" \/>\n<meta property=\"og:url\" content=\"https:\/\/kinnunen.fi\/en\/product\/route-66-salkku\/\" \/>\n<meta property=\"og:site_name\" content=\"Kinnunen\" \/>\n<meta property=\"article:modified_time\" content=\"2026-04-18T01:00:03+00:00\" \/>\n<meta property=\"og:image\" content=\"https:\/\/kinnunen.fi\/wp-content\/uploads\/2021\/10\/route66.jpg\" \/>\n\t<meta property=\"og:image:width\" content=\"1000\" \/>\n\t<meta property=\"og:image:height\" content=\"1000\" \/>\n\t<meta property=\"og:image:type\" content=\"image\/jpeg\" \/>\n<meta name=\"twitter:card\" content=\"summary_large_image\" \/>\n<script type=\"application\/ld+json\" class=\"yoast-schema-graph\">{\"@context\":\"https:\/\/schema.org\",\"@graph\":[{\"@type\":\"WebPage\",\"@id\":\"https:\/\/kinnunen.fi\/tuote\/route-66-salkku\/\",\"url\":\"https:\/\/kinnunen.fi\/tuote\/route-66-salkku\/\",\"name\":\"Route 66 -salkku - Kinnunen\",\"isPartOf\":{\"@id\":\"https:\/\/kinnunen.fi\/#website\"},\"primaryImageOfPage\":{\"@id\":\"https:\/\/kinnunen.fi\/tuote\/route-66-salkku\/#primaryimage\"},\"image\":{\"@id\":\"https:\/\/kinnunen.fi\/tuote\/route-66-salkku\/#primaryimage\"},\"thumbnailUrl\":\"https:\/\/kinnunen.fi\/wp-content\/uploads\/2021\/10\/route66.jpg\",\"datePublished\":\"2021-10-29T10:31:21+00:00\",\"dateModified\":\"2026-04-18T01:00:03+00:00\",\"breadcrumb\":{\"@id\":\"https:\/\/kinnunen.fi\/tuote\/route-66-salkku\/#breadcrumb\"},\"inLanguage\":\"en-GB\",\"potentialAction\":[{\"@type\":\"ReadAction\",\"target\":[\"https:\/\/kinnunen.fi\/tuote\/route-66-salkku\/\"]}]},{\"@type\":\"ImageObject\",\"inLanguage\":\"en-GB\",\"@id\":\"https:\/\/kinnunen.fi\/tuote\/route-66-salkku\/#primaryimage\",\"url\":\"https:\/\/kinnunen.fi\/wp-content\/uploads\/2021\/10\/route66.jpg\",\"contentUrl\":\"https:\/\/kinnunen.fi\/wp-content\/uploads\/2021\/10\/route66.jpg\",\"width\":1000,\"height\":1000},{\"@type\":\"BreadcrumbList\",\"@id\":\"https:\/\/kinnunen.fi\/tuote\/route-66-salkku\/#breadcrumb\",\"itemListElement\":[{\"@type\":\"ListItem\",\"position\":1,\"name\":\"Etusivu\",\"item\":\"https:\/\/kinnunen.fi\/\"},{\"@type\":\"ListItem\",\"position\":2,\"name\":\"Kaikki tuotteet\",\"item\":\"https:\/\/kinnunen.fi\/kauppa\/\"},{\"@type\":\"ListItem\",\"position\":3,\"name\":\"Kalusteet\",\"item\":\"https:\/\/kinnunen.fi\/tuote-osasto\/kalusteet\/\"},{\"@type\":\"ListItem\",\"position\":4,\"name\":\"Route 66 -salkku\"}]},{\"@type\":\"WebSite\",\"@id\":\"https:\/\/kinnunen.fi\/#website\",\"url\":\"https:\/\/kinnunen.fi\/\",\"name\":\"Kinnunen\",\"description\":\"\",\"potentialAction\":[{\"@type\":\"SearchAction\",\"target\":{\"@type\":\"EntryPoint\",\"urlTemplate\":\"https:\/\/kinnunen.fi\/?s={search_term_string}\"},\"query-input\":\"required name=search_term_string\"}],\"inLanguage\":\"en-GB\"}]}<\/script>\n<!-- \/ Yoast SEO plugin. -->","yoast_head_json":{"title":"Route 66 -salkku - Kinnunen","robots":{"index":"index","follow":"follow","max-snippet":"max-snippet:-1","max-image-preview":"max-image-preview:large","max-video-preview":"max-video-preview:-1"},"canonical":"https:\/\/kinnunen.fi\/en\/product\/route-66-salkku\/","og_locale":"en_GB","og_type":"article","og_title":"Route 66 -salkku - Kinnunen","og_description":"Tyylik\u00e4s vintage -tyylinen salkku kampaajan ja parturin ty\u00f6v\u00e4lineiden kuljetukseen sek\u00e4 s\u00e4ilytt\u00e4miseen.","og_url":"https:\/\/kinnunen.fi\/en\/product\/route-66-salkku\/","og_site_name":"Kinnunen","article_modified_time":"2026-04-18T01:00:03+00:00","og_image":[{"width":1000,"height":1000,"url":"https:\/\/kinnunen.fi\/wp-content\/uploads\/2021\/10\/route66.jpg","type":"image\/jpeg"}],"twitter_card":"summary_large_image","schema":{"@context":"https:\/\/schema.org","@graph":[{"@type":"WebPage","@id":"https:\/\/kinnunen.fi\/tuote\/route-66-salkku\/","url":"https:\/\/kinnunen.fi\/tuote\/route-66-salkku\/","name":"Route 66 -salkku - Kinnunen","isPartOf":{"@id":"https:\/\/kinnunen.fi\/#website"},"primaryImageOfPage":{"@id":"https:\/\/kinnunen.fi\/tuote\/route-66-salkku\/#primaryimage"},"image":{"@id":"https:\/\/kinnunen.fi\/tuote\/route-66-salkku\/#primaryimage"},"thumbnailUrl":"https:\/\/kinnunen.fi\/wp-content\/uploads\/2021\/10\/route66.jpg","datePublished":"2021-10-29T10:31:21+00:00","dateModified":"2026-04-18T01:00:03+00:00","breadcrumb":{"@id":"https:\/\/kinnunen.fi\/tuote\/route-66-salkku\/#breadcrumb"},"inLanguage":"en-GB","potentialAction":[{"@type":"ReadAction","target":["https:\/\/kinnunen.fi\/tuote\/route-66-salkku\/"]}]},{"@type":"ImageObject","inLanguage":"en-GB","@id":"https:\/\/kinnunen.fi\/tuote\/route-66-salkku\/#primaryimage","url":"https:\/\/kinnunen.fi\/wp-content\/uploads\/2021\/10\/route66.jpg","contentUrl":"https:\/\/kinnunen.fi\/wp-content\/uploads\/2021\/10\/route66.jpg","width":1000,"height":1000},{"@type":"BreadcrumbList","@id":"https:\/\/kinnunen.fi\/tuote\/route-66-salkku\/#breadcrumb","itemListElement":[{"@type":"ListItem","position":1,"name":"Etusivu","item":"https:\/\/kinnunen.fi\/"},{"@type":"ListItem","position":2,"name":"Kaikki tuotteet","item":"https:\/\/kinnunen.fi\/kauppa\/"},{"@type":"ListItem","position":3,"name":"Kalusteet","item":"https:\/\/kinnunen.fi\/tuote-osasto\/kalusteet\/"},{"@type":"ListItem","position":4,"name":"Route 66 -salkku"}]},{"@type":"WebSite","@id":"https:\/\/kinnunen.fi\/#website","url":"https:\/\/kinnunen.fi\/","name":"Kinnunen","description":"","potentialAction":[{"@type":"SearchAction","target":{"@type":"EntryPoint","urlTemplate":"https:\/\/kinnunen.fi\/?s={search_term_string}"},"query-input":"required name=search_term_string"}],"inLanguage":"en-GB"}]}},"_links":{"self":[{"href":"https:\/\/kinnunen.fi\/en\/wp-json\/wp\/v2\/product\/5920"}],"collection":[{"href":"https:\/\/kinnunen.fi\/en\/wp-json\/wp\/v2\/product"}],"about":[{"href":"https:\/\/kinnunen.fi\/en\/wp-json\/wp\/v2\/types\/product"}],"replies":[{"embeddable":true,"href":"https:\/\/kinnunen.fi\/en\/wp-json\/wp\/v2\/comments?post=5920"}],"wp:featuredmedia":[{"embeddable":true,"href":"https:\/\/kinnunen.fi\/en\/wp-json\/wp\/v2\/media\/15006"}],"wp:attachment":[{"href":"https:\/\/kinnunen.fi\/en\/wp-json\/wp\/v2\/media?parent=5920"}],"wp:term":[{"taxonomy":"product_cat","embeddable":true,"href":"https:\/\/kinnunen.fi\/en\/wp-json\/wp\/v2\/product_cat?post=5920"},{"taxonomy":"product_tag","embeddable":true,"href":"https:\/\/kinnunen.fi\/en\/wp-json\/wp\/v2\/product_tag?post=5920"}],"curies":[{"name":"wp","href":"https:\/\/api.w.org\/{rel}","templated":true}]}}