

{"id":5931,"date":"2021-10-29T13:31:21","date_gmt":"2021-10-29T10:31:21","guid":{"rendered":"https:\/\/kinnunen.fi\/tuote\/milano-tarvikevaunu\/"},"modified":"2026-04-17T08:46:42","modified_gmt":"2026-04-17T05:46:42","slug":"milano-tarvikevaunu","status":"publish","type":"product","link":"https:\/\/kinnunen.fi\/en\/product\/milano-tarvikevaunu\/","title":{"rendered":"Milano trolley"},"content":{"rendered":"<p>Keep your accessories neatly organised throughout the day. This handy work trolley is easy to move, and your supplies are always within easy reach. You can attach the accessory boxes to the side of the trolley. Large rubber wheels with bearings. 5 compartmentalized drawers and metal hair dryer rack. Size K89 x L33 x S38 cm.<\/p>","protected":false},"excerpt":{"rendered":"<p>Keep your accessories neatly organised throughout the day. This handy work trolley is easy to move, and your supplies are always within easy reach.<\/p>","protected":false},"featured_media":14777,"comment_status":"closed","ping_status":"closed","template":"","meta":{"_relevanssi_hide_post":"","_relevanssi_pin_for_all":"","_relevanssi_pin_keywords":"","_relevanssi_unpin_keywords":"","_relevanssi_related_keywords":"","_relevanssi_related_include_ids":"","_relevanssi_related_exclude_ids":"","_relevanssi_related_no_append":"","_relevanssi_related_not_related":"","_relevanssi_related_posts":"","_relevanssi_noindex_reason":""},"product_cat":[1838,1845],"product_tag":[2457,2458],"class_list":["post-5931","product","type-product","status-publish","has-post-thumbnail","hentry","product_cat-kalusteet","product_cat-tarvikevaunut","product_tag-tyokarry","product_tag-tyovaunu","tuotemerkki-sibel"],"tuotemerkit":[{"term_id":133,"name":"Sibel","slug":"sibel","term_group":0,"term_taxonomy_id":133,"taxonomy":"tuotemerkki","description":"","parent":0,"count":43,"filter":"raw"}],"acf":[],"yoast_head":"<!-- This site is optimized with the Yoast SEO plugin v23.3 - https:\/\/yoast.com\/wordpress\/plugins\/seo\/ -->\n<title>Milano -tarvikevaunu - Kinnunen<\/title>\n<meta name=\"robots\" content=\"index, follow, max-snippet:-1, max-image-preview:large, max-video-preview:-1\" \/>\n<link rel=\"canonical\" href=\"https:\/\/kinnunen.fi\/en\/product\/milano-tarvikevaunu\/\" \/>\n<meta property=\"og:locale\" content=\"en_GB\" \/>\n<meta property=\"og:type\" content=\"article\" \/>\n<meta property=\"og:title\" content=\"Milano -tarvikevaunu - Kinnunen\" \/>\n<meta property=\"og:description\" content=\"S\u00e4ilyt\u00e4 tarvikkeet tyylikk\u00e4\u00e4sti j\u00e4rjestyksess\u00e4 koko p\u00e4iv\u00e4n. T\u00e4t\u00e4 k\u00e4tev\u00e4\u00e4 ty\u00f6k\u00e4rry\u00e4 on helppo siirt\u00e4\u00e4, ja tarvikkeet ovat koko ajan k\u00e4den ulottuvilla.\" \/>\n<meta property=\"og:url\" content=\"https:\/\/kinnunen.fi\/en\/product\/milano-tarvikevaunu\/\" \/>\n<meta property=\"og:site_name\" content=\"Kinnunen\" \/>\n<meta property=\"article:modified_time\" content=\"2026-04-17T05:46:42+00:00\" \/>\n<meta property=\"og:image\" content=\"https:\/\/kinnunen.fi\/wp-content\/uploads\/2021\/10\/milano_tarvikevaunu.jpg\" \/>\n\t<meta property=\"og:image:width\" content=\"1000\" \/>\n\t<meta property=\"og:image:height\" content=\"1000\" \/>\n\t<meta property=\"og:image:type\" content=\"image\/jpeg\" \/>\n<meta name=\"twitter:card\" content=\"summary_large_image\" \/>\n<script type=\"application\/ld+json\" class=\"yoast-schema-graph\">{\"@context\":\"https:\/\/schema.org\",\"@graph\":[{\"@type\":\"WebPage\",\"@id\":\"https:\/\/kinnunen.fi\/tuote\/milano-tarvikevaunu\/\",\"url\":\"https:\/\/kinnunen.fi\/tuote\/milano-tarvikevaunu\/\",\"name\":\"Milano -tarvikevaunu - Kinnunen\",\"isPartOf\":{\"@id\":\"https:\/\/kinnunen.fi\/#website\"},\"primaryImageOfPage\":{\"@id\":\"https:\/\/kinnunen.fi\/tuote\/milano-tarvikevaunu\/#primaryimage\"},\"image\":{\"@id\":\"https:\/\/kinnunen.fi\/tuote\/milano-tarvikevaunu\/#primaryimage\"},\"thumbnailUrl\":\"https:\/\/kinnunen.fi\/wp-content\/uploads\/2021\/10\/milano_tarvikevaunu.jpg\",\"datePublished\":\"2021-10-29T10:31:21+00:00\",\"dateModified\":\"2026-04-17T05:46:42+00:00\",\"breadcrumb\":{\"@id\":\"https:\/\/kinnunen.fi\/tuote\/milano-tarvikevaunu\/#breadcrumb\"},\"inLanguage\":\"en-GB\",\"potentialAction\":[{\"@type\":\"ReadAction\",\"target\":[\"https:\/\/kinnunen.fi\/tuote\/milano-tarvikevaunu\/\"]}]},{\"@type\":\"ImageObject\",\"inLanguage\":\"en-GB\",\"@id\":\"https:\/\/kinnunen.fi\/tuote\/milano-tarvikevaunu\/#primaryimage\",\"url\":\"https:\/\/kinnunen.fi\/wp-content\/uploads\/2021\/10\/milano_tarvikevaunu.jpg\",\"contentUrl\":\"https:\/\/kinnunen.fi\/wp-content\/uploads\/2021\/10\/milano_tarvikevaunu.jpg\",\"width\":1000,\"height\":1000},{\"@type\":\"BreadcrumbList\",\"@id\":\"https:\/\/kinnunen.fi\/tuote\/milano-tarvikevaunu\/#breadcrumb\",\"itemListElement\":[{\"@type\":\"ListItem\",\"position\":1,\"name\":\"Etusivu\",\"item\":\"https:\/\/kinnunen.fi\/\"},{\"@type\":\"ListItem\",\"position\":2,\"name\":\"Kaikki tuotteet\",\"item\":\"https:\/\/kinnunen.fi\/kauppa\/\"},{\"@type\":\"ListItem\",\"position\":3,\"name\":\"Kalusteet\",\"item\":\"https:\/\/kinnunen.fi\/tuote-osasto\/kalusteet\/\"},{\"@type\":\"ListItem\",\"position\":4,\"name\":\"Milano -tarvikevaunu\"}]},{\"@type\":\"WebSite\",\"@id\":\"https:\/\/kinnunen.fi\/#website\",\"url\":\"https:\/\/kinnunen.fi\/\",\"name\":\"Kinnunen\",\"description\":\"\",\"potentialAction\":[{\"@type\":\"SearchAction\",\"target\":{\"@type\":\"EntryPoint\",\"urlTemplate\":\"https:\/\/kinnunen.fi\/?s={search_term_string}\"},\"query-input\":\"required name=search_term_string\"}],\"inLanguage\":\"en-GB\"}]}<\/script>\n<!-- \/ Yoast SEO plugin. -->","yoast_head_json":{"title":"Milano -tarvikevaunu - Kinnunen","robots":{"index":"index","follow":"follow","max-snippet":"max-snippet:-1","max-image-preview":"max-image-preview:large","max-video-preview":"max-video-preview:-1"},"canonical":"https:\/\/kinnunen.fi\/en\/product\/milano-tarvikevaunu\/","og_locale":"en_GB","og_type":"article","og_title":"Milano -tarvikevaunu - Kinnunen","og_description":"S\u00e4ilyt\u00e4 tarvikkeet tyylikk\u00e4\u00e4sti j\u00e4rjestyksess\u00e4 koko p\u00e4iv\u00e4n. T\u00e4t\u00e4 k\u00e4tev\u00e4\u00e4 ty\u00f6k\u00e4rry\u00e4 on helppo siirt\u00e4\u00e4, ja tarvikkeet ovat koko ajan k\u00e4den ulottuvilla.","og_url":"https:\/\/kinnunen.fi\/en\/product\/milano-tarvikevaunu\/","og_site_name":"Kinnunen","article_modified_time":"2026-04-17T05:46:42+00:00","og_image":[{"width":1000,"height":1000,"url":"https:\/\/kinnunen.fi\/wp-content\/uploads\/2021\/10\/milano_tarvikevaunu.jpg","type":"image\/jpeg"}],"twitter_card":"summary_large_image","schema":{"@context":"https:\/\/schema.org","@graph":[{"@type":"WebPage","@id":"https:\/\/kinnunen.fi\/tuote\/milano-tarvikevaunu\/","url":"https:\/\/kinnunen.fi\/tuote\/milano-tarvikevaunu\/","name":"Milano -tarvikevaunu - Kinnunen","isPartOf":{"@id":"https:\/\/kinnunen.fi\/#website"},"primaryImageOfPage":{"@id":"https:\/\/kinnunen.fi\/tuote\/milano-tarvikevaunu\/#primaryimage"},"image":{"@id":"https:\/\/kinnunen.fi\/tuote\/milano-tarvikevaunu\/#primaryimage"},"thumbnailUrl":"https:\/\/kinnunen.fi\/wp-content\/uploads\/2021\/10\/milano_tarvikevaunu.jpg","datePublished":"2021-10-29T10:31:21+00:00","dateModified":"2026-04-17T05:46:42+00:00","breadcrumb":{"@id":"https:\/\/kinnunen.fi\/tuote\/milano-tarvikevaunu\/#breadcrumb"},"inLanguage":"en-GB","potentialAction":[{"@type":"ReadAction","target":["https:\/\/kinnunen.fi\/tuote\/milano-tarvikevaunu\/"]}]},{"@type":"ImageObject","inLanguage":"en-GB","@id":"https:\/\/kinnunen.fi\/tuote\/milano-tarvikevaunu\/#primaryimage","url":"https:\/\/kinnunen.fi\/wp-content\/uploads\/2021\/10\/milano_tarvikevaunu.jpg","contentUrl":"https:\/\/kinnunen.fi\/wp-content\/uploads\/2021\/10\/milano_tarvikevaunu.jpg","width":1000,"height":1000},{"@type":"BreadcrumbList","@id":"https:\/\/kinnunen.fi\/tuote\/milano-tarvikevaunu\/#breadcrumb","itemListElement":[{"@type":"ListItem","position":1,"name":"Etusivu","item":"https:\/\/kinnunen.fi\/"},{"@type":"ListItem","position":2,"name":"Kaikki tuotteet","item":"https:\/\/kinnunen.fi\/kauppa\/"},{"@type":"ListItem","position":3,"name":"Kalusteet","item":"https:\/\/kinnunen.fi\/tuote-osasto\/kalusteet\/"},{"@type":"ListItem","position":4,"name":"Milano -tarvikevaunu"}]},{"@type":"WebSite","@id":"https:\/\/kinnunen.fi\/#website","url":"https:\/\/kinnunen.fi\/","name":"Kinnunen","description":"","potentialAction":[{"@type":"SearchAction","target":{"@type":"EntryPoint","urlTemplate":"https:\/\/kinnunen.fi\/?s={search_term_string}"},"query-input":"required name=search_term_string"}],"inLanguage":"en-GB"}]}},"_links":{"self":[{"href":"https:\/\/kinnunen.fi\/en\/wp-json\/wp\/v2\/product\/5931"}],"collection":[{"href":"https:\/\/kinnunen.fi\/en\/wp-json\/wp\/v2\/product"}],"about":[{"href":"https:\/\/kinnunen.fi\/en\/wp-json\/wp\/v2\/types\/product"}],"replies":[{"embeddable":true,"href":"https:\/\/kinnunen.fi\/en\/wp-json\/wp\/v2\/comments?post=5931"}],"wp:featuredmedia":[{"embeddable":true,"href":"https:\/\/kinnunen.fi\/en\/wp-json\/wp\/v2\/media\/14777"}],"wp:attachment":[{"href":"https:\/\/kinnunen.fi\/en\/wp-json\/wp\/v2\/media?parent=5931"}],"wp:term":[{"taxonomy":"product_cat","embeddable":true,"href":"https:\/\/kinnunen.fi\/en\/wp-json\/wp\/v2\/product_cat?post=5931"},{"taxonomy":"product_tag","embeddable":true,"href":"https:\/\/kinnunen.fi\/en\/wp-json\/wp\/v2\/product_tag?post=5931"}],"curies":[{"name":"wp","href":"https:\/\/api.w.org\/{rel}","templated":true}]}}