

{"id":5932,"date":"2021-10-29T13:31:39","date_gmt":"2021-10-29T10:31:39","guid":{"rendered":"https:\/\/kinnunen.fi\/tuote\/s-max-parturituoli-musta\/"},"modified":"2024-05-29T18:17:08","modified_gmt":"2024-05-29T15:17:08","slug":"s-max-parturituoli-musta","status":"publish","type":"product","link":"https:\/\/kinnunen.fi\/en\/product\/s-max-parturituoli-musta\/","title":{"rendered":"V-Max beach chair, black"},"content":{"rendered":"<p>Barber chair in black pattern with tilting backrest, footrest and removable headrest. A sturdy trumpet foot is standard. Pattern colour: black. Width 98 cm, depth 100 cm and seat height 62 - 71 cm. Made to order, delivery time 5 - 8 weeks.<\/p>\n<p>The product is also available in other pattern colours for an extra charge.<\/p>","protected":false},"excerpt":{"rendered":"<p>Stylish traditional barber chair with tilting backrest, removable headrest and footrest.<\/p>","protected":false},"featured_media":14130,"comment_status":"closed","ping_status":"closed","template":"","meta":{"_relevanssi_hide_post":"","_relevanssi_pin_for_all":"","_relevanssi_pin_keywords":"","_relevanssi_unpin_keywords":"","_relevanssi_related_keywords":"","_relevanssi_related_include_ids":"","_relevanssi_related_exclude_ids":"","_relevanssi_related_no_append":"","_relevanssi_related_not_related":"","_relevanssi_related_posts":"","_relevanssi_noindex_reason":""},"product_cat":[1838,1843],"product_tag":[],"class_list":["post-5932","product","type-product","status-publish","has-post-thumbnail","hentry","product_cat-kalusteet","product_cat-parturituolit","pa_maksimi-istuinkorkeus-71-cm","pa_minimi-istuinkorkeus-62-cm","pa_ominaisuudet-valmistettu-euroopassa","tuotemerkki-agv-extremeline"],"tuotemerkit":[{"term_id":306,"name":"AGV Extremeline","slug":"agv-extremeline","term_group":0,"term_taxonomy_id":306,"taxonomy":"tuotemerkki","description":"","parent":0,"count":29,"filter":"raw"}],"acf":[],"yoast_head":"<!-- This site is optimized with the Yoast SEO plugin v23.3 - https:\/\/yoast.com\/wordpress\/plugins\/seo\/ -->\n<title>V-Max -parturituoli, musta - Kinnunen<\/title>\n<meta name=\"robots\" content=\"index, follow, max-snippet:-1, max-image-preview:large, max-video-preview:-1\" \/>\n<link rel=\"canonical\" href=\"https:\/\/kinnunen.fi\/en\/product\/s-max-parturituoli-musta\/\" \/>\n<meta property=\"og:locale\" content=\"en_GB\" \/>\n<meta property=\"og:type\" content=\"article\" \/>\n<meta property=\"og:title\" content=\"V-Max -parturituoli, musta - Kinnunen\" \/>\n<meta property=\"og:description\" content=\"Tyylik\u00e4s perinteinen parturituoli, jossa on kallistuva selk\u00e4noja, irroitettava niskatuki sek\u00e4 jalkatuki.\" \/>\n<meta property=\"og:url\" content=\"https:\/\/kinnunen.fi\/en\/product\/s-max-parturituoli-musta\/\" \/>\n<meta property=\"og:site_name\" content=\"Kinnunen\" \/>\n<meta property=\"article:modified_time\" content=\"2024-05-29T15:17:08+00:00\" \/>\n<meta property=\"og:image\" content=\"https:\/\/kinnunen.fi\/wp-content\/uploads\/2021\/10\/AGV_Smax.jpg\" \/>\n\t<meta property=\"og:image:width\" content=\"1000\" \/>\n\t<meta property=\"og:image:height\" content=\"1000\" \/>\n\t<meta property=\"og:image:type\" content=\"image\/jpeg\" \/>\n<meta name=\"twitter:card\" content=\"summary_large_image\" \/>\n<meta name=\"twitter:label1\" content=\"Estimated reading time\" \/>\n\t<meta name=\"twitter:data1\" content=\"1 minute\" \/>\n<script type=\"application\/ld+json\" class=\"yoast-schema-graph\">{\"@context\":\"https:\/\/schema.org\",\"@graph\":[{\"@type\":\"WebPage\",\"@id\":\"https:\/\/kinnunen.fi\/tuote\/s-max-parturituoli-musta\/\",\"url\":\"https:\/\/kinnunen.fi\/tuote\/s-max-parturituoli-musta\/\",\"name\":\"V-Max -parturituoli, musta - Kinnunen\",\"isPartOf\":{\"@id\":\"https:\/\/kinnunen.fi\/#website\"},\"primaryImageOfPage\":{\"@id\":\"https:\/\/kinnunen.fi\/tuote\/s-max-parturituoli-musta\/#primaryimage\"},\"image\":{\"@id\":\"https:\/\/kinnunen.fi\/tuote\/s-max-parturituoli-musta\/#primaryimage\"},\"thumbnailUrl\":\"https:\/\/kinnunen.fi\/wp-content\/uploads\/2021\/10\/AGV_Smax.jpg\",\"datePublished\":\"2021-10-29T10:31:39+00:00\",\"dateModified\":\"2024-05-29T15:17:08+00:00\",\"breadcrumb\":{\"@id\":\"https:\/\/kinnunen.fi\/tuote\/s-max-parturituoli-musta\/#breadcrumb\"},\"inLanguage\":\"en-GB\",\"potentialAction\":[{\"@type\":\"ReadAction\",\"target\":[\"https:\/\/kinnunen.fi\/tuote\/s-max-parturituoli-musta\/\"]}]},{\"@type\":\"ImageObject\",\"inLanguage\":\"en-GB\",\"@id\":\"https:\/\/kinnunen.fi\/tuote\/s-max-parturituoli-musta\/#primaryimage\",\"url\":\"https:\/\/kinnunen.fi\/wp-content\/uploads\/2021\/10\/AGV_Smax.jpg\",\"contentUrl\":\"https:\/\/kinnunen.fi\/wp-content\/uploads\/2021\/10\/AGV_Smax.jpg\",\"width\":1000,\"height\":1000},{\"@type\":\"BreadcrumbList\",\"@id\":\"https:\/\/kinnunen.fi\/tuote\/s-max-parturituoli-musta\/#breadcrumb\",\"itemListElement\":[{\"@type\":\"ListItem\",\"position\":1,\"name\":\"Etusivu\",\"item\":\"https:\/\/kinnunen.fi\/\"},{\"@type\":\"ListItem\",\"position\":2,\"name\":\"Kaikki tuotteet\",\"item\":\"https:\/\/kinnunen.fi\/kauppa\/\"},{\"@type\":\"ListItem\",\"position\":3,\"name\":\"Kalusteet\",\"item\":\"https:\/\/kinnunen.fi\/tuote-osasto\/kalusteet\/\"},{\"@type\":\"ListItem\",\"position\":4,\"name\":\"Parturituolit\",\"item\":\"https:\/\/kinnunen.fi\/tuote-osasto\/kalusteet\/parturituolit\/\"},{\"@type\":\"ListItem\",\"position\":5,\"name\":\"V-Max -parturituoli, musta\"}]},{\"@type\":\"WebSite\",\"@id\":\"https:\/\/kinnunen.fi\/#website\",\"url\":\"https:\/\/kinnunen.fi\/\",\"name\":\"Kinnunen\",\"description\":\"\",\"potentialAction\":[{\"@type\":\"SearchAction\",\"target\":{\"@type\":\"EntryPoint\",\"urlTemplate\":\"https:\/\/kinnunen.fi\/?s={search_term_string}\"},\"query-input\":\"required name=search_term_string\"}],\"inLanguage\":\"en-GB\"}]}<\/script>\n<!-- \/ Yoast SEO plugin. -->","yoast_head_json":{"title":"V-Max -parturituoli, musta - Kinnunen","robots":{"index":"index","follow":"follow","max-snippet":"max-snippet:-1","max-image-preview":"max-image-preview:large","max-video-preview":"max-video-preview:-1"},"canonical":"https:\/\/kinnunen.fi\/en\/product\/s-max-parturituoli-musta\/","og_locale":"en_GB","og_type":"article","og_title":"V-Max -parturituoli, musta - Kinnunen","og_description":"Tyylik\u00e4s perinteinen parturituoli, jossa on kallistuva selk\u00e4noja, irroitettava niskatuki sek\u00e4 jalkatuki.","og_url":"https:\/\/kinnunen.fi\/en\/product\/s-max-parturituoli-musta\/","og_site_name":"Kinnunen","article_modified_time":"2024-05-29T15:17:08+00:00","og_image":[{"width":1000,"height":1000,"url":"https:\/\/kinnunen.fi\/wp-content\/uploads\/2021\/10\/AGV_Smax.jpg","type":"image\/jpeg"}],"twitter_card":"summary_large_image","twitter_misc":{"Estimated reading time":"1 minute"},"schema":{"@context":"https:\/\/schema.org","@graph":[{"@type":"WebPage","@id":"https:\/\/kinnunen.fi\/tuote\/s-max-parturituoli-musta\/","url":"https:\/\/kinnunen.fi\/tuote\/s-max-parturituoli-musta\/","name":"V-Max -parturituoli, musta - Kinnunen","isPartOf":{"@id":"https:\/\/kinnunen.fi\/#website"},"primaryImageOfPage":{"@id":"https:\/\/kinnunen.fi\/tuote\/s-max-parturituoli-musta\/#primaryimage"},"image":{"@id":"https:\/\/kinnunen.fi\/tuote\/s-max-parturituoli-musta\/#primaryimage"},"thumbnailUrl":"https:\/\/kinnunen.fi\/wp-content\/uploads\/2021\/10\/AGV_Smax.jpg","datePublished":"2021-10-29T10:31:39+00:00","dateModified":"2024-05-29T15:17:08+00:00","breadcrumb":{"@id":"https:\/\/kinnunen.fi\/tuote\/s-max-parturituoli-musta\/#breadcrumb"},"inLanguage":"en-GB","potentialAction":[{"@type":"ReadAction","target":["https:\/\/kinnunen.fi\/tuote\/s-max-parturituoli-musta\/"]}]},{"@type":"ImageObject","inLanguage":"en-GB","@id":"https:\/\/kinnunen.fi\/tuote\/s-max-parturituoli-musta\/#primaryimage","url":"https:\/\/kinnunen.fi\/wp-content\/uploads\/2021\/10\/AGV_Smax.jpg","contentUrl":"https:\/\/kinnunen.fi\/wp-content\/uploads\/2021\/10\/AGV_Smax.jpg","width":1000,"height":1000},{"@type":"BreadcrumbList","@id":"https:\/\/kinnunen.fi\/tuote\/s-max-parturituoli-musta\/#breadcrumb","itemListElement":[{"@type":"ListItem","position":1,"name":"Etusivu","item":"https:\/\/kinnunen.fi\/"},{"@type":"ListItem","position":2,"name":"Kaikki tuotteet","item":"https:\/\/kinnunen.fi\/kauppa\/"},{"@type":"ListItem","position":3,"name":"Kalusteet","item":"https:\/\/kinnunen.fi\/tuote-osasto\/kalusteet\/"},{"@type":"ListItem","position":4,"name":"Parturituolit","item":"https:\/\/kinnunen.fi\/tuote-osasto\/kalusteet\/parturituolit\/"},{"@type":"ListItem","position":5,"name":"V-Max -parturituoli, musta"}]},{"@type":"WebSite","@id":"https:\/\/kinnunen.fi\/#website","url":"https:\/\/kinnunen.fi\/","name":"Kinnunen","description":"","potentialAction":[{"@type":"SearchAction","target":{"@type":"EntryPoint","urlTemplate":"https:\/\/kinnunen.fi\/?s={search_term_string}"},"query-input":"required name=search_term_string"}],"inLanguage":"en-GB"}]}},"_links":{"self":[{"href":"https:\/\/kinnunen.fi\/en\/wp-json\/wp\/v2\/product\/5932"}],"collection":[{"href":"https:\/\/kinnunen.fi\/en\/wp-json\/wp\/v2\/product"}],"about":[{"href":"https:\/\/kinnunen.fi\/en\/wp-json\/wp\/v2\/types\/product"}],"replies":[{"embeddable":true,"href":"https:\/\/kinnunen.fi\/en\/wp-json\/wp\/v2\/comments?post=5932"}],"wp:featuredmedia":[{"embeddable":true,"href":"https:\/\/kinnunen.fi\/en\/wp-json\/wp\/v2\/media\/14130"}],"wp:attachment":[{"href":"https:\/\/kinnunen.fi\/en\/wp-json\/wp\/v2\/media?parent=5932"}],"wp:term":[{"taxonomy":"product_cat","embeddable":true,"href":"https:\/\/kinnunen.fi\/en\/wp-json\/wp\/v2\/product_cat?post=5932"},{"taxonomy":"product_tag","embeddable":true,"href":"https:\/\/kinnunen.fi\/en\/wp-json\/wp\/v2\/product_tag?post=5932"}],"curies":[{"name":"wp","href":"https:\/\/api.w.org\/{rel}","templated":true}]}}