

{"id":5938,"date":"2021-10-29T13:31:39","date_gmt":"2021-10-29T10:31:39","guid":{"rendered":"https:\/\/kinnunen.fi\/tuote\/lunaire-comfort-up-air-massage\/"},"modified":"2025-01-29T15:09:59","modified_gmt":"2025-01-29T13:09:59","slug":"lunaire-comfort-up-air-massage","status":"publish","type":"product","link":"https:\/\/kinnunen.fi\/en\/product\/lunaire-comfort-up-air-massage\/","title":{"rendered":"Lunaire Comfort Up Air Massage"},"content":{"rendered":"<p>Lunaire Comfort Up Air is a unique and stylish massage washbasin with a height-adjustable body (basin + seat) from 84 cm to 112 cm using convenient buttons. You will always achieve the perfect working position and the most comfortable position for your client. Tilting white basin. You can choose the seat pattern from a wide range. Body colour white. Width 72,5 cm. The product is made to measure in Italy. Delivery time 5 - 8 weeks.<\/p>\n<p>Available accessories:<\/p>\n<ul>\n<li>Thermostatic mixer<\/li>\n<li>Soft Touch neck support<\/li>\n<li>Special year<\/li>\n<\/ul>","protected":false},"excerpt":{"rendered":"<p>A washing area with adjustable height of the entire body. The washbasin is equipped with a tilting white basin and an Air Massage massage.<\/p>","protected":false},"featured_media":14079,"comment_status":"closed","ping_status":"closed","template":"","meta":{"_relevanssi_hide_post":"","_relevanssi_pin_for_all":"","_relevanssi_pin_keywords":"","_relevanssi_unpin_keywords":"","_relevanssi_related_keywords":"","_relevanssi_related_include_ids":"","_relevanssi_related_exclude_ids":"","_relevanssi_related_no_append":"","_relevanssi_related_not_related":"","_relevanssi_related_posts":"","_relevanssi_noindex_reason":""},"product_cat":[1838,1840],"product_tag":[],"class_list":["post-5938","product","type-product","status-publish","has-post-thumbnail","hentry","product_cat-kalusteet","product_cat-pesupaikat","pa_ominaisuudet-valmistettu-euroopassa","tuotemerkki-agv-extremeline"],"tuotemerkit":[{"term_id":306,"name":"AGV Extremeline","slug":"agv-extremeline","term_group":0,"term_taxonomy_id":306,"taxonomy":"tuotemerkki","description":"","parent":0,"count":29,"filter":"raw"}],"acf":[],"yoast_head":"<!-- This site is optimized with the Yoast SEO plugin v23.3 - https:\/\/yoast.com\/wordpress\/plugins\/seo\/ -->\n<title>Lunaire Comfort Up Air Massage - Kinnunen<\/title>\n<meta name=\"robots\" content=\"index, follow, max-snippet:-1, max-image-preview:large, max-video-preview:-1\" \/>\n<link rel=\"canonical\" href=\"https:\/\/kinnunen.fi\/en\/product\/lunaire-comfort-up-air-massage\/\" \/>\n<meta property=\"og:locale\" content=\"en_GB\" \/>\n<meta property=\"og:type\" content=\"article\" \/>\n<meta property=\"og:title\" content=\"Lunaire Comfort Up Air Massage - Kinnunen\" \/>\n<meta property=\"og:description\" content=\"Pesupaikka, jonka koko rungon korkeutta voidaan s\u00e4\u00e4t\u00e4\u00e4. Pesupaikka on varustettu kallistuvalla valkoisella altaalla sek\u00e4 Air Massage -hieronnalla.\" \/>\n<meta property=\"og:url\" content=\"https:\/\/kinnunen.fi\/en\/product\/lunaire-comfort-up-air-massage\/\" \/>\n<meta property=\"og:site_name\" content=\"Kinnunen\" \/>\n<meta property=\"article:modified_time\" content=\"2025-01-29T13:09:59+00:00\" \/>\n<meta property=\"og:image\" content=\"https:\/\/kinnunen.fi\/wp-content\/uploads\/2021\/10\/AGV_Lunairecomfortupair.jpg\" \/>\n\t<meta property=\"og:image:width\" content=\"1000\" \/>\n\t<meta property=\"og:image:height\" content=\"1000\" \/>\n\t<meta property=\"og:image:type\" content=\"image\/jpeg\" \/>\n<meta name=\"twitter:card\" content=\"summary_large_image\" \/>\n<meta name=\"twitter:label1\" content=\"Estimated reading time\" \/>\n\t<meta name=\"twitter:data1\" content=\"1 minute\" \/>\n<script type=\"application\/ld+json\" class=\"yoast-schema-graph\">{\"@context\":\"https:\/\/schema.org\",\"@graph\":[{\"@type\":\"WebPage\",\"@id\":\"https:\/\/kinnunen.fi\/tuote\/lunaire-comfort-up-air-massage\/\",\"url\":\"https:\/\/kinnunen.fi\/tuote\/lunaire-comfort-up-air-massage\/\",\"name\":\"Lunaire Comfort Up Air Massage - Kinnunen\",\"isPartOf\":{\"@id\":\"https:\/\/kinnunen.fi\/#website\"},\"primaryImageOfPage\":{\"@id\":\"https:\/\/kinnunen.fi\/tuote\/lunaire-comfort-up-air-massage\/#primaryimage\"},\"image\":{\"@id\":\"https:\/\/kinnunen.fi\/tuote\/lunaire-comfort-up-air-massage\/#primaryimage\"},\"thumbnailUrl\":\"https:\/\/kinnunen.fi\/wp-content\/uploads\/2021\/10\/AGV_Lunairecomfortupair.jpg\",\"datePublished\":\"2021-10-29T10:31:39+00:00\",\"dateModified\":\"2025-01-29T13:09:59+00:00\",\"breadcrumb\":{\"@id\":\"https:\/\/kinnunen.fi\/tuote\/lunaire-comfort-up-air-massage\/#breadcrumb\"},\"inLanguage\":\"en-GB\",\"potentialAction\":[{\"@type\":\"ReadAction\",\"target\":[\"https:\/\/kinnunen.fi\/tuote\/lunaire-comfort-up-air-massage\/\"]}]},{\"@type\":\"ImageObject\",\"inLanguage\":\"en-GB\",\"@id\":\"https:\/\/kinnunen.fi\/tuote\/lunaire-comfort-up-air-massage\/#primaryimage\",\"url\":\"https:\/\/kinnunen.fi\/wp-content\/uploads\/2021\/10\/AGV_Lunairecomfortupair.jpg\",\"contentUrl\":\"https:\/\/kinnunen.fi\/wp-content\/uploads\/2021\/10\/AGV_Lunairecomfortupair.jpg\",\"width\":1000,\"height\":1000},{\"@type\":\"BreadcrumbList\",\"@id\":\"https:\/\/kinnunen.fi\/tuote\/lunaire-comfort-up-air-massage\/#breadcrumb\",\"itemListElement\":[{\"@type\":\"ListItem\",\"position\":1,\"name\":\"Etusivu\",\"item\":\"https:\/\/kinnunen.fi\/\"},{\"@type\":\"ListItem\",\"position\":2,\"name\":\"Kaikki tuotteet\",\"item\":\"https:\/\/kinnunen.fi\/kauppa\/\"},{\"@type\":\"ListItem\",\"position\":3,\"name\":\"Kalusteet\",\"item\":\"https:\/\/kinnunen.fi\/tuote-osasto\/kalusteet\/\"},{\"@type\":\"ListItem\",\"position\":4,\"name\":\"Pesupaikat\",\"item\":\"https:\/\/kinnunen.fi\/tuote-osasto\/kalusteet\/pesupaikat\/\"},{\"@type\":\"ListItem\",\"position\":5,\"name\":\"Lunaire Comfort Up Air Massage\"}]},{\"@type\":\"WebSite\",\"@id\":\"https:\/\/kinnunen.fi\/#website\",\"url\":\"https:\/\/kinnunen.fi\/\",\"name\":\"Kinnunen\",\"description\":\"\",\"potentialAction\":[{\"@type\":\"SearchAction\",\"target\":{\"@type\":\"EntryPoint\",\"urlTemplate\":\"https:\/\/kinnunen.fi\/?s={search_term_string}\"},\"query-input\":\"required name=search_term_string\"}],\"inLanguage\":\"en-GB\"}]}<\/script>\n<!-- \/ Yoast SEO plugin. -->","yoast_head_json":{"title":"Lunaire Comfort Up Air Massage - Kinnunen","robots":{"index":"index","follow":"follow","max-snippet":"max-snippet:-1","max-image-preview":"max-image-preview:large","max-video-preview":"max-video-preview:-1"},"canonical":"https:\/\/kinnunen.fi\/en\/product\/lunaire-comfort-up-air-massage\/","og_locale":"en_GB","og_type":"article","og_title":"Lunaire Comfort Up Air Massage - Kinnunen","og_description":"Pesupaikka, jonka koko rungon korkeutta voidaan s\u00e4\u00e4t\u00e4\u00e4. Pesupaikka on varustettu kallistuvalla valkoisella altaalla sek\u00e4 Air Massage -hieronnalla.","og_url":"https:\/\/kinnunen.fi\/en\/product\/lunaire-comfort-up-air-massage\/","og_site_name":"Kinnunen","article_modified_time":"2025-01-29T13:09:59+00:00","og_image":[{"width":1000,"height":1000,"url":"https:\/\/kinnunen.fi\/wp-content\/uploads\/2021\/10\/AGV_Lunairecomfortupair.jpg","type":"image\/jpeg"}],"twitter_card":"summary_large_image","twitter_misc":{"Estimated reading time":"1 minute"},"schema":{"@context":"https:\/\/schema.org","@graph":[{"@type":"WebPage","@id":"https:\/\/kinnunen.fi\/tuote\/lunaire-comfort-up-air-massage\/","url":"https:\/\/kinnunen.fi\/tuote\/lunaire-comfort-up-air-massage\/","name":"Lunaire Comfort Up Air Massage - Kinnunen","isPartOf":{"@id":"https:\/\/kinnunen.fi\/#website"},"primaryImageOfPage":{"@id":"https:\/\/kinnunen.fi\/tuote\/lunaire-comfort-up-air-massage\/#primaryimage"},"image":{"@id":"https:\/\/kinnunen.fi\/tuote\/lunaire-comfort-up-air-massage\/#primaryimage"},"thumbnailUrl":"https:\/\/kinnunen.fi\/wp-content\/uploads\/2021\/10\/AGV_Lunairecomfortupair.jpg","datePublished":"2021-10-29T10:31:39+00:00","dateModified":"2025-01-29T13:09:59+00:00","breadcrumb":{"@id":"https:\/\/kinnunen.fi\/tuote\/lunaire-comfort-up-air-massage\/#breadcrumb"},"inLanguage":"en-GB","potentialAction":[{"@type":"ReadAction","target":["https:\/\/kinnunen.fi\/tuote\/lunaire-comfort-up-air-massage\/"]}]},{"@type":"ImageObject","inLanguage":"en-GB","@id":"https:\/\/kinnunen.fi\/tuote\/lunaire-comfort-up-air-massage\/#primaryimage","url":"https:\/\/kinnunen.fi\/wp-content\/uploads\/2021\/10\/AGV_Lunairecomfortupair.jpg","contentUrl":"https:\/\/kinnunen.fi\/wp-content\/uploads\/2021\/10\/AGV_Lunairecomfortupair.jpg","width":1000,"height":1000},{"@type":"BreadcrumbList","@id":"https:\/\/kinnunen.fi\/tuote\/lunaire-comfort-up-air-massage\/#breadcrumb","itemListElement":[{"@type":"ListItem","position":1,"name":"Etusivu","item":"https:\/\/kinnunen.fi\/"},{"@type":"ListItem","position":2,"name":"Kaikki tuotteet","item":"https:\/\/kinnunen.fi\/kauppa\/"},{"@type":"ListItem","position":3,"name":"Kalusteet","item":"https:\/\/kinnunen.fi\/tuote-osasto\/kalusteet\/"},{"@type":"ListItem","position":4,"name":"Pesupaikat","item":"https:\/\/kinnunen.fi\/tuote-osasto\/kalusteet\/pesupaikat\/"},{"@type":"ListItem","position":5,"name":"Lunaire Comfort Up Air Massage"}]},{"@type":"WebSite","@id":"https:\/\/kinnunen.fi\/#website","url":"https:\/\/kinnunen.fi\/","name":"Kinnunen","description":"","potentialAction":[{"@type":"SearchAction","target":{"@type":"EntryPoint","urlTemplate":"https:\/\/kinnunen.fi\/?s={search_term_string}"},"query-input":"required name=search_term_string"}],"inLanguage":"en-GB"}]}},"_links":{"self":[{"href":"https:\/\/kinnunen.fi\/en\/wp-json\/wp\/v2\/product\/5938"}],"collection":[{"href":"https:\/\/kinnunen.fi\/en\/wp-json\/wp\/v2\/product"}],"about":[{"href":"https:\/\/kinnunen.fi\/en\/wp-json\/wp\/v2\/types\/product"}],"replies":[{"embeddable":true,"href":"https:\/\/kinnunen.fi\/en\/wp-json\/wp\/v2\/comments?post=5938"}],"wp:featuredmedia":[{"embeddable":true,"href":"https:\/\/kinnunen.fi\/en\/wp-json\/wp\/v2\/media\/14079"}],"wp:attachment":[{"href":"https:\/\/kinnunen.fi\/en\/wp-json\/wp\/v2\/media?parent=5938"}],"wp:term":[{"taxonomy":"product_cat","embeddable":true,"href":"https:\/\/kinnunen.fi\/en\/wp-json\/wp\/v2\/product_cat?post=5938"},{"taxonomy":"product_tag","embeddable":true,"href":"https:\/\/kinnunen.fi\/en\/wp-json\/wp\/v2\/product_tag?post=5938"}],"curies":[{"name":"wp","href":"https:\/\/api.w.org\/{rel}","templated":true}]}}