

{"id":5961,"date":"2021-10-29T13:32:05","date_gmt":"2021-10-29T10:32:05","guid":{"rendered":"https:\/\/kinnunen.fi\/tuote\/shape-mirror-kassatiski\/"},"modified":"2024-05-29T18:15:24","modified_gmt":"2024-05-29T15:15:24","slug":"shape-mirror-kassatiski","status":"publish","type":"product","link":"https:\/\/kinnunen.fi\/en\/product\/shape-mirror-kassatiski\/","title":{"rendered":"Shape Mirror -cassatiski"},"content":{"rendered":"<p>Wooden patterned cash register with grey body and mirror in the middle of the front. You can choose from 12 options for the woodgrain finish of the front decorative elements. Spacious shelves and lockable drawer. Width 145 cm, height 105 cm and depth 49 cm. Delivery time 5 - 8 weeks.<\/p>","protected":false},"excerpt":{"rendered":"<p>A stylish cash desk in a choice of colours. The front is decorated with a mirror. Plenty of storage space.<\/p>","protected":false},"featured_media":14127,"comment_status":"closed","ping_status":"closed","template":"","meta":{"_relevanssi_hide_post":"","_relevanssi_pin_for_all":"","_relevanssi_pin_keywords":"","_relevanssi_unpin_keywords":"","_relevanssi_related_keywords":"","_relevanssi_related_include_ids":"","_relevanssi_related_exclude_ids":"","_relevanssi_related_no_append":"","_relevanssi_related_not_related":"","_relevanssi_related_posts":"","_relevanssi_noindex_reason":""},"product_cat":[1838,1842],"product_tag":[],"class_list":["post-5961","product","type-product","status-publish","has-post-thumbnail","hentry","product_cat-kalusteet","product_cat-kassatiskit-ja-odotustila","pa_ominaisuudet-valmistettu-euroopassa","tuotemerkki-agv-extremeline"],"tuotemerkit":[{"term_id":306,"name":"AGV Extremeline","slug":"agv-extremeline","term_group":0,"term_taxonomy_id":306,"taxonomy":"tuotemerkki","description":"","parent":0,"count":29,"filter":"raw"}],"acf":[],"yoast_head":"<!-- This site is optimized with the Yoast SEO plugin v23.3 - https:\/\/yoast.com\/wordpress\/plugins\/seo\/ -->\n<title>Shape Mirror -kassatiski - Kinnunen<\/title>\n<meta name=\"robots\" content=\"index, follow, max-snippet:-1, max-image-preview:large, max-video-preview:-1\" \/>\n<link rel=\"canonical\" href=\"https:\/\/kinnunen.fi\/en\/product\/shape-mirror-kassatiski\/\" \/>\n<meta property=\"og:locale\" content=\"en_GB\" \/>\n<meta property=\"og:type\" content=\"article\" \/>\n<meta property=\"og:title\" content=\"Shape Mirror -kassatiski - Kinnunen\" \/>\n<meta property=\"og:description\" content=\"Tyylik\u00e4s kassatiski, jonka v\u00e4rin voit valita useasta vaihtoehdosta. Etuosaa koristaa peili. Runsaasti s\u00e4ilytystilaa.\" \/>\n<meta property=\"og:url\" content=\"https:\/\/kinnunen.fi\/en\/product\/shape-mirror-kassatiski\/\" \/>\n<meta property=\"og:site_name\" content=\"Kinnunen\" \/>\n<meta property=\"article:modified_time\" content=\"2024-05-29T15:15:24+00:00\" \/>\n<meta property=\"og:image\" content=\"https:\/\/kinnunen.fi\/wp-content\/uploads\/2021\/10\/AGV_Shape_mirror.jpg\" \/>\n\t<meta property=\"og:image:width\" content=\"1000\" \/>\n\t<meta property=\"og:image:height\" content=\"1000\" \/>\n\t<meta property=\"og:image:type\" content=\"image\/jpeg\" \/>\n<meta name=\"twitter:card\" content=\"summary_large_image\" \/>\n<meta name=\"twitter:label1\" content=\"Estimated reading time\" \/>\n\t<meta name=\"twitter:data1\" content=\"1 minute\" \/>\n<script type=\"application\/ld+json\" class=\"yoast-schema-graph\">{\"@context\":\"https:\/\/schema.org\",\"@graph\":[{\"@type\":\"WebPage\",\"@id\":\"https:\/\/kinnunen.fi\/tuote\/shape-mirror-kassatiski\/\",\"url\":\"https:\/\/kinnunen.fi\/tuote\/shape-mirror-kassatiski\/\",\"name\":\"Shape Mirror -kassatiski - Kinnunen\",\"isPartOf\":{\"@id\":\"https:\/\/kinnunen.fi\/#website\"},\"primaryImageOfPage\":{\"@id\":\"https:\/\/kinnunen.fi\/tuote\/shape-mirror-kassatiski\/#primaryimage\"},\"image\":{\"@id\":\"https:\/\/kinnunen.fi\/tuote\/shape-mirror-kassatiski\/#primaryimage\"},\"thumbnailUrl\":\"https:\/\/kinnunen.fi\/wp-content\/uploads\/2021\/10\/AGV_Shape_mirror.jpg\",\"datePublished\":\"2021-10-29T10:32:05+00:00\",\"dateModified\":\"2024-05-29T15:15:24+00:00\",\"breadcrumb\":{\"@id\":\"https:\/\/kinnunen.fi\/tuote\/shape-mirror-kassatiski\/#breadcrumb\"},\"inLanguage\":\"en-GB\",\"potentialAction\":[{\"@type\":\"ReadAction\",\"target\":[\"https:\/\/kinnunen.fi\/tuote\/shape-mirror-kassatiski\/\"]}]},{\"@type\":\"ImageObject\",\"inLanguage\":\"en-GB\",\"@id\":\"https:\/\/kinnunen.fi\/tuote\/shape-mirror-kassatiski\/#primaryimage\",\"url\":\"https:\/\/kinnunen.fi\/wp-content\/uploads\/2021\/10\/AGV_Shape_mirror.jpg\",\"contentUrl\":\"https:\/\/kinnunen.fi\/wp-content\/uploads\/2021\/10\/AGV_Shape_mirror.jpg\",\"width\":1000,\"height\":1000},{\"@type\":\"BreadcrumbList\",\"@id\":\"https:\/\/kinnunen.fi\/tuote\/shape-mirror-kassatiski\/#breadcrumb\",\"itemListElement\":[{\"@type\":\"ListItem\",\"position\":1,\"name\":\"Etusivu\",\"item\":\"https:\/\/kinnunen.fi\/\"},{\"@type\":\"ListItem\",\"position\":2,\"name\":\"Kaikki tuotteet\",\"item\":\"https:\/\/kinnunen.fi\/kauppa\/\"},{\"@type\":\"ListItem\",\"position\":3,\"name\":\"Kalusteet\",\"item\":\"https:\/\/kinnunen.fi\/tuote-osasto\/kalusteet\/\"},{\"@type\":\"ListItem\",\"position\":4,\"name\":\"Kassatiskit ja odotustila\",\"item\":\"https:\/\/kinnunen.fi\/tuote-osasto\/kalusteet\/kassatiskit-ja-odotustila\/\"},{\"@type\":\"ListItem\",\"position\":5,\"name\":\"Shape Mirror -kassatiski\"}]},{\"@type\":\"WebSite\",\"@id\":\"https:\/\/kinnunen.fi\/#website\",\"url\":\"https:\/\/kinnunen.fi\/\",\"name\":\"Kinnunen\",\"description\":\"\",\"potentialAction\":[{\"@type\":\"SearchAction\",\"target\":{\"@type\":\"EntryPoint\",\"urlTemplate\":\"https:\/\/kinnunen.fi\/?s={search_term_string}\"},\"query-input\":\"required name=search_term_string\"}],\"inLanguage\":\"en-GB\"}]}<\/script>\n<!-- \/ Yoast SEO plugin. -->","yoast_head_json":{"title":"Shape Mirror -kassatiski - Kinnunen","robots":{"index":"index","follow":"follow","max-snippet":"max-snippet:-1","max-image-preview":"max-image-preview:large","max-video-preview":"max-video-preview:-1"},"canonical":"https:\/\/kinnunen.fi\/en\/product\/shape-mirror-kassatiski\/","og_locale":"en_GB","og_type":"article","og_title":"Shape Mirror -kassatiski - Kinnunen","og_description":"Tyylik\u00e4s kassatiski, jonka v\u00e4rin voit valita useasta vaihtoehdosta. Etuosaa koristaa peili. Runsaasti s\u00e4ilytystilaa.","og_url":"https:\/\/kinnunen.fi\/en\/product\/shape-mirror-kassatiski\/","og_site_name":"Kinnunen","article_modified_time":"2024-05-29T15:15:24+00:00","og_image":[{"width":1000,"height":1000,"url":"https:\/\/kinnunen.fi\/wp-content\/uploads\/2021\/10\/AGV_Shape_mirror.jpg","type":"image\/jpeg"}],"twitter_card":"summary_large_image","twitter_misc":{"Estimated reading time":"1 minute"},"schema":{"@context":"https:\/\/schema.org","@graph":[{"@type":"WebPage","@id":"https:\/\/kinnunen.fi\/tuote\/shape-mirror-kassatiski\/","url":"https:\/\/kinnunen.fi\/tuote\/shape-mirror-kassatiski\/","name":"Shape Mirror -kassatiski - Kinnunen","isPartOf":{"@id":"https:\/\/kinnunen.fi\/#website"},"primaryImageOfPage":{"@id":"https:\/\/kinnunen.fi\/tuote\/shape-mirror-kassatiski\/#primaryimage"},"image":{"@id":"https:\/\/kinnunen.fi\/tuote\/shape-mirror-kassatiski\/#primaryimage"},"thumbnailUrl":"https:\/\/kinnunen.fi\/wp-content\/uploads\/2021\/10\/AGV_Shape_mirror.jpg","datePublished":"2021-10-29T10:32:05+00:00","dateModified":"2024-05-29T15:15:24+00:00","breadcrumb":{"@id":"https:\/\/kinnunen.fi\/tuote\/shape-mirror-kassatiski\/#breadcrumb"},"inLanguage":"en-GB","potentialAction":[{"@type":"ReadAction","target":["https:\/\/kinnunen.fi\/tuote\/shape-mirror-kassatiski\/"]}]},{"@type":"ImageObject","inLanguage":"en-GB","@id":"https:\/\/kinnunen.fi\/tuote\/shape-mirror-kassatiski\/#primaryimage","url":"https:\/\/kinnunen.fi\/wp-content\/uploads\/2021\/10\/AGV_Shape_mirror.jpg","contentUrl":"https:\/\/kinnunen.fi\/wp-content\/uploads\/2021\/10\/AGV_Shape_mirror.jpg","width":1000,"height":1000},{"@type":"BreadcrumbList","@id":"https:\/\/kinnunen.fi\/tuote\/shape-mirror-kassatiski\/#breadcrumb","itemListElement":[{"@type":"ListItem","position":1,"name":"Etusivu","item":"https:\/\/kinnunen.fi\/"},{"@type":"ListItem","position":2,"name":"Kaikki tuotteet","item":"https:\/\/kinnunen.fi\/kauppa\/"},{"@type":"ListItem","position":3,"name":"Kalusteet","item":"https:\/\/kinnunen.fi\/tuote-osasto\/kalusteet\/"},{"@type":"ListItem","position":4,"name":"Kassatiskit ja odotustila","item":"https:\/\/kinnunen.fi\/tuote-osasto\/kalusteet\/kassatiskit-ja-odotustila\/"},{"@type":"ListItem","position":5,"name":"Shape Mirror -kassatiski"}]},{"@type":"WebSite","@id":"https:\/\/kinnunen.fi\/#website","url":"https:\/\/kinnunen.fi\/","name":"Kinnunen","description":"","potentialAction":[{"@type":"SearchAction","target":{"@type":"EntryPoint","urlTemplate":"https:\/\/kinnunen.fi\/?s={search_term_string}"},"query-input":"required name=search_term_string"}],"inLanguage":"en-GB"}]}},"_links":{"self":[{"href":"https:\/\/kinnunen.fi\/en\/wp-json\/wp\/v2\/product\/5961"}],"collection":[{"href":"https:\/\/kinnunen.fi\/en\/wp-json\/wp\/v2\/product"}],"about":[{"href":"https:\/\/kinnunen.fi\/en\/wp-json\/wp\/v2\/types\/product"}],"replies":[{"embeddable":true,"href":"https:\/\/kinnunen.fi\/en\/wp-json\/wp\/v2\/comments?post=5961"}],"wp:featuredmedia":[{"embeddable":true,"href":"https:\/\/kinnunen.fi\/en\/wp-json\/wp\/v2\/media\/14127"}],"wp:attachment":[{"href":"https:\/\/kinnunen.fi\/en\/wp-json\/wp\/v2\/media?parent=5961"}],"wp:term":[{"taxonomy":"product_cat","embeddable":true,"href":"https:\/\/kinnunen.fi\/en\/wp-json\/wp\/v2\/product_cat?post=5961"},{"taxonomy":"product_tag","embeddable":true,"href":"https:\/\/kinnunen.fi\/en\/wp-json\/wp\/v2\/product_tag?post=5961"}],"curies":[{"name":"wp","href":"https:\/\/api.w.org\/{rel}","templated":true}]}}