

{"id":5962,"date":"2021-10-29T13:32:05","date_gmt":"2021-10-29T10:32:05","guid":{"rendered":"https:\/\/kinnunen.fi\/tuote\/asia-kassatiski\/"},"modified":"2025-01-29T14:49:43","modified_gmt":"2025-01-29T12:49:43","slug":"asia-kassatiski","status":"publish","type":"product","link":"https:\/\/kinnunen.fi\/en\/product\/asia-kassatiski\/","title":{"rendered":"Case -cash risk"},"content":{"rendered":"<p>An extremely stylish and practical cash desk. You can choose from 12 different wood finishes on the front. Frame colour grey. LED lighting available for this model at extra cost. Width 131 cm, height 105 cm and depth 55 cm.<\/p>","protected":false},"excerpt":{"rendered":"<p>An extremely stylish and practical cash desk, with a wide range of shades to choose from.<\/p>","protected":false},"featured_media":14039,"comment_status":"closed","ping_status":"closed","template":"","meta":{"_relevanssi_hide_post":"","_relevanssi_pin_for_all":"","_relevanssi_pin_keywords":"","_relevanssi_unpin_keywords":"","_relevanssi_related_keywords":"","_relevanssi_related_include_ids":"","_relevanssi_related_exclude_ids":"","_relevanssi_related_no_append":"","_relevanssi_related_not_related":"","_relevanssi_related_posts":"","_relevanssi_noindex_reason":""},"product_cat":[1838,1842],"product_tag":[],"class_list":["post-5962","product","type-product","status-publish","has-post-thumbnail","hentry","product_cat-kalusteet","product_cat-kassatiskit-ja-odotustila","pa_ominaisuudet-valmistettu-euroopassa","tuotemerkki-agv-extremeline"],"tuotemerkit":[{"term_id":306,"name":"AGV Extremeline","slug":"agv-extremeline","term_group":0,"term_taxonomy_id":306,"taxonomy":"tuotemerkki","description":"","parent":0,"count":29,"filter":"raw"}],"acf":[],"yoast_head":"<!-- This site is optimized with the Yoast SEO plugin v23.3 - https:\/\/yoast.com\/wordpress\/plugins\/seo\/ -->\n<title>Asia -kassatiski - Kinnunen<\/title>\n<meta name=\"robots\" content=\"index, follow, max-snippet:-1, max-image-preview:large, max-video-preview:-1\" \/>\n<link rel=\"canonical\" href=\"https:\/\/kinnunen.fi\/en\/product\/asia-kassatiski\/\" \/>\n<meta property=\"og:locale\" content=\"en_GB\" \/>\n<meta property=\"og:type\" content=\"article\" \/>\n<meta property=\"og:title\" content=\"Asia -kassatiski - Kinnunen\" \/>\n<meta property=\"og:description\" content=\"\u00c4\u00e4rimm\u00e4isen tyylik\u00e4s ja k\u00e4yt\u00e4nn\u00f6llinen kassatiski, jonka s\u00e4vyn voit valita laajasta valikoimasta.\" \/>\n<meta property=\"og:url\" content=\"https:\/\/kinnunen.fi\/en\/product\/asia-kassatiski\/\" \/>\n<meta property=\"og:site_name\" content=\"Kinnunen\" \/>\n<meta property=\"article:modified_time\" content=\"2025-01-29T12:49:43+00:00\" \/>\n<meta property=\"og:image\" content=\"https:\/\/kinnunen.fi\/wp-content\/uploads\/2021\/10\/AGV_Asia.jpg\" \/>\n\t<meta property=\"og:image:width\" content=\"1000\" \/>\n\t<meta property=\"og:image:height\" content=\"1000\" \/>\n\t<meta property=\"og:image:type\" content=\"image\/jpeg\" \/>\n<meta name=\"twitter:card\" content=\"summary_large_image\" \/>\n<script type=\"application\/ld+json\" class=\"yoast-schema-graph\">{\"@context\":\"https:\/\/schema.org\",\"@graph\":[{\"@type\":\"WebPage\",\"@id\":\"https:\/\/kinnunen.fi\/tuote\/asia-kassatiski\/\",\"url\":\"https:\/\/kinnunen.fi\/tuote\/asia-kassatiski\/\",\"name\":\"Asia -kassatiski - Kinnunen\",\"isPartOf\":{\"@id\":\"https:\/\/kinnunen.fi\/#website\"},\"primaryImageOfPage\":{\"@id\":\"https:\/\/kinnunen.fi\/tuote\/asia-kassatiski\/#primaryimage\"},\"image\":{\"@id\":\"https:\/\/kinnunen.fi\/tuote\/asia-kassatiski\/#primaryimage\"},\"thumbnailUrl\":\"https:\/\/kinnunen.fi\/wp-content\/uploads\/2021\/10\/AGV_Asia.jpg\",\"datePublished\":\"2021-10-29T10:32:05+00:00\",\"dateModified\":\"2025-01-29T12:49:43+00:00\",\"breadcrumb\":{\"@id\":\"https:\/\/kinnunen.fi\/tuote\/asia-kassatiski\/#breadcrumb\"},\"inLanguage\":\"en-GB\",\"potentialAction\":[{\"@type\":\"ReadAction\",\"target\":[\"https:\/\/kinnunen.fi\/tuote\/asia-kassatiski\/\"]}]},{\"@type\":\"ImageObject\",\"inLanguage\":\"en-GB\",\"@id\":\"https:\/\/kinnunen.fi\/tuote\/asia-kassatiski\/#primaryimage\",\"url\":\"https:\/\/kinnunen.fi\/wp-content\/uploads\/2021\/10\/AGV_Asia.jpg\",\"contentUrl\":\"https:\/\/kinnunen.fi\/wp-content\/uploads\/2021\/10\/AGV_Asia.jpg\",\"width\":1000,\"height\":1000},{\"@type\":\"BreadcrumbList\",\"@id\":\"https:\/\/kinnunen.fi\/tuote\/asia-kassatiski\/#breadcrumb\",\"itemListElement\":[{\"@type\":\"ListItem\",\"position\":1,\"name\":\"Etusivu\",\"item\":\"https:\/\/kinnunen.fi\/\"},{\"@type\":\"ListItem\",\"position\":2,\"name\":\"Kaikki tuotteet\",\"item\":\"https:\/\/kinnunen.fi\/kauppa\/\"},{\"@type\":\"ListItem\",\"position\":3,\"name\":\"Kalusteet\",\"item\":\"https:\/\/kinnunen.fi\/tuote-osasto\/kalusteet\/\"},{\"@type\":\"ListItem\",\"position\":4,\"name\":\"Kassatiskit ja odotustila\",\"item\":\"https:\/\/kinnunen.fi\/tuote-osasto\/kalusteet\/kassatiskit-ja-odotustila\/\"},{\"@type\":\"ListItem\",\"position\":5,\"name\":\"Asia -kassatiski\"}]},{\"@type\":\"WebSite\",\"@id\":\"https:\/\/kinnunen.fi\/#website\",\"url\":\"https:\/\/kinnunen.fi\/\",\"name\":\"Kinnunen\",\"description\":\"\",\"potentialAction\":[{\"@type\":\"SearchAction\",\"target\":{\"@type\":\"EntryPoint\",\"urlTemplate\":\"https:\/\/kinnunen.fi\/?s={search_term_string}\"},\"query-input\":\"required name=search_term_string\"}],\"inLanguage\":\"en-GB\"}]}<\/script>\n<!-- \/ Yoast SEO plugin. -->","yoast_head_json":{"title":"Asia -kassatiski - Kinnunen","robots":{"index":"index","follow":"follow","max-snippet":"max-snippet:-1","max-image-preview":"max-image-preview:large","max-video-preview":"max-video-preview:-1"},"canonical":"https:\/\/kinnunen.fi\/en\/product\/asia-kassatiski\/","og_locale":"en_GB","og_type":"article","og_title":"Asia -kassatiski - Kinnunen","og_description":"\u00c4\u00e4rimm\u00e4isen tyylik\u00e4s ja k\u00e4yt\u00e4nn\u00f6llinen kassatiski, jonka s\u00e4vyn voit valita laajasta valikoimasta.","og_url":"https:\/\/kinnunen.fi\/en\/product\/asia-kassatiski\/","og_site_name":"Kinnunen","article_modified_time":"2025-01-29T12:49:43+00:00","og_image":[{"width":1000,"height":1000,"url":"https:\/\/kinnunen.fi\/wp-content\/uploads\/2021\/10\/AGV_Asia.jpg","type":"image\/jpeg"}],"twitter_card":"summary_large_image","schema":{"@context":"https:\/\/schema.org","@graph":[{"@type":"WebPage","@id":"https:\/\/kinnunen.fi\/tuote\/asia-kassatiski\/","url":"https:\/\/kinnunen.fi\/tuote\/asia-kassatiski\/","name":"Asia -kassatiski - Kinnunen","isPartOf":{"@id":"https:\/\/kinnunen.fi\/#website"},"primaryImageOfPage":{"@id":"https:\/\/kinnunen.fi\/tuote\/asia-kassatiski\/#primaryimage"},"image":{"@id":"https:\/\/kinnunen.fi\/tuote\/asia-kassatiski\/#primaryimage"},"thumbnailUrl":"https:\/\/kinnunen.fi\/wp-content\/uploads\/2021\/10\/AGV_Asia.jpg","datePublished":"2021-10-29T10:32:05+00:00","dateModified":"2025-01-29T12:49:43+00:00","breadcrumb":{"@id":"https:\/\/kinnunen.fi\/tuote\/asia-kassatiski\/#breadcrumb"},"inLanguage":"en-GB","potentialAction":[{"@type":"ReadAction","target":["https:\/\/kinnunen.fi\/tuote\/asia-kassatiski\/"]}]},{"@type":"ImageObject","inLanguage":"en-GB","@id":"https:\/\/kinnunen.fi\/tuote\/asia-kassatiski\/#primaryimage","url":"https:\/\/kinnunen.fi\/wp-content\/uploads\/2021\/10\/AGV_Asia.jpg","contentUrl":"https:\/\/kinnunen.fi\/wp-content\/uploads\/2021\/10\/AGV_Asia.jpg","width":1000,"height":1000},{"@type":"BreadcrumbList","@id":"https:\/\/kinnunen.fi\/tuote\/asia-kassatiski\/#breadcrumb","itemListElement":[{"@type":"ListItem","position":1,"name":"Etusivu","item":"https:\/\/kinnunen.fi\/"},{"@type":"ListItem","position":2,"name":"Kaikki tuotteet","item":"https:\/\/kinnunen.fi\/kauppa\/"},{"@type":"ListItem","position":3,"name":"Kalusteet","item":"https:\/\/kinnunen.fi\/tuote-osasto\/kalusteet\/"},{"@type":"ListItem","position":4,"name":"Kassatiskit ja odotustila","item":"https:\/\/kinnunen.fi\/tuote-osasto\/kalusteet\/kassatiskit-ja-odotustila\/"},{"@type":"ListItem","position":5,"name":"Asia -kassatiski"}]},{"@type":"WebSite","@id":"https:\/\/kinnunen.fi\/#website","url":"https:\/\/kinnunen.fi\/","name":"Kinnunen","description":"","potentialAction":[{"@type":"SearchAction","target":{"@type":"EntryPoint","urlTemplate":"https:\/\/kinnunen.fi\/?s={search_term_string}"},"query-input":"required name=search_term_string"}],"inLanguage":"en-GB"}]}},"_links":{"self":[{"href":"https:\/\/kinnunen.fi\/en\/wp-json\/wp\/v2\/product\/5962"}],"collection":[{"href":"https:\/\/kinnunen.fi\/en\/wp-json\/wp\/v2\/product"}],"about":[{"href":"https:\/\/kinnunen.fi\/en\/wp-json\/wp\/v2\/types\/product"}],"replies":[{"embeddable":true,"href":"https:\/\/kinnunen.fi\/en\/wp-json\/wp\/v2\/comments?post=5962"}],"wp:featuredmedia":[{"embeddable":true,"href":"https:\/\/kinnunen.fi\/en\/wp-json\/wp\/v2\/media\/14039"}],"wp:attachment":[{"href":"https:\/\/kinnunen.fi\/en\/wp-json\/wp\/v2\/media?parent=5962"}],"wp:term":[{"taxonomy":"product_cat","embeddable":true,"href":"https:\/\/kinnunen.fi\/en\/wp-json\/wp\/v2\/product_cat?post=5962"},{"taxonomy":"product_tag","embeddable":true,"href":"https:\/\/kinnunen.fi\/en\/wp-json\/wp\/v2\/product_tag?post=5962"}],"curies":[{"name":"wp","href":"https:\/\/api.w.org\/{rel}","templated":true}]}}