

{"id":5966,"date":"2021-10-29T13:32:05","date_gmt":"2021-10-29T10:32:05","guid":{"rendered":"https:\/\/kinnunen.fi\/tuote\/hi-speed-puhaltava-lamposateilija-lattiajalalla\/"},"modified":"2024-05-29T18:14:28","modified_gmt":"2024-05-29T15:14:28","slug":"hi-speed-puhaltava-lamposateilija-lattiajalalla","status":"publish","type":"product","link":"https:\/\/kinnunen.fi\/en\/product\/hi-speed-puhaltava-lamposateilija-lattiajalalla\/","title":{"rendered":"Hi-Speed, fan-assisted radiant heater with floor stand"},"content":{"rendered":"<p>A multi-purpose blasting radiant heater to enhance the effectiveness of your treatments and even dry your hair. The 5 heating elements of the device have 8 different temperature settings and 3 blowing speeds. The heating elements are divided into 3 independent groups, from which 7 pre-set programmes can be set. The professional can select exactly the right point to be treated. The stepless timer can be set up to 99 minutes - the amount of time needed for each minute. The device comes with an extremely sturdy Extra-stability stand. The product is made to order in Italy.<\/p>","protected":false},"excerpt":{"rendered":"<p>A purifying thermal radiator for drying hair and intensifying treatments. You have precise control over the emitter's properties and can change the set parameters even in the middle of the treatment. The product comes with an extremely sturdy floor stand.<\/p>","protected":false},"featured_media":14154,"comment_status":"closed","ping_status":"closed","template":"","meta":{"_relevanssi_hide_post":"","_relevanssi_pin_for_all":"","_relevanssi_pin_keywords":"","_relevanssi_unpin_keywords":"","_relevanssi_related_keywords":"","_relevanssi_related_include_ids":"","_relevanssi_related_exclude_ids":"","_relevanssi_related_no_append":"","_relevanssi_related_not_related":"","_relevanssi_related_posts":"","_relevanssi_noindex_reason":""},"product_cat":[1838,1847],"product_tag":[],"class_list":["post-5966","product","type-product","status-publish","has-post-thumbnail","hentry","product_cat-kalusteet","product_cat-lamposateilijat-ja-kupukuivaajat","pa_ominaisuudet-valmistettu-euroopassa","tuotemerkki-artem"],"tuotemerkit":[{"term_id":308,"name":"Artem","slug":"artem","term_group":0,"term_taxonomy_id":308,"taxonomy":"tuotemerkki","description":"","parent":0,"count":11,"filter":"raw"}],"acf":[],"yoast_head":"<!-- This site is optimized with the Yoast SEO plugin v23.3 - https:\/\/yoast.com\/wordpress\/plugins\/seo\/ -->\n<title>Hi-Speed, puhaltava l\u00e4mp\u00f6s\u00e4teilij\u00e4 lattiajalalla - Kinnunen<\/title>\n<meta name=\"robots\" content=\"index, follow, max-snippet:-1, max-image-preview:large, max-video-preview:-1\" \/>\n<link rel=\"canonical\" href=\"https:\/\/kinnunen.fi\/en\/product\/hi-speed-puhaltava-lamposateilija-lattiajalalla\/\" \/>\n<meta property=\"og:locale\" content=\"en_GB\" \/>\n<meta property=\"og:type\" content=\"article\" \/>\n<meta property=\"og:title\" content=\"Hi-Speed, puhaltava l\u00e4mp\u00f6s\u00e4teilij\u00e4 lattiajalalla - Kinnunen\" \/>\n<meta property=\"og:description\" content=\"Puhaltava l\u00e4mp\u00f6s\u00e4teilij\u00e4 hiusten kuivaukseen ja k\u00e4sittelyjen tehostamiseen. Hallitset s\u00e4teilij\u00e4n ominaisuuksia tarkasti ja voit muuttaa asetettuja parametrej\u00e4 my\u00f6s kesken k\u00e4sittelyn. Tuotteen mukana toimitetaan \u00e4\u00e4rimm\u00e4isen tukeva lattiajalka.\" \/>\n<meta property=\"og:url\" content=\"https:\/\/kinnunen.fi\/en\/product\/hi-speed-puhaltava-lamposateilija-lattiajalalla\/\" \/>\n<meta property=\"og:site_name\" content=\"Kinnunen\" \/>\n<meta property=\"article:modified_time\" content=\"2024-05-29T15:14:28+00:00\" \/>\n<meta property=\"og:image\" content=\"https:\/\/kinnunen.fi\/wp-content\/uploads\/2021\/10\/Artem_Hi_Speed.jpg\" \/>\n\t<meta property=\"og:image:width\" content=\"1000\" \/>\n\t<meta property=\"og:image:height\" content=\"1000\" \/>\n\t<meta property=\"og:image:type\" content=\"image\/jpeg\" \/>\n<meta name=\"twitter:card\" content=\"summary_large_image\" \/>\n<script type=\"application\/ld+json\" class=\"yoast-schema-graph\">{\"@context\":\"https:\/\/schema.org\",\"@graph\":[{\"@type\":\"WebPage\",\"@id\":\"https:\/\/kinnunen.fi\/tuote\/hi-speed-puhaltava-lamposateilija-lattiajalalla\/\",\"url\":\"https:\/\/kinnunen.fi\/tuote\/hi-speed-puhaltava-lamposateilija-lattiajalalla\/\",\"name\":\"Hi-Speed, puhaltava l\u00e4mp\u00f6s\u00e4teilij\u00e4 lattiajalalla - Kinnunen\",\"isPartOf\":{\"@id\":\"https:\/\/kinnunen.fi\/#website\"},\"primaryImageOfPage\":{\"@id\":\"https:\/\/kinnunen.fi\/tuote\/hi-speed-puhaltava-lamposateilija-lattiajalalla\/#primaryimage\"},\"image\":{\"@id\":\"https:\/\/kinnunen.fi\/tuote\/hi-speed-puhaltava-lamposateilija-lattiajalalla\/#primaryimage\"},\"thumbnailUrl\":\"https:\/\/kinnunen.fi\/wp-content\/uploads\/2021\/10\/Artem_Hi_Speed.jpg\",\"datePublished\":\"2021-10-29T10:32:05+00:00\",\"dateModified\":\"2024-05-29T15:14:28+00:00\",\"breadcrumb\":{\"@id\":\"https:\/\/kinnunen.fi\/tuote\/hi-speed-puhaltava-lamposateilija-lattiajalalla\/#breadcrumb\"},\"inLanguage\":\"en-GB\",\"potentialAction\":[{\"@type\":\"ReadAction\",\"target\":[\"https:\/\/kinnunen.fi\/tuote\/hi-speed-puhaltava-lamposateilija-lattiajalalla\/\"]}]},{\"@type\":\"ImageObject\",\"inLanguage\":\"en-GB\",\"@id\":\"https:\/\/kinnunen.fi\/tuote\/hi-speed-puhaltava-lamposateilija-lattiajalalla\/#primaryimage\",\"url\":\"https:\/\/kinnunen.fi\/wp-content\/uploads\/2021\/10\/Artem_Hi_Speed.jpg\",\"contentUrl\":\"https:\/\/kinnunen.fi\/wp-content\/uploads\/2021\/10\/Artem_Hi_Speed.jpg\",\"width\":1000,\"height\":1000},{\"@type\":\"BreadcrumbList\",\"@id\":\"https:\/\/kinnunen.fi\/tuote\/hi-speed-puhaltava-lamposateilija-lattiajalalla\/#breadcrumb\",\"itemListElement\":[{\"@type\":\"ListItem\",\"position\":1,\"name\":\"Etusivu\",\"item\":\"https:\/\/kinnunen.fi\/\"},{\"@type\":\"ListItem\",\"position\":2,\"name\":\"Kaikki tuotteet\",\"item\":\"https:\/\/kinnunen.fi\/kauppa\/\"},{\"@type\":\"ListItem\",\"position\":3,\"name\":\"Kalusteet\",\"item\":\"https:\/\/kinnunen.fi\/tuote-osasto\/kalusteet\/\"},{\"@type\":\"ListItem\",\"position\":4,\"name\":\"L\u00e4mp\u00f6s\u00e4teilij\u00e4t ja kupukuivaajat\",\"item\":\"https:\/\/kinnunen.fi\/tuote-osasto\/kalusteet\/lamposateilijat-ja-kupukuivaajat\/\"},{\"@type\":\"ListItem\",\"position\":5,\"name\":\"Hi-Speed, puhaltava l\u00e4mp\u00f6s\u00e4teilij\u00e4 lattiajalalla\"}]},{\"@type\":\"WebSite\",\"@id\":\"https:\/\/kinnunen.fi\/#website\",\"url\":\"https:\/\/kinnunen.fi\/\",\"name\":\"Kinnunen\",\"description\":\"\",\"potentialAction\":[{\"@type\":\"SearchAction\",\"target\":{\"@type\":\"EntryPoint\",\"urlTemplate\":\"https:\/\/kinnunen.fi\/?s={search_term_string}\"},\"query-input\":\"required name=search_term_string\"}],\"inLanguage\":\"en-GB\"}]}<\/script>\n<!-- \/ Yoast SEO plugin. -->","yoast_head_json":{"title":"Hi-Speed, puhaltava l\u00e4mp\u00f6s\u00e4teilij\u00e4 lattiajalalla - Kinnunen","robots":{"index":"index","follow":"follow","max-snippet":"max-snippet:-1","max-image-preview":"max-image-preview:large","max-video-preview":"max-video-preview:-1"},"canonical":"https:\/\/kinnunen.fi\/en\/product\/hi-speed-puhaltava-lamposateilija-lattiajalalla\/","og_locale":"en_GB","og_type":"article","og_title":"Hi-Speed, puhaltava l\u00e4mp\u00f6s\u00e4teilij\u00e4 lattiajalalla - Kinnunen","og_description":"Puhaltava l\u00e4mp\u00f6s\u00e4teilij\u00e4 hiusten kuivaukseen ja k\u00e4sittelyjen tehostamiseen. Hallitset s\u00e4teilij\u00e4n ominaisuuksia tarkasti ja voit muuttaa asetettuja parametrej\u00e4 my\u00f6s kesken k\u00e4sittelyn. Tuotteen mukana toimitetaan \u00e4\u00e4rimm\u00e4isen tukeva lattiajalka.","og_url":"https:\/\/kinnunen.fi\/en\/product\/hi-speed-puhaltava-lamposateilija-lattiajalalla\/","og_site_name":"Kinnunen","article_modified_time":"2024-05-29T15:14:28+00:00","og_image":[{"width":1000,"height":1000,"url":"https:\/\/kinnunen.fi\/wp-content\/uploads\/2021\/10\/Artem_Hi_Speed.jpg","type":"image\/jpeg"}],"twitter_card":"summary_large_image","schema":{"@context":"https:\/\/schema.org","@graph":[{"@type":"WebPage","@id":"https:\/\/kinnunen.fi\/tuote\/hi-speed-puhaltava-lamposateilija-lattiajalalla\/","url":"https:\/\/kinnunen.fi\/tuote\/hi-speed-puhaltava-lamposateilija-lattiajalalla\/","name":"Hi-Speed, puhaltava l\u00e4mp\u00f6s\u00e4teilij\u00e4 lattiajalalla - Kinnunen","isPartOf":{"@id":"https:\/\/kinnunen.fi\/#website"},"primaryImageOfPage":{"@id":"https:\/\/kinnunen.fi\/tuote\/hi-speed-puhaltava-lamposateilija-lattiajalalla\/#primaryimage"},"image":{"@id":"https:\/\/kinnunen.fi\/tuote\/hi-speed-puhaltava-lamposateilija-lattiajalalla\/#primaryimage"},"thumbnailUrl":"https:\/\/kinnunen.fi\/wp-content\/uploads\/2021\/10\/Artem_Hi_Speed.jpg","datePublished":"2021-10-29T10:32:05+00:00","dateModified":"2024-05-29T15:14:28+00:00","breadcrumb":{"@id":"https:\/\/kinnunen.fi\/tuote\/hi-speed-puhaltava-lamposateilija-lattiajalalla\/#breadcrumb"},"inLanguage":"en-GB","potentialAction":[{"@type":"ReadAction","target":["https:\/\/kinnunen.fi\/tuote\/hi-speed-puhaltava-lamposateilija-lattiajalalla\/"]}]},{"@type":"ImageObject","inLanguage":"en-GB","@id":"https:\/\/kinnunen.fi\/tuote\/hi-speed-puhaltava-lamposateilija-lattiajalalla\/#primaryimage","url":"https:\/\/kinnunen.fi\/wp-content\/uploads\/2021\/10\/Artem_Hi_Speed.jpg","contentUrl":"https:\/\/kinnunen.fi\/wp-content\/uploads\/2021\/10\/Artem_Hi_Speed.jpg","width":1000,"height":1000},{"@type":"BreadcrumbList","@id":"https:\/\/kinnunen.fi\/tuote\/hi-speed-puhaltava-lamposateilija-lattiajalalla\/#breadcrumb","itemListElement":[{"@type":"ListItem","position":1,"name":"Etusivu","item":"https:\/\/kinnunen.fi\/"},{"@type":"ListItem","position":2,"name":"Kaikki tuotteet","item":"https:\/\/kinnunen.fi\/kauppa\/"},{"@type":"ListItem","position":3,"name":"Kalusteet","item":"https:\/\/kinnunen.fi\/tuote-osasto\/kalusteet\/"},{"@type":"ListItem","position":4,"name":"L\u00e4mp\u00f6s\u00e4teilij\u00e4t ja kupukuivaajat","item":"https:\/\/kinnunen.fi\/tuote-osasto\/kalusteet\/lamposateilijat-ja-kupukuivaajat\/"},{"@type":"ListItem","position":5,"name":"Hi-Speed, puhaltava l\u00e4mp\u00f6s\u00e4teilij\u00e4 lattiajalalla"}]},{"@type":"WebSite","@id":"https:\/\/kinnunen.fi\/#website","url":"https:\/\/kinnunen.fi\/","name":"Kinnunen","description":"","potentialAction":[{"@type":"SearchAction","target":{"@type":"EntryPoint","urlTemplate":"https:\/\/kinnunen.fi\/?s={search_term_string}"},"query-input":"required name=search_term_string"}],"inLanguage":"en-GB"}]}},"_links":{"self":[{"href":"https:\/\/kinnunen.fi\/en\/wp-json\/wp\/v2\/product\/5966"}],"collection":[{"href":"https:\/\/kinnunen.fi\/en\/wp-json\/wp\/v2\/product"}],"about":[{"href":"https:\/\/kinnunen.fi\/en\/wp-json\/wp\/v2\/types\/product"}],"replies":[{"embeddable":true,"href":"https:\/\/kinnunen.fi\/en\/wp-json\/wp\/v2\/comments?post=5966"}],"wp:featuredmedia":[{"embeddable":true,"href":"https:\/\/kinnunen.fi\/en\/wp-json\/wp\/v2\/media\/14154"}],"wp:attachment":[{"href":"https:\/\/kinnunen.fi\/en\/wp-json\/wp\/v2\/media?parent=5966"}],"wp:term":[{"taxonomy":"product_cat","embeddable":true,"href":"https:\/\/kinnunen.fi\/en\/wp-json\/wp\/v2\/product_cat?post=5966"},{"taxonomy":"product_tag","embeddable":true,"href":"https:\/\/kinnunen.fi\/en\/wp-json\/wp\/v2\/product_tag?post=5966"}],"curies":[{"name":"wp","href":"https:\/\/api.w.org\/{rel}","templated":true}]}}