

{"id":5971,"date":"2021-10-29T13:32:05","date_gmt":"2021-10-29T10:32:05","guid":{"rendered":"https:\/\/kinnunen.fi\/tuote\/atomix-hoyrystin-seinakiinnityksella\/"},"modified":"2024-05-29T18:16:02","modified_gmt":"2024-05-29T15:16:02","slug":"atomix-hoyrystin-seinakiinnityksella","status":"publish","type":"product","link":"https:\/\/kinnunen.fi\/en\/product\/atomix-hoyrystin-seinakiinnityksella\/","title":{"rendered":"Atomix wall-mounted steam generator"},"content":{"rendered":"<p>Easy, manual control panel, where you can select the desired steam output and treatment time. Atomix's unique features make it user-friendly and reliable. It is easy and safe to work with. Today, the water tank of the steamer can be filled safely even when the machine is on. You can always see the water level in the transparent tank. The device comes with a sturdy wall bracket. Wall fixing screws are not supplied with the appliance -these should be selected according to the wall material to ensure a secure fixing.<\/p>","protected":false},"excerpt":{"rendered":"<p>The evaporator with a fair sized cone.<\/p>","protected":false},"featured_media":14149,"comment_status":"closed","ping_status":"closed","template":"","meta":{"_relevanssi_hide_post":"","_relevanssi_pin_for_all":"","_relevanssi_pin_keywords":"","_relevanssi_unpin_keywords":"","_relevanssi_related_keywords":"","_relevanssi_related_include_ids":"","_relevanssi_related_exclude_ids":"","_relevanssi_related_no_append":"","_relevanssi_related_not_related":"","_relevanssi_related_posts":"","_relevanssi_noindex_reason":""},"product_cat":[1838,1847],"product_tag":[],"class_list":["post-5971","product","type-product","status-publish","has-post-thumbnail","hentry","product_cat-kalusteet","product_cat-lamposateilijat-ja-kupukuivaajat","pa_ominaisuudet-valmistettu-euroopassa","tuotemerkki-artem"],"tuotemerkit":[{"term_id":308,"name":"Artem","slug":"artem","term_group":0,"term_taxonomy_id":308,"taxonomy":"tuotemerkki","description":"","parent":0,"count":11,"filter":"raw"}],"acf":[],"yoast_head":"<!-- This site is optimized with the Yoast SEO plugin v23.3 - https:\/\/yoast.com\/wordpress\/plugins\/seo\/ -->\n<title>Atomix -h\u00f6yrystin sein\u00e4kiinnityksell\u00e4 - Kinnunen<\/title>\n<meta name=\"robots\" content=\"index, follow, max-snippet:-1, max-image-preview:large, max-video-preview:-1\" \/>\n<link rel=\"canonical\" href=\"https:\/\/kinnunen.fi\/en\/product\/atomix-hoyrystin-seinakiinnityksella\/\" \/>\n<meta property=\"og:locale\" content=\"en_GB\" \/>\n<meta property=\"og:type\" content=\"article\" \/>\n<meta property=\"og:title\" content=\"Atomix -h\u00f6yrystin sein\u00e4kiinnityksell\u00e4 - Kinnunen\" \/>\n<meta property=\"og:description\" content=\"H\u00f6yrystin reilun kokoisella kuvulla.\" \/>\n<meta property=\"og:url\" content=\"https:\/\/kinnunen.fi\/en\/product\/atomix-hoyrystin-seinakiinnityksella\/\" \/>\n<meta property=\"og:site_name\" content=\"Kinnunen\" \/>\n<meta property=\"article:modified_time\" content=\"2024-05-29T15:16:02+00:00\" \/>\n<meta property=\"og:image\" content=\"https:\/\/kinnunen.fi\/wp-content\/uploads\/2021\/10\/Artem_atomix_seina.jpg\" \/>\n\t<meta property=\"og:image:width\" content=\"1000\" \/>\n\t<meta property=\"og:image:height\" content=\"1000\" \/>\n\t<meta property=\"og:image:type\" content=\"image\/jpeg\" \/>\n<meta name=\"twitter:card\" content=\"summary_large_image\" \/>\n<script type=\"application\/ld+json\" class=\"yoast-schema-graph\">{\"@context\":\"https:\/\/schema.org\",\"@graph\":[{\"@type\":\"WebPage\",\"@id\":\"https:\/\/kinnunen.fi\/tuote\/atomix-hoyrystin-seinakiinnityksella\/\",\"url\":\"https:\/\/kinnunen.fi\/tuote\/atomix-hoyrystin-seinakiinnityksella\/\",\"name\":\"Atomix -h\u00f6yrystin sein\u00e4kiinnityksell\u00e4 - Kinnunen\",\"isPartOf\":{\"@id\":\"https:\/\/kinnunen.fi\/#website\"},\"primaryImageOfPage\":{\"@id\":\"https:\/\/kinnunen.fi\/tuote\/atomix-hoyrystin-seinakiinnityksella\/#primaryimage\"},\"image\":{\"@id\":\"https:\/\/kinnunen.fi\/tuote\/atomix-hoyrystin-seinakiinnityksella\/#primaryimage\"},\"thumbnailUrl\":\"https:\/\/kinnunen.fi\/wp-content\/uploads\/2021\/10\/Artem_atomix_seina.jpg\",\"datePublished\":\"2021-10-29T10:32:05+00:00\",\"dateModified\":\"2024-05-29T15:16:02+00:00\",\"breadcrumb\":{\"@id\":\"https:\/\/kinnunen.fi\/tuote\/atomix-hoyrystin-seinakiinnityksella\/#breadcrumb\"},\"inLanguage\":\"en-GB\",\"potentialAction\":[{\"@type\":\"ReadAction\",\"target\":[\"https:\/\/kinnunen.fi\/tuote\/atomix-hoyrystin-seinakiinnityksella\/\"]}]},{\"@type\":\"ImageObject\",\"inLanguage\":\"en-GB\",\"@id\":\"https:\/\/kinnunen.fi\/tuote\/atomix-hoyrystin-seinakiinnityksella\/#primaryimage\",\"url\":\"https:\/\/kinnunen.fi\/wp-content\/uploads\/2021\/10\/Artem_atomix_seina.jpg\",\"contentUrl\":\"https:\/\/kinnunen.fi\/wp-content\/uploads\/2021\/10\/Artem_atomix_seina.jpg\",\"width\":1000,\"height\":1000},{\"@type\":\"BreadcrumbList\",\"@id\":\"https:\/\/kinnunen.fi\/tuote\/atomix-hoyrystin-seinakiinnityksella\/#breadcrumb\",\"itemListElement\":[{\"@type\":\"ListItem\",\"position\":1,\"name\":\"Etusivu\",\"item\":\"https:\/\/kinnunen.fi\/\"},{\"@type\":\"ListItem\",\"position\":2,\"name\":\"Kaikki tuotteet\",\"item\":\"https:\/\/kinnunen.fi\/kauppa\/\"},{\"@type\":\"ListItem\",\"position\":3,\"name\":\"Kalusteet\",\"item\":\"https:\/\/kinnunen.fi\/tuote-osasto\/kalusteet\/\"},{\"@type\":\"ListItem\",\"position\":4,\"name\":\"L\u00e4mp\u00f6s\u00e4teilij\u00e4t ja kupukuivaajat\",\"item\":\"https:\/\/kinnunen.fi\/tuote-osasto\/kalusteet\/lamposateilijat-ja-kupukuivaajat\/\"},{\"@type\":\"ListItem\",\"position\":5,\"name\":\"Atomix -h\u00f6yrystin sein\u00e4kiinnityksell\u00e4\"}]},{\"@type\":\"WebSite\",\"@id\":\"https:\/\/kinnunen.fi\/#website\",\"url\":\"https:\/\/kinnunen.fi\/\",\"name\":\"Kinnunen\",\"description\":\"\",\"potentialAction\":[{\"@type\":\"SearchAction\",\"target\":{\"@type\":\"EntryPoint\",\"urlTemplate\":\"https:\/\/kinnunen.fi\/?s={search_term_string}\"},\"query-input\":\"required name=search_term_string\"}],\"inLanguage\":\"en-GB\"}]}<\/script>\n<!-- \/ Yoast SEO plugin. -->","yoast_head_json":{"title":"Atomix -h\u00f6yrystin sein\u00e4kiinnityksell\u00e4 - Kinnunen","robots":{"index":"index","follow":"follow","max-snippet":"max-snippet:-1","max-image-preview":"max-image-preview:large","max-video-preview":"max-video-preview:-1"},"canonical":"https:\/\/kinnunen.fi\/en\/product\/atomix-hoyrystin-seinakiinnityksella\/","og_locale":"en_GB","og_type":"article","og_title":"Atomix -h\u00f6yrystin sein\u00e4kiinnityksell\u00e4 - Kinnunen","og_description":"H\u00f6yrystin reilun kokoisella kuvulla.","og_url":"https:\/\/kinnunen.fi\/en\/product\/atomix-hoyrystin-seinakiinnityksella\/","og_site_name":"Kinnunen","article_modified_time":"2024-05-29T15:16:02+00:00","og_image":[{"width":1000,"height":1000,"url":"https:\/\/kinnunen.fi\/wp-content\/uploads\/2021\/10\/Artem_atomix_seina.jpg","type":"image\/jpeg"}],"twitter_card":"summary_large_image","schema":{"@context":"https:\/\/schema.org","@graph":[{"@type":"WebPage","@id":"https:\/\/kinnunen.fi\/tuote\/atomix-hoyrystin-seinakiinnityksella\/","url":"https:\/\/kinnunen.fi\/tuote\/atomix-hoyrystin-seinakiinnityksella\/","name":"Atomix -h\u00f6yrystin sein\u00e4kiinnityksell\u00e4 - Kinnunen","isPartOf":{"@id":"https:\/\/kinnunen.fi\/#website"},"primaryImageOfPage":{"@id":"https:\/\/kinnunen.fi\/tuote\/atomix-hoyrystin-seinakiinnityksella\/#primaryimage"},"image":{"@id":"https:\/\/kinnunen.fi\/tuote\/atomix-hoyrystin-seinakiinnityksella\/#primaryimage"},"thumbnailUrl":"https:\/\/kinnunen.fi\/wp-content\/uploads\/2021\/10\/Artem_atomix_seina.jpg","datePublished":"2021-10-29T10:32:05+00:00","dateModified":"2024-05-29T15:16:02+00:00","breadcrumb":{"@id":"https:\/\/kinnunen.fi\/tuote\/atomix-hoyrystin-seinakiinnityksella\/#breadcrumb"},"inLanguage":"en-GB","potentialAction":[{"@type":"ReadAction","target":["https:\/\/kinnunen.fi\/tuote\/atomix-hoyrystin-seinakiinnityksella\/"]}]},{"@type":"ImageObject","inLanguage":"en-GB","@id":"https:\/\/kinnunen.fi\/tuote\/atomix-hoyrystin-seinakiinnityksella\/#primaryimage","url":"https:\/\/kinnunen.fi\/wp-content\/uploads\/2021\/10\/Artem_atomix_seina.jpg","contentUrl":"https:\/\/kinnunen.fi\/wp-content\/uploads\/2021\/10\/Artem_atomix_seina.jpg","width":1000,"height":1000},{"@type":"BreadcrumbList","@id":"https:\/\/kinnunen.fi\/tuote\/atomix-hoyrystin-seinakiinnityksella\/#breadcrumb","itemListElement":[{"@type":"ListItem","position":1,"name":"Etusivu","item":"https:\/\/kinnunen.fi\/"},{"@type":"ListItem","position":2,"name":"Kaikki tuotteet","item":"https:\/\/kinnunen.fi\/kauppa\/"},{"@type":"ListItem","position":3,"name":"Kalusteet","item":"https:\/\/kinnunen.fi\/tuote-osasto\/kalusteet\/"},{"@type":"ListItem","position":4,"name":"L\u00e4mp\u00f6s\u00e4teilij\u00e4t ja kupukuivaajat","item":"https:\/\/kinnunen.fi\/tuote-osasto\/kalusteet\/lamposateilijat-ja-kupukuivaajat\/"},{"@type":"ListItem","position":5,"name":"Atomix -h\u00f6yrystin sein\u00e4kiinnityksell\u00e4"}]},{"@type":"WebSite","@id":"https:\/\/kinnunen.fi\/#website","url":"https:\/\/kinnunen.fi\/","name":"Kinnunen","description":"","potentialAction":[{"@type":"SearchAction","target":{"@type":"EntryPoint","urlTemplate":"https:\/\/kinnunen.fi\/?s={search_term_string}"},"query-input":"required name=search_term_string"}],"inLanguage":"en-GB"}]}},"_links":{"self":[{"href":"https:\/\/kinnunen.fi\/en\/wp-json\/wp\/v2\/product\/5971"}],"collection":[{"href":"https:\/\/kinnunen.fi\/en\/wp-json\/wp\/v2\/product"}],"about":[{"href":"https:\/\/kinnunen.fi\/en\/wp-json\/wp\/v2\/types\/product"}],"replies":[{"embeddable":true,"href":"https:\/\/kinnunen.fi\/en\/wp-json\/wp\/v2\/comments?post=5971"}],"wp:featuredmedia":[{"embeddable":true,"href":"https:\/\/kinnunen.fi\/en\/wp-json\/wp\/v2\/media\/14149"}],"wp:attachment":[{"href":"https:\/\/kinnunen.fi\/en\/wp-json\/wp\/v2\/media?parent=5971"}],"wp:term":[{"taxonomy":"product_cat","embeddable":true,"href":"https:\/\/kinnunen.fi\/en\/wp-json\/wp\/v2\/product_cat?post=5971"},{"taxonomy":"product_tag","embeddable":true,"href":"https:\/\/kinnunen.fi\/en\/wp-json\/wp\/v2\/product_tag?post=5971"}],"curies":[{"name":"wp","href":"https:\/\/api.w.org\/{rel}","templated":true}]}}