

{"id":5973,"date":"2021-10-29T13:32:31","date_gmt":"2021-10-29T10:32:31","guid":{"rendered":"https:\/\/kinnunen.fi\/tuote\/aladin-uv-sterilisaattori\/"},"modified":"2026-04-29T04:00:19","modified_gmt":"2026-04-29T01:00:19","slug":"aladin-uv-sterilisaattori","status":"publish","type":"product","link":"https:\/\/kinnunen.fi\/en\/product\/aladin-uv-sterilisaattori\/","title":{"rendered":"Aladin UV Sterilizer"},"content":{"rendered":"<p>Sterilise your tools safely and effectively. The UV light goes out immediately when you open the lid. Thanks to the generous space, you can also handle larger tools.<\/p>","protected":false},"excerpt":{"rendered":"<p>UV sterilizer for hairdressing and barber tools. With UV light, you can also sterilise machine blades and most of your salon tools.<\/p>","protected":false},"featured_media":14145,"comment_status":"closed","ping_status":"closed","template":"","meta":{"_relevanssi_hide_post":"","_relevanssi_pin_for_all":"","_relevanssi_pin_keywords":"","_relevanssi_unpin_keywords":"","_relevanssi_related_keywords":"","_relevanssi_related_include_ids":"","_relevanssi_related_exclude_ids":"","_relevanssi_related_no_append":"","_relevanssi_related_not_related":"","_relevanssi_related_posts":"","_relevanssi_noindex_reason":""},"product_cat":[1832],"product_tag":[],"class_list":["post-5973","product","type-product","status-publish","has-post-thumbnail","hentry","product_cat-desinfiointi-ja-puhtaanapito","pa_ominaisuudet-valmistettu-euroopassa","tuotemerkki-artem"],"tuotemerkit":[{"term_id":308,"name":"Artem","slug":"artem","term_group":0,"term_taxonomy_id":308,"taxonomy":"tuotemerkki","description":"","parent":0,"count":11,"filter":"raw"}],"acf":[],"yoast_head":"<!-- This site is optimized with the Yoast SEO plugin v23.3 - https:\/\/yoast.com\/wordpress\/plugins\/seo\/ -->\n<title>Aladin UV Sterilisaattori - Kinnunen<\/title>\n<meta name=\"robots\" content=\"index, follow, max-snippet:-1, max-image-preview:large, max-video-preview:-1\" \/>\n<link rel=\"canonical\" href=\"https:\/\/kinnunen.fi\/en\/product\/aladin-uv-sterilisaattori\/\" \/>\n<meta property=\"og:locale\" content=\"en_GB\" \/>\n<meta property=\"og:type\" content=\"article\" \/>\n<meta property=\"og:title\" content=\"Aladin UV Sterilisaattori - Kinnunen\" \/>\n<meta property=\"og:description\" content=\"UV - sterilisaattori kampaamon ja parturin ty\u00f6v\u00e4lineille. UV-valolla voit steriloida my\u00f6s koneiden ter\u00e4t sek\u00e4 suurimman osan salonkisi ty\u00f6v\u00e4lineist\u00e4.\" \/>\n<meta property=\"og:url\" content=\"https:\/\/kinnunen.fi\/en\/product\/aladin-uv-sterilisaattori\/\" \/>\n<meta property=\"og:site_name\" content=\"Kinnunen\" \/>\n<meta property=\"article:modified_time\" content=\"2026-04-29T01:00:19+00:00\" \/>\n<meta property=\"og:image\" content=\"https:\/\/kinnunen.fi\/wp-content\/uploads\/2021\/10\/Artem_aladin.jpg\" \/>\n\t<meta property=\"og:image:width\" content=\"1000\" \/>\n\t<meta property=\"og:image:height\" content=\"1000\" \/>\n\t<meta property=\"og:image:type\" content=\"image\/jpeg\" \/>\n<meta name=\"twitter:card\" content=\"summary_large_image\" \/>\n<script type=\"application\/ld+json\" class=\"yoast-schema-graph\">{\"@context\":\"https:\/\/schema.org\",\"@graph\":[{\"@type\":\"WebPage\",\"@id\":\"https:\/\/kinnunen.fi\/tuote\/aladin-uv-sterilisaattori\/\",\"url\":\"https:\/\/kinnunen.fi\/tuote\/aladin-uv-sterilisaattori\/\",\"name\":\"Aladin UV Sterilisaattori - Kinnunen\",\"isPartOf\":{\"@id\":\"https:\/\/kinnunen.fi\/#website\"},\"primaryImageOfPage\":{\"@id\":\"https:\/\/kinnunen.fi\/tuote\/aladin-uv-sterilisaattori\/#primaryimage\"},\"image\":{\"@id\":\"https:\/\/kinnunen.fi\/tuote\/aladin-uv-sterilisaattori\/#primaryimage\"},\"thumbnailUrl\":\"https:\/\/kinnunen.fi\/wp-content\/uploads\/2021\/10\/Artem_aladin.jpg\",\"datePublished\":\"2021-10-29T10:32:31+00:00\",\"dateModified\":\"2026-04-29T01:00:19+00:00\",\"breadcrumb\":{\"@id\":\"https:\/\/kinnunen.fi\/tuote\/aladin-uv-sterilisaattori\/#breadcrumb\"},\"inLanguage\":\"en-GB\",\"potentialAction\":[{\"@type\":\"ReadAction\",\"target\":[\"https:\/\/kinnunen.fi\/tuote\/aladin-uv-sterilisaattori\/\"]}]},{\"@type\":\"ImageObject\",\"inLanguage\":\"en-GB\",\"@id\":\"https:\/\/kinnunen.fi\/tuote\/aladin-uv-sterilisaattori\/#primaryimage\",\"url\":\"https:\/\/kinnunen.fi\/wp-content\/uploads\/2021\/10\/Artem_aladin.jpg\",\"contentUrl\":\"https:\/\/kinnunen.fi\/wp-content\/uploads\/2021\/10\/Artem_aladin.jpg\",\"width\":1000,\"height\":1000},{\"@type\":\"BreadcrumbList\",\"@id\":\"https:\/\/kinnunen.fi\/tuote\/aladin-uv-sterilisaattori\/#breadcrumb\",\"itemListElement\":[{\"@type\":\"ListItem\",\"position\":1,\"name\":\"Etusivu\",\"item\":\"https:\/\/kinnunen.fi\/\"},{\"@type\":\"ListItem\",\"position\":2,\"name\":\"Kaikki tuotteet\",\"item\":\"https:\/\/kinnunen.fi\/kauppa\/\"},{\"@type\":\"ListItem\",\"position\":3,\"name\":\"Tarvikkeet\",\"item\":\"https:\/\/kinnunen.fi\/tuote-osasto\/tarvikkeet\/\"},{\"@type\":\"ListItem\",\"position\":4,\"name\":\"Desinfiointi, siivous ja hygienia\",\"item\":\"https:\/\/kinnunen.fi\/tuote-osasto\/tarvikkeet\/desinfiointi-ja-puhtaanapito\/\"},{\"@type\":\"ListItem\",\"position\":5,\"name\":\"Aladin UV Sterilisaattori\"}]},{\"@type\":\"WebSite\",\"@id\":\"https:\/\/kinnunen.fi\/#website\",\"url\":\"https:\/\/kinnunen.fi\/\",\"name\":\"Kinnunen\",\"description\":\"\",\"potentialAction\":[{\"@type\":\"SearchAction\",\"target\":{\"@type\":\"EntryPoint\",\"urlTemplate\":\"https:\/\/kinnunen.fi\/?s={search_term_string}\"},\"query-input\":\"required name=search_term_string\"}],\"inLanguage\":\"en-GB\"}]}<\/script>\n<!-- \/ Yoast SEO plugin. -->","yoast_head_json":{"title":"Aladin UV Sterilisaattori - Kinnunen","robots":{"index":"index","follow":"follow","max-snippet":"max-snippet:-1","max-image-preview":"max-image-preview:large","max-video-preview":"max-video-preview:-1"},"canonical":"https:\/\/kinnunen.fi\/en\/product\/aladin-uv-sterilisaattori\/","og_locale":"en_GB","og_type":"article","og_title":"Aladin UV Sterilisaattori - Kinnunen","og_description":"UV - sterilisaattori kampaamon ja parturin ty\u00f6v\u00e4lineille. UV-valolla voit steriloida my\u00f6s koneiden ter\u00e4t sek\u00e4 suurimman osan salonkisi ty\u00f6v\u00e4lineist\u00e4.","og_url":"https:\/\/kinnunen.fi\/en\/product\/aladin-uv-sterilisaattori\/","og_site_name":"Kinnunen","article_modified_time":"2026-04-29T01:00:19+00:00","og_image":[{"width":1000,"height":1000,"url":"https:\/\/kinnunen.fi\/wp-content\/uploads\/2021\/10\/Artem_aladin.jpg","type":"image\/jpeg"}],"twitter_card":"summary_large_image","schema":{"@context":"https:\/\/schema.org","@graph":[{"@type":"WebPage","@id":"https:\/\/kinnunen.fi\/tuote\/aladin-uv-sterilisaattori\/","url":"https:\/\/kinnunen.fi\/tuote\/aladin-uv-sterilisaattori\/","name":"Aladin UV Sterilisaattori - Kinnunen","isPartOf":{"@id":"https:\/\/kinnunen.fi\/#website"},"primaryImageOfPage":{"@id":"https:\/\/kinnunen.fi\/tuote\/aladin-uv-sterilisaattori\/#primaryimage"},"image":{"@id":"https:\/\/kinnunen.fi\/tuote\/aladin-uv-sterilisaattori\/#primaryimage"},"thumbnailUrl":"https:\/\/kinnunen.fi\/wp-content\/uploads\/2021\/10\/Artem_aladin.jpg","datePublished":"2021-10-29T10:32:31+00:00","dateModified":"2026-04-29T01:00:19+00:00","breadcrumb":{"@id":"https:\/\/kinnunen.fi\/tuote\/aladin-uv-sterilisaattori\/#breadcrumb"},"inLanguage":"en-GB","potentialAction":[{"@type":"ReadAction","target":["https:\/\/kinnunen.fi\/tuote\/aladin-uv-sterilisaattori\/"]}]},{"@type":"ImageObject","inLanguage":"en-GB","@id":"https:\/\/kinnunen.fi\/tuote\/aladin-uv-sterilisaattori\/#primaryimage","url":"https:\/\/kinnunen.fi\/wp-content\/uploads\/2021\/10\/Artem_aladin.jpg","contentUrl":"https:\/\/kinnunen.fi\/wp-content\/uploads\/2021\/10\/Artem_aladin.jpg","width":1000,"height":1000},{"@type":"BreadcrumbList","@id":"https:\/\/kinnunen.fi\/tuote\/aladin-uv-sterilisaattori\/#breadcrumb","itemListElement":[{"@type":"ListItem","position":1,"name":"Etusivu","item":"https:\/\/kinnunen.fi\/"},{"@type":"ListItem","position":2,"name":"Kaikki tuotteet","item":"https:\/\/kinnunen.fi\/kauppa\/"},{"@type":"ListItem","position":3,"name":"Tarvikkeet","item":"https:\/\/kinnunen.fi\/tuote-osasto\/tarvikkeet\/"},{"@type":"ListItem","position":4,"name":"Desinfiointi, siivous ja hygienia","item":"https:\/\/kinnunen.fi\/tuote-osasto\/tarvikkeet\/desinfiointi-ja-puhtaanapito\/"},{"@type":"ListItem","position":5,"name":"Aladin UV Sterilisaattori"}]},{"@type":"WebSite","@id":"https:\/\/kinnunen.fi\/#website","url":"https:\/\/kinnunen.fi\/","name":"Kinnunen","description":"","potentialAction":[{"@type":"SearchAction","target":{"@type":"EntryPoint","urlTemplate":"https:\/\/kinnunen.fi\/?s={search_term_string}"},"query-input":"required name=search_term_string"}],"inLanguage":"en-GB"}]}},"_links":{"self":[{"href":"https:\/\/kinnunen.fi\/en\/wp-json\/wp\/v2\/product\/5973"}],"collection":[{"href":"https:\/\/kinnunen.fi\/en\/wp-json\/wp\/v2\/product"}],"about":[{"href":"https:\/\/kinnunen.fi\/en\/wp-json\/wp\/v2\/types\/product"}],"replies":[{"embeddable":true,"href":"https:\/\/kinnunen.fi\/en\/wp-json\/wp\/v2\/comments?post=5973"}],"wp:featuredmedia":[{"embeddable":true,"href":"https:\/\/kinnunen.fi\/en\/wp-json\/wp\/v2\/media\/14145"}],"wp:attachment":[{"href":"https:\/\/kinnunen.fi\/en\/wp-json\/wp\/v2\/media?parent=5973"}],"wp:term":[{"taxonomy":"product_cat","embeddable":true,"href":"https:\/\/kinnunen.fi\/en\/wp-json\/wp\/v2\/product_cat?post=5973"},{"taxonomy":"product_tag","embeddable":true,"href":"https:\/\/kinnunen.fi\/en\/wp-json\/wp\/v2\/product_tag?post=5973"}],"curies":[{"name":"wp","href":"https:\/\/api.w.org\/{rel}","templated":true}]}}