

{"id":6004,"date":"2021-10-29T13:32:49","date_gmt":"2021-10-29T10:32:49","guid":{"rendered":"https:\/\/kinnunen.fi-r.seravo.com\/tuote\/refectocil-minivarikupit-ruusukulta\/"},"modified":"2026-04-12T04:00:19","modified_gmt":"2026-04-12T01:00:19","slug":"refectocil-minivarikupit-ruusukulta","status":"publish","type":"product","link":"https:\/\/kinnunen.fi\/en\/product\/refectocil-minivarikupit-ruusukulta\/","title":{"rendered":"Refectocil mini colour cups, rose gold"},"content":{"rendered":"<p>Refectocil mini mixing cups make it easy to mix small amounts of colour. The package contains 5 plastic mixing cups and sticks. The cups can be washed and disinfected for reuse.<\/p>","protected":false},"excerpt":{"rendered":"<p>Refectocil mini mixing cups make it easy to mix small amounts of colour. The package contains 5 plastic mixing cups and sticks.<\/p>","protected":false},"featured_media":14997,"comment_status":"closed","ping_status":"closed","template":"","meta":{"_relevanssi_hide_post":"","_relevanssi_pin_for_all":"","_relevanssi_pin_keywords":"","_relevanssi_unpin_keywords":"","_relevanssi_related_keywords":"","_relevanssi_related_include_ids":"","_relevanssi_related_exclude_ids":"","_relevanssi_related_no_append":"","_relevanssi_related_not_related":"","_relevanssi_related_posts":"","_relevanssi_noindex_reason":""},"product_cat":[1852,1854],"product_tag":[],"class_list":["post-6004","product","type-product","status-publish","has-post-thumbnail","hentry","product_cat-ripset-ja-kulmat","product_cat-kestovarjays","tuotemerkki-refectocil"],"tuotemerkit":[{"term_id":317,"name":"Refectocil","slug":"refectocil","term_group":0,"term_taxonomy_id":317,"taxonomy":"tuotemerkki","description":"","parent":0,"count":11,"filter":"raw"}],"acf":[],"yoast_head":"<!-- This site is optimized with the Yoast SEO plugin v23.3 - https:\/\/yoast.com\/wordpress\/plugins\/seo\/ -->\n<title>Refectocil miniv\u00e4rikupit, ruusukulta - Kinnunen<\/title>\n<meta name=\"robots\" content=\"index, follow, max-snippet:-1, max-image-preview:large, max-video-preview:-1\" \/>\n<link rel=\"canonical\" href=\"https:\/\/kinnunen.fi\/en\/product\/refectocil-minivarikupit-ruusukulta\/\" \/>\n<meta property=\"og:locale\" content=\"en_GB\" \/>\n<meta property=\"og:type\" content=\"article\" \/>\n<meta property=\"og:title\" content=\"Refectocil miniv\u00e4rikupit, ruusukulta - Kinnunen\" \/>\n<meta property=\"og:description\" content=\"Refectocil miniseloituskupeissa on helppo sekoittaa pieni\u00e4 v\u00e4rim\u00e4\u00e4ri\u00e4. Pakkaus sis\u00e4lt\u00e4\u00e4 5kpl muovisia sekoituskuppeja ja -tikkuja.\" \/>\n<meta property=\"og:url\" content=\"https:\/\/kinnunen.fi\/en\/product\/refectocil-minivarikupit-ruusukulta\/\" \/>\n<meta property=\"og:site_name\" content=\"Kinnunen\" \/>\n<meta property=\"article:modified_time\" content=\"2026-04-12T01:00:19+00:00\" \/>\n<meta property=\"og:image\" content=\"https:\/\/kinnunen.fi\/wp-content\/uploads\/2021\/10\/refectocil-application-set-mini-rose-gold.jpg.jpg\" \/>\n\t<meta property=\"og:image:width\" content=\"1000\" \/>\n\t<meta property=\"og:image:height\" content=\"1000\" \/>\n\t<meta property=\"og:image:type\" content=\"image\/jpeg\" \/>\n<meta name=\"twitter:card\" content=\"summary_large_image\" \/>\n<script type=\"application\/ld+json\" class=\"yoast-schema-graph\">{\"@context\":\"https:\/\/schema.org\",\"@graph\":[{\"@type\":\"WebPage\",\"@id\":\"https:\/\/kinnunen.fi\/tuote\/refectocil-minivarikupit-ruusukulta\/\",\"url\":\"https:\/\/kinnunen.fi\/tuote\/refectocil-minivarikupit-ruusukulta\/\",\"name\":\"Refectocil miniv\u00e4rikupit, ruusukulta - Kinnunen\",\"isPartOf\":{\"@id\":\"https:\/\/kinnunen.fi\/#website\"},\"primaryImageOfPage\":{\"@id\":\"https:\/\/kinnunen.fi\/tuote\/refectocil-minivarikupit-ruusukulta\/#primaryimage\"},\"image\":{\"@id\":\"https:\/\/kinnunen.fi\/tuote\/refectocil-minivarikupit-ruusukulta\/#primaryimage\"},\"thumbnailUrl\":\"https:\/\/kinnunen.fi\/wp-content\/uploads\/2021\/10\/refectocil-application-set-mini-rose-gold.jpg.jpg\",\"datePublished\":\"2021-10-29T10:32:49+00:00\",\"dateModified\":\"2026-04-12T01:00:19+00:00\",\"breadcrumb\":{\"@id\":\"https:\/\/kinnunen.fi\/tuote\/refectocil-minivarikupit-ruusukulta\/#breadcrumb\"},\"inLanguage\":\"en-GB\",\"potentialAction\":[{\"@type\":\"ReadAction\",\"target\":[\"https:\/\/kinnunen.fi\/tuote\/refectocil-minivarikupit-ruusukulta\/\"]}]},{\"@type\":\"ImageObject\",\"inLanguage\":\"en-GB\",\"@id\":\"https:\/\/kinnunen.fi\/tuote\/refectocil-minivarikupit-ruusukulta\/#primaryimage\",\"url\":\"https:\/\/kinnunen.fi\/wp-content\/uploads\/2021\/10\/refectocil-application-set-mini-rose-gold.jpg.jpg\",\"contentUrl\":\"https:\/\/kinnunen.fi\/wp-content\/uploads\/2021\/10\/refectocil-application-set-mini-rose-gold.jpg.jpg\",\"width\":1000,\"height\":1000},{\"@type\":\"BreadcrumbList\",\"@id\":\"https:\/\/kinnunen.fi\/tuote\/refectocil-minivarikupit-ruusukulta\/#breadcrumb\",\"itemListElement\":[{\"@type\":\"ListItem\",\"position\":1,\"name\":\"Etusivu\",\"item\":\"https:\/\/kinnunen.fi\/\"},{\"@type\":\"ListItem\",\"position\":2,\"name\":\"Kaikki tuotteet\",\"item\":\"https:\/\/kinnunen.fi\/kauppa\/\"},{\"@type\":\"ListItem\",\"position\":3,\"name\":\"Kauneudenhoito\",\"item\":\"https:\/\/kinnunen.fi\/tuote-osasto\/kauneudenhoito\/\"},{\"@type\":\"ListItem\",\"position\":4,\"name\":\"Ripset ja kulmat\",\"item\":\"https:\/\/kinnunen.fi\/tuote-osasto\/kauneudenhoito\/ripset-ja-kulmat\/\"},{\"@type\":\"ListItem\",\"position\":5,\"name\":\"Kestov\u00e4rj\u00e4ys\",\"item\":\"https:\/\/kinnunen.fi\/tuote-osasto\/kauneudenhoito\/ripset-ja-kulmat\/kestovarjays\/\"},{\"@type\":\"ListItem\",\"position\":6,\"name\":\"Refectocil miniv\u00e4rikupit, ruusukulta\"}]},{\"@type\":\"WebSite\",\"@id\":\"https:\/\/kinnunen.fi\/#website\",\"url\":\"https:\/\/kinnunen.fi\/\",\"name\":\"Kinnunen\",\"description\":\"\",\"potentialAction\":[{\"@type\":\"SearchAction\",\"target\":{\"@type\":\"EntryPoint\",\"urlTemplate\":\"https:\/\/kinnunen.fi\/?s={search_term_string}\"},\"query-input\":\"required name=search_term_string\"}],\"inLanguage\":\"en-GB\"}]}<\/script>\n<!-- \/ Yoast SEO plugin. -->","yoast_head_json":{"title":"Refectocil miniv\u00e4rikupit, ruusukulta - Kinnunen","robots":{"index":"index","follow":"follow","max-snippet":"max-snippet:-1","max-image-preview":"max-image-preview:large","max-video-preview":"max-video-preview:-1"},"canonical":"https:\/\/kinnunen.fi\/en\/product\/refectocil-minivarikupit-ruusukulta\/","og_locale":"en_GB","og_type":"article","og_title":"Refectocil miniv\u00e4rikupit, ruusukulta - Kinnunen","og_description":"Refectocil miniseloituskupeissa on helppo sekoittaa pieni\u00e4 v\u00e4rim\u00e4\u00e4ri\u00e4. Pakkaus sis\u00e4lt\u00e4\u00e4 5kpl muovisia sekoituskuppeja ja -tikkuja.","og_url":"https:\/\/kinnunen.fi\/en\/product\/refectocil-minivarikupit-ruusukulta\/","og_site_name":"Kinnunen","article_modified_time":"2026-04-12T01:00:19+00:00","og_image":[{"width":1000,"height":1000,"url":"https:\/\/kinnunen.fi\/wp-content\/uploads\/2021\/10\/refectocil-application-set-mini-rose-gold.jpg.jpg","type":"image\/jpeg"}],"twitter_card":"summary_large_image","schema":{"@context":"https:\/\/schema.org","@graph":[{"@type":"WebPage","@id":"https:\/\/kinnunen.fi\/tuote\/refectocil-minivarikupit-ruusukulta\/","url":"https:\/\/kinnunen.fi\/tuote\/refectocil-minivarikupit-ruusukulta\/","name":"Refectocil miniv\u00e4rikupit, ruusukulta - Kinnunen","isPartOf":{"@id":"https:\/\/kinnunen.fi\/#website"},"primaryImageOfPage":{"@id":"https:\/\/kinnunen.fi\/tuote\/refectocil-minivarikupit-ruusukulta\/#primaryimage"},"image":{"@id":"https:\/\/kinnunen.fi\/tuote\/refectocil-minivarikupit-ruusukulta\/#primaryimage"},"thumbnailUrl":"https:\/\/kinnunen.fi\/wp-content\/uploads\/2021\/10\/refectocil-application-set-mini-rose-gold.jpg.jpg","datePublished":"2021-10-29T10:32:49+00:00","dateModified":"2026-04-12T01:00:19+00:00","breadcrumb":{"@id":"https:\/\/kinnunen.fi\/tuote\/refectocil-minivarikupit-ruusukulta\/#breadcrumb"},"inLanguage":"en-GB","potentialAction":[{"@type":"ReadAction","target":["https:\/\/kinnunen.fi\/tuote\/refectocil-minivarikupit-ruusukulta\/"]}]},{"@type":"ImageObject","inLanguage":"en-GB","@id":"https:\/\/kinnunen.fi\/tuote\/refectocil-minivarikupit-ruusukulta\/#primaryimage","url":"https:\/\/kinnunen.fi\/wp-content\/uploads\/2021\/10\/refectocil-application-set-mini-rose-gold.jpg.jpg","contentUrl":"https:\/\/kinnunen.fi\/wp-content\/uploads\/2021\/10\/refectocil-application-set-mini-rose-gold.jpg.jpg","width":1000,"height":1000},{"@type":"BreadcrumbList","@id":"https:\/\/kinnunen.fi\/tuote\/refectocil-minivarikupit-ruusukulta\/#breadcrumb","itemListElement":[{"@type":"ListItem","position":1,"name":"Etusivu","item":"https:\/\/kinnunen.fi\/"},{"@type":"ListItem","position":2,"name":"Kaikki tuotteet","item":"https:\/\/kinnunen.fi\/kauppa\/"},{"@type":"ListItem","position":3,"name":"Kauneudenhoito","item":"https:\/\/kinnunen.fi\/tuote-osasto\/kauneudenhoito\/"},{"@type":"ListItem","position":4,"name":"Ripset ja kulmat","item":"https:\/\/kinnunen.fi\/tuote-osasto\/kauneudenhoito\/ripset-ja-kulmat\/"},{"@type":"ListItem","position":5,"name":"Kestov\u00e4rj\u00e4ys","item":"https:\/\/kinnunen.fi\/tuote-osasto\/kauneudenhoito\/ripset-ja-kulmat\/kestovarjays\/"},{"@type":"ListItem","position":6,"name":"Refectocil miniv\u00e4rikupit, ruusukulta"}]},{"@type":"WebSite","@id":"https:\/\/kinnunen.fi\/#website","url":"https:\/\/kinnunen.fi\/","name":"Kinnunen","description":"","potentialAction":[{"@type":"SearchAction","target":{"@type":"EntryPoint","urlTemplate":"https:\/\/kinnunen.fi\/?s={search_term_string}"},"query-input":"required name=search_term_string"}],"inLanguage":"en-GB"}]}},"_links":{"self":[{"href":"https:\/\/kinnunen.fi\/en\/wp-json\/wp\/v2\/product\/6004"}],"collection":[{"href":"https:\/\/kinnunen.fi\/en\/wp-json\/wp\/v2\/product"}],"about":[{"href":"https:\/\/kinnunen.fi\/en\/wp-json\/wp\/v2\/types\/product"}],"replies":[{"embeddable":true,"href":"https:\/\/kinnunen.fi\/en\/wp-json\/wp\/v2\/comments?post=6004"}],"wp:featuredmedia":[{"embeddable":true,"href":"https:\/\/kinnunen.fi\/en\/wp-json\/wp\/v2\/media\/14997"}],"wp:attachment":[{"href":"https:\/\/kinnunen.fi\/en\/wp-json\/wp\/v2\/media?parent=6004"}],"wp:term":[{"taxonomy":"product_cat","embeddable":true,"href":"https:\/\/kinnunen.fi\/en\/wp-json\/wp\/v2\/product_cat?post=6004"},{"taxonomy":"product_tag","embeddable":true,"href":"https:\/\/kinnunen.fi\/en\/wp-json\/wp\/v2\/product_tag?post=6004"}],"curies":[{"name":"wp","href":"https:\/\/api.w.org\/{rel}","templated":true}]}}