

{"id":6006,"date":"2021-10-29T13:32:49","date_gmt":"2021-10-29T10:32:49","guid":{"rendered":"https:\/\/kinnunen.fi-r.seravo.com\/tuote\/refectocil-lash-brow-booster-6-ml\/"},"modified":"2026-05-10T04:00:20","modified_gmt":"2026-05-10T01:00:20","slug":"refectocil-lash-brow-booster-6-ml","status":"publish","type":"product","link":"https:\/\/kinnunen.fi\/en\/product\/refectocil-lash-brow-booster-6-ml\/","title":{"rendered":"Refectocil Lash &amp; Brow Booster, 6 ml"},"content":{"rendered":"<p>RefectoCil Lash &amp; Brow Booster - 2 in 1 - Hair growth stimulating serum for eyelashes and brows. The product has a two-part brush - the thin tip allows you to apply the product precisely to the root of the lashes and the wider bottom part allows you to quickly treat the eyebrows. Apply the product to lashes\/eyebrows every night. With daily use, you'll get up to 56% longer lashes and thicker, wider brows. The first results are visible after about 6 weeks of use and after 10 weeks you can really see the difference. Up to 93% of testers responded with stronger lashes and eyebrows and increased length after a period of use - Dermatologically tested<br \/>\n- Tested by ophthalmologists<br \/>\n- Acts without synthetic hormones<br \/>\n- Does not contain prostamide or perfume. Use: Every night after cleansing the face, apply the product to the root of the eyelashes with a narrow tip, one stroke of the brush is enough. Apply with a broad brush to clean and dry eyebrows. For long-lasting results, it is recommended that the product be applied 2-3 times a week. Clinically tested. Made in Austria.<\/p>","protected":false},"excerpt":{"rendered":"<p>Refectocil Lash &amp; Brow Booster 2-in-1 Eyelash and brow growth booster and support serum. You can get up to 56% longer eyelashes and firmer brows after just 10 weeks of use. First results can be seen after just six weeks of using the product. Clinically tested.<\/p>","protected":false},"featured_media":13392,"comment_status":"closed","ping_status":"closed","template":"","meta":{"_relevanssi_hide_post":"","_relevanssi_pin_for_all":"","_relevanssi_pin_keywords":"","_relevanssi_unpin_keywords":"","_relevanssi_related_keywords":"","_relevanssi_related_include_ids":"","_relevanssi_related_exclude_ids":"","_relevanssi_related_no_append":"","_relevanssi_related_not_related":"","_relevanssi_related_posts":"","_relevanssi_noindex_reason":""},"product_cat":[1852,1858],"product_tag":[],"class_list":["post-6006","product","type-product","status-publish","has-post-thumbnail","hentry","product_cat-ripset-ja-kulmat","product_cat-kotihoitotuotteet","tuotemerkki-refectocil"],"tuotemerkit":[{"term_id":317,"name":"Refectocil","slug":"refectocil","term_group":0,"term_taxonomy_id":317,"taxonomy":"tuotemerkki","description":"","parent":0,"count":11,"filter":"raw"}],"acf":[],"yoast_head":"<!-- This site is optimized with the Yoast SEO plugin v23.3 - https:\/\/yoast.com\/wordpress\/plugins\/seo\/ -->\n<title>Refectocil Lash &amp; Brow Booster, 6 ml - Kinnunen<\/title>\n<meta name=\"robots\" content=\"index, follow, max-snippet:-1, max-image-preview:large, max-video-preview:-1\" \/>\n<link rel=\"canonical\" href=\"https:\/\/kinnunen.fi\/en\/product\/refectocil-lash-brow-booster-6-ml\/\" \/>\n<meta property=\"og:locale\" content=\"en_GB\" \/>\n<meta property=\"og:type\" content=\"article\" \/>\n<meta property=\"og:title\" content=\"Refectocil Lash &amp; Brow Booster, 6 ml - Kinnunen\" \/>\n<meta property=\"og:description\" content=\"Refectocil Lash &amp; Brow Booster 2-in-1 Silm\u00e4ripsien ja kulmakarvojen kasvua edist\u00e4v\u00e4 ja tukeva seerumi. Voit saada jopa 56% pidemm\u00e4t silm\u00e4ripset ja tuuheammat kulmakarvat vain 10 viikon k\u00e4yt\u00f6n j\u00e4lkeen. Ensimm\u00e4isi\u00e4 tuloksia n\u00e4ht\u00e4viss\u00e4 jo kuuden viikon kuluttua tuotteen k\u00e4yt\u00f6n aloittamisesta. Kliinisesti testattu.\" \/>\n<meta property=\"og:url\" content=\"https:\/\/kinnunen.fi\/en\/product\/refectocil-lash-brow-booster-6-ml\/\" \/>\n<meta property=\"og:site_name\" content=\"Kinnunen\" \/>\n<meta property=\"article:modified_time\" content=\"2026-05-10T01:00:20+00:00\" \/>\n<meta property=\"og:image\" content=\"https:\/\/kinnunen.fi\/wp-content\/uploads\/2021\/10\/6264_RCil-Lash-_-Brow-Booster.jpg\" \/>\n\t<meta property=\"og:image:width\" content=\"1000\" \/>\n\t<meta property=\"og:image:height\" content=\"1000\" \/>\n\t<meta property=\"og:image:type\" content=\"image\/jpeg\" \/>\n<meta name=\"twitter:card\" content=\"summary_large_image\" \/>\n<meta name=\"twitter:label1\" content=\"Estimated reading time\" \/>\n\t<meta name=\"twitter:data1\" content=\"1 minute\" \/>\n<script type=\"application\/ld+json\" class=\"yoast-schema-graph\">{\"@context\":\"https:\/\/schema.org\",\"@graph\":[{\"@type\":\"WebPage\",\"@id\":\"https:\/\/kinnunen.fi\/tuote\/refectocil-lash-brow-booster-6-ml\/\",\"url\":\"https:\/\/kinnunen.fi\/tuote\/refectocil-lash-brow-booster-6-ml\/\",\"name\":\"Refectocil Lash &amp; Brow Booster, 6 ml - Kinnunen\",\"isPartOf\":{\"@id\":\"https:\/\/kinnunen.fi\/#website\"},\"primaryImageOfPage\":{\"@id\":\"https:\/\/kinnunen.fi\/tuote\/refectocil-lash-brow-booster-6-ml\/#primaryimage\"},\"image\":{\"@id\":\"https:\/\/kinnunen.fi\/tuote\/refectocil-lash-brow-booster-6-ml\/#primaryimage\"},\"thumbnailUrl\":\"https:\/\/kinnunen.fi\/wp-content\/uploads\/2021\/10\/6264_RCil-Lash-_-Brow-Booster.jpg\",\"datePublished\":\"2021-10-29T10:32:49+00:00\",\"dateModified\":\"2026-05-10T01:00:20+00:00\",\"breadcrumb\":{\"@id\":\"https:\/\/kinnunen.fi\/tuote\/refectocil-lash-brow-booster-6-ml\/#breadcrumb\"},\"inLanguage\":\"en-GB\",\"potentialAction\":[{\"@type\":\"ReadAction\",\"target\":[\"https:\/\/kinnunen.fi\/tuote\/refectocil-lash-brow-booster-6-ml\/\"]}]},{\"@type\":\"ImageObject\",\"inLanguage\":\"en-GB\",\"@id\":\"https:\/\/kinnunen.fi\/tuote\/refectocil-lash-brow-booster-6-ml\/#primaryimage\",\"url\":\"https:\/\/kinnunen.fi\/wp-content\/uploads\/2021\/10\/6264_RCil-Lash-_-Brow-Booster.jpg\",\"contentUrl\":\"https:\/\/kinnunen.fi\/wp-content\/uploads\/2021\/10\/6264_RCil-Lash-_-Brow-Booster.jpg\",\"width\":1000,\"height\":1000},{\"@type\":\"BreadcrumbList\",\"@id\":\"https:\/\/kinnunen.fi\/tuote\/refectocil-lash-brow-booster-6-ml\/#breadcrumb\",\"itemListElement\":[{\"@type\":\"ListItem\",\"position\":1,\"name\":\"Etusivu\",\"item\":\"https:\/\/kinnunen.fi\/\"},{\"@type\":\"ListItem\",\"position\":2,\"name\":\"Kaikki tuotteet\",\"item\":\"https:\/\/kinnunen.fi\/kauppa\/\"},{\"@type\":\"ListItem\",\"position\":3,\"name\":\"Kauneudenhoito\",\"item\":\"https:\/\/kinnunen.fi\/tuote-osasto\/kauneudenhoito\/\"},{\"@type\":\"ListItem\",\"position\":4,\"name\":\"Ripset ja kulmat\",\"item\":\"https:\/\/kinnunen.fi\/tuote-osasto\/kauneudenhoito\/ripset-ja-kulmat\/\"},{\"@type\":\"ListItem\",\"position\":5,\"name\":\"Refectocil Lash &amp; Brow Booster, 6 ml\"}]},{\"@type\":\"WebSite\",\"@id\":\"https:\/\/kinnunen.fi\/#website\",\"url\":\"https:\/\/kinnunen.fi\/\",\"name\":\"Kinnunen\",\"description\":\"\",\"potentialAction\":[{\"@type\":\"SearchAction\",\"target\":{\"@type\":\"EntryPoint\",\"urlTemplate\":\"https:\/\/kinnunen.fi\/?s={search_term_string}\"},\"query-input\":\"required name=search_term_string\"}],\"inLanguage\":\"en-GB\"}]}<\/script>\n<!-- \/ Yoast SEO plugin. -->","yoast_head_json":{"title":"Refectocil Lash &amp; Brow Booster, 6 ml - Kinnunen","robots":{"index":"index","follow":"follow","max-snippet":"max-snippet:-1","max-image-preview":"max-image-preview:large","max-video-preview":"max-video-preview:-1"},"canonical":"https:\/\/kinnunen.fi\/en\/product\/refectocil-lash-brow-booster-6-ml\/","og_locale":"en_GB","og_type":"article","og_title":"Refectocil Lash &amp; Brow Booster, 6 ml - Kinnunen","og_description":"Refectocil Lash &amp; Brow Booster 2-in-1 Silm\u00e4ripsien ja kulmakarvojen kasvua edist\u00e4v\u00e4 ja tukeva seerumi. Voit saada jopa 56% pidemm\u00e4t silm\u00e4ripset ja tuuheammat kulmakarvat vain 10 viikon k\u00e4yt\u00f6n j\u00e4lkeen. Ensimm\u00e4isi\u00e4 tuloksia n\u00e4ht\u00e4viss\u00e4 jo kuuden viikon kuluttua tuotteen k\u00e4yt\u00f6n aloittamisesta. Kliinisesti testattu.","og_url":"https:\/\/kinnunen.fi\/en\/product\/refectocil-lash-brow-booster-6-ml\/","og_site_name":"Kinnunen","article_modified_time":"2026-05-10T01:00:20+00:00","og_image":[{"width":1000,"height":1000,"url":"https:\/\/kinnunen.fi\/wp-content\/uploads\/2021\/10\/6264_RCil-Lash-_-Brow-Booster.jpg","type":"image\/jpeg"}],"twitter_card":"summary_large_image","twitter_misc":{"Estimated reading time":"1 minute"},"schema":{"@context":"https:\/\/schema.org","@graph":[{"@type":"WebPage","@id":"https:\/\/kinnunen.fi\/tuote\/refectocil-lash-brow-booster-6-ml\/","url":"https:\/\/kinnunen.fi\/tuote\/refectocil-lash-brow-booster-6-ml\/","name":"Refectocil Lash &amp; Brow Booster, 6 ml - Kinnunen","isPartOf":{"@id":"https:\/\/kinnunen.fi\/#website"},"primaryImageOfPage":{"@id":"https:\/\/kinnunen.fi\/tuote\/refectocil-lash-brow-booster-6-ml\/#primaryimage"},"image":{"@id":"https:\/\/kinnunen.fi\/tuote\/refectocil-lash-brow-booster-6-ml\/#primaryimage"},"thumbnailUrl":"https:\/\/kinnunen.fi\/wp-content\/uploads\/2021\/10\/6264_RCil-Lash-_-Brow-Booster.jpg","datePublished":"2021-10-29T10:32:49+00:00","dateModified":"2026-05-10T01:00:20+00:00","breadcrumb":{"@id":"https:\/\/kinnunen.fi\/tuote\/refectocil-lash-brow-booster-6-ml\/#breadcrumb"},"inLanguage":"en-GB","potentialAction":[{"@type":"ReadAction","target":["https:\/\/kinnunen.fi\/tuote\/refectocil-lash-brow-booster-6-ml\/"]}]},{"@type":"ImageObject","inLanguage":"en-GB","@id":"https:\/\/kinnunen.fi\/tuote\/refectocil-lash-brow-booster-6-ml\/#primaryimage","url":"https:\/\/kinnunen.fi\/wp-content\/uploads\/2021\/10\/6264_RCil-Lash-_-Brow-Booster.jpg","contentUrl":"https:\/\/kinnunen.fi\/wp-content\/uploads\/2021\/10\/6264_RCil-Lash-_-Brow-Booster.jpg","width":1000,"height":1000},{"@type":"BreadcrumbList","@id":"https:\/\/kinnunen.fi\/tuote\/refectocil-lash-brow-booster-6-ml\/#breadcrumb","itemListElement":[{"@type":"ListItem","position":1,"name":"Etusivu","item":"https:\/\/kinnunen.fi\/"},{"@type":"ListItem","position":2,"name":"Kaikki tuotteet","item":"https:\/\/kinnunen.fi\/kauppa\/"},{"@type":"ListItem","position":3,"name":"Kauneudenhoito","item":"https:\/\/kinnunen.fi\/tuote-osasto\/kauneudenhoito\/"},{"@type":"ListItem","position":4,"name":"Ripset ja kulmat","item":"https:\/\/kinnunen.fi\/tuote-osasto\/kauneudenhoito\/ripset-ja-kulmat\/"},{"@type":"ListItem","position":5,"name":"Refectocil Lash &amp; Brow Booster, 6 ml"}]},{"@type":"WebSite","@id":"https:\/\/kinnunen.fi\/#website","url":"https:\/\/kinnunen.fi\/","name":"Kinnunen","description":"","potentialAction":[{"@type":"SearchAction","target":{"@type":"EntryPoint","urlTemplate":"https:\/\/kinnunen.fi\/?s={search_term_string}"},"query-input":"required name=search_term_string"}],"inLanguage":"en-GB"}]}},"_links":{"self":[{"href":"https:\/\/kinnunen.fi\/en\/wp-json\/wp\/v2\/product\/6006"}],"collection":[{"href":"https:\/\/kinnunen.fi\/en\/wp-json\/wp\/v2\/product"}],"about":[{"href":"https:\/\/kinnunen.fi\/en\/wp-json\/wp\/v2\/types\/product"}],"replies":[{"embeddable":true,"href":"https:\/\/kinnunen.fi\/en\/wp-json\/wp\/v2\/comments?post=6006"}],"wp:featuredmedia":[{"embeddable":true,"href":"https:\/\/kinnunen.fi\/en\/wp-json\/wp\/v2\/media\/13392"}],"wp:attachment":[{"href":"https:\/\/kinnunen.fi\/en\/wp-json\/wp\/v2\/media?parent=6006"}],"wp:term":[{"taxonomy":"product_cat","embeddable":true,"href":"https:\/\/kinnunen.fi\/en\/wp-json\/wp\/v2\/product_cat?post=6006"},{"taxonomy":"product_tag","embeddable":true,"href":"https:\/\/kinnunen.fi\/en\/wp-json\/wp\/v2\/product_tag?post=6006"}],"curies":[{"name":"wp","href":"https:\/\/api.w.org\/{rel}","templated":true}]}}