

{"id":6007,"date":"2021-10-29T13:32:49","date_gmt":"2021-10-29T10:32:49","guid":{"rendered":"https:\/\/kinnunen.fi-r.seravo.com\/tuote\/profiline-creme-kehite\/"},"modified":"2026-04-18T04:00:19","modified_gmt":"2026-04-18T01:00:19","slug":"profiline-creme-kehite","status":"publish","type":"product","link":"https:\/\/kinnunen.fi\/en\/product\/profiline-creme-kehite\/","title":{"rendered":"Profiline Cream cradles"},"content":{"rendered":"<p>Emulsifying acid for eyelash and eyebrow colour. The strength of the acidity in the finished colourant is 1,5 %. Strength unmixed 3%. Easy to mix with the colouring paste due to its emulsion-like consistency.<\/p>","protected":false},"excerpt":{"rendered":"<p>Emulsion-like acid for permanent eyelash and eyebrow colours. Strength 3%, when mixed with colour 1,5%. Easily mixable with the colourant due to its consistency.<\/p>","protected":false},"featured_media":43315,"comment_status":"closed","ping_status":"closed","template":"","meta":{"_relevanssi_hide_post":"","_relevanssi_pin_for_all":"","_relevanssi_pin_keywords":"","_relevanssi_unpin_keywords":"","_relevanssi_related_keywords":"","_relevanssi_related_include_ids":"","_relevanssi_related_exclude_ids":"","_relevanssi_related_no_append":"","_relevanssi_related_not_related":"","_relevanssi_related_posts":"","_relevanssi_noindex_reason":""},"product_cat":[1852,1854],"product_tag":[],"class_list":["post-6007","product","type-product","status-publish","has-post-thumbnail","hentry","product_cat-ripset-ja-kulmat","product_cat-kestovarjays","pa_ominaisuudet-valmistettu-euroopassa","tuotemerkki-profiline"],"tuotemerkit":[{"term_id":318,"name":"Profiline","slug":"profiline","term_group":0,"term_taxonomy_id":318,"taxonomy":"tuotemerkki","description":"","parent":0,"count":5,"filter":"raw"}],"acf":[],"yoast_head":"<!-- This site is optimized with the Yoast SEO plugin v23.3 - https:\/\/yoast.com\/wordpress\/plugins\/seo\/ -->\n<title>Profiline Creme kehite - Kinnunen<\/title>\n<meta name=\"robots\" content=\"index, follow, max-snippet:-1, max-image-preview:large, max-video-preview:-1\" \/>\n<link rel=\"canonical\" href=\"https:\/\/kinnunen.fi\/en\/product\/profiline-creme-kehite\/\" \/>\n<meta property=\"og:locale\" content=\"en_GB\" \/>\n<meta property=\"og:type\" content=\"article\" \/>\n<meta property=\"og:title\" content=\"Profiline Creme kehite - Kinnunen\" \/>\n<meta property=\"og:description\" content=\"Emulsiomainen hapete ripsien ja kulmien kestov\u00e4reille. Vahvuus 3%, v\u00e4riin sekoitettuna 1,5%. Sekoittuu helposti v\u00e4rimassaan koostumuksensa ansiosta.\" \/>\n<meta property=\"og:url\" content=\"https:\/\/kinnunen.fi\/en\/product\/profiline-creme-kehite\/\" \/>\n<meta property=\"og:site_name\" content=\"Kinnunen\" \/>\n<meta property=\"article:modified_time\" content=\"2026-04-18T01:00:19+00:00\" \/>\n<meta property=\"og:image\" content=\"https:\/\/kinnunen.fi\/wp-content\/uploads\/2021\/10\/Profiline_cremedeveloper_.jpg\" \/>\n\t<meta property=\"og:image:width\" content=\"1080\" \/>\n\t<meta property=\"og:image:height\" content=\"1080\" \/>\n\t<meta property=\"og:image:type\" content=\"image\/jpeg\" \/>\n<meta name=\"twitter:card\" content=\"summary_large_image\" \/>\n<script type=\"application\/ld+json\" class=\"yoast-schema-graph\">{\"@context\":\"https:\/\/schema.org\",\"@graph\":[{\"@type\":\"WebPage\",\"@id\":\"https:\/\/kinnunen.fi\/tuote\/profiline-creme-kehite\/\",\"url\":\"https:\/\/kinnunen.fi\/tuote\/profiline-creme-kehite\/\",\"name\":\"Profiline Creme kehite - Kinnunen\",\"isPartOf\":{\"@id\":\"https:\/\/kinnunen.fi\/#website\"},\"primaryImageOfPage\":{\"@id\":\"https:\/\/kinnunen.fi\/tuote\/profiline-creme-kehite\/#primaryimage\"},\"image\":{\"@id\":\"https:\/\/kinnunen.fi\/tuote\/profiline-creme-kehite\/#primaryimage\"},\"thumbnailUrl\":\"https:\/\/kinnunen.fi\/wp-content\/uploads\/2021\/10\/Profiline_cremedeveloper_.jpg\",\"datePublished\":\"2021-10-29T10:32:49+00:00\",\"dateModified\":\"2026-04-18T01:00:19+00:00\",\"breadcrumb\":{\"@id\":\"https:\/\/kinnunen.fi\/tuote\/profiline-creme-kehite\/#breadcrumb\"},\"inLanguage\":\"en-GB\",\"potentialAction\":[{\"@type\":\"ReadAction\",\"target\":[\"https:\/\/kinnunen.fi\/tuote\/profiline-creme-kehite\/\"]}]},{\"@type\":\"ImageObject\",\"inLanguage\":\"en-GB\",\"@id\":\"https:\/\/kinnunen.fi\/tuote\/profiline-creme-kehite\/#primaryimage\",\"url\":\"https:\/\/kinnunen.fi\/wp-content\/uploads\/2021\/10\/Profiline_cremedeveloper_.jpg\",\"contentUrl\":\"https:\/\/kinnunen.fi\/wp-content\/uploads\/2021\/10\/Profiline_cremedeveloper_.jpg\",\"width\":1080,\"height\":1080},{\"@type\":\"BreadcrumbList\",\"@id\":\"https:\/\/kinnunen.fi\/tuote\/profiline-creme-kehite\/#breadcrumb\",\"itemListElement\":[{\"@type\":\"ListItem\",\"position\":1,\"name\":\"Etusivu\",\"item\":\"https:\/\/kinnunen.fi\/\"},{\"@type\":\"ListItem\",\"position\":2,\"name\":\"Kaikki tuotteet\",\"item\":\"https:\/\/kinnunen.fi\/kauppa\/\"},{\"@type\":\"ListItem\",\"position\":3,\"name\":\"Kauneudenhoito\",\"item\":\"https:\/\/kinnunen.fi\/tuote-osasto\/kauneudenhoito\/\"},{\"@type\":\"ListItem\",\"position\":4,\"name\":\"Ripset ja kulmat\",\"item\":\"https:\/\/kinnunen.fi\/tuote-osasto\/kauneudenhoito\/ripset-ja-kulmat\/\"},{\"@type\":\"ListItem\",\"position\":5,\"name\":\"Kestov\u00e4rj\u00e4ys\",\"item\":\"https:\/\/kinnunen.fi\/tuote-osasto\/kauneudenhoito\/ripset-ja-kulmat\/kestovarjays\/\"},{\"@type\":\"ListItem\",\"position\":6,\"name\":\"Profiline Creme kehite\"}]},{\"@type\":\"WebSite\",\"@id\":\"https:\/\/kinnunen.fi\/#website\",\"url\":\"https:\/\/kinnunen.fi\/\",\"name\":\"Kinnunen\",\"description\":\"\",\"potentialAction\":[{\"@type\":\"SearchAction\",\"target\":{\"@type\":\"EntryPoint\",\"urlTemplate\":\"https:\/\/kinnunen.fi\/?s={search_term_string}\"},\"query-input\":\"required name=search_term_string\"}],\"inLanguage\":\"en-GB\"}]}<\/script>\n<!-- \/ Yoast SEO plugin. -->","yoast_head_json":{"title":"Profiline Creme kehite - Kinnunen","robots":{"index":"index","follow":"follow","max-snippet":"max-snippet:-1","max-image-preview":"max-image-preview:large","max-video-preview":"max-video-preview:-1"},"canonical":"https:\/\/kinnunen.fi\/en\/product\/profiline-creme-kehite\/","og_locale":"en_GB","og_type":"article","og_title":"Profiline Creme kehite - Kinnunen","og_description":"Emulsiomainen hapete ripsien ja kulmien kestov\u00e4reille. Vahvuus 3%, v\u00e4riin sekoitettuna 1,5%. Sekoittuu helposti v\u00e4rimassaan koostumuksensa ansiosta.","og_url":"https:\/\/kinnunen.fi\/en\/product\/profiline-creme-kehite\/","og_site_name":"Kinnunen","article_modified_time":"2026-04-18T01:00:19+00:00","og_image":[{"width":1080,"height":1080,"url":"https:\/\/kinnunen.fi\/wp-content\/uploads\/2021\/10\/Profiline_cremedeveloper_.jpg","type":"image\/jpeg"}],"twitter_card":"summary_large_image","schema":{"@context":"https:\/\/schema.org","@graph":[{"@type":"WebPage","@id":"https:\/\/kinnunen.fi\/tuote\/profiline-creme-kehite\/","url":"https:\/\/kinnunen.fi\/tuote\/profiline-creme-kehite\/","name":"Profiline Creme kehite - Kinnunen","isPartOf":{"@id":"https:\/\/kinnunen.fi\/#website"},"primaryImageOfPage":{"@id":"https:\/\/kinnunen.fi\/tuote\/profiline-creme-kehite\/#primaryimage"},"image":{"@id":"https:\/\/kinnunen.fi\/tuote\/profiline-creme-kehite\/#primaryimage"},"thumbnailUrl":"https:\/\/kinnunen.fi\/wp-content\/uploads\/2021\/10\/Profiline_cremedeveloper_.jpg","datePublished":"2021-10-29T10:32:49+00:00","dateModified":"2026-04-18T01:00:19+00:00","breadcrumb":{"@id":"https:\/\/kinnunen.fi\/tuote\/profiline-creme-kehite\/#breadcrumb"},"inLanguage":"en-GB","potentialAction":[{"@type":"ReadAction","target":["https:\/\/kinnunen.fi\/tuote\/profiline-creme-kehite\/"]}]},{"@type":"ImageObject","inLanguage":"en-GB","@id":"https:\/\/kinnunen.fi\/tuote\/profiline-creme-kehite\/#primaryimage","url":"https:\/\/kinnunen.fi\/wp-content\/uploads\/2021\/10\/Profiline_cremedeveloper_.jpg","contentUrl":"https:\/\/kinnunen.fi\/wp-content\/uploads\/2021\/10\/Profiline_cremedeveloper_.jpg","width":1080,"height":1080},{"@type":"BreadcrumbList","@id":"https:\/\/kinnunen.fi\/tuote\/profiline-creme-kehite\/#breadcrumb","itemListElement":[{"@type":"ListItem","position":1,"name":"Etusivu","item":"https:\/\/kinnunen.fi\/"},{"@type":"ListItem","position":2,"name":"Kaikki tuotteet","item":"https:\/\/kinnunen.fi\/kauppa\/"},{"@type":"ListItem","position":3,"name":"Kauneudenhoito","item":"https:\/\/kinnunen.fi\/tuote-osasto\/kauneudenhoito\/"},{"@type":"ListItem","position":4,"name":"Ripset ja kulmat","item":"https:\/\/kinnunen.fi\/tuote-osasto\/kauneudenhoito\/ripset-ja-kulmat\/"},{"@type":"ListItem","position":5,"name":"Kestov\u00e4rj\u00e4ys","item":"https:\/\/kinnunen.fi\/tuote-osasto\/kauneudenhoito\/ripset-ja-kulmat\/kestovarjays\/"},{"@type":"ListItem","position":6,"name":"Profiline Creme kehite"}]},{"@type":"WebSite","@id":"https:\/\/kinnunen.fi\/#website","url":"https:\/\/kinnunen.fi\/","name":"Kinnunen","description":"","potentialAction":[{"@type":"SearchAction","target":{"@type":"EntryPoint","urlTemplate":"https:\/\/kinnunen.fi\/?s={search_term_string}"},"query-input":"required name=search_term_string"}],"inLanguage":"en-GB"}]}},"_links":{"self":[{"href":"https:\/\/kinnunen.fi\/en\/wp-json\/wp\/v2\/product\/6007"}],"collection":[{"href":"https:\/\/kinnunen.fi\/en\/wp-json\/wp\/v2\/product"}],"about":[{"href":"https:\/\/kinnunen.fi\/en\/wp-json\/wp\/v2\/types\/product"}],"replies":[{"embeddable":true,"href":"https:\/\/kinnunen.fi\/en\/wp-json\/wp\/v2\/comments?post=6007"}],"wp:featuredmedia":[{"embeddable":true,"href":"https:\/\/kinnunen.fi\/en\/wp-json\/wp\/v2\/media\/43315"}],"wp:attachment":[{"href":"https:\/\/kinnunen.fi\/en\/wp-json\/wp\/v2\/media?parent=6007"}],"wp:term":[{"taxonomy":"product_cat","embeddable":true,"href":"https:\/\/kinnunen.fi\/en\/wp-json\/wp\/v2\/product_cat?post=6007"},{"taxonomy":"product_tag","embeddable":true,"href":"https:\/\/kinnunen.fi\/en\/wp-json\/wp\/v2\/product_tag?post=6007"}],"curies":[{"name":"wp","href":"https:\/\/api.w.org\/{rel}","templated":true}]}}