

{"id":6015,"date":"2021-10-29T13:33:05","date_gmt":"2021-10-29T10:33:05","guid":{"rendered":"https:\/\/kinnunen.fi-r.seravo.com\/tuote\/3d-nauharipsi-no-002\/"},"modified":"2026-04-29T04:00:20","modified_gmt":"2026-04-29T01:00:20","slug":"3d-nauharipsi-no-002","status":"publish","type":"product","link":"https:\/\/kinnunen.fi\/en\/product\/3d-nauharipsi-no-002\/","title":{"rendered":"3D Ribbon lash, no.002"},"content":{"rendered":"<p>3D strip lashes, soft t and high quality fibre lashes for an impressive but natural finish. These lashes give a Kim K look and are long in length. The package includes 1g of glue to fix the lashes. The 3D lashes are knotted so that the lashes are of different lengths, giving a natural and light finish.The lashes can be cleaned by first removing the dried glue from the base of the lashes with your fingers and then gently washing them with a make-up remover. Remember to dry to shape by placing the lashes to dry on the tray that comes in the package. Brush into the correct shape when wet immediately after washing and allow to dry.<\/p>","protected":false},"excerpt":{"rendered":"<p>3D strip lashes, soft t and high quality fibre lashes to give you a spectacular but natural look. 1g adhesive included to fix the lashes. The high quality lashes will last for several uses.<\/p>","protected":false},"featured_media":13888,"comment_status":"closed","ping_status":"closed","template":"","meta":{"_relevanssi_hide_post":"","_relevanssi_pin_for_all":"","_relevanssi_pin_keywords":"","_relevanssi_unpin_keywords":"","_relevanssi_related_keywords":"","_relevanssi_related_include_ids":"","_relevanssi_related_exclude_ids":"","_relevanssi_related_no_append":"","_relevanssi_related_not_related":"","_relevanssi_related_posts":"","_relevanssi_noindex_reason":""},"product_cat":[1852,1959],"product_tag":[],"class_list":["post-6015","product","type-product","status-publish","has-post-thumbnail","hentry","product_cat-ripset-ja-kulmat","product_cat-nauharipset-ripsitupsut-ja-liimat-ripset-ja-kulmat"],"tuotemerkit":[],"acf":[],"yoast_head":"<!-- This site is optimized with the Yoast SEO plugin v23.3 - https:\/\/yoast.com\/wordpress\/plugins\/seo\/ -->\n<title>3D Nauharipsi, no.002 - Kinnunen<\/title>\n<meta name=\"robots\" content=\"index, follow, max-snippet:-1, max-image-preview:large, max-video-preview:-1\" \/>\n<link rel=\"canonical\" href=\"https:\/\/kinnunen.fi\/en\/product\/3d-nauharipsi-no-002\/\" \/>\n<meta property=\"og:locale\" content=\"en_GB\" \/>\n<meta property=\"og:type\" content=\"article\" \/>\n<meta property=\"og:title\" content=\"3D Nauharipsi, no.002 - Kinnunen\" \/>\n<meta property=\"og:description\" content=\"3D nauharipset, pehme\u00e4 t ja laadukkaat kuituripset joilla saat n\u00e4ytt\u00e4v\u00e4n mutta luonnollisen ilmeen. pakkauksessa mukana 1g liima ripsien kiinnitykseen. Korkealaatuiset ripset kest\u00e4v\u00e4t k\u00e4ytt\u00f6\u00e4 useita kertoja.\" \/>\n<meta property=\"og:url\" content=\"https:\/\/kinnunen.fi\/en\/product\/3d-nauharipsi-no-002\/\" \/>\n<meta property=\"og:site_name\" content=\"Kinnunen\" \/>\n<meta property=\"article:modified_time\" content=\"2026-04-29T01:00:20+00:00\" \/>\n<meta property=\"og:image\" content=\"https:\/\/kinnunen.fi\/wp-content\/uploads\/2021\/10\/700001.jpg\" \/>\n\t<meta property=\"og:image:width\" content=\"1000\" \/>\n\t<meta property=\"og:image:height\" content=\"1000\" \/>\n\t<meta property=\"og:image:type\" content=\"image\/jpeg\" \/>\n<meta name=\"twitter:card\" content=\"summary_large_image\" \/>\n<meta name=\"twitter:label1\" content=\"Estimated reading time\" \/>\n\t<meta name=\"twitter:data1\" content=\"1 minute\" \/>\n<script type=\"application\/ld+json\" class=\"yoast-schema-graph\">{\"@context\":\"https:\/\/schema.org\",\"@graph\":[{\"@type\":\"WebPage\",\"@id\":\"https:\/\/kinnunen.fi\/tuote\/3d-nauharipsi-no-002\/\",\"url\":\"https:\/\/kinnunen.fi\/tuote\/3d-nauharipsi-no-002\/\",\"name\":\"3D Nauharipsi, no.002 - Kinnunen\",\"isPartOf\":{\"@id\":\"https:\/\/kinnunen.fi\/#website\"},\"primaryImageOfPage\":{\"@id\":\"https:\/\/kinnunen.fi\/tuote\/3d-nauharipsi-no-002\/#primaryimage\"},\"image\":{\"@id\":\"https:\/\/kinnunen.fi\/tuote\/3d-nauharipsi-no-002\/#primaryimage\"},\"thumbnailUrl\":\"https:\/\/kinnunen.fi\/wp-content\/uploads\/2021\/10\/700001.jpg\",\"datePublished\":\"2021-10-29T10:33:05+00:00\",\"dateModified\":\"2026-04-29T01:00:20+00:00\",\"breadcrumb\":{\"@id\":\"https:\/\/kinnunen.fi\/tuote\/3d-nauharipsi-no-002\/#breadcrumb\"},\"inLanguage\":\"en-GB\",\"potentialAction\":[{\"@type\":\"ReadAction\",\"target\":[\"https:\/\/kinnunen.fi\/tuote\/3d-nauharipsi-no-002\/\"]}]},{\"@type\":\"ImageObject\",\"inLanguage\":\"en-GB\",\"@id\":\"https:\/\/kinnunen.fi\/tuote\/3d-nauharipsi-no-002\/#primaryimage\",\"url\":\"https:\/\/kinnunen.fi\/wp-content\/uploads\/2021\/10\/700001.jpg\",\"contentUrl\":\"https:\/\/kinnunen.fi\/wp-content\/uploads\/2021\/10\/700001.jpg\",\"width\":1000,\"height\":1000},{\"@type\":\"BreadcrumbList\",\"@id\":\"https:\/\/kinnunen.fi\/tuote\/3d-nauharipsi-no-002\/#breadcrumb\",\"itemListElement\":[{\"@type\":\"ListItem\",\"position\":1,\"name\":\"Etusivu\",\"item\":\"https:\/\/kinnunen.fi\/\"},{\"@type\":\"ListItem\",\"position\":2,\"name\":\"Kaikki tuotteet\",\"item\":\"https:\/\/kinnunen.fi\/kauppa\/\"},{\"@type\":\"ListItem\",\"position\":3,\"name\":\"Kauneudenhoito\",\"item\":\"https:\/\/kinnunen.fi\/tuote-osasto\/kauneudenhoito\/\"},{\"@type\":\"ListItem\",\"position\":4,\"name\":\"Ripset ja kulmat\",\"item\":\"https:\/\/kinnunen.fi\/tuote-osasto\/kauneudenhoito\/ripset-ja-kulmat\/\"},{\"@type\":\"ListItem\",\"position\":5,\"name\":\"3D Nauharipsi, no.002\"}]},{\"@type\":\"WebSite\",\"@id\":\"https:\/\/kinnunen.fi\/#website\",\"url\":\"https:\/\/kinnunen.fi\/\",\"name\":\"Kinnunen\",\"description\":\"\",\"potentialAction\":[{\"@type\":\"SearchAction\",\"target\":{\"@type\":\"EntryPoint\",\"urlTemplate\":\"https:\/\/kinnunen.fi\/?s={search_term_string}\"},\"query-input\":\"required name=search_term_string\"}],\"inLanguage\":\"en-GB\"}]}<\/script>\n<!-- \/ Yoast SEO plugin. -->","yoast_head_json":{"title":"3D Nauharipsi, no.002 - Kinnunen","robots":{"index":"index","follow":"follow","max-snippet":"max-snippet:-1","max-image-preview":"max-image-preview:large","max-video-preview":"max-video-preview:-1"},"canonical":"https:\/\/kinnunen.fi\/en\/product\/3d-nauharipsi-no-002\/","og_locale":"en_GB","og_type":"article","og_title":"3D Nauharipsi, no.002 - Kinnunen","og_description":"3D nauharipset, pehme\u00e4 t ja laadukkaat kuituripset joilla saat n\u00e4ytt\u00e4v\u00e4n mutta luonnollisen ilmeen. pakkauksessa mukana 1g liima ripsien kiinnitykseen. Korkealaatuiset ripset kest\u00e4v\u00e4t k\u00e4ytt\u00f6\u00e4 useita kertoja.","og_url":"https:\/\/kinnunen.fi\/en\/product\/3d-nauharipsi-no-002\/","og_site_name":"Kinnunen","article_modified_time":"2026-04-29T01:00:20+00:00","og_image":[{"width":1000,"height":1000,"url":"https:\/\/kinnunen.fi\/wp-content\/uploads\/2021\/10\/700001.jpg","type":"image\/jpeg"}],"twitter_card":"summary_large_image","twitter_misc":{"Estimated reading time":"1 minute"},"schema":{"@context":"https:\/\/schema.org","@graph":[{"@type":"WebPage","@id":"https:\/\/kinnunen.fi\/tuote\/3d-nauharipsi-no-002\/","url":"https:\/\/kinnunen.fi\/tuote\/3d-nauharipsi-no-002\/","name":"3D Nauharipsi, no.002 - Kinnunen","isPartOf":{"@id":"https:\/\/kinnunen.fi\/#website"},"primaryImageOfPage":{"@id":"https:\/\/kinnunen.fi\/tuote\/3d-nauharipsi-no-002\/#primaryimage"},"image":{"@id":"https:\/\/kinnunen.fi\/tuote\/3d-nauharipsi-no-002\/#primaryimage"},"thumbnailUrl":"https:\/\/kinnunen.fi\/wp-content\/uploads\/2021\/10\/700001.jpg","datePublished":"2021-10-29T10:33:05+00:00","dateModified":"2026-04-29T01:00:20+00:00","breadcrumb":{"@id":"https:\/\/kinnunen.fi\/tuote\/3d-nauharipsi-no-002\/#breadcrumb"},"inLanguage":"en-GB","potentialAction":[{"@type":"ReadAction","target":["https:\/\/kinnunen.fi\/tuote\/3d-nauharipsi-no-002\/"]}]},{"@type":"ImageObject","inLanguage":"en-GB","@id":"https:\/\/kinnunen.fi\/tuote\/3d-nauharipsi-no-002\/#primaryimage","url":"https:\/\/kinnunen.fi\/wp-content\/uploads\/2021\/10\/700001.jpg","contentUrl":"https:\/\/kinnunen.fi\/wp-content\/uploads\/2021\/10\/700001.jpg","width":1000,"height":1000},{"@type":"BreadcrumbList","@id":"https:\/\/kinnunen.fi\/tuote\/3d-nauharipsi-no-002\/#breadcrumb","itemListElement":[{"@type":"ListItem","position":1,"name":"Etusivu","item":"https:\/\/kinnunen.fi\/"},{"@type":"ListItem","position":2,"name":"Kaikki tuotteet","item":"https:\/\/kinnunen.fi\/kauppa\/"},{"@type":"ListItem","position":3,"name":"Kauneudenhoito","item":"https:\/\/kinnunen.fi\/tuote-osasto\/kauneudenhoito\/"},{"@type":"ListItem","position":4,"name":"Ripset ja kulmat","item":"https:\/\/kinnunen.fi\/tuote-osasto\/kauneudenhoito\/ripset-ja-kulmat\/"},{"@type":"ListItem","position":5,"name":"3D Nauharipsi, no.002"}]},{"@type":"WebSite","@id":"https:\/\/kinnunen.fi\/#website","url":"https:\/\/kinnunen.fi\/","name":"Kinnunen","description":"","potentialAction":[{"@type":"SearchAction","target":{"@type":"EntryPoint","urlTemplate":"https:\/\/kinnunen.fi\/?s={search_term_string}"},"query-input":"required name=search_term_string"}],"inLanguage":"en-GB"}]}},"_links":{"self":[{"href":"https:\/\/kinnunen.fi\/en\/wp-json\/wp\/v2\/product\/6015"}],"collection":[{"href":"https:\/\/kinnunen.fi\/en\/wp-json\/wp\/v2\/product"}],"about":[{"href":"https:\/\/kinnunen.fi\/en\/wp-json\/wp\/v2\/types\/product"}],"replies":[{"embeddable":true,"href":"https:\/\/kinnunen.fi\/en\/wp-json\/wp\/v2\/comments?post=6015"}],"wp:featuredmedia":[{"embeddable":true,"href":"https:\/\/kinnunen.fi\/en\/wp-json\/wp\/v2\/media\/13888"}],"wp:attachment":[{"href":"https:\/\/kinnunen.fi\/en\/wp-json\/wp\/v2\/media?parent=6015"}],"wp:term":[{"taxonomy":"product_cat","embeddable":true,"href":"https:\/\/kinnunen.fi\/en\/wp-json\/wp\/v2\/product_cat?post=6015"},{"taxonomy":"product_tag","embeddable":true,"href":"https:\/\/kinnunen.fi\/en\/wp-json\/wp\/v2\/product_tag?post=6015"}],"curies":[{"name":"wp","href":"https:\/\/api.w.org\/{rel}","templated":true}]}}