

{"id":6028,"date":"2021-10-29T13:33:05","date_gmt":"2021-10-29T10:33:05","guid":{"rendered":"https:\/\/kinnunen.fi-r.seravo.com\/tuote\/nl-pro-sealant-liimauksen-suoja-aine\/"},"modified":"2026-05-03T04:00:30","modified_gmt":"2026-05-03T01:00:30","slug":"nl-pro-sealant-liimauksen-suoja-aine","status":"publish","type":"product","link":"https:\/\/kinnunen.fi\/en\/product\/nl-pro-sealant-liimauksen-suoja-aine\/","title":{"rendered":"NL Pro Sealant - adhesive protection agent"},"content":{"rendered":"<p>Finishing product for classic eyelash extensions. Strengthens the adhesive bond between own lashes and synthetic lashes, creating a moisture and dirt repellent film on the lash surface. Pro Sealant forms a film on the surface of the adhesive, protecting the adhesive and improving the durability of eyelash extensions. Use: Apply the product with microbrushes on the top and bottom of the lashes, brushing over the finished lashes. Apply 2 coats and allow to dry between coats for approximately 30 seconds. For use on classic lash extensions, not for use on volume lashes. Contains PTFE. Vegan friendly. Size 15ml.<\/p>","protected":false},"excerpt":{"rendered":"<p>Finishing product for eyelash extensions. Strengthens the adhesion of own lashes and synthetic lashes. Pro Sealant forms a water and dirt\/make-up repellent film on the surface of the adhesive for a longer lasting finish.For use on classic eyelash extensions, Not suitable for volume lashes. Vegan friendly. Pack size 15ml.<\/p>","protected":false},"featured_media":34913,"comment_status":"closed","ping_status":"closed","template":"","meta":{"_relevanssi_hide_post":"","_relevanssi_pin_for_all":"","_relevanssi_pin_keywords":"","_relevanssi_unpin_keywords":"","_relevanssi_related_keywords":"","_relevanssi_related_include_ids":"","_relevanssi_related_exclude_ids":"","_relevanssi_related_no_append":"","_relevanssi_related_not_related":"","_relevanssi_related_posts":"","_relevanssi_noindex_reason":""},"product_cat":[1852,1856],"product_tag":[],"class_list":["post-6028","product","type-product","status-publish","has-post-thumbnail","hentry","product_cat-ripset-ja-kulmat","product_cat-liimat-ja-puhdistus","pa_ominaisuudet-cruelty-free","pa_ominaisuudet-valmistettu-euroopassa","tuotemerkki-nouveau-lashes"],"tuotemerkit":[{"term_id":323,"name":"Nouveau Lashes","slug":"nouveau-lashes","term_group":0,"term_taxonomy_id":323,"taxonomy":"tuotemerkki","description":"","parent":0,"count":72,"filter":"raw"}],"acf":[],"yoast_head":"<!-- This site is optimized with the Yoast SEO plugin v23.3 - https:\/\/yoast.com\/wordpress\/plugins\/seo\/ -->\n<title>NL Pro Sealant -liimauksen suoja-aine - Kinnunen<\/title>\n<meta name=\"robots\" content=\"index, follow, max-snippet:-1, max-image-preview:large, max-video-preview:-1\" \/>\n<link rel=\"canonical\" href=\"https:\/\/kinnunen.fi\/en\/product\/nl-pro-sealant-liimauksen-suoja-aine\/\" \/>\n<meta property=\"og:locale\" content=\"en_GB\" \/>\n<meta property=\"og:type\" content=\"article\" \/>\n<meta property=\"og:title\" content=\"NL Pro Sealant -liimauksen suoja-aine - Kinnunen\" \/>\n<meta property=\"og:description\" content=\"Viimeistely tuote ripsienpidennyksille. Vahvistaa omien ripsien ja synteettisten ripsien liimausta. Pro Sealant muodostaa vett\u00e4 ja likaa\/meikki\u00e4 hylkiv\u00e4n kalvon liimauksen pinnalle luoden pitk\u00e4kestoisemman lopputuloksen.K\u00e4ytet\u00e4\u00e4n klassisissa ripsiepidennyksiss\u00e4, Ei sovellu volyymiripsille. Vegan friendly. Pakkauskoko 15ml.\" \/>\n<meta property=\"og:url\" content=\"https:\/\/kinnunen.fi\/en\/product\/nl-pro-sealant-liimauksen-suoja-aine\/\" \/>\n<meta property=\"og:site_name\" content=\"Kinnunen\" \/>\n<meta property=\"article:modified_time\" content=\"2026-05-03T01:00:30+00:00\" \/>\n<meta property=\"og:image\" content=\"https:\/\/kinnunen.fi\/wp-content\/uploads\/2023\/05\/NL3PS_pro_sealant.jpg\" \/>\n\t<meta property=\"og:image:width\" content=\"520\" \/>\n\t<meta property=\"og:image:height\" content=\"520\" \/>\n\t<meta property=\"og:image:type\" content=\"image\/jpeg\" \/>\n<meta name=\"twitter:card\" content=\"summary_large_image\" \/>\n<script type=\"application\/ld+json\" class=\"yoast-schema-graph\">{\"@context\":\"https:\/\/schema.org\",\"@graph\":[{\"@type\":\"WebPage\",\"@id\":\"https:\/\/kinnunen.fi\/tuote\/nl-pro-sealant-liimauksen-suoja-aine\/\",\"url\":\"https:\/\/kinnunen.fi\/tuote\/nl-pro-sealant-liimauksen-suoja-aine\/\",\"name\":\"NL Pro Sealant -liimauksen suoja-aine - Kinnunen\",\"isPartOf\":{\"@id\":\"https:\/\/kinnunen.fi\/#website\"},\"primaryImageOfPage\":{\"@id\":\"https:\/\/kinnunen.fi\/tuote\/nl-pro-sealant-liimauksen-suoja-aine\/#primaryimage\"},\"image\":{\"@id\":\"https:\/\/kinnunen.fi\/tuote\/nl-pro-sealant-liimauksen-suoja-aine\/#primaryimage\"},\"thumbnailUrl\":\"https:\/\/kinnunen.fi\/wp-content\/uploads\/2023\/05\/NL3PS_pro_sealant.jpg\",\"datePublished\":\"2021-10-29T10:33:05+00:00\",\"dateModified\":\"2026-05-03T01:00:30+00:00\",\"breadcrumb\":{\"@id\":\"https:\/\/kinnunen.fi\/tuote\/nl-pro-sealant-liimauksen-suoja-aine\/#breadcrumb\"},\"inLanguage\":\"en-GB\",\"potentialAction\":[{\"@type\":\"ReadAction\",\"target\":[\"https:\/\/kinnunen.fi\/tuote\/nl-pro-sealant-liimauksen-suoja-aine\/\"]}]},{\"@type\":\"ImageObject\",\"inLanguage\":\"en-GB\",\"@id\":\"https:\/\/kinnunen.fi\/tuote\/nl-pro-sealant-liimauksen-suoja-aine\/#primaryimage\",\"url\":\"https:\/\/kinnunen.fi\/wp-content\/uploads\/2023\/05\/NL3PS_pro_sealant.jpg\",\"contentUrl\":\"https:\/\/kinnunen.fi\/wp-content\/uploads\/2023\/05\/NL3PS_pro_sealant.jpg\",\"width\":520,\"height\":520},{\"@type\":\"BreadcrumbList\",\"@id\":\"https:\/\/kinnunen.fi\/tuote\/nl-pro-sealant-liimauksen-suoja-aine\/#breadcrumb\",\"itemListElement\":[{\"@type\":\"ListItem\",\"position\":1,\"name\":\"Etusivu\",\"item\":\"https:\/\/kinnunen.fi\/\"},{\"@type\":\"ListItem\",\"position\":2,\"name\":\"Kaikki tuotteet\",\"item\":\"https:\/\/kinnunen.fi\/kauppa\/\"},{\"@type\":\"ListItem\",\"position\":3,\"name\":\"Kauneudenhoito\",\"item\":\"https:\/\/kinnunen.fi\/tuote-osasto\/kauneudenhoito\/\"},{\"@type\":\"ListItem\",\"position\":4,\"name\":\"Ripset ja kulmat\",\"item\":\"https:\/\/kinnunen.fi\/tuote-osasto\/kauneudenhoito\/ripset-ja-kulmat\/\"},{\"@type\":\"ListItem\",\"position\":5,\"name\":\"Liimat, primerit ja puhdistus\",\"item\":\"https:\/\/kinnunen.fi\/tuote-osasto\/kauneudenhoito\/ripset-ja-kulmat\/liimat-ja-puhdistus\/\"},{\"@type\":\"ListItem\",\"position\":6,\"name\":\"NL Pro Sealant -liimauksen suoja-aine\"}]},{\"@type\":\"WebSite\",\"@id\":\"https:\/\/kinnunen.fi\/#website\",\"url\":\"https:\/\/kinnunen.fi\/\",\"name\":\"Kinnunen\",\"description\":\"\",\"potentialAction\":[{\"@type\":\"SearchAction\",\"target\":{\"@type\":\"EntryPoint\",\"urlTemplate\":\"https:\/\/kinnunen.fi\/?s={search_term_string}\"},\"query-input\":\"required name=search_term_string\"}],\"inLanguage\":\"en-GB\"}]}<\/script>\n<!-- \/ Yoast SEO plugin. -->","yoast_head_json":{"title":"NL Pro Sealant -liimauksen suoja-aine - Kinnunen","robots":{"index":"index","follow":"follow","max-snippet":"max-snippet:-1","max-image-preview":"max-image-preview:large","max-video-preview":"max-video-preview:-1"},"canonical":"https:\/\/kinnunen.fi\/en\/product\/nl-pro-sealant-liimauksen-suoja-aine\/","og_locale":"en_GB","og_type":"article","og_title":"NL Pro Sealant -liimauksen suoja-aine - Kinnunen","og_description":"Viimeistely tuote ripsienpidennyksille. Vahvistaa omien ripsien ja synteettisten ripsien liimausta. Pro Sealant muodostaa vett\u00e4 ja likaa\/meikki\u00e4 hylkiv\u00e4n kalvon liimauksen pinnalle luoden pitk\u00e4kestoisemman lopputuloksen.K\u00e4ytet\u00e4\u00e4n klassisissa ripsiepidennyksiss\u00e4, Ei sovellu volyymiripsille. Vegan friendly. Pakkauskoko 15ml.","og_url":"https:\/\/kinnunen.fi\/en\/product\/nl-pro-sealant-liimauksen-suoja-aine\/","og_site_name":"Kinnunen","article_modified_time":"2026-05-03T01:00:30+00:00","og_image":[{"width":520,"height":520,"url":"https:\/\/kinnunen.fi\/wp-content\/uploads\/2023\/05\/NL3PS_pro_sealant.jpg","type":"image\/jpeg"}],"twitter_card":"summary_large_image","schema":{"@context":"https:\/\/schema.org","@graph":[{"@type":"WebPage","@id":"https:\/\/kinnunen.fi\/tuote\/nl-pro-sealant-liimauksen-suoja-aine\/","url":"https:\/\/kinnunen.fi\/tuote\/nl-pro-sealant-liimauksen-suoja-aine\/","name":"NL Pro Sealant -liimauksen suoja-aine - Kinnunen","isPartOf":{"@id":"https:\/\/kinnunen.fi\/#website"},"primaryImageOfPage":{"@id":"https:\/\/kinnunen.fi\/tuote\/nl-pro-sealant-liimauksen-suoja-aine\/#primaryimage"},"image":{"@id":"https:\/\/kinnunen.fi\/tuote\/nl-pro-sealant-liimauksen-suoja-aine\/#primaryimage"},"thumbnailUrl":"https:\/\/kinnunen.fi\/wp-content\/uploads\/2023\/05\/NL3PS_pro_sealant.jpg","datePublished":"2021-10-29T10:33:05+00:00","dateModified":"2026-05-03T01:00:30+00:00","breadcrumb":{"@id":"https:\/\/kinnunen.fi\/tuote\/nl-pro-sealant-liimauksen-suoja-aine\/#breadcrumb"},"inLanguage":"en-GB","potentialAction":[{"@type":"ReadAction","target":["https:\/\/kinnunen.fi\/tuote\/nl-pro-sealant-liimauksen-suoja-aine\/"]}]},{"@type":"ImageObject","inLanguage":"en-GB","@id":"https:\/\/kinnunen.fi\/tuote\/nl-pro-sealant-liimauksen-suoja-aine\/#primaryimage","url":"https:\/\/kinnunen.fi\/wp-content\/uploads\/2023\/05\/NL3PS_pro_sealant.jpg","contentUrl":"https:\/\/kinnunen.fi\/wp-content\/uploads\/2023\/05\/NL3PS_pro_sealant.jpg","width":520,"height":520},{"@type":"BreadcrumbList","@id":"https:\/\/kinnunen.fi\/tuote\/nl-pro-sealant-liimauksen-suoja-aine\/#breadcrumb","itemListElement":[{"@type":"ListItem","position":1,"name":"Etusivu","item":"https:\/\/kinnunen.fi\/"},{"@type":"ListItem","position":2,"name":"Kaikki tuotteet","item":"https:\/\/kinnunen.fi\/kauppa\/"},{"@type":"ListItem","position":3,"name":"Kauneudenhoito","item":"https:\/\/kinnunen.fi\/tuote-osasto\/kauneudenhoito\/"},{"@type":"ListItem","position":4,"name":"Ripset ja kulmat","item":"https:\/\/kinnunen.fi\/tuote-osasto\/kauneudenhoito\/ripset-ja-kulmat\/"},{"@type":"ListItem","position":5,"name":"Liimat, primerit ja puhdistus","item":"https:\/\/kinnunen.fi\/tuote-osasto\/kauneudenhoito\/ripset-ja-kulmat\/liimat-ja-puhdistus\/"},{"@type":"ListItem","position":6,"name":"NL Pro Sealant -liimauksen suoja-aine"}]},{"@type":"WebSite","@id":"https:\/\/kinnunen.fi\/#website","url":"https:\/\/kinnunen.fi\/","name":"Kinnunen","description":"","potentialAction":[{"@type":"SearchAction","target":{"@type":"EntryPoint","urlTemplate":"https:\/\/kinnunen.fi\/?s={search_term_string}"},"query-input":"required name=search_term_string"}],"inLanguage":"en-GB"}]}},"_links":{"self":[{"href":"https:\/\/kinnunen.fi\/en\/wp-json\/wp\/v2\/product\/6028"}],"collection":[{"href":"https:\/\/kinnunen.fi\/en\/wp-json\/wp\/v2\/product"}],"about":[{"href":"https:\/\/kinnunen.fi\/en\/wp-json\/wp\/v2\/types\/product"}],"replies":[{"embeddable":true,"href":"https:\/\/kinnunen.fi\/en\/wp-json\/wp\/v2\/comments?post=6028"}],"wp:featuredmedia":[{"embeddable":true,"href":"https:\/\/kinnunen.fi\/en\/wp-json\/wp\/v2\/media\/34913"}],"wp:attachment":[{"href":"https:\/\/kinnunen.fi\/en\/wp-json\/wp\/v2\/media?parent=6028"}],"wp:term":[{"taxonomy":"product_cat","embeddable":true,"href":"https:\/\/kinnunen.fi\/en\/wp-json\/wp\/v2\/product_cat?post=6028"},{"taxonomy":"product_tag","embeddable":true,"href":"https:\/\/kinnunen.fi\/en\/wp-json\/wp\/v2\/product_tag?post=6028"}],"curies":[{"name":"wp","href":"https:\/\/api.w.org\/{rel}","templated":true}]}}