

{"id":6030,"date":"2021-10-29T13:33:05","date_gmt":"2021-10-29T10:33:05","guid":{"rendered":"https:\/\/kinnunen.fi-r.seravo.com\/tuote\/nl-protein-remover-pads-proteiinin-poistolaput\/"},"modified":"2026-05-01T04:00:30","modified_gmt":"2026-05-01T01:00:30","slug":"nl-protein-remover-pads-proteiinin-poistolaput","status":"publish","type":"product","link":"https:\/\/kinnunen.fi\/en\/product\/nl-protein-remover-pads-proteiinin-poistolaput\/","title":{"rendered":"NL Protein Remover Pads - Protein Remover Pads"},"content":{"rendered":"<p>Removes impurities, make-up residue and grease from eyelids and eyelashes. To be used before various lash treatments. The use of this product ensures the best possible priming for all lash treatments and improves the durability of extension lash glues and provides a good adhesive surface for the glue. Effective cleaning for lashes and eyelids. The cleaning cloth is soft and does not irritate the delicate eyelid area. The product is disposable and one patch is enough for both eyes. Vegan friendly. Pack of 75 eye patches.<\/p>","protected":false},"excerpt":{"rendered":"<p>An excellent product to remove all impurities such as make-up residues and grease from the customer's own eyelashes. An effective cleanser for eyelashes and eyelids before lash extensions or permanent lash treatments. The product is disposable and one patch is sufficient for both eyes. Vegan friendly. 75 patches per pack.<\/p>","protected":false},"featured_media":14850,"comment_status":"closed","ping_status":"open","template":"","meta":{"_relevanssi_hide_post":"","_relevanssi_pin_for_all":"","_relevanssi_pin_keywords":"","_relevanssi_unpin_keywords":"","_relevanssi_related_keywords":"","_relevanssi_related_include_ids":"","_relevanssi_related_exclude_ids":"","_relevanssi_related_no_append":"","_relevanssi_related_not_related":"","_relevanssi_related_posts":"","_relevanssi_noindex_reason":""},"product_cat":[1852,1856],"product_tag":[],"class_list":["post-6030","product","type-product","status-publish","has-post-thumbnail","hentry","product_cat-ripset-ja-kulmat","product_cat-liimat-ja-puhdistus","pa_ominaisuudet-cruelty-free","pa_ominaisuudet-valmistettu-euroopassa","tuotemerkki-nouveau-lashes"],"tuotemerkit":[{"term_id":323,"name":"Nouveau Lashes","slug":"nouveau-lashes","term_group":0,"term_taxonomy_id":323,"taxonomy":"tuotemerkki","description":"","parent":0,"count":72,"filter":"raw"}],"acf":[],"yoast_head":"<!-- This site is optimized with the Yoast SEO plugin v23.3 - https:\/\/yoast.com\/wordpress\/plugins\/seo\/ -->\n<title>NL Protein Remover Pads -proteiinin poistolaput - Kinnunen<\/title>\n<meta name=\"robots\" content=\"index, follow, max-snippet:-1, max-image-preview:large, max-video-preview:-1\" \/>\n<link rel=\"canonical\" href=\"https:\/\/kinnunen.fi\/en\/product\/nl-protein-remover-pads-proteiinin-poistolaput\/\" \/>\n<meta property=\"og:locale\" content=\"en_GB\" \/>\n<meta property=\"og:type\" content=\"article\" \/>\n<meta property=\"og:title\" content=\"NL Protein Remover Pads -proteiinin poistolaput - Kinnunen\" \/>\n<meta property=\"og:description\" content=\"Erinomainen tuote poistamaan kaikki ep\u00e4puhtaudet, kuten meikin j\u00e4\u00e4m\u00e4t ja rasvat asiakkaan omista ripsist\u00e4. Tehokas puhdistus ripsille ja silm\u00e4luomille ennen ripsienpidennyksi\u00e4 tai kestotaivutusk\u00e4sittelyj\u00e4. Tuote on kertak\u00e4ytt\u00f6inen ja yksi lappu riitt\u00e4\u00e4 molemmille silmille. Vegan friendly. Pakkauksessa 75kpl lappuja.\" \/>\n<meta property=\"og:url\" content=\"https:\/\/kinnunen.fi\/en\/product\/nl-protein-remover-pads-proteiinin-poistolaput\/\" \/>\n<meta property=\"og:site_name\" content=\"Kinnunen\" \/>\n<meta property=\"article:modified_time\" content=\"2026-05-01T01:00:30+00:00\" \/>\n<meta property=\"og:image\" content=\"https:\/\/kinnunen.fi\/wp-content\/uploads\/2021\/10\/nl1prp75_1.jpg\" \/>\n\t<meta property=\"og:image:width\" content=\"720\" \/>\n\t<meta property=\"og:image:height\" content=\"720\" \/>\n\t<meta property=\"og:image:type\" content=\"image\/jpeg\" \/>\n<meta name=\"twitter:card\" content=\"summary_large_image\" \/>\n<script type=\"application\/ld+json\" class=\"yoast-schema-graph\">{\"@context\":\"https:\/\/schema.org\",\"@graph\":[{\"@type\":\"WebPage\",\"@id\":\"https:\/\/kinnunen.fi\/tuote\/nl-protein-remover-pads-proteiinin-poistolaput\/\",\"url\":\"https:\/\/kinnunen.fi\/tuote\/nl-protein-remover-pads-proteiinin-poistolaput\/\",\"name\":\"NL Protein Remover Pads -proteiinin poistolaput - Kinnunen\",\"isPartOf\":{\"@id\":\"https:\/\/kinnunen.fi\/#website\"},\"primaryImageOfPage\":{\"@id\":\"https:\/\/kinnunen.fi\/tuote\/nl-protein-remover-pads-proteiinin-poistolaput\/#primaryimage\"},\"image\":{\"@id\":\"https:\/\/kinnunen.fi\/tuote\/nl-protein-remover-pads-proteiinin-poistolaput\/#primaryimage\"},\"thumbnailUrl\":\"https:\/\/kinnunen.fi\/wp-content\/uploads\/2021\/10\/nl1prp75_1.jpg\",\"datePublished\":\"2021-10-29T10:33:05+00:00\",\"dateModified\":\"2026-05-01T01:00:30+00:00\",\"breadcrumb\":{\"@id\":\"https:\/\/kinnunen.fi\/tuote\/nl-protein-remover-pads-proteiinin-poistolaput\/#breadcrumb\"},\"inLanguage\":\"en-GB\",\"potentialAction\":[{\"@type\":\"ReadAction\",\"target\":[\"https:\/\/kinnunen.fi\/tuote\/nl-protein-remover-pads-proteiinin-poistolaput\/\"]}]},{\"@type\":\"ImageObject\",\"inLanguage\":\"en-GB\",\"@id\":\"https:\/\/kinnunen.fi\/tuote\/nl-protein-remover-pads-proteiinin-poistolaput\/#primaryimage\",\"url\":\"https:\/\/kinnunen.fi\/wp-content\/uploads\/2021\/10\/nl1prp75_1.jpg\",\"contentUrl\":\"https:\/\/kinnunen.fi\/wp-content\/uploads\/2021\/10\/nl1prp75_1.jpg\",\"width\":720,\"height\":720},{\"@type\":\"BreadcrumbList\",\"@id\":\"https:\/\/kinnunen.fi\/tuote\/nl-protein-remover-pads-proteiinin-poistolaput\/#breadcrumb\",\"itemListElement\":[{\"@type\":\"ListItem\",\"position\":1,\"name\":\"Etusivu\",\"item\":\"https:\/\/kinnunen.fi\/\"},{\"@type\":\"ListItem\",\"position\":2,\"name\":\"Kaikki tuotteet\",\"item\":\"https:\/\/kinnunen.fi\/kauppa\/\"},{\"@type\":\"ListItem\",\"position\":3,\"name\":\"Kauneudenhoito\",\"item\":\"https:\/\/kinnunen.fi\/tuote-osasto\/kauneudenhoito\/\"},{\"@type\":\"ListItem\",\"position\":4,\"name\":\"Ripset ja kulmat\",\"item\":\"https:\/\/kinnunen.fi\/tuote-osasto\/kauneudenhoito\/ripset-ja-kulmat\/\"},{\"@type\":\"ListItem\",\"position\":5,\"name\":\"Liimat, primerit ja puhdistus\",\"item\":\"https:\/\/kinnunen.fi\/tuote-osasto\/kauneudenhoito\/ripset-ja-kulmat\/liimat-ja-puhdistus\/\"},{\"@type\":\"ListItem\",\"position\":6,\"name\":\"NL Protein Remover Pads -proteiinin poistolaput\"}]},{\"@type\":\"WebSite\",\"@id\":\"https:\/\/kinnunen.fi\/#website\",\"url\":\"https:\/\/kinnunen.fi\/\",\"name\":\"Kinnunen\",\"description\":\"\",\"potentialAction\":[{\"@type\":\"SearchAction\",\"target\":{\"@type\":\"EntryPoint\",\"urlTemplate\":\"https:\/\/kinnunen.fi\/?s={search_term_string}\"},\"query-input\":\"required name=search_term_string\"}],\"inLanguage\":\"en-GB\"}]}<\/script>\n<!-- \/ Yoast SEO plugin. -->","yoast_head_json":{"title":"NL Protein Remover Pads -proteiinin poistolaput - Kinnunen","robots":{"index":"index","follow":"follow","max-snippet":"max-snippet:-1","max-image-preview":"max-image-preview:large","max-video-preview":"max-video-preview:-1"},"canonical":"https:\/\/kinnunen.fi\/en\/product\/nl-protein-remover-pads-proteiinin-poistolaput\/","og_locale":"en_GB","og_type":"article","og_title":"NL Protein Remover Pads -proteiinin poistolaput - Kinnunen","og_description":"Erinomainen tuote poistamaan kaikki ep\u00e4puhtaudet, kuten meikin j\u00e4\u00e4m\u00e4t ja rasvat asiakkaan omista ripsist\u00e4. Tehokas puhdistus ripsille ja silm\u00e4luomille ennen ripsienpidennyksi\u00e4 tai kestotaivutusk\u00e4sittelyj\u00e4. Tuote on kertak\u00e4ytt\u00f6inen ja yksi lappu riitt\u00e4\u00e4 molemmille silmille. Vegan friendly. Pakkauksessa 75kpl lappuja.","og_url":"https:\/\/kinnunen.fi\/en\/product\/nl-protein-remover-pads-proteiinin-poistolaput\/","og_site_name":"Kinnunen","article_modified_time":"2026-05-01T01:00:30+00:00","og_image":[{"width":720,"height":720,"url":"https:\/\/kinnunen.fi\/wp-content\/uploads\/2021\/10\/nl1prp75_1.jpg","type":"image\/jpeg"}],"twitter_card":"summary_large_image","schema":{"@context":"https:\/\/schema.org","@graph":[{"@type":"WebPage","@id":"https:\/\/kinnunen.fi\/tuote\/nl-protein-remover-pads-proteiinin-poistolaput\/","url":"https:\/\/kinnunen.fi\/tuote\/nl-protein-remover-pads-proteiinin-poistolaput\/","name":"NL Protein Remover Pads -proteiinin poistolaput - Kinnunen","isPartOf":{"@id":"https:\/\/kinnunen.fi\/#website"},"primaryImageOfPage":{"@id":"https:\/\/kinnunen.fi\/tuote\/nl-protein-remover-pads-proteiinin-poistolaput\/#primaryimage"},"image":{"@id":"https:\/\/kinnunen.fi\/tuote\/nl-protein-remover-pads-proteiinin-poistolaput\/#primaryimage"},"thumbnailUrl":"https:\/\/kinnunen.fi\/wp-content\/uploads\/2021\/10\/nl1prp75_1.jpg","datePublished":"2021-10-29T10:33:05+00:00","dateModified":"2026-05-01T01:00:30+00:00","breadcrumb":{"@id":"https:\/\/kinnunen.fi\/tuote\/nl-protein-remover-pads-proteiinin-poistolaput\/#breadcrumb"},"inLanguage":"en-GB","potentialAction":[{"@type":"ReadAction","target":["https:\/\/kinnunen.fi\/tuote\/nl-protein-remover-pads-proteiinin-poistolaput\/"]}]},{"@type":"ImageObject","inLanguage":"en-GB","@id":"https:\/\/kinnunen.fi\/tuote\/nl-protein-remover-pads-proteiinin-poistolaput\/#primaryimage","url":"https:\/\/kinnunen.fi\/wp-content\/uploads\/2021\/10\/nl1prp75_1.jpg","contentUrl":"https:\/\/kinnunen.fi\/wp-content\/uploads\/2021\/10\/nl1prp75_1.jpg","width":720,"height":720},{"@type":"BreadcrumbList","@id":"https:\/\/kinnunen.fi\/tuote\/nl-protein-remover-pads-proteiinin-poistolaput\/#breadcrumb","itemListElement":[{"@type":"ListItem","position":1,"name":"Etusivu","item":"https:\/\/kinnunen.fi\/"},{"@type":"ListItem","position":2,"name":"Kaikki tuotteet","item":"https:\/\/kinnunen.fi\/kauppa\/"},{"@type":"ListItem","position":3,"name":"Kauneudenhoito","item":"https:\/\/kinnunen.fi\/tuote-osasto\/kauneudenhoito\/"},{"@type":"ListItem","position":4,"name":"Ripset ja kulmat","item":"https:\/\/kinnunen.fi\/tuote-osasto\/kauneudenhoito\/ripset-ja-kulmat\/"},{"@type":"ListItem","position":5,"name":"Liimat, primerit ja puhdistus","item":"https:\/\/kinnunen.fi\/tuote-osasto\/kauneudenhoito\/ripset-ja-kulmat\/liimat-ja-puhdistus\/"},{"@type":"ListItem","position":6,"name":"NL Protein Remover Pads -proteiinin poistolaput"}]},{"@type":"WebSite","@id":"https:\/\/kinnunen.fi\/#website","url":"https:\/\/kinnunen.fi\/","name":"Kinnunen","description":"","potentialAction":[{"@type":"SearchAction","target":{"@type":"EntryPoint","urlTemplate":"https:\/\/kinnunen.fi\/?s={search_term_string}"},"query-input":"required name=search_term_string"}],"inLanguage":"en-GB"}]}},"_links":{"self":[{"href":"https:\/\/kinnunen.fi\/en\/wp-json\/wp\/v2\/product\/6030"}],"collection":[{"href":"https:\/\/kinnunen.fi\/en\/wp-json\/wp\/v2\/product"}],"about":[{"href":"https:\/\/kinnunen.fi\/en\/wp-json\/wp\/v2\/types\/product"}],"replies":[{"embeddable":true,"href":"https:\/\/kinnunen.fi\/en\/wp-json\/wp\/v2\/comments?post=6030"}],"wp:featuredmedia":[{"embeddable":true,"href":"https:\/\/kinnunen.fi\/en\/wp-json\/wp\/v2\/media\/14850"}],"wp:attachment":[{"href":"https:\/\/kinnunen.fi\/en\/wp-json\/wp\/v2\/media?parent=6030"}],"wp:term":[{"taxonomy":"product_cat","embeddable":true,"href":"https:\/\/kinnunen.fi\/en\/wp-json\/wp\/v2\/product_cat?post=6030"},{"taxonomy":"product_tag","embeddable":true,"href":"https:\/\/kinnunen.fi\/en\/wp-json\/wp\/v2\/product_tag?post=6030"}],"curies":[{"name":"wp","href":"https:\/\/api.w.org\/{rel}","templated":true}]}}