

{"id":6040,"date":"2021-10-29T13:33:20","date_gmt":"2021-10-29T10:33:20","guid":{"rendered":"https:\/\/kinnunen.fi-r.seravo.com\/tuote\/nl-lash-brow-conditioning-serum-8ml\/"},"modified":"2026-05-03T04:00:30","modified_gmt":"2026-05-03T01:00:30","slug":"nl-lash-brow-conditioning-serum-8ml","status":"publish","type":"product","link":"https:\/\/kinnunen.fi\/en\/product\/nl-lash-brow-conditioning-serum-8ml\/","title":{"rendered":"NL Lash &amp; Brow Conditioning Serum, 8ml"},"content":{"rendered":"<p>A daily eyelash and eyebrow serum for daily use. A fortifying and nourishing multivitamin combination to support the growth of lashes and brows and make them look stronger. Together with a powerful antioxidant compound, the serum protects against air pollution and, with regular use, makes lashes look fuller. This product can also be used as a primer for lashes under mascara. Ideal after lash curler treatments to maintain the finish and moisturise the lashes. Suitable for use with classic eyelash extensions. For best results, use twice a day. The hypoallergenic formula is also suitable for sensitive eyes.<\/p>","protected":false},"excerpt":{"rendered":"<p>A daily treatment serum to strengthen and moisturise the eyelashes and eyebrows. Ideal for eyelash curler treatments. Also suitable for use with classic eyelash extensions. For best results, use twice a day. The hypoallergenic formula is also suitable for sensitive eyes.<\/p>","protected":false},"featured_media":14874,"comment_status":"closed","ping_status":"closed","template":"","meta":{"_relevanssi_hide_post":"","_relevanssi_pin_for_all":"","_relevanssi_pin_keywords":"","_relevanssi_unpin_keywords":"","_relevanssi_related_keywords":"","_relevanssi_related_include_ids":"","_relevanssi_related_exclude_ids":"","_relevanssi_related_no_append":"","_relevanssi_related_not_related":"","_relevanssi_related_posts":"","_relevanssi_noindex_reason":""},"product_cat":[1852,1858],"product_tag":[],"class_list":["post-6040","product","type-product","status-publish","has-post-thumbnail","hentry","product_cat-ripset-ja-kulmat","product_cat-kotihoitotuotteet","pa_ominaisuudet-cruelty-free","pa_ominaisuudet-valmistettu-euroopassa","pa_ominaisuudet-vegaaninen","tuotemerkki-nouveau-lashes"],"tuotemerkit":[{"term_id":323,"name":"Nouveau Lashes","slug":"nouveau-lashes","term_group":0,"term_taxonomy_id":323,"taxonomy":"tuotemerkki","description":"","parent":0,"count":72,"filter":"raw"}],"acf":[],"yoast_head":"<!-- This site is optimized with the Yoast SEO plugin v23.3 - https:\/\/yoast.com\/wordpress\/plugins\/seo\/ -->\n<title>NL Lash &amp; Brow Conditioning Serum, 8ml - Kinnunen<\/title>\n<meta name=\"robots\" content=\"index, follow, max-snippet:-1, max-image-preview:large, max-video-preview:-1\" \/>\n<link rel=\"canonical\" href=\"https:\/\/kinnunen.fi\/en\/product\/nl-lash-brow-conditioning-serum-8ml\/\" \/>\n<meta property=\"og:locale\" content=\"en_GB\" \/>\n<meta property=\"og:type\" content=\"article\" \/>\n<meta property=\"og:title\" content=\"NL Lash &amp; Brow Conditioning Serum, 8ml - Kinnunen\" \/>\n<meta property=\"og:description\" content=\"P\u00e4ivitt\u00e4iseen k\u00e4ytt\u00f6\u00f6n tarkoitettu ripsi\u00e4 ja kulmakarvoja vahvistava ja ksoteuttava hoitoseerumi. Ihanteellinen hoitotuote ripsien taivutusk\u00e4sittelyiden. Tuote soveltuu my\u00f6s k\u00e4ytett\u00e4v\u00e4ksi klassisten ripsienpidennysten kanssa. Parhaan lopputuloksen saat k\u00e4ytt\u00e4m\u00e4ll\u00e4 tuotetta kahdesti p\u00e4iv\u00e4ss\u00e4. Hypoallergeeninen koostumus sopii my\u00f6s herkille silmille.\" \/>\n<meta property=\"og:url\" content=\"https:\/\/kinnunen.fi\/en\/product\/nl-lash-brow-conditioning-serum-8ml\/\" \/>\n<meta property=\"og:site_name\" content=\"Kinnunen\" \/>\n<meta property=\"article:modified_time\" content=\"2026-05-03T01:00:30+00:00\" \/>\n<meta property=\"og:image\" content=\"https:\/\/kinnunen.fi\/wp-content\/uploads\/2021\/10\/nl6lbcs_1.jpg\" \/>\n\t<meta property=\"og:image:width\" content=\"1000\" \/>\n\t<meta property=\"og:image:height\" content=\"1000\" \/>\n\t<meta property=\"og:image:type\" content=\"image\/jpeg\" \/>\n<meta name=\"twitter:card\" content=\"summary_large_image\" \/>\n<meta name=\"twitter:label1\" content=\"Estimated reading time\" \/>\n\t<meta name=\"twitter:data1\" content=\"1 minute\" \/>\n<script type=\"application\/ld+json\" class=\"yoast-schema-graph\">{\"@context\":\"https:\/\/schema.org\",\"@graph\":[{\"@type\":\"WebPage\",\"@id\":\"https:\/\/kinnunen.fi\/tuote\/nl-lash-brow-conditioning-serum-8ml\/\",\"url\":\"https:\/\/kinnunen.fi\/tuote\/nl-lash-brow-conditioning-serum-8ml\/\",\"name\":\"NL Lash &amp; Brow Conditioning Serum, 8ml - Kinnunen\",\"isPartOf\":{\"@id\":\"https:\/\/kinnunen.fi\/#website\"},\"primaryImageOfPage\":{\"@id\":\"https:\/\/kinnunen.fi\/tuote\/nl-lash-brow-conditioning-serum-8ml\/#primaryimage\"},\"image\":{\"@id\":\"https:\/\/kinnunen.fi\/tuote\/nl-lash-brow-conditioning-serum-8ml\/#primaryimage\"},\"thumbnailUrl\":\"https:\/\/kinnunen.fi\/wp-content\/uploads\/2021\/10\/nl6lbcs_1.jpg\",\"datePublished\":\"2021-10-29T10:33:20+00:00\",\"dateModified\":\"2026-05-03T01:00:30+00:00\",\"breadcrumb\":{\"@id\":\"https:\/\/kinnunen.fi\/tuote\/nl-lash-brow-conditioning-serum-8ml\/#breadcrumb\"},\"inLanguage\":\"en-GB\",\"potentialAction\":[{\"@type\":\"ReadAction\",\"target\":[\"https:\/\/kinnunen.fi\/tuote\/nl-lash-brow-conditioning-serum-8ml\/\"]}]},{\"@type\":\"ImageObject\",\"inLanguage\":\"en-GB\",\"@id\":\"https:\/\/kinnunen.fi\/tuote\/nl-lash-brow-conditioning-serum-8ml\/#primaryimage\",\"url\":\"https:\/\/kinnunen.fi\/wp-content\/uploads\/2021\/10\/nl6lbcs_1.jpg\",\"contentUrl\":\"https:\/\/kinnunen.fi\/wp-content\/uploads\/2021\/10\/nl6lbcs_1.jpg\",\"width\":1000,\"height\":1000},{\"@type\":\"BreadcrumbList\",\"@id\":\"https:\/\/kinnunen.fi\/tuote\/nl-lash-brow-conditioning-serum-8ml\/#breadcrumb\",\"itemListElement\":[{\"@type\":\"ListItem\",\"position\":1,\"name\":\"Etusivu\",\"item\":\"https:\/\/kinnunen.fi\/\"},{\"@type\":\"ListItem\",\"position\":2,\"name\":\"Kaikki tuotteet\",\"item\":\"https:\/\/kinnunen.fi\/kauppa\/\"},{\"@type\":\"ListItem\",\"position\":3,\"name\":\"Kauneudenhoito\",\"item\":\"https:\/\/kinnunen.fi\/tuote-osasto\/kauneudenhoito\/\"},{\"@type\":\"ListItem\",\"position\":4,\"name\":\"Ripset ja kulmat\",\"item\":\"https:\/\/kinnunen.fi\/tuote-osasto\/kauneudenhoito\/ripset-ja-kulmat\/\"},{\"@type\":\"ListItem\",\"position\":5,\"name\":\"Kotihoitotuotteet\",\"item\":\"https:\/\/kinnunen.fi\/tuote-osasto\/kauneudenhoito\/ripset-ja-kulmat\/kotihoitotuotteet\/\"},{\"@type\":\"ListItem\",\"position\":6,\"name\":\"NL Lash &amp; Brow Conditioning Serum, 8ml\"}]},{\"@type\":\"WebSite\",\"@id\":\"https:\/\/kinnunen.fi\/#website\",\"url\":\"https:\/\/kinnunen.fi\/\",\"name\":\"Kinnunen\",\"description\":\"\",\"potentialAction\":[{\"@type\":\"SearchAction\",\"target\":{\"@type\":\"EntryPoint\",\"urlTemplate\":\"https:\/\/kinnunen.fi\/?s={search_term_string}\"},\"query-input\":\"required name=search_term_string\"}],\"inLanguage\":\"en-GB\"}]}<\/script>\n<!-- \/ Yoast SEO plugin. -->","yoast_head_json":{"title":"NL Lash &amp; Brow Conditioning Serum, 8ml - Kinnunen","robots":{"index":"index","follow":"follow","max-snippet":"max-snippet:-1","max-image-preview":"max-image-preview:large","max-video-preview":"max-video-preview:-1"},"canonical":"https:\/\/kinnunen.fi\/en\/product\/nl-lash-brow-conditioning-serum-8ml\/","og_locale":"en_GB","og_type":"article","og_title":"NL Lash &amp; Brow Conditioning Serum, 8ml - Kinnunen","og_description":"P\u00e4ivitt\u00e4iseen k\u00e4ytt\u00f6\u00f6n tarkoitettu ripsi\u00e4 ja kulmakarvoja vahvistava ja ksoteuttava hoitoseerumi. Ihanteellinen hoitotuote ripsien taivutusk\u00e4sittelyiden. Tuote soveltuu my\u00f6s k\u00e4ytett\u00e4v\u00e4ksi klassisten ripsienpidennysten kanssa. Parhaan lopputuloksen saat k\u00e4ytt\u00e4m\u00e4ll\u00e4 tuotetta kahdesti p\u00e4iv\u00e4ss\u00e4. Hypoallergeeninen koostumus sopii my\u00f6s herkille silmille.","og_url":"https:\/\/kinnunen.fi\/en\/product\/nl-lash-brow-conditioning-serum-8ml\/","og_site_name":"Kinnunen","article_modified_time":"2026-05-03T01:00:30+00:00","og_image":[{"width":1000,"height":1000,"url":"https:\/\/kinnunen.fi\/wp-content\/uploads\/2021\/10\/nl6lbcs_1.jpg","type":"image\/jpeg"}],"twitter_card":"summary_large_image","twitter_misc":{"Estimated reading time":"1 minute"},"schema":{"@context":"https:\/\/schema.org","@graph":[{"@type":"WebPage","@id":"https:\/\/kinnunen.fi\/tuote\/nl-lash-brow-conditioning-serum-8ml\/","url":"https:\/\/kinnunen.fi\/tuote\/nl-lash-brow-conditioning-serum-8ml\/","name":"NL Lash &amp; Brow Conditioning Serum, 8ml - Kinnunen","isPartOf":{"@id":"https:\/\/kinnunen.fi\/#website"},"primaryImageOfPage":{"@id":"https:\/\/kinnunen.fi\/tuote\/nl-lash-brow-conditioning-serum-8ml\/#primaryimage"},"image":{"@id":"https:\/\/kinnunen.fi\/tuote\/nl-lash-brow-conditioning-serum-8ml\/#primaryimage"},"thumbnailUrl":"https:\/\/kinnunen.fi\/wp-content\/uploads\/2021\/10\/nl6lbcs_1.jpg","datePublished":"2021-10-29T10:33:20+00:00","dateModified":"2026-05-03T01:00:30+00:00","breadcrumb":{"@id":"https:\/\/kinnunen.fi\/tuote\/nl-lash-brow-conditioning-serum-8ml\/#breadcrumb"},"inLanguage":"en-GB","potentialAction":[{"@type":"ReadAction","target":["https:\/\/kinnunen.fi\/tuote\/nl-lash-brow-conditioning-serum-8ml\/"]}]},{"@type":"ImageObject","inLanguage":"en-GB","@id":"https:\/\/kinnunen.fi\/tuote\/nl-lash-brow-conditioning-serum-8ml\/#primaryimage","url":"https:\/\/kinnunen.fi\/wp-content\/uploads\/2021\/10\/nl6lbcs_1.jpg","contentUrl":"https:\/\/kinnunen.fi\/wp-content\/uploads\/2021\/10\/nl6lbcs_1.jpg","width":1000,"height":1000},{"@type":"BreadcrumbList","@id":"https:\/\/kinnunen.fi\/tuote\/nl-lash-brow-conditioning-serum-8ml\/#breadcrumb","itemListElement":[{"@type":"ListItem","position":1,"name":"Etusivu","item":"https:\/\/kinnunen.fi\/"},{"@type":"ListItem","position":2,"name":"Kaikki tuotteet","item":"https:\/\/kinnunen.fi\/kauppa\/"},{"@type":"ListItem","position":3,"name":"Kauneudenhoito","item":"https:\/\/kinnunen.fi\/tuote-osasto\/kauneudenhoito\/"},{"@type":"ListItem","position":4,"name":"Ripset ja kulmat","item":"https:\/\/kinnunen.fi\/tuote-osasto\/kauneudenhoito\/ripset-ja-kulmat\/"},{"@type":"ListItem","position":5,"name":"Kotihoitotuotteet","item":"https:\/\/kinnunen.fi\/tuote-osasto\/kauneudenhoito\/ripset-ja-kulmat\/kotihoitotuotteet\/"},{"@type":"ListItem","position":6,"name":"NL Lash &amp; Brow Conditioning Serum, 8ml"}]},{"@type":"WebSite","@id":"https:\/\/kinnunen.fi\/#website","url":"https:\/\/kinnunen.fi\/","name":"Kinnunen","description":"","potentialAction":[{"@type":"SearchAction","target":{"@type":"EntryPoint","urlTemplate":"https:\/\/kinnunen.fi\/?s={search_term_string}"},"query-input":"required name=search_term_string"}],"inLanguage":"en-GB"}]}},"_links":{"self":[{"href":"https:\/\/kinnunen.fi\/en\/wp-json\/wp\/v2\/product\/6040"}],"collection":[{"href":"https:\/\/kinnunen.fi\/en\/wp-json\/wp\/v2\/product"}],"about":[{"href":"https:\/\/kinnunen.fi\/en\/wp-json\/wp\/v2\/types\/product"}],"replies":[{"embeddable":true,"href":"https:\/\/kinnunen.fi\/en\/wp-json\/wp\/v2\/comments?post=6040"}],"wp:featuredmedia":[{"embeddable":true,"href":"https:\/\/kinnunen.fi\/en\/wp-json\/wp\/v2\/media\/14874"}],"wp:attachment":[{"href":"https:\/\/kinnunen.fi\/en\/wp-json\/wp\/v2\/media?parent=6040"}],"wp:term":[{"taxonomy":"product_cat","embeddable":true,"href":"https:\/\/kinnunen.fi\/en\/wp-json\/wp\/v2\/product_cat?post=6040"},{"taxonomy":"product_tag","embeddable":true,"href":"https:\/\/kinnunen.fi\/en\/wp-json\/wp\/v2\/product_tag?post=6040"}],"curies":[{"name":"wp","href":"https:\/\/api.w.org\/{rel}","templated":true}]}}