

{"id":6043,"date":"2021-10-29T13:33:20","date_gmt":"2021-10-29T10:33:20","guid":{"rendered":"https:\/\/kinnunen.fi-r.seravo.com\/tuote\/nl-triple-enhance-lash-serum-5-ml\/"},"modified":"2026-04-17T04:00:30","modified_gmt":"2026-04-17T01:00:30","slug":"nl-triple-enhance-lash-serum-5-ml","status":"publish","type":"product","link":"https:\/\/kinnunen.fi\/en\/product\/nl-triple-enhance-lash-serum-5-ml\/","title":{"rendered":"NL Triple Enhance Lash Serum, 5 ml"},"content":{"rendered":"<p>An advanced triple action eyelash serum. Strengthens, brightens and makes lashes feel longer! Active ingredients: the powerful active Triple-Peptide complex, enriched with a multivitamin compound, multifunctional proteins and ingredients that protect against climatic stress. The multivitamin blend intensively nourishes and helps achieve healthier-looking lashes. The multifunctional protein and anti-pollution ingredients also help to strengthen lashes while reducing the amount of pollution particles that adhere to the lashes. The product is suitable for natural lashes as well as eyelash extensions. The product is vegan.<\/p>","protected":false},"excerpt":{"rendered":"<p>An advanced triple action eyelash serum. Strengthens, brightens and makes lashes feel longer! Active ingredients: the powerful active Triple-Peptide complex, enriched with a multivitamin compound, multifunctional proteins and ingredients that protect against climatic stress. Suitable for natural lashes and eyelash extensions.<\/p>","protected":false},"featured_media":14877,"comment_status":"closed","ping_status":"open","template":"","meta":{"_relevanssi_hide_post":"","_relevanssi_pin_for_all":"","_relevanssi_pin_keywords":"","_relevanssi_unpin_keywords":"","_relevanssi_related_keywords":"","_relevanssi_related_include_ids":"","_relevanssi_related_exclude_ids":"","_relevanssi_related_no_append":"","_relevanssi_related_not_related":"","_relevanssi_related_posts":"","_relevanssi_noindex_reason":""},"product_cat":[1852,1858],"product_tag":[],"class_list":["post-6043","product","type-product","status-publish","has-post-thumbnail","hentry","product_cat-ripset-ja-kulmat","product_cat-kotihoitotuotteet","pa_ominaisuudet-cruelty-free","pa_ominaisuudet-valmistettu-euroopassa","pa_ominaisuudet-vegaaninen","tuotemerkki-nouveau-lashes"],"tuotemerkit":[{"term_id":323,"name":"Nouveau Lashes","slug":"nouveau-lashes","term_group":0,"term_taxonomy_id":323,"taxonomy":"tuotemerkki","description":"","parent":0,"count":71,"filter":"raw"}],"acf":[],"yoast_head":"<!-- This site is optimized with the Yoast SEO plugin v23.3 - https:\/\/yoast.com\/wordpress\/plugins\/seo\/ -->\n<title>NL Triple Enhance Lash Serum, 5 ml - Kinnunen<\/title>\n<meta name=\"robots\" content=\"index, follow, max-snippet:-1, max-image-preview:large, max-video-preview:-1\" \/>\n<link rel=\"canonical\" href=\"https:\/\/kinnunen.fi\/en\/product\/nl-triple-enhance-lash-serum-5-ml\/\" \/>\n<meta property=\"og:locale\" content=\"en_GB\" \/>\n<meta property=\"og:type\" content=\"article\" \/>\n<meta property=\"og:title\" content=\"NL Triple Enhance Lash Serum, 5 ml - Kinnunen\" \/>\n<meta property=\"og:description\" content=\"Edistyksellinen kolmitehoinen ripsienhoitoseerumi. Vahvistaa, tuuheuttaa ja saa ripset tuntumaan pidemmilt\u00e4! Vaikuttavina aineina: tehokas aktiivinen Triple-Peptide complex, rikastettuna multivitamiiniyhdisteell\u00e4, monitoimisilla proteiineilla ja ilmastosaasteilta suojaavilla ainesosilla. Tuote soveltuu luonnollisille ripsille sek\u00e4 ripsienpidennyksille.\" \/>\n<meta property=\"og:url\" content=\"https:\/\/kinnunen.fi\/en\/product\/nl-triple-enhance-lash-serum-5-ml\/\" \/>\n<meta property=\"og:site_name\" content=\"Kinnunen\" \/>\n<meta property=\"article:modified_time\" content=\"2026-04-17T01:00:30+00:00\" \/>\n<meta property=\"og:image\" content=\"https:\/\/kinnunen.fi\/wp-content\/uploads\/2021\/10\/nl6tels.jpg\" \/>\n\t<meta property=\"og:image:width\" content=\"1000\" \/>\n\t<meta property=\"og:image:height\" content=\"1000\" \/>\n\t<meta property=\"og:image:type\" content=\"image\/jpeg\" \/>\n<meta name=\"twitter:card\" content=\"summary_large_image\" \/>\n<script type=\"application\/ld+json\" class=\"yoast-schema-graph\">{\"@context\":\"https:\/\/schema.org\",\"@graph\":[{\"@type\":\"WebPage\",\"@id\":\"https:\/\/kinnunen.fi\/tuote\/nl-triple-enhance-lash-serum-5-ml\/\",\"url\":\"https:\/\/kinnunen.fi\/tuote\/nl-triple-enhance-lash-serum-5-ml\/\",\"name\":\"NL Triple Enhance Lash Serum, 5 ml - Kinnunen\",\"isPartOf\":{\"@id\":\"https:\/\/kinnunen.fi\/#website\"},\"primaryImageOfPage\":{\"@id\":\"https:\/\/kinnunen.fi\/tuote\/nl-triple-enhance-lash-serum-5-ml\/#primaryimage\"},\"image\":{\"@id\":\"https:\/\/kinnunen.fi\/tuote\/nl-triple-enhance-lash-serum-5-ml\/#primaryimage\"},\"thumbnailUrl\":\"https:\/\/kinnunen.fi\/wp-content\/uploads\/2021\/10\/nl6tels.jpg\",\"datePublished\":\"2021-10-29T10:33:20+00:00\",\"dateModified\":\"2026-04-17T01:00:30+00:00\",\"breadcrumb\":{\"@id\":\"https:\/\/kinnunen.fi\/tuote\/nl-triple-enhance-lash-serum-5-ml\/#breadcrumb\"},\"inLanguage\":\"en-GB\",\"potentialAction\":[{\"@type\":\"ReadAction\",\"target\":[\"https:\/\/kinnunen.fi\/tuote\/nl-triple-enhance-lash-serum-5-ml\/\"]}]},{\"@type\":\"ImageObject\",\"inLanguage\":\"en-GB\",\"@id\":\"https:\/\/kinnunen.fi\/tuote\/nl-triple-enhance-lash-serum-5-ml\/#primaryimage\",\"url\":\"https:\/\/kinnunen.fi\/wp-content\/uploads\/2021\/10\/nl6tels.jpg\",\"contentUrl\":\"https:\/\/kinnunen.fi\/wp-content\/uploads\/2021\/10\/nl6tels.jpg\",\"width\":1000,\"height\":1000},{\"@type\":\"BreadcrumbList\",\"@id\":\"https:\/\/kinnunen.fi\/tuote\/nl-triple-enhance-lash-serum-5-ml\/#breadcrumb\",\"itemListElement\":[{\"@type\":\"ListItem\",\"position\":1,\"name\":\"Etusivu\",\"item\":\"https:\/\/kinnunen.fi\/\"},{\"@type\":\"ListItem\",\"position\":2,\"name\":\"Kaikki tuotteet\",\"item\":\"https:\/\/kinnunen.fi\/kauppa\/\"},{\"@type\":\"ListItem\",\"position\":3,\"name\":\"Kauneudenhoito\",\"item\":\"https:\/\/kinnunen.fi\/tuote-osasto\/kauneudenhoito\/\"},{\"@type\":\"ListItem\",\"position\":4,\"name\":\"Ripset ja kulmat\",\"item\":\"https:\/\/kinnunen.fi\/tuote-osasto\/kauneudenhoito\/ripset-ja-kulmat\/\"},{\"@type\":\"ListItem\",\"position\":5,\"name\":\"Kotihoitotuotteet\",\"item\":\"https:\/\/kinnunen.fi\/tuote-osasto\/kauneudenhoito\/ripset-ja-kulmat\/kotihoitotuotteet\/\"},{\"@type\":\"ListItem\",\"position\":6,\"name\":\"NL Triple Enhance Lash Serum, 5 ml\"}]},{\"@type\":\"WebSite\",\"@id\":\"https:\/\/kinnunen.fi\/#website\",\"url\":\"https:\/\/kinnunen.fi\/\",\"name\":\"Kinnunen\",\"description\":\"\",\"potentialAction\":[{\"@type\":\"SearchAction\",\"target\":{\"@type\":\"EntryPoint\",\"urlTemplate\":\"https:\/\/kinnunen.fi\/?s={search_term_string}\"},\"query-input\":\"required name=search_term_string\"}],\"inLanguage\":\"en-GB\"}]}<\/script>\n<!-- \/ Yoast SEO plugin. -->","yoast_head_json":{"title":"NL Triple Enhance Lash Serum, 5 ml - Kinnunen","robots":{"index":"index","follow":"follow","max-snippet":"max-snippet:-1","max-image-preview":"max-image-preview:large","max-video-preview":"max-video-preview:-1"},"canonical":"https:\/\/kinnunen.fi\/en\/product\/nl-triple-enhance-lash-serum-5-ml\/","og_locale":"en_GB","og_type":"article","og_title":"NL Triple Enhance Lash Serum, 5 ml - Kinnunen","og_description":"Edistyksellinen kolmitehoinen ripsienhoitoseerumi. Vahvistaa, tuuheuttaa ja saa ripset tuntumaan pidemmilt\u00e4! Vaikuttavina aineina: tehokas aktiivinen Triple-Peptide complex, rikastettuna multivitamiiniyhdisteell\u00e4, monitoimisilla proteiineilla ja ilmastosaasteilta suojaavilla ainesosilla. Tuote soveltuu luonnollisille ripsille sek\u00e4 ripsienpidennyksille.","og_url":"https:\/\/kinnunen.fi\/en\/product\/nl-triple-enhance-lash-serum-5-ml\/","og_site_name":"Kinnunen","article_modified_time":"2026-04-17T01:00:30+00:00","og_image":[{"width":1000,"height":1000,"url":"https:\/\/kinnunen.fi\/wp-content\/uploads\/2021\/10\/nl6tels.jpg","type":"image\/jpeg"}],"twitter_card":"summary_large_image","schema":{"@context":"https:\/\/schema.org","@graph":[{"@type":"WebPage","@id":"https:\/\/kinnunen.fi\/tuote\/nl-triple-enhance-lash-serum-5-ml\/","url":"https:\/\/kinnunen.fi\/tuote\/nl-triple-enhance-lash-serum-5-ml\/","name":"NL Triple Enhance Lash Serum, 5 ml - Kinnunen","isPartOf":{"@id":"https:\/\/kinnunen.fi\/#website"},"primaryImageOfPage":{"@id":"https:\/\/kinnunen.fi\/tuote\/nl-triple-enhance-lash-serum-5-ml\/#primaryimage"},"image":{"@id":"https:\/\/kinnunen.fi\/tuote\/nl-triple-enhance-lash-serum-5-ml\/#primaryimage"},"thumbnailUrl":"https:\/\/kinnunen.fi\/wp-content\/uploads\/2021\/10\/nl6tels.jpg","datePublished":"2021-10-29T10:33:20+00:00","dateModified":"2026-04-17T01:00:30+00:00","breadcrumb":{"@id":"https:\/\/kinnunen.fi\/tuote\/nl-triple-enhance-lash-serum-5-ml\/#breadcrumb"},"inLanguage":"en-GB","potentialAction":[{"@type":"ReadAction","target":["https:\/\/kinnunen.fi\/tuote\/nl-triple-enhance-lash-serum-5-ml\/"]}]},{"@type":"ImageObject","inLanguage":"en-GB","@id":"https:\/\/kinnunen.fi\/tuote\/nl-triple-enhance-lash-serum-5-ml\/#primaryimage","url":"https:\/\/kinnunen.fi\/wp-content\/uploads\/2021\/10\/nl6tels.jpg","contentUrl":"https:\/\/kinnunen.fi\/wp-content\/uploads\/2021\/10\/nl6tels.jpg","width":1000,"height":1000},{"@type":"BreadcrumbList","@id":"https:\/\/kinnunen.fi\/tuote\/nl-triple-enhance-lash-serum-5-ml\/#breadcrumb","itemListElement":[{"@type":"ListItem","position":1,"name":"Etusivu","item":"https:\/\/kinnunen.fi\/"},{"@type":"ListItem","position":2,"name":"Kaikki tuotteet","item":"https:\/\/kinnunen.fi\/kauppa\/"},{"@type":"ListItem","position":3,"name":"Kauneudenhoito","item":"https:\/\/kinnunen.fi\/tuote-osasto\/kauneudenhoito\/"},{"@type":"ListItem","position":4,"name":"Ripset ja kulmat","item":"https:\/\/kinnunen.fi\/tuote-osasto\/kauneudenhoito\/ripset-ja-kulmat\/"},{"@type":"ListItem","position":5,"name":"Kotihoitotuotteet","item":"https:\/\/kinnunen.fi\/tuote-osasto\/kauneudenhoito\/ripset-ja-kulmat\/kotihoitotuotteet\/"},{"@type":"ListItem","position":6,"name":"NL Triple Enhance Lash Serum, 5 ml"}]},{"@type":"WebSite","@id":"https:\/\/kinnunen.fi\/#website","url":"https:\/\/kinnunen.fi\/","name":"Kinnunen","description":"","potentialAction":[{"@type":"SearchAction","target":{"@type":"EntryPoint","urlTemplate":"https:\/\/kinnunen.fi\/?s={search_term_string}"},"query-input":"required name=search_term_string"}],"inLanguage":"en-GB"}]}},"_links":{"self":[{"href":"https:\/\/kinnunen.fi\/en\/wp-json\/wp\/v2\/product\/6043"}],"collection":[{"href":"https:\/\/kinnunen.fi\/en\/wp-json\/wp\/v2\/product"}],"about":[{"href":"https:\/\/kinnunen.fi\/en\/wp-json\/wp\/v2\/types\/product"}],"replies":[{"embeddable":true,"href":"https:\/\/kinnunen.fi\/en\/wp-json\/wp\/v2\/comments?post=6043"}],"wp:featuredmedia":[{"embeddable":true,"href":"https:\/\/kinnunen.fi\/en\/wp-json\/wp\/v2\/media\/14877"}],"wp:attachment":[{"href":"https:\/\/kinnunen.fi\/en\/wp-json\/wp\/v2\/media?parent=6043"}],"wp:term":[{"taxonomy":"product_cat","embeddable":true,"href":"https:\/\/kinnunen.fi\/en\/wp-json\/wp\/v2\/product_cat?post=6043"},{"taxonomy":"product_tag","embeddable":true,"href":"https:\/\/kinnunen.fi\/en\/wp-json\/wp\/v2\/product_tag?post=6043"}],"curies":[{"name":"wp","href":"https:\/\/api.w.org\/{rel}","templated":true}]}}