

{"id":6048,"date":"2021-10-29T13:33:20","date_gmt":"2021-10-29T10:33:20","guid":{"rendered":"https:\/\/kinnunen.fi-r.seravo.com\/tuote\/large-volume-tweezers\/"},"modified":"2026-04-30T04:00:33","modified_gmt":"2026-04-30T01:00:33","slug":"large-volume-tweezers","status":"publish","type":"product","link":"https:\/\/kinnunen.fi\/en\/product\/large-volume-tweezers\/","title":{"rendered":"Large Volume Tweezers"},"content":{"rendered":"<p>Stainless steel curved tweezers. Thanks to the gentle curve of the tweezers, they are ideal for all types of lash extension work. The tweezers are well suited for classic eyelash extensions as well as for lashing in volume lashes. Blade length 13 mm. Packed in a leather case.<\/p>","protected":false},"excerpt":{"rendered":"<p>Stainless steel curved tweezers. Thanks to the gentle curve of the tweezers, they are ideal for all types of lash extension work. The tweezers are well suited for classic eyelash extensions as well as for lashing in volume lashes. Blade length 13 mm. Packed in a leather case.<\/p>","protected":false},"featured_media":34907,"comment_status":"closed","ping_status":"closed","template":"","meta":{"_relevanssi_hide_post":"","_relevanssi_pin_for_all":"","_relevanssi_pin_keywords":"","_relevanssi_unpin_keywords":"","_relevanssi_related_keywords":"","_relevanssi_related_include_ids":"","_relevanssi_related_exclude_ids":"","_relevanssi_related_no_append":"","_relevanssi_related_not_related":"","_relevanssi_related_posts":"","_relevanssi_noindex_reason":""},"product_cat":[1852,1859],"product_tag":[],"class_list":["post-6048","product","type-product","status-publish","has-post-thumbnail","hentry","product_cat-ripset-ja-kulmat","product_cat-tyovalineet","tuotemerkki-nouveau-lashes"],"tuotemerkit":[{"term_id":323,"name":"Nouveau Lashes","slug":"nouveau-lashes","term_group":0,"term_taxonomy_id":323,"taxonomy":"tuotemerkki","description":"","parent":0,"count":72,"filter":"raw"}],"acf":[],"yoast_head":"<!-- This site is optimized with the Yoast SEO plugin v23.3 - https:\/\/yoast.com\/wordpress\/plugins\/seo\/ -->\n<title>Large Volume Tweezers - Kinnunen<\/title>\n<meta name=\"robots\" content=\"index, follow, max-snippet:-1, max-image-preview:large, max-video-preview:-1\" \/>\n<link rel=\"canonical\" href=\"https:\/\/kinnunen.fi\/en\/product\/large-volume-tweezers\/\" \/>\n<meta property=\"og:locale\" content=\"en_GB\" \/>\n<meta property=\"og:type\" content=\"article\" \/>\n<meta property=\"og:title\" content=\"Large Volume Tweezers - Kinnunen\" \/>\n<meta property=\"og:description\" content=\"Ruostumattomasta ter\u00e4ksest\u00e4 valmistetut kaarevat pinsetit. Pinsetin loivan kaaren ansiosta se sopii hyvin kaikenlaiseen ty\u00f6skentelyyn ripsienpidennyksiss\u00e4. Pinsetit sopivat hyvin klassisten ripsienpidennyksien tekoon sek\u00e4 volyymiripsiss\u00e4 viuhkottamiseen. Ter\u00e4osan pituus 13 mm. Pakattu nahkakoteloon.\" \/>\n<meta property=\"og:url\" content=\"https:\/\/kinnunen.fi\/en\/product\/large-volume-tweezers\/\" \/>\n<meta property=\"og:site_name\" content=\"Kinnunen\" \/>\n<meta property=\"article:modified_time\" content=\"2026-04-30T01:00:33+00:00\" \/>\n<meta property=\"og:image\" content=\"https:\/\/kinnunen.fi\/wp-content\/uploads\/2023\/05\/NLTWE1_large_volume_tweezers.jpg\" \/>\n\t<meta property=\"og:image:width\" content=\"520\" \/>\n\t<meta property=\"og:image:height\" content=\"520\" \/>\n\t<meta property=\"og:image:type\" content=\"image\/jpeg\" \/>\n<meta name=\"twitter:card\" content=\"summary_large_image\" \/>\n<script type=\"application\/ld+json\" class=\"yoast-schema-graph\">{\"@context\":\"https:\/\/schema.org\",\"@graph\":[{\"@type\":\"WebPage\",\"@id\":\"https:\/\/kinnunen.fi\/tuote\/large-volume-tweezers\/\",\"url\":\"https:\/\/kinnunen.fi\/tuote\/large-volume-tweezers\/\",\"name\":\"Large Volume Tweezers - Kinnunen\",\"isPartOf\":{\"@id\":\"https:\/\/kinnunen.fi\/#website\"},\"primaryImageOfPage\":{\"@id\":\"https:\/\/kinnunen.fi\/tuote\/large-volume-tweezers\/#primaryimage\"},\"image\":{\"@id\":\"https:\/\/kinnunen.fi\/tuote\/large-volume-tweezers\/#primaryimage\"},\"thumbnailUrl\":\"https:\/\/kinnunen.fi\/wp-content\/uploads\/2023\/05\/NLTWE1_large_volume_tweezers.jpg\",\"datePublished\":\"2021-10-29T10:33:20+00:00\",\"dateModified\":\"2026-04-30T01:00:33+00:00\",\"breadcrumb\":{\"@id\":\"https:\/\/kinnunen.fi\/tuote\/large-volume-tweezers\/#breadcrumb\"},\"inLanguage\":\"en-GB\",\"potentialAction\":[{\"@type\":\"ReadAction\",\"target\":[\"https:\/\/kinnunen.fi\/tuote\/large-volume-tweezers\/\"]}]},{\"@type\":\"ImageObject\",\"inLanguage\":\"en-GB\",\"@id\":\"https:\/\/kinnunen.fi\/tuote\/large-volume-tweezers\/#primaryimage\",\"url\":\"https:\/\/kinnunen.fi\/wp-content\/uploads\/2023\/05\/NLTWE1_large_volume_tweezers.jpg\",\"contentUrl\":\"https:\/\/kinnunen.fi\/wp-content\/uploads\/2023\/05\/NLTWE1_large_volume_tweezers.jpg\",\"width\":520,\"height\":520},{\"@type\":\"BreadcrumbList\",\"@id\":\"https:\/\/kinnunen.fi\/tuote\/large-volume-tweezers\/#breadcrumb\",\"itemListElement\":[{\"@type\":\"ListItem\",\"position\":1,\"name\":\"Etusivu\",\"item\":\"https:\/\/kinnunen.fi\/\"},{\"@type\":\"ListItem\",\"position\":2,\"name\":\"Kaikki tuotteet\",\"item\":\"https:\/\/kinnunen.fi\/kauppa\/\"},{\"@type\":\"ListItem\",\"position\":3,\"name\":\"Kauneudenhoito\",\"item\":\"https:\/\/kinnunen.fi\/tuote-osasto\/kauneudenhoito\/\"},{\"@type\":\"ListItem\",\"position\":4,\"name\":\"Ripset ja kulmat\",\"item\":\"https:\/\/kinnunen.fi\/tuote-osasto\/kauneudenhoito\/ripset-ja-kulmat\/\"},{\"@type\":\"ListItem\",\"position\":5,\"name\":\"Ty\u00f6v\u00e4lineet\",\"item\":\"https:\/\/kinnunen.fi\/tuote-osasto\/kauneudenhoito\/ripset-ja-kulmat\/tyovalineet\/\"},{\"@type\":\"ListItem\",\"position\":6,\"name\":\"Large Volume Tweezers\"}]},{\"@type\":\"WebSite\",\"@id\":\"https:\/\/kinnunen.fi\/#website\",\"url\":\"https:\/\/kinnunen.fi\/\",\"name\":\"Kinnunen\",\"description\":\"\",\"potentialAction\":[{\"@type\":\"SearchAction\",\"target\":{\"@type\":\"EntryPoint\",\"urlTemplate\":\"https:\/\/kinnunen.fi\/?s={search_term_string}\"},\"query-input\":\"required name=search_term_string\"}],\"inLanguage\":\"en-GB\"}]}<\/script>\n<!-- \/ Yoast SEO plugin. -->","yoast_head_json":{"title":"Large Volume Tweezers - Kinnunen","robots":{"index":"index","follow":"follow","max-snippet":"max-snippet:-1","max-image-preview":"max-image-preview:large","max-video-preview":"max-video-preview:-1"},"canonical":"https:\/\/kinnunen.fi\/en\/product\/large-volume-tweezers\/","og_locale":"en_GB","og_type":"article","og_title":"Large Volume Tweezers - Kinnunen","og_description":"Ruostumattomasta ter\u00e4ksest\u00e4 valmistetut kaarevat pinsetit. Pinsetin loivan kaaren ansiosta se sopii hyvin kaikenlaiseen ty\u00f6skentelyyn ripsienpidennyksiss\u00e4. Pinsetit sopivat hyvin klassisten ripsienpidennyksien tekoon sek\u00e4 volyymiripsiss\u00e4 viuhkottamiseen. Ter\u00e4osan pituus 13 mm. Pakattu nahkakoteloon.","og_url":"https:\/\/kinnunen.fi\/en\/product\/large-volume-tweezers\/","og_site_name":"Kinnunen","article_modified_time":"2026-04-30T01:00:33+00:00","og_image":[{"width":520,"height":520,"url":"https:\/\/kinnunen.fi\/wp-content\/uploads\/2023\/05\/NLTWE1_large_volume_tweezers.jpg","type":"image\/jpeg"}],"twitter_card":"summary_large_image","schema":{"@context":"https:\/\/schema.org","@graph":[{"@type":"WebPage","@id":"https:\/\/kinnunen.fi\/tuote\/large-volume-tweezers\/","url":"https:\/\/kinnunen.fi\/tuote\/large-volume-tweezers\/","name":"Large Volume Tweezers - Kinnunen","isPartOf":{"@id":"https:\/\/kinnunen.fi\/#website"},"primaryImageOfPage":{"@id":"https:\/\/kinnunen.fi\/tuote\/large-volume-tweezers\/#primaryimage"},"image":{"@id":"https:\/\/kinnunen.fi\/tuote\/large-volume-tweezers\/#primaryimage"},"thumbnailUrl":"https:\/\/kinnunen.fi\/wp-content\/uploads\/2023\/05\/NLTWE1_large_volume_tweezers.jpg","datePublished":"2021-10-29T10:33:20+00:00","dateModified":"2026-04-30T01:00:33+00:00","breadcrumb":{"@id":"https:\/\/kinnunen.fi\/tuote\/large-volume-tweezers\/#breadcrumb"},"inLanguage":"en-GB","potentialAction":[{"@type":"ReadAction","target":["https:\/\/kinnunen.fi\/tuote\/large-volume-tweezers\/"]}]},{"@type":"ImageObject","inLanguage":"en-GB","@id":"https:\/\/kinnunen.fi\/tuote\/large-volume-tweezers\/#primaryimage","url":"https:\/\/kinnunen.fi\/wp-content\/uploads\/2023\/05\/NLTWE1_large_volume_tweezers.jpg","contentUrl":"https:\/\/kinnunen.fi\/wp-content\/uploads\/2023\/05\/NLTWE1_large_volume_tweezers.jpg","width":520,"height":520},{"@type":"BreadcrumbList","@id":"https:\/\/kinnunen.fi\/tuote\/large-volume-tweezers\/#breadcrumb","itemListElement":[{"@type":"ListItem","position":1,"name":"Etusivu","item":"https:\/\/kinnunen.fi\/"},{"@type":"ListItem","position":2,"name":"Kaikki tuotteet","item":"https:\/\/kinnunen.fi\/kauppa\/"},{"@type":"ListItem","position":3,"name":"Kauneudenhoito","item":"https:\/\/kinnunen.fi\/tuote-osasto\/kauneudenhoito\/"},{"@type":"ListItem","position":4,"name":"Ripset ja kulmat","item":"https:\/\/kinnunen.fi\/tuote-osasto\/kauneudenhoito\/ripset-ja-kulmat\/"},{"@type":"ListItem","position":5,"name":"Ty\u00f6v\u00e4lineet","item":"https:\/\/kinnunen.fi\/tuote-osasto\/kauneudenhoito\/ripset-ja-kulmat\/tyovalineet\/"},{"@type":"ListItem","position":6,"name":"Large Volume Tweezers"}]},{"@type":"WebSite","@id":"https:\/\/kinnunen.fi\/#website","url":"https:\/\/kinnunen.fi\/","name":"Kinnunen","description":"","potentialAction":[{"@type":"SearchAction","target":{"@type":"EntryPoint","urlTemplate":"https:\/\/kinnunen.fi\/?s={search_term_string}"},"query-input":"required name=search_term_string"}],"inLanguage":"en-GB"}]}},"_links":{"self":[{"href":"https:\/\/kinnunen.fi\/en\/wp-json\/wp\/v2\/product\/6048"}],"collection":[{"href":"https:\/\/kinnunen.fi\/en\/wp-json\/wp\/v2\/product"}],"about":[{"href":"https:\/\/kinnunen.fi\/en\/wp-json\/wp\/v2\/types\/product"}],"replies":[{"embeddable":true,"href":"https:\/\/kinnunen.fi\/en\/wp-json\/wp\/v2\/comments?post=6048"}],"wp:featuredmedia":[{"embeddable":true,"href":"https:\/\/kinnunen.fi\/en\/wp-json\/wp\/v2\/media\/34907"}],"wp:attachment":[{"href":"https:\/\/kinnunen.fi\/en\/wp-json\/wp\/v2\/media?parent=6048"}],"wp:term":[{"taxonomy":"product_cat","embeddable":true,"href":"https:\/\/kinnunen.fi\/en\/wp-json\/wp\/v2\/product_cat?post=6048"},{"taxonomy":"product_tag","embeddable":true,"href":"https:\/\/kinnunen.fi\/en\/wp-json\/wp\/v2\/product_tag?post=6048"}],"curies":[{"name":"wp","href":"https:\/\/api.w.org\/{rel}","templated":true}]}}