

{"id":6058,"date":"2021-10-29T13:33:33","date_gmt":"2021-10-29T10:33:33","guid":{"rendered":"https:\/\/kinnunen.fi-r.seravo.com\/tuote\/thermo-hygrometer-lampo-ja-kosteusmittari\/"},"modified":"2026-04-30T04:00:31","modified_gmt":"2026-04-30T01:00:31","slug":"thermo-hygrometer-lampo-ja-kosteusmittari","status":"publish","type":"product","link":"https:\/\/kinnunen.fi\/en\/product\/thermo-hygrometer-lampo-ja-kosteusmittari\/","title":{"rendered":"Thermo Hygrometer thermometer and hygrometer"},"content":{"rendered":"<p>An absolute tool for lash technicians! A humidity and temperature gauge to monitor the humidity and temperature of your workspace. This will ensure that you are working in the right conditions for the adhesive to stick to your lashes. Built-in timer to make it easier to monitor the application time of, for example, LVL- Lash Lift. Large clear LED display. Powered by two AAA batteries (batteries not included).<\/p>","protected":false},"excerpt":{"rendered":"<p>An absolute tool for lash technicians! A humidity and temperature gauge to monitor the humidity and temperature of your workspace. Large clear LED display. Powered by two AAA batteries (batteries not included).<\/p>","protected":false},"featured_media":14868,"comment_status":"closed","ping_status":"open","template":"","meta":{"_relevanssi_hide_post":"","_relevanssi_pin_for_all":"","_relevanssi_pin_keywords":"","_relevanssi_unpin_keywords":"","_relevanssi_related_keywords":"","_relevanssi_related_include_ids":"","_relevanssi_related_exclude_ids":"","_relevanssi_related_no_append":"","_relevanssi_related_not_related":"","_relevanssi_related_posts":"","_relevanssi_noindex_reason":""},"product_cat":[1852,1859],"product_tag":[],"class_list":["post-6058","product","type-product","status-publish","has-post-thumbnail","hentry","product_cat-ripset-ja-kulmat","product_cat-tyovalineet","tuotemerkki-nouveau-lashes"],"tuotemerkit":[{"term_id":323,"name":"Nouveau Lashes","slug":"nouveau-lashes","term_group":0,"term_taxonomy_id":323,"taxonomy":"tuotemerkki","description":"","parent":0,"count":72,"filter":"raw"}],"acf":[],"yoast_head":"<!-- This site is optimized with the Yoast SEO plugin v23.3 - https:\/\/yoast.com\/wordpress\/plugins\/seo\/ -->\n<title>Thermo Hygrometer l\u00e4mp\u00f6- ja kosteusmittari - Kinnunen<\/title>\n<meta name=\"robots\" content=\"index, follow, max-snippet:-1, max-image-preview:large, max-video-preview:-1\" \/>\n<link rel=\"canonical\" href=\"https:\/\/kinnunen.fi\/en\/product\/thermo-hygrometer-lampo-ja-kosteusmittari\/\" \/>\n<meta property=\"og:locale\" content=\"en_GB\" \/>\n<meta property=\"og:type\" content=\"article\" \/>\n<meta property=\"og:title\" content=\"Thermo Hygrometer l\u00e4mp\u00f6- ja kosteusmittari - Kinnunen\" \/>\n<meta property=\"og:description\" content=\"Ehdoton apuv\u00e4line ripsiteknikoille! Kosteus- ja l\u00e4mp\u00f6mittari, jonka avulla tarkkailet ty\u00f6tilasi kosteutta ja l\u00e4mp\u00f6tilaa. Iso selke\u00e4 LED- n\u00e4ytt\u00f6. Toimii kahdella AAA- paristolla (paristot eiv\u00e4t kuulu pakettiin).\" \/>\n<meta property=\"og:url\" content=\"https:\/\/kinnunen.fi\/en\/product\/thermo-hygrometer-lampo-ja-kosteusmittari\/\" \/>\n<meta property=\"og:site_name\" content=\"Kinnunen\" \/>\n<meta property=\"article:modified_time\" content=\"2026-04-30T01:00:31+00:00\" \/>\n<meta property=\"og:image\" content=\"https:\/\/kinnunen.fi\/wp-content\/uploads\/2021\/10\/nl5hgm.jpg\" \/>\n\t<meta property=\"og:image:width\" content=\"1000\" \/>\n\t<meta property=\"og:image:height\" content=\"1000\" \/>\n\t<meta property=\"og:image:type\" content=\"image\/jpeg\" \/>\n<meta name=\"twitter:card\" content=\"summary_large_image\" \/>\n<script type=\"application\/ld+json\" class=\"yoast-schema-graph\">{\"@context\":\"https:\/\/schema.org\",\"@graph\":[{\"@type\":\"WebPage\",\"@id\":\"https:\/\/kinnunen.fi\/tuote\/thermo-hygrometer-lampo-ja-kosteusmittari\/\",\"url\":\"https:\/\/kinnunen.fi\/tuote\/thermo-hygrometer-lampo-ja-kosteusmittari\/\",\"name\":\"Thermo Hygrometer l\u00e4mp\u00f6- ja kosteusmittari - Kinnunen\",\"isPartOf\":{\"@id\":\"https:\/\/kinnunen.fi\/#website\"},\"primaryImageOfPage\":{\"@id\":\"https:\/\/kinnunen.fi\/tuote\/thermo-hygrometer-lampo-ja-kosteusmittari\/#primaryimage\"},\"image\":{\"@id\":\"https:\/\/kinnunen.fi\/tuote\/thermo-hygrometer-lampo-ja-kosteusmittari\/#primaryimage\"},\"thumbnailUrl\":\"https:\/\/kinnunen.fi\/wp-content\/uploads\/2021\/10\/nl5hgm.jpg\",\"datePublished\":\"2021-10-29T10:33:33+00:00\",\"dateModified\":\"2026-04-30T01:00:31+00:00\",\"breadcrumb\":{\"@id\":\"https:\/\/kinnunen.fi\/tuote\/thermo-hygrometer-lampo-ja-kosteusmittari\/#breadcrumb\"},\"inLanguage\":\"en-GB\",\"potentialAction\":[{\"@type\":\"ReadAction\",\"target\":[\"https:\/\/kinnunen.fi\/tuote\/thermo-hygrometer-lampo-ja-kosteusmittari\/\"]}]},{\"@type\":\"ImageObject\",\"inLanguage\":\"en-GB\",\"@id\":\"https:\/\/kinnunen.fi\/tuote\/thermo-hygrometer-lampo-ja-kosteusmittari\/#primaryimage\",\"url\":\"https:\/\/kinnunen.fi\/wp-content\/uploads\/2021\/10\/nl5hgm.jpg\",\"contentUrl\":\"https:\/\/kinnunen.fi\/wp-content\/uploads\/2021\/10\/nl5hgm.jpg\",\"width\":1000,\"height\":1000},{\"@type\":\"BreadcrumbList\",\"@id\":\"https:\/\/kinnunen.fi\/tuote\/thermo-hygrometer-lampo-ja-kosteusmittari\/#breadcrumb\",\"itemListElement\":[{\"@type\":\"ListItem\",\"position\":1,\"name\":\"Etusivu\",\"item\":\"https:\/\/kinnunen.fi\/\"},{\"@type\":\"ListItem\",\"position\":2,\"name\":\"Kaikki tuotteet\",\"item\":\"https:\/\/kinnunen.fi\/kauppa\/\"},{\"@type\":\"ListItem\",\"position\":3,\"name\":\"Kauneudenhoito\",\"item\":\"https:\/\/kinnunen.fi\/tuote-osasto\/kauneudenhoito\/\"},{\"@type\":\"ListItem\",\"position\":4,\"name\":\"Ripset ja kulmat\",\"item\":\"https:\/\/kinnunen.fi\/tuote-osasto\/kauneudenhoito\/ripset-ja-kulmat\/\"},{\"@type\":\"ListItem\",\"position\":5,\"name\":\"Ty\u00f6v\u00e4lineet\",\"item\":\"https:\/\/kinnunen.fi\/tuote-osasto\/kauneudenhoito\/ripset-ja-kulmat\/tyovalineet\/\"},{\"@type\":\"ListItem\",\"position\":6,\"name\":\"Thermo Hygrometer l\u00e4mp\u00f6- ja kosteusmittari\"}]},{\"@type\":\"WebSite\",\"@id\":\"https:\/\/kinnunen.fi\/#website\",\"url\":\"https:\/\/kinnunen.fi\/\",\"name\":\"Kinnunen\",\"description\":\"\",\"potentialAction\":[{\"@type\":\"SearchAction\",\"target\":{\"@type\":\"EntryPoint\",\"urlTemplate\":\"https:\/\/kinnunen.fi\/?s={search_term_string}\"},\"query-input\":\"required name=search_term_string\"}],\"inLanguage\":\"en-GB\"}]}<\/script>\n<!-- \/ Yoast SEO plugin. -->","yoast_head_json":{"title":"Thermo Hygrometer l\u00e4mp\u00f6- ja kosteusmittari - Kinnunen","robots":{"index":"index","follow":"follow","max-snippet":"max-snippet:-1","max-image-preview":"max-image-preview:large","max-video-preview":"max-video-preview:-1"},"canonical":"https:\/\/kinnunen.fi\/en\/product\/thermo-hygrometer-lampo-ja-kosteusmittari\/","og_locale":"en_GB","og_type":"article","og_title":"Thermo Hygrometer l\u00e4mp\u00f6- ja kosteusmittari - Kinnunen","og_description":"Ehdoton apuv\u00e4line ripsiteknikoille! Kosteus- ja l\u00e4mp\u00f6mittari, jonka avulla tarkkailet ty\u00f6tilasi kosteutta ja l\u00e4mp\u00f6tilaa. Iso selke\u00e4 LED- n\u00e4ytt\u00f6. Toimii kahdella AAA- paristolla (paristot eiv\u00e4t kuulu pakettiin).","og_url":"https:\/\/kinnunen.fi\/en\/product\/thermo-hygrometer-lampo-ja-kosteusmittari\/","og_site_name":"Kinnunen","article_modified_time":"2026-04-30T01:00:31+00:00","og_image":[{"width":1000,"height":1000,"url":"https:\/\/kinnunen.fi\/wp-content\/uploads\/2021\/10\/nl5hgm.jpg","type":"image\/jpeg"}],"twitter_card":"summary_large_image","schema":{"@context":"https:\/\/schema.org","@graph":[{"@type":"WebPage","@id":"https:\/\/kinnunen.fi\/tuote\/thermo-hygrometer-lampo-ja-kosteusmittari\/","url":"https:\/\/kinnunen.fi\/tuote\/thermo-hygrometer-lampo-ja-kosteusmittari\/","name":"Thermo Hygrometer l\u00e4mp\u00f6- ja kosteusmittari - Kinnunen","isPartOf":{"@id":"https:\/\/kinnunen.fi\/#website"},"primaryImageOfPage":{"@id":"https:\/\/kinnunen.fi\/tuote\/thermo-hygrometer-lampo-ja-kosteusmittari\/#primaryimage"},"image":{"@id":"https:\/\/kinnunen.fi\/tuote\/thermo-hygrometer-lampo-ja-kosteusmittari\/#primaryimage"},"thumbnailUrl":"https:\/\/kinnunen.fi\/wp-content\/uploads\/2021\/10\/nl5hgm.jpg","datePublished":"2021-10-29T10:33:33+00:00","dateModified":"2026-04-30T01:00:31+00:00","breadcrumb":{"@id":"https:\/\/kinnunen.fi\/tuote\/thermo-hygrometer-lampo-ja-kosteusmittari\/#breadcrumb"},"inLanguage":"en-GB","potentialAction":[{"@type":"ReadAction","target":["https:\/\/kinnunen.fi\/tuote\/thermo-hygrometer-lampo-ja-kosteusmittari\/"]}]},{"@type":"ImageObject","inLanguage":"en-GB","@id":"https:\/\/kinnunen.fi\/tuote\/thermo-hygrometer-lampo-ja-kosteusmittari\/#primaryimage","url":"https:\/\/kinnunen.fi\/wp-content\/uploads\/2021\/10\/nl5hgm.jpg","contentUrl":"https:\/\/kinnunen.fi\/wp-content\/uploads\/2021\/10\/nl5hgm.jpg","width":1000,"height":1000},{"@type":"BreadcrumbList","@id":"https:\/\/kinnunen.fi\/tuote\/thermo-hygrometer-lampo-ja-kosteusmittari\/#breadcrumb","itemListElement":[{"@type":"ListItem","position":1,"name":"Etusivu","item":"https:\/\/kinnunen.fi\/"},{"@type":"ListItem","position":2,"name":"Kaikki tuotteet","item":"https:\/\/kinnunen.fi\/kauppa\/"},{"@type":"ListItem","position":3,"name":"Kauneudenhoito","item":"https:\/\/kinnunen.fi\/tuote-osasto\/kauneudenhoito\/"},{"@type":"ListItem","position":4,"name":"Ripset ja kulmat","item":"https:\/\/kinnunen.fi\/tuote-osasto\/kauneudenhoito\/ripset-ja-kulmat\/"},{"@type":"ListItem","position":5,"name":"Ty\u00f6v\u00e4lineet","item":"https:\/\/kinnunen.fi\/tuote-osasto\/kauneudenhoito\/ripset-ja-kulmat\/tyovalineet\/"},{"@type":"ListItem","position":6,"name":"Thermo Hygrometer l\u00e4mp\u00f6- ja kosteusmittari"}]},{"@type":"WebSite","@id":"https:\/\/kinnunen.fi\/#website","url":"https:\/\/kinnunen.fi\/","name":"Kinnunen","description":"","potentialAction":[{"@type":"SearchAction","target":{"@type":"EntryPoint","urlTemplate":"https:\/\/kinnunen.fi\/?s={search_term_string}"},"query-input":"required name=search_term_string"}],"inLanguage":"en-GB"}]}},"_links":{"self":[{"href":"https:\/\/kinnunen.fi\/en\/wp-json\/wp\/v2\/product\/6058"}],"collection":[{"href":"https:\/\/kinnunen.fi\/en\/wp-json\/wp\/v2\/product"}],"about":[{"href":"https:\/\/kinnunen.fi\/en\/wp-json\/wp\/v2\/types\/product"}],"replies":[{"embeddable":true,"href":"https:\/\/kinnunen.fi\/en\/wp-json\/wp\/v2\/comments?post=6058"}],"wp:featuredmedia":[{"embeddable":true,"href":"https:\/\/kinnunen.fi\/en\/wp-json\/wp\/v2\/media\/14868"}],"wp:attachment":[{"href":"https:\/\/kinnunen.fi\/en\/wp-json\/wp\/v2\/media?parent=6058"}],"wp:term":[{"taxonomy":"product_cat","embeddable":true,"href":"https:\/\/kinnunen.fi\/en\/wp-json\/wp\/v2\/product_cat?post=6058"},{"taxonomy":"product_tag","embeddable":true,"href":"https:\/\/kinnunen.fi\/en\/wp-json\/wp\/v2\/product_tag?post=6058"}],"curies":[{"name":"wp","href":"https:\/\/api.w.org\/{rel}","templated":true}]}}