

{"id":6064,"date":"2021-10-29T13:33:33","date_gmt":"2021-10-29T10:33:33","guid":{"rendered":"https:\/\/kinnunen.fi-r.seravo.com\/tuote\/nl-silk-lashes-c-curl-0-15-multipack-6-14-mm\/"},"modified":"2026-04-17T04:00:30","modified_gmt":"2026-04-17T01:00:30","slug":"nl-silk-lashes-c-curl-0-15-multipack-6-14-mm","status":"publish","type":"product","link":"https:\/\/kinnunen.fi\/en\/product\/nl-silk-lashes-c-curl-0-15-multipack-6-14-mm\/","title":{"rendered":"NL Silk Lashes C-Curl 0.15 multipack 6 - 14 mm"},"content":{"rendered":"<p>Nouveau Lashes are made from synthetic Korean PBT fibre, the highest quality lash extension fibre. The fibre feels soft and thin and has excellent resistance to moisture, make-up and handling. C-curvature is a beautiful, curved lash to create classic-looking lash extensions for your clients. This strength is suitable for normal thickness lashes, for natural extensions. Available in 0.15 mm single lengths (8 mm, 9 mm, 10 mm, 11 mm and 12 mm) and multipacks with lengths from 6 to 14 mm. Approx. 1600 lashes per pack.<\/p>","protected":false},"excerpt":{"rendered":"<p>Nouveau Lashes are made from synthetic Korean PBT fibre, the highest quality lash extension fibre. C-curve lashes are beautiful, curved lashes that create classic-looking lash extensions for your clients. This strength is suitable for normal thickness lashes, for natural extensions. In 0.15 mm thickness, available in single lengths (8 mm, 9 mm, 10 mm, 11 mm and 12 mm) and multi-pack with lengths from 6 to 14 mm.<\/p>","protected":false},"featured_media":15284,"comment_status":"closed","ping_status":"closed","template":"","meta":{"_relevanssi_hide_post":"","_relevanssi_pin_for_all":"","_relevanssi_pin_keywords":"","_relevanssi_unpin_keywords":"","_relevanssi_related_keywords":"","_relevanssi_related_include_ids":"","_relevanssi_related_exclude_ids":"","_relevanssi_related_no_append":"","_relevanssi_related_not_related":"","_relevanssi_related_posts":"","_relevanssi_noindex_reason":""},"product_cat":[1852,1860],"product_tag":[],"class_list":["post-6064","product","type-product","status-publish","has-post-thumbnail","hentry","product_cat-ripset-ja-kulmat","product_cat-nouveau-lashes-ripsikuidut","pa_kaarevuus-c-kaarevuus","pa_ominaisuudet-cruelty-free","pa_paksuus-0-15","pa_pituus-multi-6-14-mm","tuotemerkki-nouveau-lashes"],"tuotemerkit":[{"term_id":323,"name":"Nouveau Lashes","slug":"nouveau-lashes","term_group":0,"term_taxonomy_id":323,"taxonomy":"tuotemerkki","description":"","parent":0,"count":71,"filter":"raw"}],"acf":[],"yoast_head":"<!-- This site is optimized with the Yoast SEO plugin v23.3 - https:\/\/yoast.com\/wordpress\/plugins\/seo\/ -->\n<title>NL Silk Lashes C-Curl 0.15 multipack 6 - 14 mm - Kinnunen<\/title>\n<meta name=\"robots\" content=\"index, follow, max-snippet:-1, max-image-preview:large, max-video-preview:-1\" \/>\n<link rel=\"canonical\" href=\"https:\/\/kinnunen.fi\/en\/product\/nl-silk-lashes-c-curl-0-15-multipack-6-14-mm\/\" \/>\n<meta property=\"og:locale\" content=\"en_GB\" \/>\n<meta property=\"og:type\" content=\"article\" \/>\n<meta property=\"og:title\" content=\"NL Silk Lashes C-Curl 0.15 multipack 6 - 14 mm - Kinnunen\" \/>\n<meta property=\"og:description\" content=\"Nouveau Lashes -ripset ovat valmistettu synteettisest\u00e4 korealaisesta PBT- kuidusta, joka on kaikkein korkealaatuisin ripsienpidennyskuitu. C-kaarevuus on kaunis, kaareva ripsi, jolla luot asiakkallesi n\u00e4ytt\u00e4v\u00e4t klassiset ripsienpidennykset. T\u00e4m\u00e4 vahvuus sopii normaali vahvuisille ripsille, luonnollisiin pidennyksiin. 0.15 mm vahvuudessa saatavilla yksitt\u00e4iset pituudet (8 mm, 9 mm, 10 mm, 11 mm ja 12 mm) sek\u00e4 multipaketti jossa pituudet 6-14 mm.\" \/>\n<meta property=\"og:url\" content=\"https:\/\/kinnunen.fi\/en\/product\/nl-silk-lashes-c-curl-0-15-multipack-6-14-mm\/\" \/>\n<meta property=\"og:site_name\" content=\"Kinnunen\" \/>\n<meta property=\"article:modified_time\" content=\"2026-04-17T01:00:30+00:00\" \/>\n<meta property=\"og:image\" content=\"https:\/\/kinnunen.fi\/wp-content\/uploads\/2021\/10\/Silk-Lashes-ripsikuidu_multi.jpg\" \/>\n\t<meta property=\"og:image:width\" content=\"1000\" \/>\n\t<meta property=\"og:image:height\" content=\"1000\" \/>\n\t<meta property=\"og:image:type\" content=\"image\/jpeg\" \/>\n<meta name=\"twitter:card\" content=\"summary_large_image\" \/>\n<script type=\"application\/ld+json\" class=\"yoast-schema-graph\">{\"@context\":\"https:\/\/schema.org\",\"@graph\":[{\"@type\":\"WebPage\",\"@id\":\"https:\/\/kinnunen.fi\/tuote\/nl-silk-lashes-c-curl-0-15-multipack-6-14-mm\/\",\"url\":\"https:\/\/kinnunen.fi\/tuote\/nl-silk-lashes-c-curl-0-15-multipack-6-14-mm\/\",\"name\":\"NL Silk Lashes C-Curl 0.15 multipack 6 - 14 mm - Kinnunen\",\"isPartOf\":{\"@id\":\"https:\/\/kinnunen.fi\/#website\"},\"primaryImageOfPage\":{\"@id\":\"https:\/\/kinnunen.fi\/tuote\/nl-silk-lashes-c-curl-0-15-multipack-6-14-mm\/#primaryimage\"},\"image\":{\"@id\":\"https:\/\/kinnunen.fi\/tuote\/nl-silk-lashes-c-curl-0-15-multipack-6-14-mm\/#primaryimage\"},\"thumbnailUrl\":\"https:\/\/kinnunen.fi\/wp-content\/uploads\/2021\/10\/Silk-Lashes-ripsikuidu_multi.jpg\",\"datePublished\":\"2021-10-29T10:33:33+00:00\",\"dateModified\":\"2026-04-17T01:00:30+00:00\",\"breadcrumb\":{\"@id\":\"https:\/\/kinnunen.fi\/tuote\/nl-silk-lashes-c-curl-0-15-multipack-6-14-mm\/#breadcrumb\"},\"inLanguage\":\"en-GB\",\"potentialAction\":[{\"@type\":\"ReadAction\",\"target\":[\"https:\/\/kinnunen.fi\/tuote\/nl-silk-lashes-c-curl-0-15-multipack-6-14-mm\/\"]}]},{\"@type\":\"ImageObject\",\"inLanguage\":\"en-GB\",\"@id\":\"https:\/\/kinnunen.fi\/tuote\/nl-silk-lashes-c-curl-0-15-multipack-6-14-mm\/#primaryimage\",\"url\":\"https:\/\/kinnunen.fi\/wp-content\/uploads\/2021\/10\/Silk-Lashes-ripsikuidu_multi.jpg\",\"contentUrl\":\"https:\/\/kinnunen.fi\/wp-content\/uploads\/2021\/10\/Silk-Lashes-ripsikuidu_multi.jpg\",\"width\":1000,\"height\":1000},{\"@type\":\"BreadcrumbList\",\"@id\":\"https:\/\/kinnunen.fi\/tuote\/nl-silk-lashes-c-curl-0-15-multipack-6-14-mm\/#breadcrumb\",\"itemListElement\":[{\"@type\":\"ListItem\",\"position\":1,\"name\":\"Etusivu\",\"item\":\"https:\/\/kinnunen.fi\/\"},{\"@type\":\"ListItem\",\"position\":2,\"name\":\"Kaikki tuotteet\",\"item\":\"https:\/\/kinnunen.fi\/kauppa\/\"},{\"@type\":\"ListItem\",\"position\":3,\"name\":\"Kauneudenhoito\",\"item\":\"https:\/\/kinnunen.fi\/tuote-osasto\/kauneudenhoito\/\"},{\"@type\":\"ListItem\",\"position\":4,\"name\":\"Ripset ja kulmat\",\"item\":\"https:\/\/kinnunen.fi\/tuote-osasto\/kauneudenhoito\/ripset-ja-kulmat\/\"},{\"@type\":\"ListItem\",\"position\":5,\"name\":\"Nouveau Lashes -ripsikuidut\",\"item\":\"https:\/\/kinnunen.fi\/tuote-osasto\/kauneudenhoito\/ripset-ja-kulmat\/nouveau-lashes-ripsikuidut\/\"},{\"@type\":\"ListItem\",\"position\":6,\"name\":\"NL Silk Lashes C-Curl 0.15 multipack 6 &#8211; 14 mm\"}]},{\"@type\":\"WebSite\",\"@id\":\"https:\/\/kinnunen.fi\/#website\",\"url\":\"https:\/\/kinnunen.fi\/\",\"name\":\"Kinnunen\",\"description\":\"\",\"potentialAction\":[{\"@type\":\"SearchAction\",\"target\":{\"@type\":\"EntryPoint\",\"urlTemplate\":\"https:\/\/kinnunen.fi\/?s={search_term_string}\"},\"query-input\":\"required name=search_term_string\"}],\"inLanguage\":\"en-GB\"}]}<\/script>\n<!-- \/ Yoast SEO plugin. -->","yoast_head_json":{"title":"NL Silk Lashes C-Curl 0.15 multipack 6 - 14 mm - Kinnunen","robots":{"index":"index","follow":"follow","max-snippet":"max-snippet:-1","max-image-preview":"max-image-preview:large","max-video-preview":"max-video-preview:-1"},"canonical":"https:\/\/kinnunen.fi\/en\/product\/nl-silk-lashes-c-curl-0-15-multipack-6-14-mm\/","og_locale":"en_GB","og_type":"article","og_title":"NL Silk Lashes C-Curl 0.15 multipack 6 - 14 mm - Kinnunen","og_description":"Nouveau Lashes -ripset ovat valmistettu synteettisest\u00e4 korealaisesta PBT- kuidusta, joka on kaikkein korkealaatuisin ripsienpidennyskuitu. C-kaarevuus on kaunis, kaareva ripsi, jolla luot asiakkallesi n\u00e4ytt\u00e4v\u00e4t klassiset ripsienpidennykset. T\u00e4m\u00e4 vahvuus sopii normaali vahvuisille ripsille, luonnollisiin pidennyksiin. 0.15 mm vahvuudessa saatavilla yksitt\u00e4iset pituudet (8 mm, 9 mm, 10 mm, 11 mm ja 12 mm) sek\u00e4 multipaketti jossa pituudet 6-14 mm.","og_url":"https:\/\/kinnunen.fi\/en\/product\/nl-silk-lashes-c-curl-0-15-multipack-6-14-mm\/","og_site_name":"Kinnunen","article_modified_time":"2026-04-17T01:00:30+00:00","og_image":[{"width":1000,"height":1000,"url":"https:\/\/kinnunen.fi\/wp-content\/uploads\/2021\/10\/Silk-Lashes-ripsikuidu_multi.jpg","type":"image\/jpeg"}],"twitter_card":"summary_large_image","schema":{"@context":"https:\/\/schema.org","@graph":[{"@type":"WebPage","@id":"https:\/\/kinnunen.fi\/tuote\/nl-silk-lashes-c-curl-0-15-multipack-6-14-mm\/","url":"https:\/\/kinnunen.fi\/tuote\/nl-silk-lashes-c-curl-0-15-multipack-6-14-mm\/","name":"NL Silk Lashes C-Curl 0.15 multipack 6 - 14 mm - Kinnunen","isPartOf":{"@id":"https:\/\/kinnunen.fi\/#website"},"primaryImageOfPage":{"@id":"https:\/\/kinnunen.fi\/tuote\/nl-silk-lashes-c-curl-0-15-multipack-6-14-mm\/#primaryimage"},"image":{"@id":"https:\/\/kinnunen.fi\/tuote\/nl-silk-lashes-c-curl-0-15-multipack-6-14-mm\/#primaryimage"},"thumbnailUrl":"https:\/\/kinnunen.fi\/wp-content\/uploads\/2021\/10\/Silk-Lashes-ripsikuidu_multi.jpg","datePublished":"2021-10-29T10:33:33+00:00","dateModified":"2026-04-17T01:00:30+00:00","breadcrumb":{"@id":"https:\/\/kinnunen.fi\/tuote\/nl-silk-lashes-c-curl-0-15-multipack-6-14-mm\/#breadcrumb"},"inLanguage":"en-GB","potentialAction":[{"@type":"ReadAction","target":["https:\/\/kinnunen.fi\/tuote\/nl-silk-lashes-c-curl-0-15-multipack-6-14-mm\/"]}]},{"@type":"ImageObject","inLanguage":"en-GB","@id":"https:\/\/kinnunen.fi\/tuote\/nl-silk-lashes-c-curl-0-15-multipack-6-14-mm\/#primaryimage","url":"https:\/\/kinnunen.fi\/wp-content\/uploads\/2021\/10\/Silk-Lashes-ripsikuidu_multi.jpg","contentUrl":"https:\/\/kinnunen.fi\/wp-content\/uploads\/2021\/10\/Silk-Lashes-ripsikuidu_multi.jpg","width":1000,"height":1000},{"@type":"BreadcrumbList","@id":"https:\/\/kinnunen.fi\/tuote\/nl-silk-lashes-c-curl-0-15-multipack-6-14-mm\/#breadcrumb","itemListElement":[{"@type":"ListItem","position":1,"name":"Etusivu","item":"https:\/\/kinnunen.fi\/"},{"@type":"ListItem","position":2,"name":"Kaikki tuotteet","item":"https:\/\/kinnunen.fi\/kauppa\/"},{"@type":"ListItem","position":3,"name":"Kauneudenhoito","item":"https:\/\/kinnunen.fi\/tuote-osasto\/kauneudenhoito\/"},{"@type":"ListItem","position":4,"name":"Ripset ja kulmat","item":"https:\/\/kinnunen.fi\/tuote-osasto\/kauneudenhoito\/ripset-ja-kulmat\/"},{"@type":"ListItem","position":5,"name":"Nouveau Lashes -ripsikuidut","item":"https:\/\/kinnunen.fi\/tuote-osasto\/kauneudenhoito\/ripset-ja-kulmat\/nouveau-lashes-ripsikuidut\/"},{"@type":"ListItem","position":6,"name":"NL Silk Lashes C-Curl 0.15 multipack 6 &#8211; 14 mm"}]},{"@type":"WebSite","@id":"https:\/\/kinnunen.fi\/#website","url":"https:\/\/kinnunen.fi\/","name":"Kinnunen","description":"","potentialAction":[{"@type":"SearchAction","target":{"@type":"EntryPoint","urlTemplate":"https:\/\/kinnunen.fi\/?s={search_term_string}"},"query-input":"required name=search_term_string"}],"inLanguage":"en-GB"}]}},"_links":{"self":[{"href":"https:\/\/kinnunen.fi\/en\/wp-json\/wp\/v2\/product\/6064"}],"collection":[{"href":"https:\/\/kinnunen.fi\/en\/wp-json\/wp\/v2\/product"}],"about":[{"href":"https:\/\/kinnunen.fi\/en\/wp-json\/wp\/v2\/types\/product"}],"replies":[{"embeddable":true,"href":"https:\/\/kinnunen.fi\/en\/wp-json\/wp\/v2\/comments?post=6064"}],"wp:featuredmedia":[{"embeddable":true,"href":"https:\/\/kinnunen.fi\/en\/wp-json\/wp\/v2\/media\/15284"}],"wp:attachment":[{"href":"https:\/\/kinnunen.fi\/en\/wp-json\/wp\/v2\/media?parent=6064"}],"wp:term":[{"taxonomy":"product_cat","embeddable":true,"href":"https:\/\/kinnunen.fi\/en\/wp-json\/wp\/v2\/product_cat?post=6064"},{"taxonomy":"product_tag","embeddable":true,"href":"https:\/\/kinnunen.fi\/en\/wp-json\/wp\/v2\/product_tag?post=6064"}],"curies":[{"name":"wp","href":"https:\/\/api.w.org\/{rel}","templated":true}]}}