

{"id":6124,"date":"2021-10-29T13:34:16","date_gmt":"2021-10-29T10:34:16","guid":{"rendered":"https:\/\/kinnunen.fi-r.seravo.com\/tuote\/peitevari-maikkivoidesivellin\/"},"modified":"2026-04-30T04:00:26","modified_gmt":"2026-04-30T01:00:26","slug":"peitevari-maikkivoidesivellin","status":"publish","type":"product","link":"https:\/\/kinnunen.fi\/en\/product\/peitevari-maikkivoidesivellin\/","title":{"rendered":"Concealer\/make-up remover"},"content":{"rendered":"<p>Brush for applying concealer and foundation. The brush can also be used to apply cream eyeshadows. Material nylon.<\/p>","protected":false},"excerpt":{"rendered":"<p>Brush for applying concealer and foundation. The brush can also be used to apply cream eyeshadows. Material nylon.<\/p>","protected":false},"featured_media":14905,"comment_status":"closed","ping_status":"closed","template":"","meta":{"_relevanssi_hide_post":"","_relevanssi_pin_for_all":"","_relevanssi_pin_keywords":"","_relevanssi_unpin_keywords":"","_relevanssi_related_keywords":"","_relevanssi_related_include_ids":"","_relevanssi_related_exclude_ids":"","_relevanssi_related_no_append":"","_relevanssi_related_not_related":"","_relevanssi_related_posts":"","_relevanssi_noindex_reason":""},"product_cat":[1869,1871,1901,1908],"product_tag":[],"class_list":["post-6124","product","type-product","status-publish","has-post-thumbnail","hentry","product_cat-meikkisiveltimet-ja-valineet","product_cat-puuteri-ja-poskipunasiveltimet","product_cat-outlet","product_cat-kosmetiikka","pa_kategoria-puuteri-ja-poskipunasiveltimet","tuotemerkki-kinnunen"],"tuotemerkit":[{"term_id":177,"name":"Kinnunen","slug":"kinnunen","term_group":0,"term_taxonomy_id":177,"taxonomy":"tuotemerkki","description":"","parent":0,"count":90,"filter":"raw"}],"acf":[],"yoast_head":"<!-- This site is optimized with the Yoast SEO plugin v23.3 - https:\/\/yoast.com\/wordpress\/plugins\/seo\/ -->\n<title>Peitev\u00e4ri-\/ meikkivoidesivellin - Kinnunen<\/title>\n<meta name=\"robots\" content=\"index, follow, max-snippet:-1, max-image-preview:large, max-video-preview:-1\" \/>\n<link rel=\"canonical\" href=\"https:\/\/kinnunen.fi\/en\/product\/peitevari-maikkivoidesivellin\/\" \/>\n<meta property=\"og:locale\" content=\"en_GB\" \/>\n<meta property=\"og:type\" content=\"article\" \/>\n<meta property=\"og:title\" content=\"Peitev\u00e4ri-\/ meikkivoidesivellin - Kinnunen\" \/>\n<meta property=\"og:description\" content=\"Sivellin peitev\u00e4rien sek\u00e4 meikkivoiteiden levitt\u00e4miseen. Siveltimell\u00e4 voidaan levitt\u00e4\u00e4 my\u00f6s voidemaisia luomiv\u00e4rej\u00e4. Materiaali nylonia.\" \/>\n<meta property=\"og:url\" content=\"https:\/\/kinnunen.fi\/en\/product\/peitevari-maikkivoidesivellin\/\" \/>\n<meta property=\"og:site_name\" content=\"Kinnunen\" \/>\n<meta property=\"article:modified_time\" content=\"2026-04-30T01:00:26+00:00\" \/>\n<meta property=\"og:image\" content=\"https:\/\/kinnunen.fi\/wp-content\/uploads\/2021\/10\/peitevarisivellin.jpg\" \/>\n\t<meta property=\"og:image:width\" content=\"1000\" \/>\n\t<meta property=\"og:image:height\" content=\"1000\" \/>\n\t<meta property=\"og:image:type\" content=\"image\/jpeg\" \/>\n<meta name=\"twitter:card\" content=\"summary_large_image\" \/>\n<script type=\"application\/ld+json\" class=\"yoast-schema-graph\">{\"@context\":\"https:\/\/schema.org\",\"@graph\":[{\"@type\":\"WebPage\",\"@id\":\"https:\/\/kinnunen.fi\/tuote\/peitevari-maikkivoidesivellin\/\",\"url\":\"https:\/\/kinnunen.fi\/tuote\/peitevari-maikkivoidesivellin\/\",\"name\":\"Peitev\u00e4ri-\/ meikkivoidesivellin - Kinnunen\",\"isPartOf\":{\"@id\":\"https:\/\/kinnunen.fi\/#website\"},\"primaryImageOfPage\":{\"@id\":\"https:\/\/kinnunen.fi\/tuote\/peitevari-maikkivoidesivellin\/#primaryimage\"},\"image\":{\"@id\":\"https:\/\/kinnunen.fi\/tuote\/peitevari-maikkivoidesivellin\/#primaryimage\"},\"thumbnailUrl\":\"https:\/\/kinnunen.fi\/wp-content\/uploads\/2021\/10\/peitevarisivellin.jpg\",\"datePublished\":\"2021-10-29T10:34:16+00:00\",\"dateModified\":\"2026-04-30T01:00:26+00:00\",\"breadcrumb\":{\"@id\":\"https:\/\/kinnunen.fi\/tuote\/peitevari-maikkivoidesivellin\/#breadcrumb\"},\"inLanguage\":\"en-GB\",\"potentialAction\":[{\"@type\":\"ReadAction\",\"target\":[\"https:\/\/kinnunen.fi\/tuote\/peitevari-maikkivoidesivellin\/\"]}]},{\"@type\":\"ImageObject\",\"inLanguage\":\"en-GB\",\"@id\":\"https:\/\/kinnunen.fi\/tuote\/peitevari-maikkivoidesivellin\/#primaryimage\",\"url\":\"https:\/\/kinnunen.fi\/wp-content\/uploads\/2021\/10\/peitevarisivellin.jpg\",\"contentUrl\":\"https:\/\/kinnunen.fi\/wp-content\/uploads\/2021\/10\/peitevarisivellin.jpg\",\"width\":1000,\"height\":1000},{\"@type\":\"BreadcrumbList\",\"@id\":\"https:\/\/kinnunen.fi\/tuote\/peitevari-maikkivoidesivellin\/#breadcrumb\",\"itemListElement\":[{\"@type\":\"ListItem\",\"position\":1,\"name\":\"Etusivu\",\"item\":\"https:\/\/kinnunen.fi\/\"},{\"@type\":\"ListItem\",\"position\":2,\"name\":\"Kaikki tuotteet\",\"item\":\"https:\/\/kinnunen.fi\/kauppa\/\"},{\"@type\":\"ListItem\",\"position\":3,\"name\":\"Kauneudenhoito\",\"item\":\"https:\/\/kinnunen.fi\/tuote-osasto\/kauneudenhoito\/\"},{\"@type\":\"ListItem\",\"position\":4,\"name\":\"Meikkisiveltimet ja meikinpuhdistus\",\"item\":\"https:\/\/kinnunen.fi\/tuote-osasto\/kauneudenhoito\/meikkisiveltimet-ja-valineet\/\"},{\"@type\":\"ListItem\",\"position\":5,\"name\":\"Puuteri ja poskipunasiveltimet\",\"item\":\"https:\/\/kinnunen.fi\/tuote-osasto\/kauneudenhoito\/meikkisiveltimet-ja-valineet\/puuteri-ja-poskipunasiveltimet\/\"},{\"@type\":\"ListItem\",\"position\":6,\"name\":\"Peitev\u00e4ri-\/ meikkivoidesivellin\"}]},{\"@type\":\"WebSite\",\"@id\":\"https:\/\/kinnunen.fi\/#website\",\"url\":\"https:\/\/kinnunen.fi\/\",\"name\":\"Kinnunen\",\"description\":\"\",\"potentialAction\":[{\"@type\":\"SearchAction\",\"target\":{\"@type\":\"EntryPoint\",\"urlTemplate\":\"https:\/\/kinnunen.fi\/?s={search_term_string}\"},\"query-input\":\"required name=search_term_string\"}],\"inLanguage\":\"en-GB\"}]}<\/script>\n<!-- \/ Yoast SEO plugin. -->","yoast_head_json":{"title":"Peitev\u00e4ri-\/ meikkivoidesivellin - Kinnunen","robots":{"index":"index","follow":"follow","max-snippet":"max-snippet:-1","max-image-preview":"max-image-preview:large","max-video-preview":"max-video-preview:-1"},"canonical":"https:\/\/kinnunen.fi\/en\/product\/peitevari-maikkivoidesivellin\/","og_locale":"en_GB","og_type":"article","og_title":"Peitev\u00e4ri-\/ meikkivoidesivellin - Kinnunen","og_description":"Sivellin peitev\u00e4rien sek\u00e4 meikkivoiteiden levitt\u00e4miseen. Siveltimell\u00e4 voidaan levitt\u00e4\u00e4 my\u00f6s voidemaisia luomiv\u00e4rej\u00e4. Materiaali nylonia.","og_url":"https:\/\/kinnunen.fi\/en\/product\/peitevari-maikkivoidesivellin\/","og_site_name":"Kinnunen","article_modified_time":"2026-04-30T01:00:26+00:00","og_image":[{"width":1000,"height":1000,"url":"https:\/\/kinnunen.fi\/wp-content\/uploads\/2021\/10\/peitevarisivellin.jpg","type":"image\/jpeg"}],"twitter_card":"summary_large_image","schema":{"@context":"https:\/\/schema.org","@graph":[{"@type":"WebPage","@id":"https:\/\/kinnunen.fi\/tuote\/peitevari-maikkivoidesivellin\/","url":"https:\/\/kinnunen.fi\/tuote\/peitevari-maikkivoidesivellin\/","name":"Peitev\u00e4ri-\/ meikkivoidesivellin - Kinnunen","isPartOf":{"@id":"https:\/\/kinnunen.fi\/#website"},"primaryImageOfPage":{"@id":"https:\/\/kinnunen.fi\/tuote\/peitevari-maikkivoidesivellin\/#primaryimage"},"image":{"@id":"https:\/\/kinnunen.fi\/tuote\/peitevari-maikkivoidesivellin\/#primaryimage"},"thumbnailUrl":"https:\/\/kinnunen.fi\/wp-content\/uploads\/2021\/10\/peitevarisivellin.jpg","datePublished":"2021-10-29T10:34:16+00:00","dateModified":"2026-04-30T01:00:26+00:00","breadcrumb":{"@id":"https:\/\/kinnunen.fi\/tuote\/peitevari-maikkivoidesivellin\/#breadcrumb"},"inLanguage":"en-GB","potentialAction":[{"@type":"ReadAction","target":["https:\/\/kinnunen.fi\/tuote\/peitevari-maikkivoidesivellin\/"]}]},{"@type":"ImageObject","inLanguage":"en-GB","@id":"https:\/\/kinnunen.fi\/tuote\/peitevari-maikkivoidesivellin\/#primaryimage","url":"https:\/\/kinnunen.fi\/wp-content\/uploads\/2021\/10\/peitevarisivellin.jpg","contentUrl":"https:\/\/kinnunen.fi\/wp-content\/uploads\/2021\/10\/peitevarisivellin.jpg","width":1000,"height":1000},{"@type":"BreadcrumbList","@id":"https:\/\/kinnunen.fi\/tuote\/peitevari-maikkivoidesivellin\/#breadcrumb","itemListElement":[{"@type":"ListItem","position":1,"name":"Etusivu","item":"https:\/\/kinnunen.fi\/"},{"@type":"ListItem","position":2,"name":"Kaikki tuotteet","item":"https:\/\/kinnunen.fi\/kauppa\/"},{"@type":"ListItem","position":3,"name":"Kauneudenhoito","item":"https:\/\/kinnunen.fi\/tuote-osasto\/kauneudenhoito\/"},{"@type":"ListItem","position":4,"name":"Meikkisiveltimet ja meikinpuhdistus","item":"https:\/\/kinnunen.fi\/tuote-osasto\/kauneudenhoito\/meikkisiveltimet-ja-valineet\/"},{"@type":"ListItem","position":5,"name":"Puuteri ja poskipunasiveltimet","item":"https:\/\/kinnunen.fi\/tuote-osasto\/kauneudenhoito\/meikkisiveltimet-ja-valineet\/puuteri-ja-poskipunasiveltimet\/"},{"@type":"ListItem","position":6,"name":"Peitev\u00e4ri-\/ meikkivoidesivellin"}]},{"@type":"WebSite","@id":"https:\/\/kinnunen.fi\/#website","url":"https:\/\/kinnunen.fi\/","name":"Kinnunen","description":"","potentialAction":[{"@type":"SearchAction","target":{"@type":"EntryPoint","urlTemplate":"https:\/\/kinnunen.fi\/?s={search_term_string}"},"query-input":"required name=search_term_string"}],"inLanguage":"en-GB"}]}},"_links":{"self":[{"href":"https:\/\/kinnunen.fi\/en\/wp-json\/wp\/v2\/product\/6124"}],"collection":[{"href":"https:\/\/kinnunen.fi\/en\/wp-json\/wp\/v2\/product"}],"about":[{"href":"https:\/\/kinnunen.fi\/en\/wp-json\/wp\/v2\/types\/product"}],"replies":[{"embeddable":true,"href":"https:\/\/kinnunen.fi\/en\/wp-json\/wp\/v2\/comments?post=6124"}],"wp:featuredmedia":[{"embeddable":true,"href":"https:\/\/kinnunen.fi\/en\/wp-json\/wp\/v2\/media\/14905"}],"wp:attachment":[{"href":"https:\/\/kinnunen.fi\/en\/wp-json\/wp\/v2\/media?parent=6124"}],"wp:term":[{"taxonomy":"product_cat","embeddable":true,"href":"https:\/\/kinnunen.fi\/en\/wp-json\/wp\/v2\/product_cat?post=6124"},{"taxonomy":"product_tag","embeddable":true,"href":"https:\/\/kinnunen.fi\/en\/wp-json\/wp\/v2\/product_tag?post=6124"}],"curies":[{"name":"wp","href":"https:\/\/api.w.org\/{rel}","templated":true}]}}