

{"id":6189,"date":"2021-10-29T13:35:01","date_gmt":"2021-10-29T10:35:01","guid":{"rendered":"https:\/\/kinnunen.fi-r.seravo.com\/tuote\/large-diamond-cone-bit-for-pedicure\/"},"modified":"2026-05-01T04:00:20","modified_gmt":"2026-05-01T01:00:20","slug":"large-diamond-cone-bit-for-pedicure","status":"publish","type":"product","link":"https:\/\/kinnunen.fi\/en\/product\/large-diamond-cone-bit-for-pedicure\/","title":{"rendered":"Large Diamond Cone Bit For Pedicure"},"content":{"rendered":"<p>Large conical diamond blade for pedicure. Use the blade to remove rough and dead skin from the sole of the foot. Can also be used under the toes to soothe calluses.<\/p>","protected":false},"excerpt":{"rendered":"<p>Large conical diamond blade for pedicure. Use the blade to remove rough and dead skin from the sole of the foot. Can also be used under the toes to soothe calluses.<\/p>","protected":false},"featured_media":14011,"comment_status":"closed","ping_status":"open","template":"","meta":{"_relevanssi_hide_post":"","_relevanssi_pin_for_all":"","_relevanssi_pin_keywords":"","_relevanssi_unpin_keywords":"","_relevanssi_related_keywords":"","_relevanssi_related_include_ids":"","_relevanssi_related_exclude_ids":"","_relevanssi_related_no_append":"","_relevanssi_related_not_related":"","_relevanssi_related_posts":"","_relevanssi_noindex_reason":""},"product_cat":[1865,1885,1887],"product_tag":[],"class_list":["post-6189","product","type-product","status-publish","has-post-thumbnail","hentry","product_cat-kynnet-ja-kadet","product_cat-kynsiteknikon-valineet","product_cat-sahkoviilat-ja-oheistuotteet"],"tuotemerkit":[],"acf":[],"yoast_head":"<!-- This site is optimized with the Yoast SEO plugin v23.3 - https:\/\/yoast.com\/wordpress\/plugins\/seo\/ -->\n<title>Large Diamond Cone Bit For Pedicure - Kinnunen<\/title>\n<meta name=\"robots\" content=\"index, follow, max-snippet:-1, max-image-preview:large, max-video-preview:-1\" \/>\n<link rel=\"canonical\" href=\"https:\/\/kinnunen.fi\/en\/product\/large-diamond-cone-bit-for-pedicure\/\" \/>\n<meta property=\"og:locale\" content=\"en_GB\" \/>\n<meta property=\"og:type\" content=\"article\" \/>\n<meta property=\"og:title\" content=\"Large Diamond Cone Bit For Pedicure - Kinnunen\" \/>\n<meta property=\"og:description\" content=\"Suuri kartiomainen timanttiter\u00e4 pedikyyriin. K\u00e4yt\u00e4 ter\u00e4\u00e4 karkean ja kuolleen ihon poistamiseen jalkapohjasta. Voidaan k\u00e4ytt\u00e4\u00e4 my\u00f6s varpaiden alla lievitt\u00e4m\u00e4\u00e4n k\u00e4nsi\u00e4.\" \/>\n<meta property=\"og:url\" content=\"https:\/\/kinnunen.fi\/en\/product\/large-diamond-cone-bit-for-pedicure\/\" \/>\n<meta property=\"og:site_name\" content=\"Kinnunen\" \/>\n<meta property=\"article:modified_time\" content=\"2026-05-01T01:00:20+00:00\" \/>\n<meta property=\"og:image\" content=\"https:\/\/kinnunen.fi\/wp-content\/uploads\/2021\/10\/610104009_01.jpg\" \/>\n\t<meta property=\"og:image:width\" content=\"1000\" \/>\n\t<meta property=\"og:image:height\" content=\"1000\" \/>\n\t<meta property=\"og:image:type\" content=\"image\/jpeg\" \/>\n<meta name=\"twitter:card\" content=\"summary_large_image\" \/>\n<script type=\"application\/ld+json\" class=\"yoast-schema-graph\">{\"@context\":\"https:\/\/schema.org\",\"@graph\":[{\"@type\":\"WebPage\",\"@id\":\"https:\/\/kinnunen.fi\/tuote\/large-diamond-cone-bit-for-pedicure\/\",\"url\":\"https:\/\/kinnunen.fi\/tuote\/large-diamond-cone-bit-for-pedicure\/\",\"name\":\"Large Diamond Cone Bit For Pedicure - Kinnunen\",\"isPartOf\":{\"@id\":\"https:\/\/kinnunen.fi\/#website\"},\"primaryImageOfPage\":{\"@id\":\"https:\/\/kinnunen.fi\/tuote\/large-diamond-cone-bit-for-pedicure\/#primaryimage\"},\"image\":{\"@id\":\"https:\/\/kinnunen.fi\/tuote\/large-diamond-cone-bit-for-pedicure\/#primaryimage\"},\"thumbnailUrl\":\"https:\/\/kinnunen.fi\/wp-content\/uploads\/2021\/10\/610104009_01.jpg\",\"datePublished\":\"2021-10-29T10:35:01+00:00\",\"dateModified\":\"2026-05-01T01:00:20+00:00\",\"breadcrumb\":{\"@id\":\"https:\/\/kinnunen.fi\/tuote\/large-diamond-cone-bit-for-pedicure\/#breadcrumb\"},\"inLanguage\":\"en-GB\",\"potentialAction\":[{\"@type\":\"ReadAction\",\"target\":[\"https:\/\/kinnunen.fi\/tuote\/large-diamond-cone-bit-for-pedicure\/\"]}]},{\"@type\":\"ImageObject\",\"inLanguage\":\"en-GB\",\"@id\":\"https:\/\/kinnunen.fi\/tuote\/large-diamond-cone-bit-for-pedicure\/#primaryimage\",\"url\":\"https:\/\/kinnunen.fi\/wp-content\/uploads\/2021\/10\/610104009_01.jpg\",\"contentUrl\":\"https:\/\/kinnunen.fi\/wp-content\/uploads\/2021\/10\/610104009_01.jpg\",\"width\":1000,\"height\":1000},{\"@type\":\"BreadcrumbList\",\"@id\":\"https:\/\/kinnunen.fi\/tuote\/large-diamond-cone-bit-for-pedicure\/#breadcrumb\",\"itemListElement\":[{\"@type\":\"ListItem\",\"position\":1,\"name\":\"Etusivu\",\"item\":\"https:\/\/kinnunen.fi\/\"},{\"@type\":\"ListItem\",\"position\":2,\"name\":\"Kaikki tuotteet\",\"item\":\"https:\/\/kinnunen.fi\/kauppa\/\"},{\"@type\":\"ListItem\",\"position\":3,\"name\":\"Kauneudenhoito\",\"item\":\"https:\/\/kinnunen.fi\/tuote-osasto\/kauneudenhoito\/\"},{\"@type\":\"ListItem\",\"position\":4,\"name\":\"Kynnet ja k\u00e4det\",\"item\":\"https:\/\/kinnunen.fi\/tuote-osasto\/kauneudenhoito\/kynnet-ja-kadet\/\"},{\"@type\":\"ListItem\",\"position\":5,\"name\":\"Kynsiteknikon v\u00e4lineet\",\"item\":\"https:\/\/kinnunen.fi\/tuote-osasto\/kauneudenhoito\/kynnet-ja-kadet\/kynsiteknikon-valineet\/\"},{\"@type\":\"ListItem\",\"position\":6,\"name\":\"S\u00e4hk\u00f6viilat ja oheistuotteet\",\"item\":\"https:\/\/kinnunen.fi\/tuote-osasto\/kauneudenhoito\/kynnet-ja-kadet\/kynsiteknikon-valineet\/sahkoviilat-ja-oheistuotteet\/\"},{\"@type\":\"ListItem\",\"position\":7,\"name\":\"Large Diamond Cone Bit For Pedicure\"}]},{\"@type\":\"WebSite\",\"@id\":\"https:\/\/kinnunen.fi\/#website\",\"url\":\"https:\/\/kinnunen.fi\/\",\"name\":\"Kinnunen\",\"description\":\"\",\"potentialAction\":[{\"@type\":\"SearchAction\",\"target\":{\"@type\":\"EntryPoint\",\"urlTemplate\":\"https:\/\/kinnunen.fi\/?s={search_term_string}\"},\"query-input\":\"required name=search_term_string\"}],\"inLanguage\":\"en-GB\"}]}<\/script>\n<!-- \/ Yoast SEO plugin. -->","yoast_head_json":{"title":"Large Diamond Cone Bit For Pedicure - Kinnunen","robots":{"index":"index","follow":"follow","max-snippet":"max-snippet:-1","max-image-preview":"max-image-preview:large","max-video-preview":"max-video-preview:-1"},"canonical":"https:\/\/kinnunen.fi\/en\/product\/large-diamond-cone-bit-for-pedicure\/","og_locale":"en_GB","og_type":"article","og_title":"Large Diamond Cone Bit For Pedicure - Kinnunen","og_description":"Suuri kartiomainen timanttiter\u00e4 pedikyyriin. K\u00e4yt\u00e4 ter\u00e4\u00e4 karkean ja kuolleen ihon poistamiseen jalkapohjasta. Voidaan k\u00e4ytt\u00e4\u00e4 my\u00f6s varpaiden alla lievitt\u00e4m\u00e4\u00e4n k\u00e4nsi\u00e4.","og_url":"https:\/\/kinnunen.fi\/en\/product\/large-diamond-cone-bit-for-pedicure\/","og_site_name":"Kinnunen","article_modified_time":"2026-05-01T01:00:20+00:00","og_image":[{"width":1000,"height":1000,"url":"https:\/\/kinnunen.fi\/wp-content\/uploads\/2021\/10\/610104009_01.jpg","type":"image\/jpeg"}],"twitter_card":"summary_large_image","schema":{"@context":"https:\/\/schema.org","@graph":[{"@type":"WebPage","@id":"https:\/\/kinnunen.fi\/tuote\/large-diamond-cone-bit-for-pedicure\/","url":"https:\/\/kinnunen.fi\/tuote\/large-diamond-cone-bit-for-pedicure\/","name":"Large Diamond Cone Bit For Pedicure - Kinnunen","isPartOf":{"@id":"https:\/\/kinnunen.fi\/#website"},"primaryImageOfPage":{"@id":"https:\/\/kinnunen.fi\/tuote\/large-diamond-cone-bit-for-pedicure\/#primaryimage"},"image":{"@id":"https:\/\/kinnunen.fi\/tuote\/large-diamond-cone-bit-for-pedicure\/#primaryimage"},"thumbnailUrl":"https:\/\/kinnunen.fi\/wp-content\/uploads\/2021\/10\/610104009_01.jpg","datePublished":"2021-10-29T10:35:01+00:00","dateModified":"2026-05-01T01:00:20+00:00","breadcrumb":{"@id":"https:\/\/kinnunen.fi\/tuote\/large-diamond-cone-bit-for-pedicure\/#breadcrumb"},"inLanguage":"en-GB","potentialAction":[{"@type":"ReadAction","target":["https:\/\/kinnunen.fi\/tuote\/large-diamond-cone-bit-for-pedicure\/"]}]},{"@type":"ImageObject","inLanguage":"en-GB","@id":"https:\/\/kinnunen.fi\/tuote\/large-diamond-cone-bit-for-pedicure\/#primaryimage","url":"https:\/\/kinnunen.fi\/wp-content\/uploads\/2021\/10\/610104009_01.jpg","contentUrl":"https:\/\/kinnunen.fi\/wp-content\/uploads\/2021\/10\/610104009_01.jpg","width":1000,"height":1000},{"@type":"BreadcrumbList","@id":"https:\/\/kinnunen.fi\/tuote\/large-diamond-cone-bit-for-pedicure\/#breadcrumb","itemListElement":[{"@type":"ListItem","position":1,"name":"Etusivu","item":"https:\/\/kinnunen.fi\/"},{"@type":"ListItem","position":2,"name":"Kaikki tuotteet","item":"https:\/\/kinnunen.fi\/kauppa\/"},{"@type":"ListItem","position":3,"name":"Kauneudenhoito","item":"https:\/\/kinnunen.fi\/tuote-osasto\/kauneudenhoito\/"},{"@type":"ListItem","position":4,"name":"Kynnet ja k\u00e4det","item":"https:\/\/kinnunen.fi\/tuote-osasto\/kauneudenhoito\/kynnet-ja-kadet\/"},{"@type":"ListItem","position":5,"name":"Kynsiteknikon v\u00e4lineet","item":"https:\/\/kinnunen.fi\/tuote-osasto\/kauneudenhoito\/kynnet-ja-kadet\/kynsiteknikon-valineet\/"},{"@type":"ListItem","position":6,"name":"S\u00e4hk\u00f6viilat ja oheistuotteet","item":"https:\/\/kinnunen.fi\/tuote-osasto\/kauneudenhoito\/kynnet-ja-kadet\/kynsiteknikon-valineet\/sahkoviilat-ja-oheistuotteet\/"},{"@type":"ListItem","position":7,"name":"Large Diamond Cone Bit For Pedicure"}]},{"@type":"WebSite","@id":"https:\/\/kinnunen.fi\/#website","url":"https:\/\/kinnunen.fi\/","name":"Kinnunen","description":"","potentialAction":[{"@type":"SearchAction","target":{"@type":"EntryPoint","urlTemplate":"https:\/\/kinnunen.fi\/?s={search_term_string}"},"query-input":"required name=search_term_string"}],"inLanguage":"en-GB"}]}},"_links":{"self":[{"href":"https:\/\/kinnunen.fi\/en\/wp-json\/wp\/v2\/product\/6189"}],"collection":[{"href":"https:\/\/kinnunen.fi\/en\/wp-json\/wp\/v2\/product"}],"about":[{"href":"https:\/\/kinnunen.fi\/en\/wp-json\/wp\/v2\/types\/product"}],"replies":[{"embeddable":true,"href":"https:\/\/kinnunen.fi\/en\/wp-json\/wp\/v2\/comments?post=6189"}],"wp:featuredmedia":[{"embeddable":true,"href":"https:\/\/kinnunen.fi\/en\/wp-json\/wp\/v2\/media\/14011"}],"wp:attachment":[{"href":"https:\/\/kinnunen.fi\/en\/wp-json\/wp\/v2\/media?parent=6189"}],"wp:term":[{"taxonomy":"product_cat","embeddable":true,"href":"https:\/\/kinnunen.fi\/en\/wp-json\/wp\/v2\/product_cat?post=6189"},{"taxonomy":"product_tag","embeddable":true,"href":"https:\/\/kinnunen.fi\/en\/wp-json\/wp\/v2\/product_tag?post=6189"}],"curies":[{"name":"wp","href":"https:\/\/api.w.org\/{rel}","templated":true}]}}