

{"id":6221,"date":"2021-10-29T13:35:31","date_gmt":"2021-10-29T10:35:31","guid":{"rendered":"https:\/\/kinnunen.fi-r.seravo.com\/tuote\/lasiviila-liukuvarjatty\/"},"modified":"2026-04-18T04:00:03","modified_gmt":"2026-04-18T01:00:03","slug":"lasiviila-liukuvarjatty","status":"publish","type":"product","link":"https:\/\/kinnunen.fi\/en\/product\/lasiviila-liukuvarjatty\/","title":{"rendered":"Glass file, slide-dyed"},"content":{"rendered":"<p>The glass file is very quick to file, because you can file in two directions. Its fine-grained surface prevents nails from slipping. The glass file is eternal because it doesn't wear out. It is also hygienic because it can be washed.<\/p>","protected":false},"excerpt":{"rendered":"<p>Lasiviilalla on eritt\u00e4in nopea viilata, koska voit tehd\u00e4 viilauksen kahdensuuntaisin vedoin. Sen hienojakoinen pinta est\u00e4\u00e4 kynsi\u00e4 liuskottumasta. Lasiviila on ikuinen,&hellip;<\/p>","protected":false},"featured_media":13458,"comment_status":"closed","ping_status":"closed","template":"","meta":{"_relevanssi_hide_post":"","_relevanssi_pin_for_all":"","_relevanssi_pin_keywords":"","_relevanssi_unpin_keywords":"","_relevanssi_related_keywords":"","_relevanssi_related_include_ids":"","_relevanssi_related_exclude_ids":"","_relevanssi_related_no_append":"","_relevanssi_related_not_related":"","_relevanssi_related_posts":"","_relevanssi_noindex_reason":""},"product_cat":[1865,1885,1890],"product_tag":[],"class_list":["post-6221","product","type-product","status-publish","has-post-thumbnail","hentry","product_cat-kynnet-ja-kadet","product_cat-kynsiteknikon-valineet","product_cat-viilat","tuotemerkki-sibel"],"tuotemerkit":[{"term_id":133,"name":"Sibel","slug":"sibel","term_group":0,"term_taxonomy_id":133,"taxonomy":"tuotemerkki","description":"","parent":0,"count":43,"filter":"raw"}],"acf":[],"yoast_head":"<!-- This site is optimized with the Yoast SEO plugin v23.3 - https:\/\/yoast.com\/wordpress\/plugins\/seo\/ -->\n<title>Lasiviila liukuv\u00e4rj\u00e4tty - Kinnunen<\/title>\n<meta name=\"robots\" content=\"index, follow, max-snippet:-1, max-image-preview:large, max-video-preview:-1\" \/>\n<link rel=\"canonical\" href=\"https:\/\/kinnunen.fi\/en\/product\/lasiviila-liukuvarjatty\/\" \/>\n<meta property=\"og:locale\" content=\"en_GB\" \/>\n<meta property=\"og:type\" content=\"article\" \/>\n<meta property=\"og:title\" content=\"Lasiviila liukuv\u00e4rj\u00e4tty - Kinnunen\" \/>\n<meta property=\"og:description\" content=\"Lasiviilalla on eritt\u00e4in nopea viilata, koska voit tehd\u00e4 viilauksen kahdensuuntaisin vedoin. Sen hienojakoinen pinta est\u00e4\u00e4 kynsi\u00e4 liuskottumasta. Lasiviila on ikuinen,&hellip;\" \/>\n<meta property=\"og:url\" content=\"https:\/\/kinnunen.fi\/en\/product\/lasiviila-liukuvarjatty\/\" \/>\n<meta property=\"og:site_name\" content=\"Kinnunen\" \/>\n<meta property=\"article:modified_time\" content=\"2026-04-18T01:00:03+00:00\" \/>\n<meta property=\"og:image\" content=\"https:\/\/kinnunen.fi\/wp-content\/uploads\/2021\/10\/0017009.jpg\" \/>\n\t<meta property=\"og:image:width\" content=\"1000\" \/>\n\t<meta property=\"og:image:height\" content=\"1000\" \/>\n\t<meta property=\"og:image:type\" content=\"image\/jpeg\" \/>\n<meta name=\"twitter:card\" content=\"summary_large_image\" \/>\n<script type=\"application\/ld+json\" class=\"yoast-schema-graph\">{\"@context\":\"https:\/\/schema.org\",\"@graph\":[{\"@type\":\"WebPage\",\"@id\":\"https:\/\/kinnunen.fi\/tuote\/lasiviila-liukuvarjatty\/\",\"url\":\"https:\/\/kinnunen.fi\/tuote\/lasiviila-liukuvarjatty\/\",\"name\":\"Lasiviila liukuv\u00e4rj\u00e4tty - Kinnunen\",\"isPartOf\":{\"@id\":\"https:\/\/kinnunen.fi\/#website\"},\"primaryImageOfPage\":{\"@id\":\"https:\/\/kinnunen.fi\/tuote\/lasiviila-liukuvarjatty\/#primaryimage\"},\"image\":{\"@id\":\"https:\/\/kinnunen.fi\/tuote\/lasiviila-liukuvarjatty\/#primaryimage\"},\"thumbnailUrl\":\"https:\/\/kinnunen.fi\/wp-content\/uploads\/2021\/10\/0017009.jpg\",\"datePublished\":\"2021-10-29T10:35:31+00:00\",\"dateModified\":\"2026-04-18T01:00:03+00:00\",\"breadcrumb\":{\"@id\":\"https:\/\/kinnunen.fi\/tuote\/lasiviila-liukuvarjatty\/#breadcrumb\"},\"inLanguage\":\"en-GB\",\"potentialAction\":[{\"@type\":\"ReadAction\",\"target\":[\"https:\/\/kinnunen.fi\/tuote\/lasiviila-liukuvarjatty\/\"]}]},{\"@type\":\"ImageObject\",\"inLanguage\":\"en-GB\",\"@id\":\"https:\/\/kinnunen.fi\/tuote\/lasiviila-liukuvarjatty\/#primaryimage\",\"url\":\"https:\/\/kinnunen.fi\/wp-content\/uploads\/2021\/10\/0017009.jpg\",\"contentUrl\":\"https:\/\/kinnunen.fi\/wp-content\/uploads\/2021\/10\/0017009.jpg\",\"width\":1000,\"height\":1000},{\"@type\":\"BreadcrumbList\",\"@id\":\"https:\/\/kinnunen.fi\/tuote\/lasiviila-liukuvarjatty\/#breadcrumb\",\"itemListElement\":[{\"@type\":\"ListItem\",\"position\":1,\"name\":\"Etusivu\",\"item\":\"https:\/\/kinnunen.fi\/\"},{\"@type\":\"ListItem\",\"position\":2,\"name\":\"Kaikki tuotteet\",\"item\":\"https:\/\/kinnunen.fi\/kauppa\/\"},{\"@type\":\"ListItem\",\"position\":3,\"name\":\"Kauneudenhoito\",\"item\":\"https:\/\/kinnunen.fi\/tuote-osasto\/kauneudenhoito\/\"},{\"@type\":\"ListItem\",\"position\":4,\"name\":\"Kynnet ja k\u00e4det\",\"item\":\"https:\/\/kinnunen.fi\/tuote-osasto\/kauneudenhoito\/kynnet-ja-kadet\/\"},{\"@type\":\"ListItem\",\"position\":5,\"name\":\"Kynsiteknikon v\u00e4lineet\",\"item\":\"https:\/\/kinnunen.fi\/tuote-osasto\/kauneudenhoito\/kynnet-ja-kadet\/kynsiteknikon-valineet\/\"},{\"@type\":\"ListItem\",\"position\":6,\"name\":\"Viilat\",\"item\":\"https:\/\/kinnunen.fi\/tuote-osasto\/kauneudenhoito\/kynnet-ja-kadet\/kynsiteknikon-valineet\/viilat\/\"},{\"@type\":\"ListItem\",\"position\":7,\"name\":\"Lasiviila liukuv\u00e4rj\u00e4tty\"}]},{\"@type\":\"WebSite\",\"@id\":\"https:\/\/kinnunen.fi\/#website\",\"url\":\"https:\/\/kinnunen.fi\/\",\"name\":\"Kinnunen\",\"description\":\"\",\"potentialAction\":[{\"@type\":\"SearchAction\",\"target\":{\"@type\":\"EntryPoint\",\"urlTemplate\":\"https:\/\/kinnunen.fi\/?s={search_term_string}\"},\"query-input\":\"required name=search_term_string\"}],\"inLanguage\":\"en-GB\"}]}<\/script>\n<!-- \/ Yoast SEO plugin. -->","yoast_head_json":{"title":"Lasiviila liukuv\u00e4rj\u00e4tty - Kinnunen","robots":{"index":"index","follow":"follow","max-snippet":"max-snippet:-1","max-image-preview":"max-image-preview:large","max-video-preview":"max-video-preview:-1"},"canonical":"https:\/\/kinnunen.fi\/en\/product\/lasiviila-liukuvarjatty\/","og_locale":"en_GB","og_type":"article","og_title":"Lasiviila liukuv\u00e4rj\u00e4tty - Kinnunen","og_description":"Lasiviilalla on eritt\u00e4in nopea viilata, koska voit tehd\u00e4 viilauksen kahdensuuntaisin vedoin. Sen hienojakoinen pinta est\u00e4\u00e4 kynsi\u00e4 liuskottumasta. Lasiviila on ikuinen,&hellip;","og_url":"https:\/\/kinnunen.fi\/en\/product\/lasiviila-liukuvarjatty\/","og_site_name":"Kinnunen","article_modified_time":"2026-04-18T01:00:03+00:00","og_image":[{"width":1000,"height":1000,"url":"https:\/\/kinnunen.fi\/wp-content\/uploads\/2021\/10\/0017009.jpg","type":"image\/jpeg"}],"twitter_card":"summary_large_image","schema":{"@context":"https:\/\/schema.org","@graph":[{"@type":"WebPage","@id":"https:\/\/kinnunen.fi\/tuote\/lasiviila-liukuvarjatty\/","url":"https:\/\/kinnunen.fi\/tuote\/lasiviila-liukuvarjatty\/","name":"Lasiviila liukuv\u00e4rj\u00e4tty - Kinnunen","isPartOf":{"@id":"https:\/\/kinnunen.fi\/#website"},"primaryImageOfPage":{"@id":"https:\/\/kinnunen.fi\/tuote\/lasiviila-liukuvarjatty\/#primaryimage"},"image":{"@id":"https:\/\/kinnunen.fi\/tuote\/lasiviila-liukuvarjatty\/#primaryimage"},"thumbnailUrl":"https:\/\/kinnunen.fi\/wp-content\/uploads\/2021\/10\/0017009.jpg","datePublished":"2021-10-29T10:35:31+00:00","dateModified":"2026-04-18T01:00:03+00:00","breadcrumb":{"@id":"https:\/\/kinnunen.fi\/tuote\/lasiviila-liukuvarjatty\/#breadcrumb"},"inLanguage":"en-GB","potentialAction":[{"@type":"ReadAction","target":["https:\/\/kinnunen.fi\/tuote\/lasiviila-liukuvarjatty\/"]}]},{"@type":"ImageObject","inLanguage":"en-GB","@id":"https:\/\/kinnunen.fi\/tuote\/lasiviila-liukuvarjatty\/#primaryimage","url":"https:\/\/kinnunen.fi\/wp-content\/uploads\/2021\/10\/0017009.jpg","contentUrl":"https:\/\/kinnunen.fi\/wp-content\/uploads\/2021\/10\/0017009.jpg","width":1000,"height":1000},{"@type":"BreadcrumbList","@id":"https:\/\/kinnunen.fi\/tuote\/lasiviila-liukuvarjatty\/#breadcrumb","itemListElement":[{"@type":"ListItem","position":1,"name":"Etusivu","item":"https:\/\/kinnunen.fi\/"},{"@type":"ListItem","position":2,"name":"Kaikki tuotteet","item":"https:\/\/kinnunen.fi\/kauppa\/"},{"@type":"ListItem","position":3,"name":"Kauneudenhoito","item":"https:\/\/kinnunen.fi\/tuote-osasto\/kauneudenhoito\/"},{"@type":"ListItem","position":4,"name":"Kynnet ja k\u00e4det","item":"https:\/\/kinnunen.fi\/tuote-osasto\/kauneudenhoito\/kynnet-ja-kadet\/"},{"@type":"ListItem","position":5,"name":"Kynsiteknikon v\u00e4lineet","item":"https:\/\/kinnunen.fi\/tuote-osasto\/kauneudenhoito\/kynnet-ja-kadet\/kynsiteknikon-valineet\/"},{"@type":"ListItem","position":6,"name":"Viilat","item":"https:\/\/kinnunen.fi\/tuote-osasto\/kauneudenhoito\/kynnet-ja-kadet\/kynsiteknikon-valineet\/viilat\/"},{"@type":"ListItem","position":7,"name":"Lasiviila liukuv\u00e4rj\u00e4tty"}]},{"@type":"WebSite","@id":"https:\/\/kinnunen.fi\/#website","url":"https:\/\/kinnunen.fi\/","name":"Kinnunen","description":"","potentialAction":[{"@type":"SearchAction","target":{"@type":"EntryPoint","urlTemplate":"https:\/\/kinnunen.fi\/?s={search_term_string}"},"query-input":"required name=search_term_string"}],"inLanguage":"en-GB"}]}},"_links":{"self":[{"href":"https:\/\/kinnunen.fi\/en\/wp-json\/wp\/v2\/product\/6221"}],"collection":[{"href":"https:\/\/kinnunen.fi\/en\/wp-json\/wp\/v2\/product"}],"about":[{"href":"https:\/\/kinnunen.fi\/en\/wp-json\/wp\/v2\/types\/product"}],"replies":[{"embeddable":true,"href":"https:\/\/kinnunen.fi\/en\/wp-json\/wp\/v2\/comments?post=6221"}],"wp:featuredmedia":[{"embeddable":true,"href":"https:\/\/kinnunen.fi\/en\/wp-json\/wp\/v2\/media\/13458"}],"wp:attachment":[{"href":"https:\/\/kinnunen.fi\/en\/wp-json\/wp\/v2\/media?parent=6221"}],"wp:term":[{"taxonomy":"product_cat","embeddable":true,"href":"https:\/\/kinnunen.fi\/en\/wp-json\/wp\/v2\/product_cat?post=6221"},{"taxonomy":"product_tag","embeddable":true,"href":"https:\/\/kinnunen.fi\/en\/wp-json\/wp\/v2\/product_tag?post=6221"}],"curies":[{"name":"wp","href":"https:\/\/api.w.org\/{rel}","templated":true}]}}