

{"id":6253,"date":"2021-10-29T13:36:02","date_gmt":"2021-10-29T10:36:02","guid":{"rendered":"https:\/\/kinnunen.fi-r.seravo.com\/tuote\/vahapatruuna-face-body\/"},"modified":"2026-04-17T04:00:22","modified_gmt":"2026-04-17T01:00:22","slug":"vahapatruuna-face-body","status":"publish","type":"product","link":"https:\/\/kinnunen.fi\/en\/product\/vahapatruuna-face-body\/","title":{"rendered":"Wax cartridge, Face &amp; Body"},"content":{"rendered":"<p>Warm wax for normal and sensitive skin for hair removal. Very easy to apply, pleasant to use and with a high quality formula. Perfect for strong and resistant hair. A waxing sponge is used during waxing. Size 110ml<\/p>","protected":false},"excerpt":{"rendered":"<p>Normaalille ja herk\u00e4lle iholle tarkoitettu l\u00e4mminvaha karvanpoistoihin. Eritt\u00e4in helposti levittyv\u00e4, miellytt\u00e4v\u00e4 k\u00e4ytt\u00f6inen ja korkealaatuinen koostumus. T\u00e4ydellinen vahvalle ja vastahakoiselle karvalle.&hellip;<\/p>","protected":false},"featured_media":13954,"comment_status":"closed","ping_status":"open","template":"","meta":{"_relevanssi_hide_post":"","_relevanssi_pin_for_all":"","_relevanssi_pin_keywords":"","_relevanssi_unpin_keywords":"","_relevanssi_related_keywords":"","_relevanssi_related_include_ids":"","_relevanssi_related_exclude_ids":"","_relevanssi_related_no_append":"","_relevanssi_related_not_related":"","_relevanssi_related_posts":"","_relevanssi_noindex_reason":""},"product_cat":[1894],"product_tag":[],"class_list":["post-6253","product","type-product","status-publish","has-post-thumbnail","hentry","product_cat-ihokarvojenpoisto","tuotemerkki-epil-hair-pro","tuotemerkki-sibel"],"tuotemerkit":[{"term_id":388,"name":"\u00c9pil Hair Pro","slug":"epil-hair-pro","term_group":0,"term_taxonomy_id":388,"taxonomy":"tuotemerkki","description":"","parent":133,"count":12,"filter":"raw"},{"term_id":133,"name":"Sibel","slug":"sibel","term_group":0,"term_taxonomy_id":133,"taxonomy":"tuotemerkki","description":"","parent":0,"count":43,"filter":"raw"}],"acf":[],"yoast_head":"<!-- This site is optimized with the Yoast SEO plugin v23.3 - https:\/\/yoast.com\/wordpress\/plugins\/seo\/ -->\n<title>Vahapatruuna, Face &amp; Body - Kinnunen<\/title>\n<meta name=\"robots\" content=\"index, follow, max-snippet:-1, max-image-preview:large, max-video-preview:-1\" \/>\n<link rel=\"canonical\" href=\"https:\/\/kinnunen.fi\/en\/product\/vahapatruuna-face-body\/\" \/>\n<meta property=\"og:locale\" content=\"en_GB\" \/>\n<meta property=\"og:type\" content=\"article\" \/>\n<meta property=\"og:title\" content=\"Vahapatruuna, Face &amp; Body - Kinnunen\" \/>\n<meta property=\"og:description\" content=\"Normaalille ja herk\u00e4lle iholle tarkoitettu l\u00e4mminvaha karvanpoistoihin. Eritt\u00e4in helposti levittyv\u00e4, miellytt\u00e4v\u00e4 k\u00e4ytt\u00f6inen ja korkealaatuinen koostumus. T\u00e4ydellinen vahvalle ja vastahakoiselle karvalle.&hellip;\" \/>\n<meta property=\"og:url\" content=\"https:\/\/kinnunen.fi\/en\/product\/vahapatruuna-face-body\/\" \/>\n<meta property=\"og:site_name\" content=\"Kinnunen\" \/>\n<meta property=\"article:modified_time\" content=\"2026-04-17T01:00:22+00:00\" \/>\n<meta property=\"og:image\" content=\"https:\/\/kinnunen.fi\/wp-content\/uploads\/2021\/10\/7410124.jpg\" \/>\n\t<meta property=\"og:image:width\" content=\"1000\" \/>\n\t<meta property=\"og:image:height\" content=\"1000\" \/>\n\t<meta property=\"og:image:type\" content=\"image\/jpeg\" \/>\n<meta name=\"twitter:card\" content=\"summary_large_image\" \/>\n<script type=\"application\/ld+json\" class=\"yoast-schema-graph\">{\"@context\":\"https:\/\/schema.org\",\"@graph\":[{\"@type\":\"WebPage\",\"@id\":\"https:\/\/kinnunen.fi\/tuote\/vahapatruuna-face-body\/\",\"url\":\"https:\/\/kinnunen.fi\/tuote\/vahapatruuna-face-body\/\",\"name\":\"Vahapatruuna, Face &amp; Body - Kinnunen\",\"isPartOf\":{\"@id\":\"https:\/\/kinnunen.fi\/#website\"},\"primaryImageOfPage\":{\"@id\":\"https:\/\/kinnunen.fi\/tuote\/vahapatruuna-face-body\/#primaryimage\"},\"image\":{\"@id\":\"https:\/\/kinnunen.fi\/tuote\/vahapatruuna-face-body\/#primaryimage\"},\"thumbnailUrl\":\"https:\/\/kinnunen.fi\/wp-content\/uploads\/2021\/10\/7410124.jpg\",\"datePublished\":\"2021-10-29T10:36:02+00:00\",\"dateModified\":\"2026-04-17T01:00:22+00:00\",\"breadcrumb\":{\"@id\":\"https:\/\/kinnunen.fi\/tuote\/vahapatruuna-face-body\/#breadcrumb\"},\"inLanguage\":\"en-GB\",\"potentialAction\":[{\"@type\":\"ReadAction\",\"target\":[\"https:\/\/kinnunen.fi\/tuote\/vahapatruuna-face-body\/\"]}]},{\"@type\":\"ImageObject\",\"inLanguage\":\"en-GB\",\"@id\":\"https:\/\/kinnunen.fi\/tuote\/vahapatruuna-face-body\/#primaryimage\",\"url\":\"https:\/\/kinnunen.fi\/wp-content\/uploads\/2021\/10\/7410124.jpg\",\"contentUrl\":\"https:\/\/kinnunen.fi\/wp-content\/uploads\/2021\/10\/7410124.jpg\",\"width\":1000,\"height\":1000},{\"@type\":\"BreadcrumbList\",\"@id\":\"https:\/\/kinnunen.fi\/tuote\/vahapatruuna-face-body\/#breadcrumb\",\"itemListElement\":[{\"@type\":\"ListItem\",\"position\":1,\"name\":\"Etusivu\",\"item\":\"https:\/\/kinnunen.fi\/\"},{\"@type\":\"ListItem\",\"position\":2,\"name\":\"Kaikki tuotteet\",\"item\":\"https:\/\/kinnunen.fi\/kauppa\/\"},{\"@type\":\"ListItem\",\"position\":3,\"name\":\"Kauneudenhoito\",\"item\":\"https:\/\/kinnunen.fi\/tuote-osasto\/kauneudenhoito\/\"},{\"@type\":\"ListItem\",\"position\":4,\"name\":\"Ihokarvojenpoisto\",\"item\":\"https:\/\/kinnunen.fi\/tuote-osasto\/kauneudenhoito\/ihokarvojenpoisto\/\"},{\"@type\":\"ListItem\",\"position\":5,\"name\":\"Vahapatruuna, Face &amp; Body\"}]},{\"@type\":\"WebSite\",\"@id\":\"https:\/\/kinnunen.fi\/#website\",\"url\":\"https:\/\/kinnunen.fi\/\",\"name\":\"Kinnunen\",\"description\":\"\",\"potentialAction\":[{\"@type\":\"SearchAction\",\"target\":{\"@type\":\"EntryPoint\",\"urlTemplate\":\"https:\/\/kinnunen.fi\/?s={search_term_string}\"},\"query-input\":\"required name=search_term_string\"}],\"inLanguage\":\"en-GB\"}]}<\/script>\n<!-- \/ Yoast SEO plugin. -->","yoast_head_json":{"title":"Vahapatruuna, Face &amp; Body - Kinnunen","robots":{"index":"index","follow":"follow","max-snippet":"max-snippet:-1","max-image-preview":"max-image-preview:large","max-video-preview":"max-video-preview:-1"},"canonical":"https:\/\/kinnunen.fi\/en\/product\/vahapatruuna-face-body\/","og_locale":"en_GB","og_type":"article","og_title":"Vahapatruuna, Face &amp; Body - Kinnunen","og_description":"Normaalille ja herk\u00e4lle iholle tarkoitettu l\u00e4mminvaha karvanpoistoihin. Eritt\u00e4in helposti levittyv\u00e4, miellytt\u00e4v\u00e4 k\u00e4ytt\u00f6inen ja korkealaatuinen koostumus. T\u00e4ydellinen vahvalle ja vastahakoiselle karvalle.&hellip;","og_url":"https:\/\/kinnunen.fi\/en\/product\/vahapatruuna-face-body\/","og_site_name":"Kinnunen","article_modified_time":"2026-04-17T01:00:22+00:00","og_image":[{"width":1000,"height":1000,"url":"https:\/\/kinnunen.fi\/wp-content\/uploads\/2021\/10\/7410124.jpg","type":"image\/jpeg"}],"twitter_card":"summary_large_image","schema":{"@context":"https:\/\/schema.org","@graph":[{"@type":"WebPage","@id":"https:\/\/kinnunen.fi\/tuote\/vahapatruuna-face-body\/","url":"https:\/\/kinnunen.fi\/tuote\/vahapatruuna-face-body\/","name":"Vahapatruuna, Face &amp; Body - Kinnunen","isPartOf":{"@id":"https:\/\/kinnunen.fi\/#website"},"primaryImageOfPage":{"@id":"https:\/\/kinnunen.fi\/tuote\/vahapatruuna-face-body\/#primaryimage"},"image":{"@id":"https:\/\/kinnunen.fi\/tuote\/vahapatruuna-face-body\/#primaryimage"},"thumbnailUrl":"https:\/\/kinnunen.fi\/wp-content\/uploads\/2021\/10\/7410124.jpg","datePublished":"2021-10-29T10:36:02+00:00","dateModified":"2026-04-17T01:00:22+00:00","breadcrumb":{"@id":"https:\/\/kinnunen.fi\/tuote\/vahapatruuna-face-body\/#breadcrumb"},"inLanguage":"en-GB","potentialAction":[{"@type":"ReadAction","target":["https:\/\/kinnunen.fi\/tuote\/vahapatruuna-face-body\/"]}]},{"@type":"ImageObject","inLanguage":"en-GB","@id":"https:\/\/kinnunen.fi\/tuote\/vahapatruuna-face-body\/#primaryimage","url":"https:\/\/kinnunen.fi\/wp-content\/uploads\/2021\/10\/7410124.jpg","contentUrl":"https:\/\/kinnunen.fi\/wp-content\/uploads\/2021\/10\/7410124.jpg","width":1000,"height":1000},{"@type":"BreadcrumbList","@id":"https:\/\/kinnunen.fi\/tuote\/vahapatruuna-face-body\/#breadcrumb","itemListElement":[{"@type":"ListItem","position":1,"name":"Etusivu","item":"https:\/\/kinnunen.fi\/"},{"@type":"ListItem","position":2,"name":"Kaikki tuotteet","item":"https:\/\/kinnunen.fi\/kauppa\/"},{"@type":"ListItem","position":3,"name":"Kauneudenhoito","item":"https:\/\/kinnunen.fi\/tuote-osasto\/kauneudenhoito\/"},{"@type":"ListItem","position":4,"name":"Ihokarvojenpoisto","item":"https:\/\/kinnunen.fi\/tuote-osasto\/kauneudenhoito\/ihokarvojenpoisto\/"},{"@type":"ListItem","position":5,"name":"Vahapatruuna, Face &amp; Body"}]},{"@type":"WebSite","@id":"https:\/\/kinnunen.fi\/#website","url":"https:\/\/kinnunen.fi\/","name":"Kinnunen","description":"","potentialAction":[{"@type":"SearchAction","target":{"@type":"EntryPoint","urlTemplate":"https:\/\/kinnunen.fi\/?s={search_term_string}"},"query-input":"required name=search_term_string"}],"inLanguage":"en-GB"}]}},"_links":{"self":[{"href":"https:\/\/kinnunen.fi\/en\/wp-json\/wp\/v2\/product\/6253"}],"collection":[{"href":"https:\/\/kinnunen.fi\/en\/wp-json\/wp\/v2\/product"}],"about":[{"href":"https:\/\/kinnunen.fi\/en\/wp-json\/wp\/v2\/types\/product"}],"replies":[{"embeddable":true,"href":"https:\/\/kinnunen.fi\/en\/wp-json\/wp\/v2\/comments?post=6253"}],"wp:featuredmedia":[{"embeddable":true,"href":"https:\/\/kinnunen.fi\/en\/wp-json\/wp\/v2\/media\/13954"}],"wp:attachment":[{"href":"https:\/\/kinnunen.fi\/en\/wp-json\/wp\/v2\/media?parent=6253"}],"wp:term":[{"taxonomy":"product_cat","embeddable":true,"href":"https:\/\/kinnunen.fi\/en\/wp-json\/wp\/v2\/product_cat?post=6253"},{"taxonomy":"product_tag","embeddable":true,"href":"https:\/\/kinnunen.fi\/en\/wp-json\/wp\/v2\/product_tag?post=6253"}],"curies":[{"name":"wp","href":"https:\/\/api.w.org\/{rel}","templated":true}]}}