

{"id":6259,"date":"2021-10-29T13:36:02","date_gmt":"2021-10-29T10:36:02","guid":{"rendered":"https:\/\/kinnunen.fi-r.seravo.com\/tuote\/vahaliuskat-vahalle-20-x-75-cm\/"},"modified":"2026-05-01T04:00:22","modified_gmt":"2026-05-01T01:00:22","slug":"vahaliuskat-vahalle-20-x-75-cm","status":"publish","type":"product","link":"https:\/\/kinnunen.fi\/en\/product\/vahaliuskat-vahalle-20-x-75-cm\/","title":{"rendered":"Wax strips for wax, 20 x 7,5 cm"},"content":{"rendered":"<p>Thick and durable wax strips with better durability and elasticity. Waxing strips are used for waxing large areas of skin. The waxing strip does not contain wax. Use with a warm wax. Package size 250pcs.<\/p>","protected":false},"excerpt":{"rendered":"<p>Paksut ja kest\u00e4v\u00e4t vahaliuskat paremmalla pysyvyydell\u00e4 sek\u00e4 elastisuudella. Vahaliuskoja k\u00e4ytet\u00e4\u00e4n suurten ihoalueiden vahaamiseen. Vahaliuska ei sis\u00e4ll\u00e4 vahaa. K\u00e4ytet\u00e4\u00e4n l\u00e4mminvahan kanssa.&hellip;<\/p>","protected":false},"featured_media":37233,"comment_status":"closed","ping_status":"closed","template":"","meta":{"_relevanssi_hide_post":"","_relevanssi_pin_for_all":"","_relevanssi_pin_keywords":"","_relevanssi_unpin_keywords":"","_relevanssi_related_keywords":"","_relevanssi_related_include_ids":"","_relevanssi_related_exclude_ids":"","_relevanssi_related_no_append":"","_relevanssi_related_not_related":"","_relevanssi_related_posts":"","_relevanssi_noindex_reason":""},"product_cat":[1894],"product_tag":[],"class_list":["post-6259","product","type-product","status-publish","has-post-thumbnail","hentry","product_cat-ihokarvojenpoisto","tuotemerkki-epil-hair-pro","tuotemerkki-sibel"],"tuotemerkit":[{"term_id":388,"name":"\u00c9pil Hair Pro","slug":"epil-hair-pro","term_group":0,"term_taxonomy_id":388,"taxonomy":"tuotemerkki","description":"","parent":133,"count":12,"filter":"raw"},{"term_id":133,"name":"Sibel","slug":"sibel","term_group":0,"term_taxonomy_id":133,"taxonomy":"tuotemerkki","description":"","parent":0,"count":43,"filter":"raw"}],"acf":[],"yoast_head":"<!-- This site is optimized with the Yoast SEO plugin v23.3 - https:\/\/yoast.com\/wordpress\/plugins\/seo\/ -->\n<title>Vahaliuskat vahalle, 20 x 7,5 cm - Kinnunen<\/title>\n<meta name=\"robots\" content=\"index, follow, max-snippet:-1, max-image-preview:large, max-video-preview:-1\" \/>\n<link rel=\"canonical\" href=\"https:\/\/kinnunen.fi\/en\/product\/vahaliuskat-vahalle-20-x-75-cm\/\" \/>\n<meta property=\"og:locale\" content=\"en_GB\" \/>\n<meta property=\"og:type\" content=\"article\" \/>\n<meta property=\"og:title\" content=\"Vahaliuskat vahalle, 20 x 7,5 cm - Kinnunen\" \/>\n<meta property=\"og:description\" content=\"Paksut ja kest\u00e4v\u00e4t vahaliuskat paremmalla pysyvyydell\u00e4 sek\u00e4 elastisuudella. Vahaliuskoja k\u00e4ytet\u00e4\u00e4n suurten ihoalueiden vahaamiseen. Vahaliuska ei sis\u00e4ll\u00e4 vahaa. K\u00e4ytet\u00e4\u00e4n l\u00e4mminvahan kanssa.&hellip;\" \/>\n<meta property=\"og:url\" content=\"https:\/\/kinnunen.fi\/en\/product\/vahaliuskat-vahalle-20-x-75-cm\/\" \/>\n<meta property=\"og:site_name\" content=\"Kinnunen\" \/>\n<meta property=\"article:modified_time\" content=\"2026-05-01T01:00:22+00:00\" \/>\n<meta property=\"og:image\" content=\"https:\/\/kinnunen.fi\/wp-content\/uploads\/2021\/10\/7410499_vahaliuskat.jpg\" \/>\n\t<meta property=\"og:image:width\" content=\"1200\" \/>\n\t<meta property=\"og:image:height\" content=\"1200\" \/>\n\t<meta property=\"og:image:type\" content=\"image\/jpeg\" \/>\n<meta name=\"twitter:card\" content=\"summary_large_image\" \/>\n<script type=\"application\/ld+json\" class=\"yoast-schema-graph\">{\"@context\":\"https:\/\/schema.org\",\"@graph\":[{\"@type\":\"WebPage\",\"@id\":\"https:\/\/kinnunen.fi\/tuote\/vahaliuskat-vahalle-20-x-75-cm\/\",\"url\":\"https:\/\/kinnunen.fi\/tuote\/vahaliuskat-vahalle-20-x-75-cm\/\",\"name\":\"Vahaliuskat vahalle, 20 x 7,5 cm - Kinnunen\",\"isPartOf\":{\"@id\":\"https:\/\/kinnunen.fi\/#website\"},\"primaryImageOfPage\":{\"@id\":\"https:\/\/kinnunen.fi\/tuote\/vahaliuskat-vahalle-20-x-75-cm\/#primaryimage\"},\"image\":{\"@id\":\"https:\/\/kinnunen.fi\/tuote\/vahaliuskat-vahalle-20-x-75-cm\/#primaryimage\"},\"thumbnailUrl\":\"https:\/\/kinnunen.fi\/wp-content\/uploads\/2021\/10\/7410499_vahaliuskat.jpg\",\"datePublished\":\"2021-10-29T10:36:02+00:00\",\"dateModified\":\"2026-05-01T01:00:22+00:00\",\"breadcrumb\":{\"@id\":\"https:\/\/kinnunen.fi\/tuote\/vahaliuskat-vahalle-20-x-75-cm\/#breadcrumb\"},\"inLanguage\":\"en-GB\",\"potentialAction\":[{\"@type\":\"ReadAction\",\"target\":[\"https:\/\/kinnunen.fi\/tuote\/vahaliuskat-vahalle-20-x-75-cm\/\"]}]},{\"@type\":\"ImageObject\",\"inLanguage\":\"en-GB\",\"@id\":\"https:\/\/kinnunen.fi\/tuote\/vahaliuskat-vahalle-20-x-75-cm\/#primaryimage\",\"url\":\"https:\/\/kinnunen.fi\/wp-content\/uploads\/2021\/10\/7410499_vahaliuskat.jpg\",\"contentUrl\":\"https:\/\/kinnunen.fi\/wp-content\/uploads\/2021\/10\/7410499_vahaliuskat.jpg\",\"width\":1200,\"height\":1200},{\"@type\":\"BreadcrumbList\",\"@id\":\"https:\/\/kinnunen.fi\/tuote\/vahaliuskat-vahalle-20-x-75-cm\/#breadcrumb\",\"itemListElement\":[{\"@type\":\"ListItem\",\"position\":1,\"name\":\"Etusivu\",\"item\":\"https:\/\/kinnunen.fi\/\"},{\"@type\":\"ListItem\",\"position\":2,\"name\":\"Kaikki tuotteet\",\"item\":\"https:\/\/kinnunen.fi\/kauppa\/\"},{\"@type\":\"ListItem\",\"position\":3,\"name\":\"Kauneudenhoito\",\"item\":\"https:\/\/kinnunen.fi\/tuote-osasto\/kauneudenhoito\/\"},{\"@type\":\"ListItem\",\"position\":4,\"name\":\"Ihokarvojenpoisto\",\"item\":\"https:\/\/kinnunen.fi\/tuote-osasto\/kauneudenhoito\/ihokarvojenpoisto\/\"},{\"@type\":\"ListItem\",\"position\":5,\"name\":\"Vahaliuskat vahalle, 20 x 7,5 cm\"}]},{\"@type\":\"WebSite\",\"@id\":\"https:\/\/kinnunen.fi\/#website\",\"url\":\"https:\/\/kinnunen.fi\/\",\"name\":\"Kinnunen\",\"description\":\"\",\"potentialAction\":[{\"@type\":\"SearchAction\",\"target\":{\"@type\":\"EntryPoint\",\"urlTemplate\":\"https:\/\/kinnunen.fi\/?s={search_term_string}\"},\"query-input\":\"required name=search_term_string\"}],\"inLanguage\":\"en-GB\"}]}<\/script>\n<!-- \/ Yoast SEO plugin. -->","yoast_head_json":{"title":"Vahaliuskat vahalle, 20 x 7,5 cm - Kinnunen","robots":{"index":"index","follow":"follow","max-snippet":"max-snippet:-1","max-image-preview":"max-image-preview:large","max-video-preview":"max-video-preview:-1"},"canonical":"https:\/\/kinnunen.fi\/en\/product\/vahaliuskat-vahalle-20-x-75-cm\/","og_locale":"en_GB","og_type":"article","og_title":"Vahaliuskat vahalle, 20 x 7,5 cm - Kinnunen","og_description":"Paksut ja kest\u00e4v\u00e4t vahaliuskat paremmalla pysyvyydell\u00e4 sek\u00e4 elastisuudella. Vahaliuskoja k\u00e4ytet\u00e4\u00e4n suurten ihoalueiden vahaamiseen. Vahaliuska ei sis\u00e4ll\u00e4 vahaa. K\u00e4ytet\u00e4\u00e4n l\u00e4mminvahan kanssa.&hellip;","og_url":"https:\/\/kinnunen.fi\/en\/product\/vahaliuskat-vahalle-20-x-75-cm\/","og_site_name":"Kinnunen","article_modified_time":"2026-05-01T01:00:22+00:00","og_image":[{"width":1200,"height":1200,"url":"https:\/\/kinnunen.fi\/wp-content\/uploads\/2021\/10\/7410499_vahaliuskat.jpg","type":"image\/jpeg"}],"twitter_card":"summary_large_image","schema":{"@context":"https:\/\/schema.org","@graph":[{"@type":"WebPage","@id":"https:\/\/kinnunen.fi\/tuote\/vahaliuskat-vahalle-20-x-75-cm\/","url":"https:\/\/kinnunen.fi\/tuote\/vahaliuskat-vahalle-20-x-75-cm\/","name":"Vahaliuskat vahalle, 20 x 7,5 cm - Kinnunen","isPartOf":{"@id":"https:\/\/kinnunen.fi\/#website"},"primaryImageOfPage":{"@id":"https:\/\/kinnunen.fi\/tuote\/vahaliuskat-vahalle-20-x-75-cm\/#primaryimage"},"image":{"@id":"https:\/\/kinnunen.fi\/tuote\/vahaliuskat-vahalle-20-x-75-cm\/#primaryimage"},"thumbnailUrl":"https:\/\/kinnunen.fi\/wp-content\/uploads\/2021\/10\/7410499_vahaliuskat.jpg","datePublished":"2021-10-29T10:36:02+00:00","dateModified":"2026-05-01T01:00:22+00:00","breadcrumb":{"@id":"https:\/\/kinnunen.fi\/tuote\/vahaliuskat-vahalle-20-x-75-cm\/#breadcrumb"},"inLanguage":"en-GB","potentialAction":[{"@type":"ReadAction","target":["https:\/\/kinnunen.fi\/tuote\/vahaliuskat-vahalle-20-x-75-cm\/"]}]},{"@type":"ImageObject","inLanguage":"en-GB","@id":"https:\/\/kinnunen.fi\/tuote\/vahaliuskat-vahalle-20-x-75-cm\/#primaryimage","url":"https:\/\/kinnunen.fi\/wp-content\/uploads\/2021\/10\/7410499_vahaliuskat.jpg","contentUrl":"https:\/\/kinnunen.fi\/wp-content\/uploads\/2021\/10\/7410499_vahaliuskat.jpg","width":1200,"height":1200},{"@type":"BreadcrumbList","@id":"https:\/\/kinnunen.fi\/tuote\/vahaliuskat-vahalle-20-x-75-cm\/#breadcrumb","itemListElement":[{"@type":"ListItem","position":1,"name":"Etusivu","item":"https:\/\/kinnunen.fi\/"},{"@type":"ListItem","position":2,"name":"Kaikki tuotteet","item":"https:\/\/kinnunen.fi\/kauppa\/"},{"@type":"ListItem","position":3,"name":"Kauneudenhoito","item":"https:\/\/kinnunen.fi\/tuote-osasto\/kauneudenhoito\/"},{"@type":"ListItem","position":4,"name":"Ihokarvojenpoisto","item":"https:\/\/kinnunen.fi\/tuote-osasto\/kauneudenhoito\/ihokarvojenpoisto\/"},{"@type":"ListItem","position":5,"name":"Vahaliuskat vahalle, 20 x 7,5 cm"}]},{"@type":"WebSite","@id":"https:\/\/kinnunen.fi\/#website","url":"https:\/\/kinnunen.fi\/","name":"Kinnunen","description":"","potentialAction":[{"@type":"SearchAction","target":{"@type":"EntryPoint","urlTemplate":"https:\/\/kinnunen.fi\/?s={search_term_string}"},"query-input":"required name=search_term_string"}],"inLanguage":"en-GB"}]}},"_links":{"self":[{"href":"https:\/\/kinnunen.fi\/en\/wp-json\/wp\/v2\/product\/6259"}],"collection":[{"href":"https:\/\/kinnunen.fi\/en\/wp-json\/wp\/v2\/product"}],"about":[{"href":"https:\/\/kinnunen.fi\/en\/wp-json\/wp\/v2\/types\/product"}],"replies":[{"embeddable":true,"href":"https:\/\/kinnunen.fi\/en\/wp-json\/wp\/v2\/comments?post=6259"}],"wp:featuredmedia":[{"embeddable":true,"href":"https:\/\/kinnunen.fi\/en\/wp-json\/wp\/v2\/media\/37233"}],"wp:attachment":[{"href":"https:\/\/kinnunen.fi\/en\/wp-json\/wp\/v2\/media?parent=6259"}],"wp:term":[{"taxonomy":"product_cat","embeddable":true,"href":"https:\/\/kinnunen.fi\/en\/wp-json\/wp\/v2\/product_cat?post=6259"},{"taxonomy":"product_tag","embeddable":true,"href":"https:\/\/kinnunen.fi\/en\/wp-json\/wp\/v2\/product_tag?post=6259"}],"curies":[{"name":"wp","href":"https:\/\/api.w.org\/{rel}","templated":true}]}}