

{"id":6262,"date":"2021-10-29T13:36:02","date_gmt":"2021-10-29T10:36:02","guid":{"rendered":"https:\/\/kinnunen.fi-r.seravo.com\/tuote\/post-depilation-oil-125-ml\/"},"modified":"2026-04-18T04:00:21","modified_gmt":"2026-04-18T01:00:21","slug":"post-depilation-oil-125-ml","status":"publish","type":"product","link":"https:\/\/kinnunen.fi\/en\/product\/post-depilation-oil-125-ml\/","title":{"rendered":"Post Depilation Oil 125 ml"},"content":{"rendered":"<p>Post Depilation Oil is a skin softening oil suitable for use after epilation, waxing and planing. Waxing, epilation and planing can all irritate the skin, but this emollient oil will leave it feeling comfortable. The product removes all traces of wax from the skin while moisturising it. Use: After hair removal, gently massage the oil into the treated area.<\/p>","protected":false},"excerpt":{"rendered":"<p>Post Depilation Oil on ihoa pehment\u00e4v\u00e4 \u00f6ljy, joka sopii k\u00e4ytett\u00e4v\u00e4ksi epiloinnin, vahauksen ja h\u00f6yl\u00e4yksen j\u00e4lkeen. Vahaus, epilointi ja h\u00f6yl\u00e4ys saattavat&hellip;<\/p>","protected":false},"featured_media":13964,"comment_status":"closed","ping_status":"open","template":"","meta":{"_relevanssi_hide_post":"","_relevanssi_pin_for_all":"","_relevanssi_pin_keywords":"","_relevanssi_unpin_keywords":"","_relevanssi_related_keywords":"","_relevanssi_related_include_ids":"","_relevanssi_related_exclude_ids":"","_relevanssi_related_no_append":"","_relevanssi_related_not_related":"","_relevanssi_related_posts":"","_relevanssi_noindex_reason":""},"product_cat":[1894],"product_tag":[],"class_list":["post-6262","product","type-product","status-publish","has-post-thumbnail","hentry","product_cat-ihokarvojenpoisto","tuotemerkki-epil-hair-pro","tuotemerkki-sibel"],"tuotemerkit":[{"term_id":388,"name":"\u00c9pil Hair Pro","slug":"epil-hair-pro","term_group":0,"term_taxonomy_id":388,"taxonomy":"tuotemerkki","description":"","parent":133,"count":12,"filter":"raw"},{"term_id":133,"name":"Sibel","slug":"sibel","term_group":0,"term_taxonomy_id":133,"taxonomy":"tuotemerkki","description":"","parent":0,"count":43,"filter":"raw"}],"acf":[],"yoast_head":"<!-- This site is optimized with the Yoast SEO plugin v23.3 - https:\/\/yoast.com\/wordpress\/plugins\/seo\/ -->\n<title>Post Depilation Oil 125 ml - Kinnunen<\/title>\n<meta name=\"robots\" content=\"index, follow, max-snippet:-1, max-image-preview:large, max-video-preview:-1\" \/>\n<link rel=\"canonical\" href=\"https:\/\/kinnunen.fi\/en\/product\/post-depilation-oil-125-ml\/\" \/>\n<meta property=\"og:locale\" content=\"en_GB\" \/>\n<meta property=\"og:type\" content=\"article\" \/>\n<meta property=\"og:title\" content=\"Post Depilation Oil 125 ml - Kinnunen\" \/>\n<meta property=\"og:description\" content=\"Post Depilation Oil on ihoa pehment\u00e4v\u00e4 \u00f6ljy, joka sopii k\u00e4ytett\u00e4v\u00e4ksi epiloinnin, vahauksen ja h\u00f6yl\u00e4yksen j\u00e4lkeen. Vahaus, epilointi ja h\u00f6yl\u00e4ys saattavat&hellip;\" \/>\n<meta property=\"og:url\" content=\"https:\/\/kinnunen.fi\/en\/product\/post-depilation-oil-125-ml\/\" \/>\n<meta property=\"og:site_name\" content=\"Kinnunen\" \/>\n<meta property=\"article:modified_time\" content=\"2026-04-18T01:00:21+00:00\" \/>\n<meta property=\"og:image\" content=\"https:\/\/kinnunen.fi\/wp-content\/uploads\/2021\/10\/7410600_S01.jpg\" \/>\n\t<meta property=\"og:image:width\" content=\"1000\" \/>\n\t<meta property=\"og:image:height\" content=\"1000\" \/>\n\t<meta property=\"og:image:type\" content=\"image\/jpeg\" \/>\n<meta name=\"twitter:card\" content=\"summary_large_image\" \/>\n<script type=\"application\/ld+json\" class=\"yoast-schema-graph\">{\"@context\":\"https:\/\/schema.org\",\"@graph\":[{\"@type\":\"WebPage\",\"@id\":\"https:\/\/kinnunen.fi\/tuote\/post-depilation-oil-125-ml\/\",\"url\":\"https:\/\/kinnunen.fi\/tuote\/post-depilation-oil-125-ml\/\",\"name\":\"Post Depilation Oil 125 ml - Kinnunen\",\"isPartOf\":{\"@id\":\"https:\/\/kinnunen.fi\/#website\"},\"primaryImageOfPage\":{\"@id\":\"https:\/\/kinnunen.fi\/tuote\/post-depilation-oil-125-ml\/#primaryimage\"},\"image\":{\"@id\":\"https:\/\/kinnunen.fi\/tuote\/post-depilation-oil-125-ml\/#primaryimage\"},\"thumbnailUrl\":\"https:\/\/kinnunen.fi\/wp-content\/uploads\/2021\/10\/7410600_S01.jpg\",\"datePublished\":\"2021-10-29T10:36:02+00:00\",\"dateModified\":\"2026-04-18T01:00:21+00:00\",\"breadcrumb\":{\"@id\":\"https:\/\/kinnunen.fi\/tuote\/post-depilation-oil-125-ml\/#breadcrumb\"},\"inLanguage\":\"en-GB\",\"potentialAction\":[{\"@type\":\"ReadAction\",\"target\":[\"https:\/\/kinnunen.fi\/tuote\/post-depilation-oil-125-ml\/\"]}]},{\"@type\":\"ImageObject\",\"inLanguage\":\"en-GB\",\"@id\":\"https:\/\/kinnunen.fi\/tuote\/post-depilation-oil-125-ml\/#primaryimage\",\"url\":\"https:\/\/kinnunen.fi\/wp-content\/uploads\/2021\/10\/7410600_S01.jpg\",\"contentUrl\":\"https:\/\/kinnunen.fi\/wp-content\/uploads\/2021\/10\/7410600_S01.jpg\",\"width\":1000,\"height\":1000},{\"@type\":\"BreadcrumbList\",\"@id\":\"https:\/\/kinnunen.fi\/tuote\/post-depilation-oil-125-ml\/#breadcrumb\",\"itemListElement\":[{\"@type\":\"ListItem\",\"position\":1,\"name\":\"Etusivu\",\"item\":\"https:\/\/kinnunen.fi\/\"},{\"@type\":\"ListItem\",\"position\":2,\"name\":\"Kaikki tuotteet\",\"item\":\"https:\/\/kinnunen.fi\/kauppa\/\"},{\"@type\":\"ListItem\",\"position\":3,\"name\":\"Kauneudenhoito\",\"item\":\"https:\/\/kinnunen.fi\/tuote-osasto\/kauneudenhoito\/\"},{\"@type\":\"ListItem\",\"position\":4,\"name\":\"Ihokarvojenpoisto\",\"item\":\"https:\/\/kinnunen.fi\/tuote-osasto\/kauneudenhoito\/ihokarvojenpoisto\/\"},{\"@type\":\"ListItem\",\"position\":5,\"name\":\"Post Depilation Oil 125 ml\"}]},{\"@type\":\"WebSite\",\"@id\":\"https:\/\/kinnunen.fi\/#website\",\"url\":\"https:\/\/kinnunen.fi\/\",\"name\":\"Kinnunen\",\"description\":\"\",\"potentialAction\":[{\"@type\":\"SearchAction\",\"target\":{\"@type\":\"EntryPoint\",\"urlTemplate\":\"https:\/\/kinnunen.fi\/?s={search_term_string}\"},\"query-input\":\"required name=search_term_string\"}],\"inLanguage\":\"en-GB\"}]}<\/script>\n<!-- \/ Yoast SEO plugin. -->","yoast_head_json":{"title":"Post Depilation Oil 125 ml - Kinnunen","robots":{"index":"index","follow":"follow","max-snippet":"max-snippet:-1","max-image-preview":"max-image-preview:large","max-video-preview":"max-video-preview:-1"},"canonical":"https:\/\/kinnunen.fi\/en\/product\/post-depilation-oil-125-ml\/","og_locale":"en_GB","og_type":"article","og_title":"Post Depilation Oil 125 ml - Kinnunen","og_description":"Post Depilation Oil on ihoa pehment\u00e4v\u00e4 \u00f6ljy, joka sopii k\u00e4ytett\u00e4v\u00e4ksi epiloinnin, vahauksen ja h\u00f6yl\u00e4yksen j\u00e4lkeen. Vahaus, epilointi ja h\u00f6yl\u00e4ys saattavat&hellip;","og_url":"https:\/\/kinnunen.fi\/en\/product\/post-depilation-oil-125-ml\/","og_site_name":"Kinnunen","article_modified_time":"2026-04-18T01:00:21+00:00","og_image":[{"width":1000,"height":1000,"url":"https:\/\/kinnunen.fi\/wp-content\/uploads\/2021\/10\/7410600_S01.jpg","type":"image\/jpeg"}],"twitter_card":"summary_large_image","schema":{"@context":"https:\/\/schema.org","@graph":[{"@type":"WebPage","@id":"https:\/\/kinnunen.fi\/tuote\/post-depilation-oil-125-ml\/","url":"https:\/\/kinnunen.fi\/tuote\/post-depilation-oil-125-ml\/","name":"Post Depilation Oil 125 ml - Kinnunen","isPartOf":{"@id":"https:\/\/kinnunen.fi\/#website"},"primaryImageOfPage":{"@id":"https:\/\/kinnunen.fi\/tuote\/post-depilation-oil-125-ml\/#primaryimage"},"image":{"@id":"https:\/\/kinnunen.fi\/tuote\/post-depilation-oil-125-ml\/#primaryimage"},"thumbnailUrl":"https:\/\/kinnunen.fi\/wp-content\/uploads\/2021\/10\/7410600_S01.jpg","datePublished":"2021-10-29T10:36:02+00:00","dateModified":"2026-04-18T01:00:21+00:00","breadcrumb":{"@id":"https:\/\/kinnunen.fi\/tuote\/post-depilation-oil-125-ml\/#breadcrumb"},"inLanguage":"en-GB","potentialAction":[{"@type":"ReadAction","target":["https:\/\/kinnunen.fi\/tuote\/post-depilation-oil-125-ml\/"]}]},{"@type":"ImageObject","inLanguage":"en-GB","@id":"https:\/\/kinnunen.fi\/tuote\/post-depilation-oil-125-ml\/#primaryimage","url":"https:\/\/kinnunen.fi\/wp-content\/uploads\/2021\/10\/7410600_S01.jpg","contentUrl":"https:\/\/kinnunen.fi\/wp-content\/uploads\/2021\/10\/7410600_S01.jpg","width":1000,"height":1000},{"@type":"BreadcrumbList","@id":"https:\/\/kinnunen.fi\/tuote\/post-depilation-oil-125-ml\/#breadcrumb","itemListElement":[{"@type":"ListItem","position":1,"name":"Etusivu","item":"https:\/\/kinnunen.fi\/"},{"@type":"ListItem","position":2,"name":"Kaikki tuotteet","item":"https:\/\/kinnunen.fi\/kauppa\/"},{"@type":"ListItem","position":3,"name":"Kauneudenhoito","item":"https:\/\/kinnunen.fi\/tuote-osasto\/kauneudenhoito\/"},{"@type":"ListItem","position":4,"name":"Ihokarvojenpoisto","item":"https:\/\/kinnunen.fi\/tuote-osasto\/kauneudenhoito\/ihokarvojenpoisto\/"},{"@type":"ListItem","position":5,"name":"Post Depilation Oil 125 ml"}]},{"@type":"WebSite","@id":"https:\/\/kinnunen.fi\/#website","url":"https:\/\/kinnunen.fi\/","name":"Kinnunen","description":"","potentialAction":[{"@type":"SearchAction","target":{"@type":"EntryPoint","urlTemplate":"https:\/\/kinnunen.fi\/?s={search_term_string}"},"query-input":"required name=search_term_string"}],"inLanguage":"en-GB"}]}},"_links":{"self":[{"href":"https:\/\/kinnunen.fi\/en\/wp-json\/wp\/v2\/product\/6262"}],"collection":[{"href":"https:\/\/kinnunen.fi\/en\/wp-json\/wp\/v2\/product"}],"about":[{"href":"https:\/\/kinnunen.fi\/en\/wp-json\/wp\/v2\/types\/product"}],"replies":[{"embeddable":true,"href":"https:\/\/kinnunen.fi\/en\/wp-json\/wp\/v2\/comments?post=6262"}],"wp:featuredmedia":[{"embeddable":true,"href":"https:\/\/kinnunen.fi\/en\/wp-json\/wp\/v2\/media\/13964"}],"wp:attachment":[{"href":"https:\/\/kinnunen.fi\/en\/wp-json\/wp\/v2\/media?parent=6262"}],"wp:term":[{"taxonomy":"product_cat","embeddable":true,"href":"https:\/\/kinnunen.fi\/en\/wp-json\/wp\/v2\/product_cat?post=6262"},{"taxonomy":"product_tag","embeddable":true,"href":"https:\/\/kinnunen.fi\/en\/wp-json\/wp\/v2\/product_tag?post=6262"}],"curies":[{"name":"wp","href":"https:\/\/api.w.org\/{rel}","templated":true}]}}