

{"id":6273,"date":"2021-10-29T13:36:17","date_gmt":"2021-10-29T10:36:17","guid":{"rendered":"https:\/\/kinnunen.fi-r.seravo.com\/tuote\/spatula-26-cm\/"},"modified":"2026-04-30T04:00:22","modified_gmt":"2026-04-30T01:00:22","slug":"spatula-26-cm","status":"publish","type":"product","link":"https:\/\/kinnunen.fi\/en\/product\/spatula-26-cm\/","title":{"rendered":"Spatula 26 cm"},"content":{"rendered":"<p>Spoon-shaped spatula for the body, made of beech.The spatula is very durable and easy to clean. The beech is also heat resistant and therefore very suitable for hot wax. The size 26 cm.<\/p>","protected":false},"excerpt":{"rendered":"<p>Py\u00f6kist\u00e4 valmistettu lusikanmallinen spatula vartalolle.Spatula on eritt\u00e4in kest\u00e4v\u00e4\u00e4 laatua ja helppo puhdistaa. Py\u00f6kki on my\u00f6s kuumuutta kest\u00e4v\u00e4\u00e4 ja siksi sopii&hellip;<\/p>","protected":false},"featured_media":13941,"comment_status":"closed","ping_status":"open","template":"","meta":{"_relevanssi_hide_post":"","_relevanssi_pin_for_all":"","_relevanssi_pin_keywords":"","_relevanssi_unpin_keywords":"","_relevanssi_related_keywords":"","_relevanssi_related_include_ids":"","_relevanssi_related_exclude_ids":"","_relevanssi_related_no_append":"","_relevanssi_related_not_related":"","_relevanssi_related_posts":"","_relevanssi_noindex_reason":""},"product_cat":[1896],"product_tag":[],"class_list":["post-6273","product","type-product","status-publish","has-post-thumbnail","hentry","product_cat-ihonhoidon-tarvikkeet"],"tuotemerkit":[],"acf":[],"yoast_head":"<!-- This site is optimized with the Yoast SEO plugin v23.3 - https:\/\/yoast.com\/wordpress\/plugins\/seo\/ -->\n<title>Spatula 26 cm - Kinnunen<\/title>\n<meta name=\"robots\" content=\"index, follow, max-snippet:-1, max-image-preview:large, max-video-preview:-1\" \/>\n<link rel=\"canonical\" href=\"https:\/\/kinnunen.fi\/en\/product\/spatula-26-cm\/\" \/>\n<meta property=\"og:locale\" content=\"en_GB\" \/>\n<meta property=\"og:type\" content=\"article\" \/>\n<meta property=\"og:title\" content=\"Spatula 26 cm - Kinnunen\" \/>\n<meta property=\"og:description\" content=\"Py\u00f6kist\u00e4 valmistettu lusikanmallinen spatula vartalolle.Spatula on eritt\u00e4in kest\u00e4v\u00e4\u00e4 laatua ja helppo puhdistaa. Py\u00f6kki on my\u00f6s kuumuutta kest\u00e4v\u00e4\u00e4 ja siksi sopii&hellip;\" \/>\n<meta property=\"og:url\" content=\"https:\/\/kinnunen.fi\/en\/product\/spatula-26-cm\/\" \/>\n<meta property=\"og:site_name\" content=\"Kinnunen\" \/>\n<meta property=\"article:modified_time\" content=\"2026-04-30T01:00:22+00:00\" \/>\n<meta property=\"og:image\" content=\"https:\/\/kinnunen.fi\/wp-content\/uploads\/2021\/10\/7400100.jpg\" \/>\n\t<meta property=\"og:image:width\" content=\"1000\" \/>\n\t<meta property=\"og:image:height\" content=\"1000\" \/>\n\t<meta property=\"og:image:type\" content=\"image\/jpeg\" \/>\n<meta name=\"twitter:card\" content=\"summary_large_image\" \/>\n<script type=\"application\/ld+json\" class=\"yoast-schema-graph\">{\"@context\":\"https:\/\/schema.org\",\"@graph\":[{\"@type\":\"WebPage\",\"@id\":\"https:\/\/kinnunen.fi\/tuote\/spatula-26-cm\/\",\"url\":\"https:\/\/kinnunen.fi\/tuote\/spatula-26-cm\/\",\"name\":\"Spatula 26 cm - Kinnunen\",\"isPartOf\":{\"@id\":\"https:\/\/kinnunen.fi\/#website\"},\"primaryImageOfPage\":{\"@id\":\"https:\/\/kinnunen.fi\/tuote\/spatula-26-cm\/#primaryimage\"},\"image\":{\"@id\":\"https:\/\/kinnunen.fi\/tuote\/spatula-26-cm\/#primaryimage\"},\"thumbnailUrl\":\"https:\/\/kinnunen.fi\/wp-content\/uploads\/2021\/10\/7400100.jpg\",\"datePublished\":\"2021-10-29T10:36:17+00:00\",\"dateModified\":\"2026-04-30T01:00:22+00:00\",\"breadcrumb\":{\"@id\":\"https:\/\/kinnunen.fi\/tuote\/spatula-26-cm\/#breadcrumb\"},\"inLanguage\":\"en-GB\",\"potentialAction\":[{\"@type\":\"ReadAction\",\"target\":[\"https:\/\/kinnunen.fi\/tuote\/spatula-26-cm\/\"]}]},{\"@type\":\"ImageObject\",\"inLanguage\":\"en-GB\",\"@id\":\"https:\/\/kinnunen.fi\/tuote\/spatula-26-cm\/#primaryimage\",\"url\":\"https:\/\/kinnunen.fi\/wp-content\/uploads\/2021\/10\/7400100.jpg\",\"contentUrl\":\"https:\/\/kinnunen.fi\/wp-content\/uploads\/2021\/10\/7400100.jpg\",\"width\":1000,\"height\":1000},{\"@type\":\"BreadcrumbList\",\"@id\":\"https:\/\/kinnunen.fi\/tuote\/spatula-26-cm\/#breadcrumb\",\"itemListElement\":[{\"@type\":\"ListItem\",\"position\":1,\"name\":\"Etusivu\",\"item\":\"https:\/\/kinnunen.fi\/\"},{\"@type\":\"ListItem\",\"position\":2,\"name\":\"Kaikki tuotteet\",\"item\":\"https:\/\/kinnunen.fi\/kauppa\/\"},{\"@type\":\"ListItem\",\"position\":3,\"name\":\"Kauneudenhoito\",\"item\":\"https:\/\/kinnunen.fi\/tuote-osasto\/kauneudenhoito\/\"},{\"@type\":\"ListItem\",\"position\":4,\"name\":\"Ihonhoidon ja -puhdistuksen tarvikkeet\",\"item\":\"https:\/\/kinnunen.fi\/tuote-osasto\/kauneudenhoito\/ihonhoidon-tarvikkeet\/\"},{\"@type\":\"ListItem\",\"position\":5,\"name\":\"Spatula 26 cm\"}]},{\"@type\":\"WebSite\",\"@id\":\"https:\/\/kinnunen.fi\/#website\",\"url\":\"https:\/\/kinnunen.fi\/\",\"name\":\"Kinnunen\",\"description\":\"\",\"potentialAction\":[{\"@type\":\"SearchAction\",\"target\":{\"@type\":\"EntryPoint\",\"urlTemplate\":\"https:\/\/kinnunen.fi\/?s={search_term_string}\"},\"query-input\":\"required name=search_term_string\"}],\"inLanguage\":\"en-GB\"}]}<\/script>\n<!-- \/ Yoast SEO plugin. -->","yoast_head_json":{"title":"Spatula 26 cm - Kinnunen","robots":{"index":"index","follow":"follow","max-snippet":"max-snippet:-1","max-image-preview":"max-image-preview:large","max-video-preview":"max-video-preview:-1"},"canonical":"https:\/\/kinnunen.fi\/en\/product\/spatula-26-cm\/","og_locale":"en_GB","og_type":"article","og_title":"Spatula 26 cm - Kinnunen","og_description":"Py\u00f6kist\u00e4 valmistettu lusikanmallinen spatula vartalolle.Spatula on eritt\u00e4in kest\u00e4v\u00e4\u00e4 laatua ja helppo puhdistaa. Py\u00f6kki on my\u00f6s kuumuutta kest\u00e4v\u00e4\u00e4 ja siksi sopii&hellip;","og_url":"https:\/\/kinnunen.fi\/en\/product\/spatula-26-cm\/","og_site_name":"Kinnunen","article_modified_time":"2026-04-30T01:00:22+00:00","og_image":[{"width":1000,"height":1000,"url":"https:\/\/kinnunen.fi\/wp-content\/uploads\/2021\/10\/7400100.jpg","type":"image\/jpeg"}],"twitter_card":"summary_large_image","schema":{"@context":"https:\/\/schema.org","@graph":[{"@type":"WebPage","@id":"https:\/\/kinnunen.fi\/tuote\/spatula-26-cm\/","url":"https:\/\/kinnunen.fi\/tuote\/spatula-26-cm\/","name":"Spatula 26 cm - Kinnunen","isPartOf":{"@id":"https:\/\/kinnunen.fi\/#website"},"primaryImageOfPage":{"@id":"https:\/\/kinnunen.fi\/tuote\/spatula-26-cm\/#primaryimage"},"image":{"@id":"https:\/\/kinnunen.fi\/tuote\/spatula-26-cm\/#primaryimage"},"thumbnailUrl":"https:\/\/kinnunen.fi\/wp-content\/uploads\/2021\/10\/7400100.jpg","datePublished":"2021-10-29T10:36:17+00:00","dateModified":"2026-04-30T01:00:22+00:00","breadcrumb":{"@id":"https:\/\/kinnunen.fi\/tuote\/spatula-26-cm\/#breadcrumb"},"inLanguage":"en-GB","potentialAction":[{"@type":"ReadAction","target":["https:\/\/kinnunen.fi\/tuote\/spatula-26-cm\/"]}]},{"@type":"ImageObject","inLanguage":"en-GB","@id":"https:\/\/kinnunen.fi\/tuote\/spatula-26-cm\/#primaryimage","url":"https:\/\/kinnunen.fi\/wp-content\/uploads\/2021\/10\/7400100.jpg","contentUrl":"https:\/\/kinnunen.fi\/wp-content\/uploads\/2021\/10\/7400100.jpg","width":1000,"height":1000},{"@type":"BreadcrumbList","@id":"https:\/\/kinnunen.fi\/tuote\/spatula-26-cm\/#breadcrumb","itemListElement":[{"@type":"ListItem","position":1,"name":"Etusivu","item":"https:\/\/kinnunen.fi\/"},{"@type":"ListItem","position":2,"name":"Kaikki tuotteet","item":"https:\/\/kinnunen.fi\/kauppa\/"},{"@type":"ListItem","position":3,"name":"Kauneudenhoito","item":"https:\/\/kinnunen.fi\/tuote-osasto\/kauneudenhoito\/"},{"@type":"ListItem","position":4,"name":"Ihonhoidon ja -puhdistuksen tarvikkeet","item":"https:\/\/kinnunen.fi\/tuote-osasto\/kauneudenhoito\/ihonhoidon-tarvikkeet\/"},{"@type":"ListItem","position":5,"name":"Spatula 26 cm"}]},{"@type":"WebSite","@id":"https:\/\/kinnunen.fi\/#website","url":"https:\/\/kinnunen.fi\/","name":"Kinnunen","description":"","potentialAction":[{"@type":"SearchAction","target":{"@type":"EntryPoint","urlTemplate":"https:\/\/kinnunen.fi\/?s={search_term_string}"},"query-input":"required name=search_term_string"}],"inLanguage":"en-GB"}]}},"_links":{"self":[{"href":"https:\/\/kinnunen.fi\/en\/wp-json\/wp\/v2\/product\/6273"}],"collection":[{"href":"https:\/\/kinnunen.fi\/en\/wp-json\/wp\/v2\/product"}],"about":[{"href":"https:\/\/kinnunen.fi\/en\/wp-json\/wp\/v2\/types\/product"}],"replies":[{"embeddable":true,"href":"https:\/\/kinnunen.fi\/en\/wp-json\/wp\/v2\/comments?post=6273"}],"wp:featuredmedia":[{"embeddable":true,"href":"https:\/\/kinnunen.fi\/en\/wp-json\/wp\/v2\/media\/13941"}],"wp:attachment":[{"href":"https:\/\/kinnunen.fi\/en\/wp-json\/wp\/v2\/media?parent=6273"}],"wp:term":[{"taxonomy":"product_cat","embeddable":true,"href":"https:\/\/kinnunen.fi\/en\/wp-json\/wp\/v2\/product_cat?post=6273"},{"taxonomy":"product_tag","embeddable":true,"href":"https:\/\/kinnunen.fi\/en\/wp-json\/wp\/v2\/product_tag?post=6273"}],"curies":[{"name":"wp","href":"https:\/\/api.w.org\/{rel}","templated":true}]}}